{"id":18649,"date":"2025-01-15T18:01:02","date_gmt":"2025-01-16T00:01:02","guid":{"rendered":"https:\/\/glass-glass.com.mx\/uncategorized\/wave-60-ml-sello\/"},"modified":"2025-01-17T08:37:39","modified_gmt":"2025-01-17T14:37:39","slug":"wave-60-ml-sello","status":"publish","type":"product","link":"https:\/\/glass-glass.com.mx\/en\/perfumeria-cosmetica\/perfumeria-60-ml\/wave-60-ml-sello\/","title":{"rendered":"WAVE 60 ML SELLO"},"content":{"rendered":"","protected":false},"excerpt":{"rendered":"<p><strong>WAVE 60 ML SELLO: Empaque Premium para Perfumer\u00eda<\/strong><\/p>\n<p><strong>Dise\u00f1o Elegante y Funcional:<\/strong> La botella WAVE 60 ML SELLO est\u00e1 especialmente dise\u00f1ada para la industria de la perfumer\u00eda, ofreciendo una soluci\u00f3n de empaque sofisticada y funcional. Fabricada con vidrio cristalino de alta calidad, es ideal para mostrar productos de fragancia, proporcionando una opci\u00f3n elegante para marcas que buscan un empaque de alta gama.<\/p>\n<p><strong>Caracter\u00edsticas Principales:<\/strong><\/p>\n<ul>\n<li><strong>Vidrio cristalino:<\/strong> Resalta la apariencia del producto con un acabado claro y atractivo, mostrando el color y la pureza de la fragancia.<\/li>\n<li><strong>Libre de plomo:<\/strong> Ideal para el uso cosm\u00e9tico y la sostenibilidad de tus productos.<\/li>\n<li><strong>Compatibilidad universal:<\/strong> Compatible con tapas de todos los materiales, ofreciendo flexibilidad para adaptarse a diversos estilos de dise\u00f1o y necesidades.<\/li>\n<li><strong>Tipo de corona rosca 18.2720:<\/strong> Formada conforme a los est\u00e1ndares internacionales, garantizando un sellado seguro y eficiente.<\/li>\n<li><strong>Optimizaci\u00f3n de Producci\u00f3n:<\/strong> La botella WAVE 60 ML SELLO est\u00e1 dise\u00f1ada para integrarse de manera eficiente a las l\u00edneas de llenado autom\u00e1tico, asegurando un proceso de producci\u00f3n \u00e1gil. Su dise\u00f1o tambi\u00e9n facilita su manejo y almacenamiento, lo que la hace ideal para producciones a gran escala.<\/li>\n<li><strong>Embalaje a Granel:<\/strong> Con 3,456 piezas por tarima, esta botella ofrece una soluci\u00f3n eficiente y rentable para pedidos a granel, optimizando el espacio de almacenamiento y transporte.<\/li>\n<li><strong>Aplicaciones en Perfumer\u00eda:<\/strong> Perfecta para una amplia variedad de productos de fragancia, la botella WAVE 60 ML SELLO es la opci\u00f3n ideal para marcas que buscan un empaque de alta calidad, elegante y funcional.<\/li>\n<\/ul>","protected":false},"featured_media":18669,"template":"","meta":{"_joinchat":[]},"product_brand":[],"product_cat":[233,215],"product_tag":[],"class_list":{"0":"post-18649","1":"product","2":"type-product","3":"status-publish","4":"has-post-thumbnail","6":"product_cat-perfumeria-60-ml","7":"product_cat-perfumeria-cosmetica","8":"pa_capacidad-ml-60-ml","9":"pa_capacidad-onzas-2-03-oz","11":"first","12":"instock","13":"shipping-taxable","14":"product-type-simple"},"yoast_head":"<!-- This site is optimized with the Yoast SEO plugin v23.6 - https:\/\/yoast.com\/wordpress\/plugins\/seo\/ -->\n<title>WAVE 60 ML SELLO - Glass &amp; Glass<\/title>\n<meta name=\"robots\" content=\"index, follow, max-snippet:-1, max-image-preview:large, max-video-preview:-1\" \/>\n<link rel=\"canonical\" href=\"https:\/\/glass-glass.com.mx\/en\/perfumeria-cosmetica\/perfumeria-60-ml\/wave-60-ml-sello\/\" \/>\n<meta property=\"og:locale\" content=\"en_US\" \/>\n<meta property=\"og:type\" content=\"article\" \/>\n<meta property=\"og:title\" content=\"WAVE 60 ML SELLO - Glass &amp; Glass\" \/>\n<meta property=\"og:description\" content=\"WAVE 60 ML SELLO: Empaque Premium para Perfumer\u00eda  Dise\u00f1o Elegante y Funcional: La botella WAVE 60 ML SELLO est\u00e1 especialmente dise\u00f1ada para la industria de la perfumer\u00eda, ofreciendo una soluci\u00f3n de empaque sofisticada y funcional. Fabricada con vidrio cristalino de alta calidad, es ideal para mostrar productos de fragancia, proporcionando una opci\u00f3n elegante para marcas que buscan un empaque de alta gama.  Caracter\u00edsticas Principales:   Vidrio cristalino: Resalta la apariencia del producto con un acabado claro y atractivo, mostrando el color y la pureza de la fragancia.  Libre de plomo: Ideal para el uso cosm\u00e9tico y la sostenibilidad de tus productos.  Compatibilidad universal: Compatible con tapas de todos los materiales, ofreciendo flexibilidad para adaptarse a diversos estilos de dise\u00f1o y necesidades.  Tipo de corona rosca 18.2720: Formada conforme a los est\u00e1ndares internacionales, garantizando un sellado seguro y eficiente.  Optimizaci\u00f3n de Producci\u00f3n: La botella WAVE 60 ML SELLO est\u00e1 dise\u00f1ada para integrarse de manera eficiente a las l\u00edneas de llenado autom\u00e1tico, asegurando un proceso de producci\u00f3n \u00e1gil. Su dise\u00f1o tambi\u00e9n facilita su manejo y almacenamiento, lo que la hace ideal para producciones a gran escala.  Embalaje a Granel: Con 3,456 piezas por tarima, esta botella ofrece una soluci\u00f3n eficiente y rentable para pedidos a granel, optimizando el espacio de almacenamiento y transporte.  Aplicaciones en Perfumer\u00eda: Perfecta para una amplia variedad de productos de fragancia, la botella WAVE 60 ML SELLO es la opci\u00f3n ideal para marcas que buscan un empaque de alta calidad, elegante y funcional.\" \/>\n<meta property=\"og:url\" content=\"https:\/\/glass-glass.com.mx\/en\/perfumeria-cosmetica\/perfumeria-60-ml\/wave-60-ml-sello\/\" \/>\n<meta property=\"og:site_name\" content=\"Glass &amp; Glass\" \/>\n<meta property=\"article:modified_time\" content=\"2025-01-17T14:37:39+00:00\" \/>\n<meta property=\"og:image\" content=\"https:\/\/glass-glass.com.mx\/wp-content\/uploads\/2025\/01\/WAVE_60_1.jpg\" \/>\n\t<meta property=\"og:image:width\" content=\"480\" \/>\n\t<meta property=\"og:image:height\" content=\"480\" \/>\n\t<meta property=\"og:image:type\" content=\"image\/jpeg\" \/>\n<meta name=\"twitter:card\" content=\"summary_large_image\" \/>\n<meta name=\"twitter:label1\" content=\"Est. reading time\" \/>\n\t<meta name=\"twitter:data1\" content=\"1 minute\" \/>\n<script type=\"application\/ld+json\" class=\"yoast-schema-graph\">{\"@context\":\"https:\/\/schema.org\",\"@graph\":[{\"@type\":\"WebPage\",\"@id\":\"https:\/\/glass-glass.com.mx\/perfumeria-cosmetica\/perfumeria-60-ml\/wave-60-ml-sello\/\",\"url\":\"https:\/\/glass-glass.com.mx\/perfumeria-cosmetica\/perfumeria-60-ml\/wave-60-ml-sello\/\",\"name\":\"WAVE 60 ML SELLO - Glass &amp; Glass\",\"isPartOf\":{\"@id\":\"https:\/\/glass-glass.com.mx\/#website\"},\"primaryImageOfPage\":{\"@id\":\"https:\/\/glass-glass.com.mx\/perfumeria-cosmetica\/perfumeria-60-ml\/wave-60-ml-sello\/#primaryimage\"},\"image\":{\"@id\":\"https:\/\/glass-glass.com.mx\/perfumeria-cosmetica\/perfumeria-60-ml\/wave-60-ml-sello\/#primaryimage\"},\"thumbnailUrl\":\"https:\/\/glass-glass.com.mx\/wp-content\/uploads\/2025\/01\/WAVE_60_1.jpg\",\"datePublished\":\"2025-01-16T00:01:02+00:00\",\"dateModified\":\"2025-01-17T14:37:39+00:00\",\"breadcrumb\":{\"@id\":\"https:\/\/glass-glass.com.mx\/perfumeria-cosmetica\/perfumeria-60-ml\/wave-60-ml-sello\/#breadcrumb\"},\"inLanguage\":\"en-US\",\"potentialAction\":[{\"@type\":\"ReadAction\",\"target\":[\"https:\/\/glass-glass.com.mx\/perfumeria-cosmetica\/perfumeria-60-ml\/wave-60-ml-sello\/\"]}]},{\"@type\":\"ImageObject\",\"inLanguage\":\"en-US\",\"@id\":\"https:\/\/glass-glass.com.mx\/perfumeria-cosmetica\/perfumeria-60-ml\/wave-60-ml-sello\/#primaryimage\",\"url\":\"https:\/\/glass-glass.com.mx\/wp-content\/uploads\/2025\/01\/WAVE_60_1.jpg\",\"contentUrl\":\"https:\/\/glass-glass.com.mx\/wp-content\/uploads\/2025\/01\/WAVE_60_1.jpg\",\"width\":480,\"height\":480},{\"@type\":\"BreadcrumbList\",\"@id\":\"https:\/\/glass-glass.com.mx\/perfumeria-cosmetica\/perfumeria-60-ml\/wave-60-ml-sello\/#breadcrumb\",\"itemListElement\":[{\"@type\":\"ListItem\",\"position\":1,\"name\":\"Inicio\",\"item\":\"https:\/\/glass-glass.com.mx\/\"},{\"@type\":\"ListItem\",\"position\":2,\"name\":\"Productos\",\"item\":\"https:\/\/glass-glass.com.mx\/productos\/\"},{\"@type\":\"ListItem\",\"position\":3,\"name\":\"WAVE 60 ML SELLO\"}]},{\"@type\":\"WebSite\",\"@id\":\"https:\/\/glass-glass.com.mx\/#website\",\"url\":\"https:\/\/glass-glass.com.mx\/\",\"name\":\"Glass &amp; Glass\",\"description\":\"360\u00b0 de pureza\",\"potentialAction\":[{\"@type\":\"SearchAction\",\"target\":{\"@type\":\"EntryPoint\",\"urlTemplate\":\"https:\/\/glass-glass.com.mx\/?s={search_term_string}\"},\"query-input\":{\"@type\":\"PropertyValueSpecification\",\"valueRequired\":true,\"valueName\":\"search_term_string\"}}],\"inLanguage\":\"en-US\"}]}<\/script>\n<!-- \/ Yoast SEO plugin. -->","yoast_head_json":{"title":"WAVE 60 ML SELLO - Glass &amp; Glass","robots":{"index":"index","follow":"follow","max-snippet":"max-snippet:-1","max-image-preview":"max-image-preview:large","max-video-preview":"max-video-preview:-1"},"canonical":"https:\/\/glass-glass.com.mx\/en\/perfumeria-cosmetica\/perfumeria-60-ml\/wave-60-ml-sello\/","og_locale":"en_US","og_type":"article","og_title":"WAVE 60 ML SELLO - Glass &amp; Glass","og_description":"WAVE 60 ML SELLO: Empaque Premium para Perfumer\u00eda  Dise\u00f1o Elegante y Funcional: La botella WAVE 60 ML SELLO est\u00e1 especialmente dise\u00f1ada para la industria de la perfumer\u00eda, ofreciendo una soluci\u00f3n de empaque sofisticada y funcional. Fabricada con vidrio cristalino de alta calidad, es ideal para mostrar productos de fragancia, proporcionando una opci\u00f3n elegante para marcas que buscan un empaque de alta gama.  Caracter\u00edsticas Principales:   Vidrio cristalino: Resalta la apariencia del producto con un acabado claro y atractivo, mostrando el color y la pureza de la fragancia.  Libre de plomo: Ideal para el uso cosm\u00e9tico y la sostenibilidad de tus productos.  Compatibilidad universal: Compatible con tapas de todos los materiales, ofreciendo flexibilidad para adaptarse a diversos estilos de dise\u00f1o y necesidades.  Tipo de corona rosca 18.2720: Formada conforme a los est\u00e1ndares internacionales, garantizando un sellado seguro y eficiente.  Optimizaci\u00f3n de Producci\u00f3n: La botella WAVE 60 ML SELLO est\u00e1 dise\u00f1ada para integrarse de manera eficiente a las l\u00edneas de llenado autom\u00e1tico, asegurando un proceso de producci\u00f3n \u00e1gil. Su dise\u00f1o tambi\u00e9n facilita su manejo y almacenamiento, lo que la hace ideal para producciones a gran escala.  Embalaje a Granel: Con 3,456 piezas por tarima, esta botella ofrece una soluci\u00f3n eficiente y rentable para pedidos a granel, optimizando el espacio de almacenamiento y transporte.  Aplicaciones en Perfumer\u00eda: Perfecta para una amplia variedad de productos de fragancia, la botella WAVE 60 ML SELLO es la opci\u00f3n ideal para marcas que buscan un empaque de alta calidad, elegante y funcional.","og_url":"https:\/\/glass-glass.com.mx\/en\/perfumeria-cosmetica\/perfumeria-60-ml\/wave-60-ml-sello\/","og_site_name":"Glass &amp; Glass","article_modified_time":"2025-01-17T14:37:39+00:00","og_image":[{"width":480,"height":480,"url":"https:\/\/glass-glass.com.mx\/wp-content\/uploads\/2025\/01\/WAVE_60_1.jpg","type":"image\/jpeg"}],"twitter_card":"summary_large_image","twitter_misc":{"Est. reading time":"1 minute"},"schema":{"@context":"https:\/\/schema.org","@graph":[{"@type":"WebPage","@id":"https:\/\/glass-glass.com.mx\/perfumeria-cosmetica\/perfumeria-60-ml\/wave-60-ml-sello\/","url":"https:\/\/glass-glass.com.mx\/perfumeria-cosmetica\/perfumeria-60-ml\/wave-60-ml-sello\/","name":"WAVE 60 ML SELLO - Glass &amp; Glass","isPartOf":{"@id":"https:\/\/glass-glass.com.mx\/#website"},"primaryImageOfPage":{"@id":"https:\/\/glass-glass.com.mx\/perfumeria-cosmetica\/perfumeria-60-ml\/wave-60-ml-sello\/#primaryimage"},"image":{"@id":"https:\/\/glass-glass.com.mx\/perfumeria-cosmetica\/perfumeria-60-ml\/wave-60-ml-sello\/#primaryimage"},"thumbnailUrl":"https:\/\/glass-glass.com.mx\/wp-content\/uploads\/2025\/01\/WAVE_60_1.jpg","datePublished":"2025-01-16T00:01:02+00:00","dateModified":"2025-01-17T14:37:39+00:00","breadcrumb":{"@id":"https:\/\/glass-glass.com.mx\/perfumeria-cosmetica\/perfumeria-60-ml\/wave-60-ml-sello\/#breadcrumb"},"inLanguage":"en-US","potentialAction":[{"@type":"ReadAction","target":["https:\/\/glass-glass.com.mx\/perfumeria-cosmetica\/perfumeria-60-ml\/wave-60-ml-sello\/"]}]},{"@type":"ImageObject","inLanguage":"en-US","@id":"https:\/\/glass-glass.com.mx\/perfumeria-cosmetica\/perfumeria-60-ml\/wave-60-ml-sello\/#primaryimage","url":"https:\/\/glass-glass.com.mx\/wp-content\/uploads\/2025\/01\/WAVE_60_1.jpg","contentUrl":"https:\/\/glass-glass.com.mx\/wp-content\/uploads\/2025\/01\/WAVE_60_1.jpg","width":480,"height":480},{"@type":"BreadcrumbList","@id":"https:\/\/glass-glass.com.mx\/perfumeria-cosmetica\/perfumeria-60-ml\/wave-60-ml-sello\/#breadcrumb","itemListElement":[{"@type":"ListItem","position":1,"name":"Inicio","item":"https:\/\/glass-glass.com.mx\/"},{"@type":"ListItem","position":2,"name":"Productos","item":"https:\/\/glass-glass.com.mx\/productos\/"},{"@type":"ListItem","position":3,"name":"WAVE 60 ML SELLO"}]},{"@type":"WebSite","@id":"https:\/\/glass-glass.com.mx\/#website","url":"https:\/\/glass-glass.com.mx\/","name":"Glass &amp; Glass","description":"360\u00b0 de pureza","potentialAction":[{"@type":"SearchAction","target":{"@type":"EntryPoint","urlTemplate":"https:\/\/glass-glass.com.mx\/?s={search_term_string}"},"query-input":{"@type":"PropertyValueSpecification","valueRequired":true,"valueName":"search_term_string"}}],"inLanguage":"en-US"}]}},"_links":{"self":[{"href":"https:\/\/glass-glass.com.mx\/en\/wp-json\/wp\/v2\/product\/18649","targetHints":{"allow":["GET"]}}],"collection":[{"href":"https:\/\/glass-glass.com.mx\/en\/wp-json\/wp\/v2\/product"}],"about":[{"href":"https:\/\/glass-glass.com.mx\/en\/wp-json\/wp\/v2\/types\/product"}],"version-history":[{"count":3,"href":"https:\/\/glass-glass.com.mx\/en\/wp-json\/wp\/v2\/product\/18649\/revisions"}],"predecessor-version":[{"id":18724,"href":"https:\/\/glass-glass.com.mx\/en\/wp-json\/wp\/v2\/product\/18649\/revisions\/18724"}],"wp:featuredmedia":[{"embeddable":true,"href":"https:\/\/glass-glass.com.mx\/en\/wp-json\/wp\/v2\/media\/18669"}],"wp:attachment":[{"href":"https:\/\/glass-glass.com.mx\/en\/wp-json\/wp\/v2\/media?parent=18649"}],"wp:term":[{"taxonomy":"product_brand","embeddable":true,"href":"https:\/\/glass-glass.com.mx\/en\/wp-json\/wp\/v2\/product_brand?post=18649"},{"taxonomy":"product_cat","embeddable":true,"href":"https:\/\/glass-glass.com.mx\/en\/wp-json\/wp\/v2\/product_cat?post=18649"},{"taxonomy":"product_tag","embeddable":true,"href":"https:\/\/glass-glass.com.mx\/en\/wp-json\/wp\/v2\/product_tag?post=18649"}],"curies":[{"name":"wp","href":"https:\/\/api.w.org\/{rel}","templated":true}]}}