{"id":18646,"date":"2025-01-15T18:01:01","date_gmt":"2025-01-16T00:01:01","guid":{"rendered":"https:\/\/glass-glass.com.mx\/uncategorized\/max-100-ml-sello\/"},"modified":"2025-01-17T08:41:35","modified_gmt":"2025-01-17T14:41:35","slug":"max-100-ml-sello","status":"publish","type":"product","link":"https:\/\/glass-glass.com.mx\/en\/perfumeria-cosmetica\/perfumeria-100-ml\/max-100-ml-sello\/","title":{"rendered":"MAX 100 ML SELLO"},"content":{"rendered":"","protected":false},"excerpt":{"rendered":"<p><strong>MAX 100 ML SELLO: Empaque Premium para Perfumier\u00eda<\/strong><\/p>\n<p><strong>Dise\u00f1o Sofisticado y Funcional:<\/strong> La botella MAX 100 ML SELLO est\u00e1 dise\u00f1ada espec\u00edficamente para la industria de la perfumer\u00eda, ofreciendo un empaque elegante y pr\u00e1ctico. Fabricada en vidrio cristalino de alta calidad, resalta la pureza de la fragancia, siendo la opci\u00f3n perfecta para marcas que buscan sofisticaci\u00f3n y estilo en sus envases.<\/p>\n<p><strong>Caracter\u00edsticas Principales:<\/strong><\/p>\n<ul>\n<li><strong>Vidrio cristalino:<\/strong> Realza la claridad y la pureza del producto con un acabado atractivo y n\u00edtido.<\/li>\n<li><strong>Libre de plomo:<\/strong> Ideal para el uso cosm\u00e9tico y la sostenibilidad de tus productos.<\/li>\n<li><strong>Compatibilidad universal:<\/strong> Apta para tapas de todos los materiales, brindando flexibilidad para adaptarse a diversos estilos y necesidades de dise\u00f1o.<\/li>\n<li><strong>Tipo de corona sello 15.2720:<\/strong> Formada seg\u00fan normas internacionales, asegurando un sellado seguro y eficiente.<br \/>\nOptimizaci\u00f3n de Producci\u00f3n: La botella MAX 100 ML SELLO est\u00e1 dise\u00f1ada para integrarse eficientemente en l\u00edneas de llenado autom\u00e1tico, garantizando un proceso de producci\u00f3n \u00e1gil y optimizado. Su dise\u00f1o facilita su manejo y almacenamiento, siendo ideal para grandes vol\u00famenes de producci\u00f3n.<\/li>\n<li><strong>Empaque a Granel:<\/strong> Con 2,700 piezas por tarima, esta botella ofrece una soluci\u00f3n eficiente y econ\u00f3mica para pedidos de gran volumen, optimizando el espacio de almacenamiento y transporte.<\/li>\n<li><strong>Aplicaciones para Perfumier\u00eda:<\/strong> Ideal para una variedad de productos de fragancia, la botella MAX 100 ML SELLO es perfecta para marcas que buscan una opci\u00f3n de empaque elegante y funcional para sus productos de alta calidad.<\/li>\n<\/ul>","protected":false},"featured_media":18672,"template":"","meta":{"_joinchat":[]},"product_brand":[],"product_cat":[234,215],"product_tag":[],"class_list":{"0":"post-18646","1":"product","2":"type-product","3":"status-publish","4":"has-post-thumbnail","6":"product_cat-perfumeria-100-ml","7":"product_cat-perfumeria-cosmetica","8":"pa_capacidad-ml-100-ml","9":"pa_capacidad-onzas-3-38-oz","11":"first","12":"instock","13":"shipping-taxable","14":"product-type-simple"},"yoast_head":"<!-- This site is optimized with the Yoast SEO plugin v23.6 - https:\/\/yoast.com\/wordpress\/plugins\/seo\/ -->\n<title>MAX 100 ML SELLO - Glass &amp; Glass<\/title>\n<meta name=\"robots\" content=\"index, follow, max-snippet:-1, max-image-preview:large, max-video-preview:-1\" \/>\n<link rel=\"canonical\" href=\"https:\/\/glass-glass.com.mx\/en\/perfumeria-cosmetica\/perfumeria-100-ml\/max-100-ml-sello\/\" \/>\n<meta property=\"og:locale\" content=\"en_US\" \/>\n<meta property=\"og:type\" content=\"article\" \/>\n<meta property=\"og:title\" content=\"MAX 100 ML SELLO - Glass &amp; Glass\" \/>\n<meta property=\"og:description\" content=\"MAX 100 ML SELLO: Empaque Premium para Perfumier\u00eda  Dise\u00f1o Sofisticado y Funcional: La botella MAX 100 ML SELLO est\u00e1 dise\u00f1ada espec\u00edficamente para la industria de la perfumer\u00eda, ofreciendo un empaque elegante y pr\u00e1ctico. Fabricada en vidrio cristalino de alta calidad, resalta la pureza de la fragancia, siendo la opci\u00f3n perfecta para marcas que buscan sofisticaci\u00f3n y estilo en sus envases.  Caracter\u00edsticas Principales:   Vidrio cristalino: Realza la claridad y la pureza del producto con un acabado atractivo y n\u00edtido.  Libre de plomo: Ideal para el uso cosm\u00e9tico y la sostenibilidad de tus productos.  Compatibilidad universal: Apta para tapas de todos los materiales, brindando flexibilidad para adaptarse a diversos estilos y necesidades de dise\u00f1o.  Tipo de corona sello 15.2720: Formada seg\u00fan normas internacionales, asegurando un sellado seguro y eficiente. Optimizaci\u00f3n de Producci\u00f3n: La botella MAX 100 ML SELLO est\u00e1 dise\u00f1ada para integrarse eficientemente en l\u00edneas de llenado autom\u00e1tico, garantizando un proceso de producci\u00f3n \u00e1gil y optimizado. Su dise\u00f1o facilita su manejo y almacenamiento, siendo ideal para grandes vol\u00famenes de producci\u00f3n.  Empaque a Granel: Con 2,700 piezas por tarima, esta botella ofrece una soluci\u00f3n eficiente y econ\u00f3mica para pedidos de gran volumen, optimizando el espacio de almacenamiento y transporte.  Aplicaciones para Perfumier\u00eda: Ideal para una variedad de productos de fragancia, la botella MAX 100 ML SELLO es perfecta para marcas que buscan una opci\u00f3n de empaque elegante y funcional para sus productos de alta calidad.\" \/>\n<meta property=\"og:url\" content=\"https:\/\/glass-glass.com.mx\/en\/perfumeria-cosmetica\/perfumeria-100-ml\/max-100-ml-sello\/\" \/>\n<meta property=\"og:site_name\" content=\"Glass &amp; Glass\" \/>\n<meta property=\"article:modified_time\" content=\"2025-01-17T14:41:35+00:00\" \/>\n<meta property=\"og:image\" content=\"https:\/\/glass-glass.com.mx\/wp-content\/uploads\/2025\/01\/MAX_100_1.jpg\" \/>\n\t<meta property=\"og:image:width\" content=\"480\" \/>\n\t<meta property=\"og:image:height\" content=\"480\" \/>\n\t<meta property=\"og:image:type\" content=\"image\/jpeg\" \/>\n<meta name=\"twitter:card\" content=\"summary_large_image\" \/>\n<meta name=\"twitter:label1\" content=\"Est. reading time\" \/>\n\t<meta name=\"twitter:data1\" content=\"1 minute\" \/>\n<script type=\"application\/ld+json\" class=\"yoast-schema-graph\">{\"@context\":\"https:\/\/schema.org\",\"@graph\":[{\"@type\":\"WebPage\",\"@id\":\"https:\/\/glass-glass.com.mx\/perfumeria-cosmetica\/perfumeria-100-ml\/max-100-ml-sello\/\",\"url\":\"https:\/\/glass-glass.com.mx\/perfumeria-cosmetica\/perfumeria-100-ml\/max-100-ml-sello\/\",\"name\":\"MAX 100 ML SELLO - Glass &amp; Glass\",\"isPartOf\":{\"@id\":\"https:\/\/glass-glass.com.mx\/#website\"},\"primaryImageOfPage\":{\"@id\":\"https:\/\/glass-glass.com.mx\/perfumeria-cosmetica\/perfumeria-100-ml\/max-100-ml-sello\/#primaryimage\"},\"image\":{\"@id\":\"https:\/\/glass-glass.com.mx\/perfumeria-cosmetica\/perfumeria-100-ml\/max-100-ml-sello\/#primaryimage\"},\"thumbnailUrl\":\"https:\/\/glass-glass.com.mx\/wp-content\/uploads\/2025\/01\/MAX_100_1.jpg\",\"datePublished\":\"2025-01-16T00:01:01+00:00\",\"dateModified\":\"2025-01-17T14:41:35+00:00\",\"breadcrumb\":{\"@id\":\"https:\/\/glass-glass.com.mx\/perfumeria-cosmetica\/perfumeria-100-ml\/max-100-ml-sello\/#breadcrumb\"},\"inLanguage\":\"en-US\",\"potentialAction\":[{\"@type\":\"ReadAction\",\"target\":[\"https:\/\/glass-glass.com.mx\/perfumeria-cosmetica\/perfumeria-100-ml\/max-100-ml-sello\/\"]}]},{\"@type\":\"ImageObject\",\"inLanguage\":\"en-US\",\"@id\":\"https:\/\/glass-glass.com.mx\/perfumeria-cosmetica\/perfumeria-100-ml\/max-100-ml-sello\/#primaryimage\",\"url\":\"https:\/\/glass-glass.com.mx\/wp-content\/uploads\/2025\/01\/MAX_100_1.jpg\",\"contentUrl\":\"https:\/\/glass-glass.com.mx\/wp-content\/uploads\/2025\/01\/MAX_100_1.jpg\",\"width\":480,\"height\":480},{\"@type\":\"BreadcrumbList\",\"@id\":\"https:\/\/glass-glass.com.mx\/perfumeria-cosmetica\/perfumeria-100-ml\/max-100-ml-sello\/#breadcrumb\",\"itemListElement\":[{\"@type\":\"ListItem\",\"position\":1,\"name\":\"Inicio\",\"item\":\"https:\/\/glass-glass.com.mx\/\"},{\"@type\":\"ListItem\",\"position\":2,\"name\":\"Productos\",\"item\":\"https:\/\/glass-glass.com.mx\/productos\/\"},{\"@type\":\"ListItem\",\"position\":3,\"name\":\"MAX 100 ML SELLO\"}]},{\"@type\":\"WebSite\",\"@id\":\"https:\/\/glass-glass.com.mx\/#website\",\"url\":\"https:\/\/glass-glass.com.mx\/\",\"name\":\"Glass &amp; Glass\",\"description\":\"360\u00b0 de pureza\",\"potentialAction\":[{\"@type\":\"SearchAction\",\"target\":{\"@type\":\"EntryPoint\",\"urlTemplate\":\"https:\/\/glass-glass.com.mx\/?s={search_term_string}\"},\"query-input\":{\"@type\":\"PropertyValueSpecification\",\"valueRequired\":true,\"valueName\":\"search_term_string\"}}],\"inLanguage\":\"en-US\"}]}<\/script>\n<!-- \/ Yoast SEO plugin. -->","yoast_head_json":{"title":"MAX 100 ML SELLO - Glass &amp; Glass","robots":{"index":"index","follow":"follow","max-snippet":"max-snippet:-1","max-image-preview":"max-image-preview:large","max-video-preview":"max-video-preview:-1"},"canonical":"https:\/\/glass-glass.com.mx\/en\/perfumeria-cosmetica\/perfumeria-100-ml\/max-100-ml-sello\/","og_locale":"en_US","og_type":"article","og_title":"MAX 100 ML SELLO - Glass &amp; Glass","og_description":"MAX 100 ML SELLO: Empaque Premium para Perfumier\u00eda  Dise\u00f1o Sofisticado y Funcional: La botella MAX 100 ML SELLO est\u00e1 dise\u00f1ada espec\u00edficamente para la industria de la perfumer\u00eda, ofreciendo un empaque elegante y pr\u00e1ctico. Fabricada en vidrio cristalino de alta calidad, resalta la pureza de la fragancia, siendo la opci\u00f3n perfecta para marcas que buscan sofisticaci\u00f3n y estilo en sus envases.  Caracter\u00edsticas Principales:   Vidrio cristalino: Realza la claridad y la pureza del producto con un acabado atractivo y n\u00edtido.  Libre de plomo: Ideal para el uso cosm\u00e9tico y la sostenibilidad de tus productos.  Compatibilidad universal: Apta para tapas de todos los materiales, brindando flexibilidad para adaptarse a diversos estilos y necesidades de dise\u00f1o.  Tipo de corona sello 15.2720: Formada seg\u00fan normas internacionales, asegurando un sellado seguro y eficiente. Optimizaci\u00f3n de Producci\u00f3n: La botella MAX 100 ML SELLO est\u00e1 dise\u00f1ada para integrarse eficientemente en l\u00edneas de llenado autom\u00e1tico, garantizando un proceso de producci\u00f3n \u00e1gil y optimizado. Su dise\u00f1o facilita su manejo y almacenamiento, siendo ideal para grandes vol\u00famenes de producci\u00f3n.  Empaque a Granel: Con 2,700 piezas por tarima, esta botella ofrece una soluci\u00f3n eficiente y econ\u00f3mica para pedidos de gran volumen, optimizando el espacio de almacenamiento y transporte.  Aplicaciones para Perfumier\u00eda: Ideal para una variedad de productos de fragancia, la botella MAX 100 ML SELLO es perfecta para marcas que buscan una opci\u00f3n de empaque elegante y funcional para sus productos de alta calidad.","og_url":"https:\/\/glass-glass.com.mx\/en\/perfumeria-cosmetica\/perfumeria-100-ml\/max-100-ml-sello\/","og_site_name":"Glass &amp; Glass","article_modified_time":"2025-01-17T14:41:35+00:00","og_image":[{"width":480,"height":480,"url":"https:\/\/glass-glass.com.mx\/wp-content\/uploads\/2025\/01\/MAX_100_1.jpg","type":"image\/jpeg"}],"twitter_card":"summary_large_image","twitter_misc":{"Est. reading time":"1 minute"},"schema":{"@context":"https:\/\/schema.org","@graph":[{"@type":"WebPage","@id":"https:\/\/glass-glass.com.mx\/perfumeria-cosmetica\/perfumeria-100-ml\/max-100-ml-sello\/","url":"https:\/\/glass-glass.com.mx\/perfumeria-cosmetica\/perfumeria-100-ml\/max-100-ml-sello\/","name":"MAX 100 ML SELLO - Glass &amp; Glass","isPartOf":{"@id":"https:\/\/glass-glass.com.mx\/#website"},"primaryImageOfPage":{"@id":"https:\/\/glass-glass.com.mx\/perfumeria-cosmetica\/perfumeria-100-ml\/max-100-ml-sello\/#primaryimage"},"image":{"@id":"https:\/\/glass-glass.com.mx\/perfumeria-cosmetica\/perfumeria-100-ml\/max-100-ml-sello\/#primaryimage"},"thumbnailUrl":"https:\/\/glass-glass.com.mx\/wp-content\/uploads\/2025\/01\/MAX_100_1.jpg","datePublished":"2025-01-16T00:01:01+00:00","dateModified":"2025-01-17T14:41:35+00:00","breadcrumb":{"@id":"https:\/\/glass-glass.com.mx\/perfumeria-cosmetica\/perfumeria-100-ml\/max-100-ml-sello\/#breadcrumb"},"inLanguage":"en-US","potentialAction":[{"@type":"ReadAction","target":["https:\/\/glass-glass.com.mx\/perfumeria-cosmetica\/perfumeria-100-ml\/max-100-ml-sello\/"]}]},{"@type":"ImageObject","inLanguage":"en-US","@id":"https:\/\/glass-glass.com.mx\/perfumeria-cosmetica\/perfumeria-100-ml\/max-100-ml-sello\/#primaryimage","url":"https:\/\/glass-glass.com.mx\/wp-content\/uploads\/2025\/01\/MAX_100_1.jpg","contentUrl":"https:\/\/glass-glass.com.mx\/wp-content\/uploads\/2025\/01\/MAX_100_1.jpg","width":480,"height":480},{"@type":"BreadcrumbList","@id":"https:\/\/glass-glass.com.mx\/perfumeria-cosmetica\/perfumeria-100-ml\/max-100-ml-sello\/#breadcrumb","itemListElement":[{"@type":"ListItem","position":1,"name":"Inicio","item":"https:\/\/glass-glass.com.mx\/"},{"@type":"ListItem","position":2,"name":"Productos","item":"https:\/\/glass-glass.com.mx\/productos\/"},{"@type":"ListItem","position":3,"name":"MAX 100 ML SELLO"}]},{"@type":"WebSite","@id":"https:\/\/glass-glass.com.mx\/#website","url":"https:\/\/glass-glass.com.mx\/","name":"Glass &amp; Glass","description":"360\u00b0 de pureza","potentialAction":[{"@type":"SearchAction","target":{"@type":"EntryPoint","urlTemplate":"https:\/\/glass-glass.com.mx\/?s={search_term_string}"},"query-input":{"@type":"PropertyValueSpecification","valueRequired":true,"valueName":"search_term_string"}}],"inLanguage":"en-US"}]}},"_links":{"self":[{"href":"https:\/\/glass-glass.com.mx\/en\/wp-json\/wp\/v2\/product\/18646","targetHints":{"allow":["GET"]}}],"collection":[{"href":"https:\/\/glass-glass.com.mx\/en\/wp-json\/wp\/v2\/product"}],"about":[{"href":"https:\/\/glass-glass.com.mx\/en\/wp-json\/wp\/v2\/types\/product"}],"version-history":[{"count":2,"href":"https:\/\/glass-glass.com.mx\/en\/wp-json\/wp\/v2\/product\/18646\/revisions"}],"predecessor-version":[{"id":18720,"href":"https:\/\/glass-glass.com.mx\/en\/wp-json\/wp\/v2\/product\/18646\/revisions\/18720"}],"wp:featuredmedia":[{"embeddable":true,"href":"https:\/\/glass-glass.com.mx\/en\/wp-json\/wp\/v2\/media\/18672"}],"wp:attachment":[{"href":"https:\/\/glass-glass.com.mx\/en\/wp-json\/wp\/v2\/media?parent=18646"}],"wp:term":[{"taxonomy":"product_brand","embeddable":true,"href":"https:\/\/glass-glass.com.mx\/en\/wp-json\/wp\/v2\/product_brand?post=18646"},{"taxonomy":"product_cat","embeddable":true,"href":"https:\/\/glass-glass.com.mx\/en\/wp-json\/wp\/v2\/product_cat?post=18646"},{"taxonomy":"product_tag","embeddable":true,"href":"https:\/\/glass-glass.com.mx\/en\/wp-json\/wp\/v2\/product_tag?post=18646"}],"curies":[{"name":"wp","href":"https:\/\/api.w.org\/{rel}","templated":true}]}}