{"id":18643,"date":"2025-01-15T18:01:01","date_gmt":"2025-01-16T00:01:01","guid":{"rendered":"https:\/\/glass-glass.com.mx\/uncategorized\/harry-100-ml-sello\/"},"modified":"2025-01-17T10:16:59","modified_gmt":"2025-01-17T16:16:59","slug":"harry-100-ml-sello","status":"publish","type":"product","link":"https:\/\/glass-glass.com.mx\/en\/perfumeria-cosmetica\/perfumeria-100-ml\/harry-100-ml-sello\/","title":{"rendered":"HARRY 100 ML SELLO"},"content":{"rendered":"","protected":false},"excerpt":{"rendered":"<p><strong>HARRY 100 ML SELLO: Alta Calidad en Empaque para Perfumer\u00eda<\/strong><\/p>\n<p><strong>Dise\u00f1o Sofisticado:<\/strong> La botella HARRY 100 ML SELLO est\u00e1 dise\u00f1ada espec\u00edficamente para la industria de la perfumer\u00eda, combinando un elegante dise\u00f1o con funcionalidad. Fabricada con vidrio cristalino de alta calidad, es perfecta para exhibir productos de fragancias, ofreciendo una opci\u00f3n premium para marcas que buscan sofisticaci\u00f3n en sus envases.<\/p>\n<p><strong>Caracter\u00edsticas Clave:<\/strong><\/p>\n<ul>\n<li><strong>Vidrio cristalino<\/strong>: Resalta el color y la pureza del producto con un acabado claro y atractivo.<\/li>\n<li><strong>Libre de plomo:<\/strong> Ideal para el uso cosm\u00e9tico y la sostenibilidad de tus productos.<\/li>\n<li><strong>Compatibilidad universal:<\/strong> Apta para tapas de todos los materiales, brindando flexibilidad para adaptarse a diferentes estilos y necesidades de dise\u00f1o.<\/li>\n<li><strong>Tipo de corona rosca 18-415 405 GPI:<\/strong> Conformada seg\u00fan las normas internacionales, garantizando un sellado seguro y eficiente.<\/li>\n<li><strong>Optimizaci\u00f3n de Producci\u00f3n:<\/strong> La HARRY 100 ML SELLO est\u00e1 dise\u00f1ada para integrarse perfectamente con l\u00edneas de llenado autom\u00e1tico, lo que asegura un proceso de producci\u00f3n eficiente y \u00e1gil. Ideal para producci\u00f3n a gran escala, su dise\u00f1o facilita el manejo y almacenamiento.<\/li>\n<li><strong>Presentaci\u00f3n a Granel:<\/strong> Con 3,456 piezas por tarima, esta botella ofrece una soluci\u00f3n eficiente y rentable para pedidos a gran volumen, optimizando el espacio de almacenamiento y transporte.<\/li>\n<li><strong>Aplicaciones en Perfumer\u00eda:<\/strong> Perfecta para una variedad de productos en la industria de la perfumer\u00eda, la botella HARRY 100 ML SELLO es la opci\u00f3n ideal para marcas que buscan calidad, elegancia y funcionalidad en su empaque.<\/li>\n<\/ul>","protected":false},"featured_media":18682,"template":"","meta":{"_joinchat":[]},"product_brand":[],"product_cat":[234,215],"product_tag":[],"class_list":{"0":"post-18643","1":"product","2":"type-product","3":"status-publish","4":"has-post-thumbnail","6":"product_cat-perfumeria-100-ml","7":"product_cat-perfumeria-cosmetica","8":"pa_capacidad-ml-100-ml","9":"pa_capacidad-onzas-3-38-oz","11":"first","12":"instock","13":"shipping-taxable","14":"product-type-simple"},"yoast_head":"<!-- This site is optimized with the Yoast SEO plugin v23.6 - https:\/\/yoast.com\/wordpress\/plugins\/seo\/ -->\n<title>HARRY 100 ML SELLO - Glass &amp; Glass<\/title>\n<meta name=\"robots\" content=\"index, follow, max-snippet:-1, max-image-preview:large, max-video-preview:-1\" \/>\n<link rel=\"canonical\" href=\"https:\/\/glass-glass.com.mx\/en\/perfumeria-cosmetica\/perfumeria-100-ml\/harry-100-ml-sello\/\" \/>\n<meta property=\"og:locale\" content=\"en_US\" \/>\n<meta property=\"og:type\" content=\"article\" \/>\n<meta property=\"og:title\" content=\"HARRY 100 ML SELLO - Glass &amp; Glass\" \/>\n<meta property=\"og:description\" content=\"HARRY 100 ML SELLO: Alta Calidad en Empaque para Perfumer\u00eda  Dise\u00f1o Sofisticado: La botella HARRY 100 ML SELLO est\u00e1 dise\u00f1ada espec\u00edficamente para la industria de la perfumer\u00eda, combinando un elegante dise\u00f1o con funcionalidad. Fabricada con vidrio cristalino de alta calidad, es perfecta para exhibir productos de fragancias, ofreciendo una opci\u00f3n premium para marcas que buscan sofisticaci\u00f3n en sus envases.  Caracter\u00edsticas Clave:   Vidrio cristalino: Resalta el color y la pureza del producto con un acabado claro y atractivo.  Libre de plomo: Ideal para el uso cosm\u00e9tico y la sostenibilidad de tus productos.  Compatibilidad universal: Apta para tapas de todos los materiales, brindando flexibilidad para adaptarse a diferentes estilos y necesidades de dise\u00f1o.  Tipo de corona rosca 18-415 405 GPI: Conformada seg\u00fan las normas internacionales, garantizando un sellado seguro y eficiente.  Optimizaci\u00f3n de Producci\u00f3n: La HARRY 100 ML SELLO est\u00e1 dise\u00f1ada para integrarse perfectamente con l\u00edneas de llenado autom\u00e1tico, lo que asegura un proceso de producci\u00f3n eficiente y \u00e1gil. Ideal para producci\u00f3n a gran escala, su dise\u00f1o facilita el manejo y almacenamiento.  Presentaci\u00f3n a Granel: Con 3,456 piezas por tarima, esta botella ofrece una soluci\u00f3n eficiente y rentable para pedidos a gran volumen, optimizando el espacio de almacenamiento y transporte.  Aplicaciones en Perfumer\u00eda: Perfecta para una variedad de productos en la industria de la perfumer\u00eda, la botella HARRY 100 ML SELLO es la opci\u00f3n ideal para marcas que buscan calidad, elegancia y funcionalidad en su empaque.\" \/>\n<meta property=\"og:url\" content=\"https:\/\/glass-glass.com.mx\/en\/perfumeria-cosmetica\/perfumeria-100-ml\/harry-100-ml-sello\/\" \/>\n<meta property=\"og:site_name\" content=\"Glass &amp; Glass\" \/>\n<meta property=\"article:modified_time\" content=\"2025-01-17T16:16:59+00:00\" \/>\n<meta property=\"og:image\" content=\"https:\/\/glass-glass.com.mx\/wp-content\/uploads\/2025\/01\/HARRY_100_2.jpg\" \/>\n\t<meta property=\"og:image:width\" content=\"480\" \/>\n\t<meta property=\"og:image:height\" content=\"480\" \/>\n\t<meta property=\"og:image:type\" content=\"image\/jpeg\" \/>\n<meta name=\"twitter:card\" content=\"summary_large_image\" \/>\n<meta name=\"twitter:label1\" content=\"Est. reading time\" \/>\n\t<meta name=\"twitter:data1\" content=\"1 minute\" \/>\n<script type=\"application\/ld+json\" class=\"yoast-schema-graph\">{\"@context\":\"https:\/\/schema.org\",\"@graph\":[{\"@type\":\"WebPage\",\"@id\":\"https:\/\/glass-glass.com.mx\/perfumeria-cosmetica\/perfumeria-100-ml\/harry-100-ml-sello\/\",\"url\":\"https:\/\/glass-glass.com.mx\/perfumeria-cosmetica\/perfumeria-100-ml\/harry-100-ml-sello\/\",\"name\":\"HARRY 100 ML SELLO - Glass &amp; Glass\",\"isPartOf\":{\"@id\":\"https:\/\/glass-glass.com.mx\/#website\"},\"primaryImageOfPage\":{\"@id\":\"https:\/\/glass-glass.com.mx\/perfumeria-cosmetica\/perfumeria-100-ml\/harry-100-ml-sello\/#primaryimage\"},\"image\":{\"@id\":\"https:\/\/glass-glass.com.mx\/perfumeria-cosmetica\/perfumeria-100-ml\/harry-100-ml-sello\/#primaryimage\"},\"thumbnailUrl\":\"https:\/\/glass-glass.com.mx\/wp-content\/uploads\/2025\/01\/HARRY_100_2.jpg\",\"datePublished\":\"2025-01-16T00:01:01+00:00\",\"dateModified\":\"2025-01-17T16:16:59+00:00\",\"breadcrumb\":{\"@id\":\"https:\/\/glass-glass.com.mx\/perfumeria-cosmetica\/perfumeria-100-ml\/harry-100-ml-sello\/#breadcrumb\"},\"inLanguage\":\"en-US\",\"potentialAction\":[{\"@type\":\"ReadAction\",\"target\":[\"https:\/\/glass-glass.com.mx\/perfumeria-cosmetica\/perfumeria-100-ml\/harry-100-ml-sello\/\"]}]},{\"@type\":\"ImageObject\",\"inLanguage\":\"en-US\",\"@id\":\"https:\/\/glass-glass.com.mx\/perfumeria-cosmetica\/perfumeria-100-ml\/harry-100-ml-sello\/#primaryimage\",\"url\":\"https:\/\/glass-glass.com.mx\/wp-content\/uploads\/2025\/01\/HARRY_100_2.jpg\",\"contentUrl\":\"https:\/\/glass-glass.com.mx\/wp-content\/uploads\/2025\/01\/HARRY_100_2.jpg\",\"width\":480,\"height\":480},{\"@type\":\"BreadcrumbList\",\"@id\":\"https:\/\/glass-glass.com.mx\/perfumeria-cosmetica\/perfumeria-100-ml\/harry-100-ml-sello\/#breadcrumb\",\"itemListElement\":[{\"@type\":\"ListItem\",\"position\":1,\"name\":\"Inicio\",\"item\":\"https:\/\/glass-glass.com.mx\/\"},{\"@type\":\"ListItem\",\"position\":2,\"name\":\"Productos\",\"item\":\"https:\/\/glass-glass.com.mx\/productos\/\"},{\"@type\":\"ListItem\",\"position\":3,\"name\":\"HARRY 100 ML SELLO\"}]},{\"@type\":\"WebSite\",\"@id\":\"https:\/\/glass-glass.com.mx\/#website\",\"url\":\"https:\/\/glass-glass.com.mx\/\",\"name\":\"Glass &amp; Glass\",\"description\":\"360\u00b0 de pureza\",\"potentialAction\":[{\"@type\":\"SearchAction\",\"target\":{\"@type\":\"EntryPoint\",\"urlTemplate\":\"https:\/\/glass-glass.com.mx\/?s={search_term_string}\"},\"query-input\":{\"@type\":\"PropertyValueSpecification\",\"valueRequired\":true,\"valueName\":\"search_term_string\"}}],\"inLanguage\":\"en-US\"}]}<\/script>\n<!-- \/ Yoast SEO plugin. -->","yoast_head_json":{"title":"HARRY 100 ML SELLO - Glass &amp; Glass","robots":{"index":"index","follow":"follow","max-snippet":"max-snippet:-1","max-image-preview":"max-image-preview:large","max-video-preview":"max-video-preview:-1"},"canonical":"https:\/\/glass-glass.com.mx\/en\/perfumeria-cosmetica\/perfumeria-100-ml\/harry-100-ml-sello\/","og_locale":"en_US","og_type":"article","og_title":"HARRY 100 ML SELLO - Glass &amp; Glass","og_description":"HARRY 100 ML SELLO: Alta Calidad en Empaque para Perfumer\u00eda  Dise\u00f1o Sofisticado: La botella HARRY 100 ML SELLO est\u00e1 dise\u00f1ada espec\u00edficamente para la industria de la perfumer\u00eda, combinando un elegante dise\u00f1o con funcionalidad. Fabricada con vidrio cristalino de alta calidad, es perfecta para exhibir productos de fragancias, ofreciendo una opci\u00f3n premium para marcas que buscan sofisticaci\u00f3n en sus envases.  Caracter\u00edsticas Clave:   Vidrio cristalino: Resalta el color y la pureza del producto con un acabado claro y atractivo.  Libre de plomo: Ideal para el uso cosm\u00e9tico y la sostenibilidad de tus productos.  Compatibilidad universal: Apta para tapas de todos los materiales, brindando flexibilidad para adaptarse a diferentes estilos y necesidades de dise\u00f1o.  Tipo de corona rosca 18-415 405 GPI: Conformada seg\u00fan las normas internacionales, garantizando un sellado seguro y eficiente.  Optimizaci\u00f3n de Producci\u00f3n: La HARRY 100 ML SELLO est\u00e1 dise\u00f1ada para integrarse perfectamente con l\u00edneas de llenado autom\u00e1tico, lo que asegura un proceso de producci\u00f3n eficiente y \u00e1gil. Ideal para producci\u00f3n a gran escala, su dise\u00f1o facilita el manejo y almacenamiento.  Presentaci\u00f3n a Granel: Con 3,456 piezas por tarima, esta botella ofrece una soluci\u00f3n eficiente y rentable para pedidos a gran volumen, optimizando el espacio de almacenamiento y transporte.  Aplicaciones en Perfumer\u00eda: Perfecta para una variedad de productos en la industria de la perfumer\u00eda, la botella HARRY 100 ML SELLO es la opci\u00f3n ideal para marcas que buscan calidad, elegancia y funcionalidad en su empaque.","og_url":"https:\/\/glass-glass.com.mx\/en\/perfumeria-cosmetica\/perfumeria-100-ml\/harry-100-ml-sello\/","og_site_name":"Glass &amp; Glass","article_modified_time":"2025-01-17T16:16:59+00:00","og_image":[{"width":480,"height":480,"url":"https:\/\/glass-glass.com.mx\/wp-content\/uploads\/2025\/01\/HARRY_100_2.jpg","type":"image\/jpeg"}],"twitter_card":"summary_large_image","twitter_misc":{"Est. reading time":"1 minute"},"schema":{"@context":"https:\/\/schema.org","@graph":[{"@type":"WebPage","@id":"https:\/\/glass-glass.com.mx\/perfumeria-cosmetica\/perfumeria-100-ml\/harry-100-ml-sello\/","url":"https:\/\/glass-glass.com.mx\/perfumeria-cosmetica\/perfumeria-100-ml\/harry-100-ml-sello\/","name":"HARRY 100 ML SELLO - Glass &amp; Glass","isPartOf":{"@id":"https:\/\/glass-glass.com.mx\/#website"},"primaryImageOfPage":{"@id":"https:\/\/glass-glass.com.mx\/perfumeria-cosmetica\/perfumeria-100-ml\/harry-100-ml-sello\/#primaryimage"},"image":{"@id":"https:\/\/glass-glass.com.mx\/perfumeria-cosmetica\/perfumeria-100-ml\/harry-100-ml-sello\/#primaryimage"},"thumbnailUrl":"https:\/\/glass-glass.com.mx\/wp-content\/uploads\/2025\/01\/HARRY_100_2.jpg","datePublished":"2025-01-16T00:01:01+00:00","dateModified":"2025-01-17T16:16:59+00:00","breadcrumb":{"@id":"https:\/\/glass-glass.com.mx\/perfumeria-cosmetica\/perfumeria-100-ml\/harry-100-ml-sello\/#breadcrumb"},"inLanguage":"en-US","potentialAction":[{"@type":"ReadAction","target":["https:\/\/glass-glass.com.mx\/perfumeria-cosmetica\/perfumeria-100-ml\/harry-100-ml-sello\/"]}]},{"@type":"ImageObject","inLanguage":"en-US","@id":"https:\/\/glass-glass.com.mx\/perfumeria-cosmetica\/perfumeria-100-ml\/harry-100-ml-sello\/#primaryimage","url":"https:\/\/glass-glass.com.mx\/wp-content\/uploads\/2025\/01\/HARRY_100_2.jpg","contentUrl":"https:\/\/glass-glass.com.mx\/wp-content\/uploads\/2025\/01\/HARRY_100_2.jpg","width":480,"height":480},{"@type":"BreadcrumbList","@id":"https:\/\/glass-glass.com.mx\/perfumeria-cosmetica\/perfumeria-100-ml\/harry-100-ml-sello\/#breadcrumb","itemListElement":[{"@type":"ListItem","position":1,"name":"Inicio","item":"https:\/\/glass-glass.com.mx\/"},{"@type":"ListItem","position":2,"name":"Productos","item":"https:\/\/glass-glass.com.mx\/productos\/"},{"@type":"ListItem","position":3,"name":"HARRY 100 ML SELLO"}]},{"@type":"WebSite","@id":"https:\/\/glass-glass.com.mx\/#website","url":"https:\/\/glass-glass.com.mx\/","name":"Glass &amp; Glass","description":"360\u00b0 de pureza","potentialAction":[{"@type":"SearchAction","target":{"@type":"EntryPoint","urlTemplate":"https:\/\/glass-glass.com.mx\/?s={search_term_string}"},"query-input":{"@type":"PropertyValueSpecification","valueRequired":true,"valueName":"search_term_string"}}],"inLanguage":"en-US"}]}},"_links":{"self":[{"href":"https:\/\/glass-glass.com.mx\/en\/wp-json\/wp\/v2\/product\/18643","targetHints":{"allow":["GET"]}}],"collection":[{"href":"https:\/\/glass-glass.com.mx\/en\/wp-json\/wp\/v2\/product"}],"about":[{"href":"https:\/\/glass-glass.com.mx\/en\/wp-json\/wp\/v2\/types\/product"}],"version-history":[{"count":2,"href":"https:\/\/glass-glass.com.mx\/en\/wp-json\/wp\/v2\/product\/18643\/revisions"}],"predecessor-version":[{"id":18717,"href":"https:\/\/glass-glass.com.mx\/en\/wp-json\/wp\/v2\/product\/18643\/revisions\/18717"}],"wp:featuredmedia":[{"embeddable":true,"href":"https:\/\/glass-glass.com.mx\/en\/wp-json\/wp\/v2\/media\/18682"}],"wp:attachment":[{"href":"https:\/\/glass-glass.com.mx\/en\/wp-json\/wp\/v2\/media?parent=18643"}],"wp:term":[{"taxonomy":"product_brand","embeddable":true,"href":"https:\/\/glass-glass.com.mx\/en\/wp-json\/wp\/v2\/product_brand?post=18643"},{"taxonomy":"product_cat","embeddable":true,"href":"https:\/\/glass-glass.com.mx\/en\/wp-json\/wp\/v2\/product_cat?post=18643"},{"taxonomy":"product_tag","embeddable":true,"href":"https:\/\/glass-glass.com.mx\/en\/wp-json\/wp\/v2\/product_tag?post=18643"}],"curies":[{"name":"wp","href":"https:\/\/api.w.org\/{rel}","templated":true}]}}