{"id":18640,"date":"2025-01-15T18:01:00","date_gmt":"2025-01-16T00:01:00","guid":{"rendered":"https:\/\/glass-glass.com.mx\/uncategorized\/emociones-30-ml-rosca\/"},"modified":"2025-01-17T08:39:23","modified_gmt":"2025-01-17T14:39:23","slug":"emociones-30-ml-rosca","status":"publish","type":"product","link":"https:\/\/glass-glass.com.mx\/en\/perfumeria-cosmetica\/perfumeria\/emociones-30-ml-rosca\/","title":{"rendered":"EMOCIONES 30 ML ROSCA"},"content":{"rendered":"","protected":false},"excerpt":{"rendered":"<p><strong>EMOCIONES 30 ML ROSCA: Empaque Premium para Perfumes<\/strong><\/p>\n<p><strong>Dise\u00f1o de Alta Calidad:<\/strong><\/p>\n<p>La botella EMOCIONES 30 ML ROSCA est\u00e1 dise\u00f1ada espec\u00edficamente para la industria de la perfumer\u00eda, ofreciendo elegancia y alta funcionalidad. Fabricada en vidrio cristalino, realza el atractivo visual y la pureza del perfume en su interior, siendo la opci\u00f3n perfecta para marcas que buscan transmitir sofisticaci\u00f3n y confianza en su empaque.<\/p>\n<p><strong>Caracter\u00edsticas Principales:<\/strong><\/p>\n<ul>\n<li><strong>Vidrio cristalino de alta calidad:<\/strong> Perfecto para resaltar los colores y la claridad de los perfumes con un acabado elegante y atractivo.<br \/>\nLibre de plomo: Ideal para el uso cosm\u00e9tico y la sostenibilidad de tus productos.<\/li>\n<li><strong>Compatibilidad universal:<\/strong> Apta para tapas de todos los materiales, lo que permite flexibilidad para adaptarse a diferentes estilos y necesidades de dise\u00f1o.<\/li>\n<li><strong>Tipo de rosca 18-415 405 GPI:<\/strong> Fabricada conforme a est\u00e1ndares internacionales, garantizando un sellado seguro y confiable para tus productos de perfume.<\/li>\n<li><strong>Optimizaci\u00f3n de la Producci\u00f3n:<\/strong> La botella EMOCIONES 30 ML ROSCA est\u00e1 dise\u00f1ada para integrarse a l\u00edneas de llenado autom\u00e1tico, optimizando el proceso de producci\u00f3n con eficiencia y rapidez. Es ideal para la fabricaci\u00f3n a gran escala y ofrece soluciones pr\u00e1cticas para su manipulaci\u00f3n y almacenamiento.<\/li>\n<li><strong>Presentaci\u00f3n en Gran Volumen:<\/strong> Con 5,600 piezas por tarima, esta botella ofrece una soluci\u00f3n econ\u00f3mica y eficiente para pedidos a gran escala, maximizando la eficiencia en almacenamiento y transporte.<\/li>\n<\/ul>\n<p>Ideal para Aplicaciones en Perfumer\u00eda: Esta botella est\u00e1 dise\u00f1ada espec\u00edficamente para perfumes y fragancias, ofreciendo versatilidad para adaptarse a una variedad de marcas y productos de perfume, manteniendo una soluci\u00f3n de empaque elegante y confiable.<\/p>","protected":false},"featured_media":18695,"template":"","meta":{"_joinchat":[]},"product_brand":[],"product_cat":[223,215],"product_tag":[],"class_list":{"0":"post-18640","1":"product","2":"type-product","3":"status-publish","4":"has-post-thumbnail","6":"product_cat-perfumeria","7":"product_cat-perfumeria-cosmetica","8":"pa_capacidad-ml-30-ml","9":"pa_capacidad-onzas-1-01-oz","11":"first","12":"instock","13":"shipping-taxable","14":"product-type-simple"},"yoast_head":"<!-- This site is optimized with the Yoast SEO plugin v23.6 - https:\/\/yoast.com\/wordpress\/plugins\/seo\/ -->\n<title>EMOCIONES 30 ML ROSCA - Glass &amp; Glass<\/title>\n<meta name=\"robots\" content=\"index, follow, max-snippet:-1, max-image-preview:large, max-video-preview:-1\" \/>\n<link rel=\"canonical\" href=\"https:\/\/glass-glass.com.mx\/en\/perfumeria-cosmetica\/perfumeria\/emociones-30-ml-rosca\/\" \/>\n<meta property=\"og:locale\" content=\"en_US\" \/>\n<meta property=\"og:type\" content=\"article\" \/>\n<meta property=\"og:title\" content=\"EMOCIONES 30 ML ROSCA - Glass &amp; Glass\" \/>\n<meta property=\"og:description\" content=\"EMOCIONES 30 ML ROSCA: Empaque Premium para Perfumes  Dise\u00f1o de Alta Calidad:  La botella EMOCIONES 30 ML ROSCA est\u00e1 dise\u00f1ada espec\u00edficamente para la industria de la perfumer\u00eda, ofreciendo elegancia y alta funcionalidad. Fabricada en vidrio cristalino, realza el atractivo visual y la pureza del perfume en su interior, siendo la opci\u00f3n perfecta para marcas que buscan transmitir sofisticaci\u00f3n y confianza en su empaque.  Caracter\u00edsticas Principales:   Vidrio cristalino de alta calidad: Perfecto para resaltar los colores y la claridad de los perfumes con un acabado elegante y atractivo. Libre de plomo: Ideal para el uso cosm\u00e9tico y la sostenibilidad de tus productos.  Compatibilidad universal: Apta para tapas de todos los materiales, lo que permite flexibilidad para adaptarse a diferentes estilos y necesidades de dise\u00f1o.  Tipo de rosca 18-415 405 GPI: Fabricada conforme a est\u00e1ndares internacionales, garantizando un sellado seguro y confiable para tus productos de perfume.  Optimizaci\u00f3n de la Producci\u00f3n: La botella EMOCIONES 30 ML ROSCA est\u00e1 dise\u00f1ada para integrarse a l\u00edneas de llenado autom\u00e1tico, optimizando el proceso de producci\u00f3n con eficiencia y rapidez. Es ideal para la fabricaci\u00f3n a gran escala y ofrece soluciones pr\u00e1cticas para su manipulaci\u00f3n y almacenamiento.  Presentaci\u00f3n en Gran Volumen: Con 5,600 piezas por tarima, esta botella ofrece una soluci\u00f3n econ\u00f3mica y eficiente para pedidos a gran escala, maximizando la eficiencia en almacenamiento y transporte.  Ideal para Aplicaciones en Perfumer\u00eda: Esta botella est\u00e1 dise\u00f1ada espec\u00edficamente para perfumes y fragancias, ofreciendo versatilidad para adaptarse a una variedad de marcas y productos de perfume, manteniendo una soluci\u00f3n de empaque elegante y confiable.\" \/>\n<meta property=\"og:url\" content=\"https:\/\/glass-glass.com.mx\/en\/perfumeria-cosmetica\/perfumeria\/emociones-30-ml-rosca\/\" \/>\n<meta property=\"og:site_name\" content=\"Glass &amp; Glass\" \/>\n<meta property=\"article:modified_time\" content=\"2025-01-17T14:39:23+00:00\" \/>\n<meta property=\"og:image\" content=\"https:\/\/glass-glass.com.mx\/wp-content\/uploads\/2025\/01\/EMOCIONES_30_1.jpg\" \/>\n\t<meta property=\"og:image:width\" content=\"480\" \/>\n\t<meta property=\"og:image:height\" content=\"480\" \/>\n\t<meta property=\"og:image:type\" content=\"image\/jpeg\" \/>\n<meta name=\"twitter:card\" content=\"summary_large_image\" \/>\n<meta name=\"twitter:label1\" content=\"Est. reading time\" \/>\n\t<meta name=\"twitter:data1\" content=\"1 minute\" \/>\n<script type=\"application\/ld+json\" class=\"yoast-schema-graph\">{\"@context\":\"https:\/\/schema.org\",\"@graph\":[{\"@type\":\"WebPage\",\"@id\":\"https:\/\/glass-glass.com.mx\/perfumeria-cosmetica\/perfumeria\/emociones-30-ml-rosca\/\",\"url\":\"https:\/\/glass-glass.com.mx\/perfumeria-cosmetica\/perfumeria\/emociones-30-ml-rosca\/\",\"name\":\"EMOCIONES 30 ML ROSCA - Glass &amp; Glass\",\"isPartOf\":{\"@id\":\"https:\/\/glass-glass.com.mx\/#website\"},\"primaryImageOfPage\":{\"@id\":\"https:\/\/glass-glass.com.mx\/perfumeria-cosmetica\/perfumeria\/emociones-30-ml-rosca\/#primaryimage\"},\"image\":{\"@id\":\"https:\/\/glass-glass.com.mx\/perfumeria-cosmetica\/perfumeria\/emociones-30-ml-rosca\/#primaryimage\"},\"thumbnailUrl\":\"https:\/\/glass-glass.com.mx\/wp-content\/uploads\/2025\/01\/EMOCIONES_30_1.jpg\",\"datePublished\":\"2025-01-16T00:01:00+00:00\",\"dateModified\":\"2025-01-17T14:39:23+00:00\",\"breadcrumb\":{\"@id\":\"https:\/\/glass-glass.com.mx\/perfumeria-cosmetica\/perfumeria\/emociones-30-ml-rosca\/#breadcrumb\"},\"inLanguage\":\"en-US\",\"potentialAction\":[{\"@type\":\"ReadAction\",\"target\":[\"https:\/\/glass-glass.com.mx\/perfumeria-cosmetica\/perfumeria\/emociones-30-ml-rosca\/\"]}]},{\"@type\":\"ImageObject\",\"inLanguage\":\"en-US\",\"@id\":\"https:\/\/glass-glass.com.mx\/perfumeria-cosmetica\/perfumeria\/emociones-30-ml-rosca\/#primaryimage\",\"url\":\"https:\/\/glass-glass.com.mx\/wp-content\/uploads\/2025\/01\/EMOCIONES_30_1.jpg\",\"contentUrl\":\"https:\/\/glass-glass.com.mx\/wp-content\/uploads\/2025\/01\/EMOCIONES_30_1.jpg\",\"width\":480,\"height\":480},{\"@type\":\"BreadcrumbList\",\"@id\":\"https:\/\/glass-glass.com.mx\/perfumeria-cosmetica\/perfumeria\/emociones-30-ml-rosca\/#breadcrumb\",\"itemListElement\":[{\"@type\":\"ListItem\",\"position\":1,\"name\":\"Inicio\",\"item\":\"https:\/\/glass-glass.com.mx\/\"},{\"@type\":\"ListItem\",\"position\":2,\"name\":\"Productos\",\"item\":\"https:\/\/glass-glass.com.mx\/productos\/\"},{\"@type\":\"ListItem\",\"position\":3,\"name\":\"EMOCIONES 30 ML ROSCA\"}]},{\"@type\":\"WebSite\",\"@id\":\"https:\/\/glass-glass.com.mx\/#website\",\"url\":\"https:\/\/glass-glass.com.mx\/\",\"name\":\"Glass &amp; Glass\",\"description\":\"360\u00b0 de pureza\",\"potentialAction\":[{\"@type\":\"SearchAction\",\"target\":{\"@type\":\"EntryPoint\",\"urlTemplate\":\"https:\/\/glass-glass.com.mx\/?s={search_term_string}\"},\"query-input\":{\"@type\":\"PropertyValueSpecification\",\"valueRequired\":true,\"valueName\":\"search_term_string\"}}],\"inLanguage\":\"en-US\"}]}<\/script>\n<!-- \/ Yoast SEO plugin. -->","yoast_head_json":{"title":"EMOCIONES 30 ML ROSCA - Glass &amp; Glass","robots":{"index":"index","follow":"follow","max-snippet":"max-snippet:-1","max-image-preview":"max-image-preview:large","max-video-preview":"max-video-preview:-1"},"canonical":"https:\/\/glass-glass.com.mx\/en\/perfumeria-cosmetica\/perfumeria\/emociones-30-ml-rosca\/","og_locale":"en_US","og_type":"article","og_title":"EMOCIONES 30 ML ROSCA - Glass &amp; Glass","og_description":"EMOCIONES 30 ML ROSCA: Empaque Premium para Perfumes  Dise\u00f1o de Alta Calidad:  La botella EMOCIONES 30 ML ROSCA est\u00e1 dise\u00f1ada espec\u00edficamente para la industria de la perfumer\u00eda, ofreciendo elegancia y alta funcionalidad. Fabricada en vidrio cristalino, realza el atractivo visual y la pureza del perfume en su interior, siendo la opci\u00f3n perfecta para marcas que buscan transmitir sofisticaci\u00f3n y confianza en su empaque.  Caracter\u00edsticas Principales:   Vidrio cristalino de alta calidad: Perfecto para resaltar los colores y la claridad de los perfumes con un acabado elegante y atractivo. Libre de plomo: Ideal para el uso cosm\u00e9tico y la sostenibilidad de tus productos.  Compatibilidad universal: Apta para tapas de todos los materiales, lo que permite flexibilidad para adaptarse a diferentes estilos y necesidades de dise\u00f1o.  Tipo de rosca 18-415 405 GPI: Fabricada conforme a est\u00e1ndares internacionales, garantizando un sellado seguro y confiable para tus productos de perfume.  Optimizaci\u00f3n de la Producci\u00f3n: La botella EMOCIONES 30 ML ROSCA est\u00e1 dise\u00f1ada para integrarse a l\u00edneas de llenado autom\u00e1tico, optimizando el proceso de producci\u00f3n con eficiencia y rapidez. Es ideal para la fabricaci\u00f3n a gran escala y ofrece soluciones pr\u00e1cticas para su manipulaci\u00f3n y almacenamiento.  Presentaci\u00f3n en Gran Volumen: Con 5,600 piezas por tarima, esta botella ofrece una soluci\u00f3n econ\u00f3mica y eficiente para pedidos a gran escala, maximizando la eficiencia en almacenamiento y transporte.  Ideal para Aplicaciones en Perfumer\u00eda: Esta botella est\u00e1 dise\u00f1ada espec\u00edficamente para perfumes y fragancias, ofreciendo versatilidad para adaptarse a una variedad de marcas y productos de perfume, manteniendo una soluci\u00f3n de empaque elegante y confiable.","og_url":"https:\/\/glass-glass.com.mx\/en\/perfumeria-cosmetica\/perfumeria\/emociones-30-ml-rosca\/","og_site_name":"Glass &amp; Glass","article_modified_time":"2025-01-17T14:39:23+00:00","og_image":[{"width":480,"height":480,"url":"https:\/\/glass-glass.com.mx\/wp-content\/uploads\/2025\/01\/EMOCIONES_30_1.jpg","type":"image\/jpeg"}],"twitter_card":"summary_large_image","twitter_misc":{"Est. reading time":"1 minute"},"schema":{"@context":"https:\/\/schema.org","@graph":[{"@type":"WebPage","@id":"https:\/\/glass-glass.com.mx\/perfumeria-cosmetica\/perfumeria\/emociones-30-ml-rosca\/","url":"https:\/\/glass-glass.com.mx\/perfumeria-cosmetica\/perfumeria\/emociones-30-ml-rosca\/","name":"EMOCIONES 30 ML ROSCA - Glass &amp; Glass","isPartOf":{"@id":"https:\/\/glass-glass.com.mx\/#website"},"primaryImageOfPage":{"@id":"https:\/\/glass-glass.com.mx\/perfumeria-cosmetica\/perfumeria\/emociones-30-ml-rosca\/#primaryimage"},"image":{"@id":"https:\/\/glass-glass.com.mx\/perfumeria-cosmetica\/perfumeria\/emociones-30-ml-rosca\/#primaryimage"},"thumbnailUrl":"https:\/\/glass-glass.com.mx\/wp-content\/uploads\/2025\/01\/EMOCIONES_30_1.jpg","datePublished":"2025-01-16T00:01:00+00:00","dateModified":"2025-01-17T14:39:23+00:00","breadcrumb":{"@id":"https:\/\/glass-glass.com.mx\/perfumeria-cosmetica\/perfumeria\/emociones-30-ml-rosca\/#breadcrumb"},"inLanguage":"en-US","potentialAction":[{"@type":"ReadAction","target":["https:\/\/glass-glass.com.mx\/perfumeria-cosmetica\/perfumeria\/emociones-30-ml-rosca\/"]}]},{"@type":"ImageObject","inLanguage":"en-US","@id":"https:\/\/glass-glass.com.mx\/perfumeria-cosmetica\/perfumeria\/emociones-30-ml-rosca\/#primaryimage","url":"https:\/\/glass-glass.com.mx\/wp-content\/uploads\/2025\/01\/EMOCIONES_30_1.jpg","contentUrl":"https:\/\/glass-glass.com.mx\/wp-content\/uploads\/2025\/01\/EMOCIONES_30_1.jpg","width":480,"height":480},{"@type":"BreadcrumbList","@id":"https:\/\/glass-glass.com.mx\/perfumeria-cosmetica\/perfumeria\/emociones-30-ml-rosca\/#breadcrumb","itemListElement":[{"@type":"ListItem","position":1,"name":"Inicio","item":"https:\/\/glass-glass.com.mx\/"},{"@type":"ListItem","position":2,"name":"Productos","item":"https:\/\/glass-glass.com.mx\/productos\/"},{"@type":"ListItem","position":3,"name":"EMOCIONES 30 ML ROSCA"}]},{"@type":"WebSite","@id":"https:\/\/glass-glass.com.mx\/#website","url":"https:\/\/glass-glass.com.mx\/","name":"Glass &amp; Glass","description":"360\u00b0 de pureza","potentialAction":[{"@type":"SearchAction","target":{"@type":"EntryPoint","urlTemplate":"https:\/\/glass-glass.com.mx\/?s={search_term_string}"},"query-input":{"@type":"PropertyValueSpecification","valueRequired":true,"valueName":"search_term_string"}}],"inLanguage":"en-US"}]}},"_links":{"self":[{"href":"https:\/\/glass-glass.com.mx\/en\/wp-json\/wp\/v2\/product\/18640","targetHints":{"allow":["GET"]}}],"collection":[{"href":"https:\/\/glass-glass.com.mx\/en\/wp-json\/wp\/v2\/product"}],"about":[{"href":"https:\/\/glass-glass.com.mx\/en\/wp-json\/wp\/v2\/types\/product"}],"version-history":[{"count":3,"href":"https:\/\/glass-glass.com.mx\/en\/wp-json\/wp\/v2\/product\/18640\/revisions"}],"predecessor-version":[{"id":18714,"href":"https:\/\/glass-glass.com.mx\/en\/wp-json\/wp\/v2\/product\/18640\/revisions\/18714"}],"wp:featuredmedia":[{"embeddable":true,"href":"https:\/\/glass-glass.com.mx\/en\/wp-json\/wp\/v2\/media\/18695"}],"wp:attachment":[{"href":"https:\/\/glass-glass.com.mx\/en\/wp-json\/wp\/v2\/media?parent=18640"}],"wp:term":[{"taxonomy":"product_brand","embeddable":true,"href":"https:\/\/glass-glass.com.mx\/en\/wp-json\/wp\/v2\/product_brand?post=18640"},{"taxonomy":"product_cat","embeddable":true,"href":"https:\/\/glass-glass.com.mx\/en\/wp-json\/wp\/v2\/product_cat?post=18640"},{"taxonomy":"product_tag","embeddable":true,"href":"https:\/\/glass-glass.com.mx\/en\/wp-json\/wp\/v2\/product_tag?post=18640"}],"curies":[{"name":"wp","href":"https:\/\/api.w.org\/{rel}","templated":true}]}}