{"id":17096,"date":"2023-10-20T10:32:23","date_gmt":"2023-10-20T16:32:23","guid":{"rendered":"https:\/\/glass-glass.com.mx\/sin%20categor\u00eda\/tap-napoles\/"},"modified":"2023-11-06T19:25:54","modified_gmt":"2023-11-07T01:25:54","slug":"tap-napoles","status":"publish","type":"product","link":"https:\/\/glass-glass.com.mx\/en\/vinos-y-licores\/tap-napoles\/","title":{"rendered":"NAPLES PLUG"},"content":{"rendered":"<p><img decoding=\"async\" class=\"alignnone size-full\" src=\"https:\/\/glass-glass.com.mx\/wp-content\/uploads\/2023\/10\/TAPLICNAPOLES01-sketch.jpg\" \/><\/p>","protected":false},"excerpt":{"rendered":"<p>Sophisticated decanter plug.<\/p>\n<p><b>Style:<\/b> This plug expresses a stylized and sophisticated drop shape. It enjoys a classic, elegant and timeless shape. Designed to compliment the Naples decanter.<\/p>\n<p><b>Ideal Use:<\/b> The curved plug is recommended for the Naples, although it can be used with other models. Its 33-SPECIAL crown is adaptable and compatible with other Glass &amp; Glass decanters.<\/p>\n<p><b>Additional features:<\/b> Maximum transparency, endurance, resistance, 100% lead free and recyclable, as all other Glass &amp; Glass products. This piece allows for different customization through our different decoration techniques.<\/p>\n<p><b>Manageability:<\/b> Delivered in bulk, facilitating storage, mobility and distribution.<\/p>","protected":false},"featured_media":17033,"template":"","meta":{"_joinchat":[]},"product_brand":[],"product_cat":[161],"product_tag":[],"class_list":{"0":"post-17096","1":"product","2":"type-product","3":"status-publish","4":"has-post-thumbnail","6":"product_cat-vinos-y-licores","7":"pa_capacidad-ml-181","8":"pa_capacidad-onzas-1-18","10":"first","11":"instock","12":"shipping-taxable","13":"product-type-simple"},"yoast_head":"<!-- This site is optimized with the Yoast SEO plugin v23.6 - https:\/\/yoast.com\/wordpress\/plugins\/seo\/ -->\n<title>TAP. N\u00c1POLES - Glass &amp; Glass<\/title>\n<meta name=\"robots\" content=\"index, follow, max-snippet:-1, max-image-preview:large, max-video-preview:-1\" \/>\n<link rel=\"canonical\" href=\"https:\/\/glass-glass.com.mx\/en\/vinos-y-licores\/tap-napoles\/\" \/>\n<meta property=\"og:locale\" content=\"en_US\" \/>\n<meta property=\"og:type\" content=\"article\" \/>\n<meta property=\"og:title\" content=\"TAP. N\u00c1POLES - Glass &amp; Glass\" \/>\n<meta property=\"og:description\" content=\"Sofisticado tap\u00f3n para licorera  Estilo: El tap\u00f3n con inserto N\u00e1poles para licorera, expresa una estilizada y sofisticada forma de gota. Mantiene en una l\u00ednea cl\u00e1sica,elegante y atemporal. Dise\u00f1ado para complementar a la licorera N\u00e1poles, mantiene la armon\u00eda y distinci\u00f3n para disfrutar de los destilados m\u00e1s finos.  Uso Ideal: La forma curvil\u00ednea del tap\u00f3n, mantiene cohesi\u00f3n con el dise\u00f1o est\u00e9tico de la licorera hom\u00f3nima. 100% cristalino, con un tap\u00f3n apto para inserto para la licorera N\u00e1poles, puede combinarse con otros modelos de la l\u00ednea de licoreras de Glass &amp; Glass. Su corona es 33-ESPECIAL que se adapta a la colecci\u00f3n de licoreras.  Caracter\u00edsticas Adicionales: Manteniendo un dise\u00f1o armonioso con la licorera N\u00e1poles, el tap\u00f3n tipo gota cuenta con la m\u00e1xima transparencia, obtenida por la formulaci\u00f3n exclusiva de vidrio de Glass &amp; Glass. Da un aspecto sofisticado por la carga de vidrio que tiene en su punta, en conjunci\u00f3n a su forma. Esta pieza permite la personalizaci\u00f3n con nuestras t\u00e9cnicas de decorado. Es 100% libre de plomo y reciclable adem\u00e1s de ser altamente resistente.  Maniobrabilidad: La entrega de un pedido de tapones N\u00e1poles es a granel por tarima lo que hace c\u00f3modo su almacenamiento, movilidad y distribuci\u00f3n.\" \/>\n<meta property=\"og:url\" content=\"https:\/\/glass-glass.com.mx\/en\/vinos-y-licores\/tap-napoles\/\" \/>\n<meta property=\"og:site_name\" content=\"Glass &amp; Glass\" \/>\n<meta property=\"article:modified_time\" content=\"2023-11-07T01:25:54+00:00\" \/>\n<meta property=\"og:image\" content=\"https:\/\/glass-glass.com.mx\/wp-content\/uploads\/2023\/10\/TAPLICNAPOLES01-1.jpg\" \/>\n\t<meta property=\"og:image:width\" content=\"700\" \/>\n\t<meta property=\"og:image:height\" content=\"700\" \/>\n\t<meta property=\"og:image:type\" content=\"image\/jpeg\" \/>\n<meta name=\"twitter:card\" content=\"summary_large_image\" \/>\n<meta name=\"twitter:label1\" content=\"Est. reading time\" \/>\n\t<meta name=\"twitter:data1\" content=\"1 minute\" \/>\n<script type=\"application\/ld+json\" class=\"yoast-schema-graph\">{\"@context\":\"https:\/\/schema.org\",\"@graph\":[{\"@type\":\"WebPage\",\"@id\":\"https:\/\/glass-glass.com.mx\/vinos-y-licores\/tap-napoles\/\",\"url\":\"https:\/\/glass-glass.com.mx\/vinos-y-licores\/tap-napoles\/\",\"name\":\"TAP. N\u00c1POLES - Glass &amp; Glass\",\"isPartOf\":{\"@id\":\"https:\/\/glass-glass.com.mx\/#website\"},\"primaryImageOfPage\":{\"@id\":\"https:\/\/glass-glass.com.mx\/vinos-y-licores\/tap-napoles\/#primaryimage\"},\"image\":{\"@id\":\"https:\/\/glass-glass.com.mx\/vinos-y-licores\/tap-napoles\/#primaryimage\"},\"thumbnailUrl\":\"https:\/\/glass-glass.com.mx\/wp-content\/uploads\/2023\/10\/TAPLICNAPOLES01-1.jpg\",\"datePublished\":\"2023-10-20T16:32:23+00:00\",\"dateModified\":\"2023-11-07T01:25:54+00:00\",\"breadcrumb\":{\"@id\":\"https:\/\/glass-glass.com.mx\/vinos-y-licores\/tap-napoles\/#breadcrumb\"},\"inLanguage\":\"en-US\",\"potentialAction\":[{\"@type\":\"ReadAction\",\"target\":[\"https:\/\/glass-glass.com.mx\/vinos-y-licores\/tap-napoles\/\"]}]},{\"@type\":\"ImageObject\",\"inLanguage\":\"en-US\",\"@id\":\"https:\/\/glass-glass.com.mx\/vinos-y-licores\/tap-napoles\/#primaryimage\",\"url\":\"https:\/\/glass-glass.com.mx\/wp-content\/uploads\/2023\/10\/TAPLICNAPOLES01-1.jpg\",\"contentUrl\":\"https:\/\/glass-glass.com.mx\/wp-content\/uploads\/2023\/10\/TAPLICNAPOLES01-1.jpg\",\"width\":700,\"height\":700},{\"@type\":\"BreadcrumbList\",\"@id\":\"https:\/\/glass-glass.com.mx\/vinos-y-licores\/tap-napoles\/#breadcrumb\",\"itemListElement\":[{\"@type\":\"ListItem\",\"position\":1,\"name\":\"Inicio\",\"item\":\"https:\/\/glass-glass.com.mx\/\"},{\"@type\":\"ListItem\",\"position\":2,\"name\":\"Productos\",\"item\":\"https:\/\/glass-glass.com.mx\/productos\/\"},{\"@type\":\"ListItem\",\"position\":3,\"name\":\"TAP. N\u00c1POLES\"}]},{\"@type\":\"WebSite\",\"@id\":\"https:\/\/glass-glass.com.mx\/#website\",\"url\":\"https:\/\/glass-glass.com.mx\/\",\"name\":\"Glass &amp; Glass\",\"description\":\"360\u00b0 de pureza\",\"potentialAction\":[{\"@type\":\"SearchAction\",\"target\":{\"@type\":\"EntryPoint\",\"urlTemplate\":\"https:\/\/glass-glass.com.mx\/?s={search_term_string}\"},\"query-input\":{\"@type\":\"PropertyValueSpecification\",\"valueRequired\":true,\"valueName\":\"search_term_string\"}}],\"inLanguage\":\"en-US\"}]}<\/script>\n<!-- \/ Yoast SEO plugin. -->","yoast_head_json":{"title":"TAP. N\u00c1POLES - Glass &amp; Glass","robots":{"index":"index","follow":"follow","max-snippet":"max-snippet:-1","max-image-preview":"max-image-preview:large","max-video-preview":"max-video-preview:-1"},"canonical":"https:\/\/glass-glass.com.mx\/en\/vinos-y-licores\/tap-napoles\/","og_locale":"en_US","og_type":"article","og_title":"TAP. N\u00c1POLES - Glass &amp; Glass","og_description":"Sofisticado tap\u00f3n para licorera  Estilo: El tap\u00f3n con inserto N\u00e1poles para licorera, expresa una estilizada y sofisticada forma de gota. Mantiene en una l\u00ednea cl\u00e1sica,elegante y atemporal. Dise\u00f1ado para complementar a la licorera N\u00e1poles, mantiene la armon\u00eda y distinci\u00f3n para disfrutar de los destilados m\u00e1s finos.  Uso Ideal: La forma curvil\u00ednea del tap\u00f3n, mantiene cohesi\u00f3n con el dise\u00f1o est\u00e9tico de la licorera hom\u00f3nima. 100% cristalino, con un tap\u00f3n apto para inserto para la licorera N\u00e1poles, puede combinarse con otros modelos de la l\u00ednea de licoreras de Glass &amp; Glass. Su corona es 33-ESPECIAL que se adapta a la colecci\u00f3n de licoreras.  Caracter\u00edsticas Adicionales: Manteniendo un dise\u00f1o armonioso con la licorera N\u00e1poles, el tap\u00f3n tipo gota cuenta con la m\u00e1xima transparencia, obtenida por la formulaci\u00f3n exclusiva de vidrio de Glass &amp; Glass. Da un aspecto sofisticado por la carga de vidrio que tiene en su punta, en conjunci\u00f3n a su forma. Esta pieza permite la personalizaci\u00f3n con nuestras t\u00e9cnicas de decorado. Es 100% libre de plomo y reciclable adem\u00e1s de ser altamente resistente.  Maniobrabilidad: La entrega de un pedido de tapones N\u00e1poles es a granel por tarima lo que hace c\u00f3modo su almacenamiento, movilidad y distribuci\u00f3n.","og_url":"https:\/\/glass-glass.com.mx\/en\/vinos-y-licores\/tap-napoles\/","og_site_name":"Glass &amp; Glass","article_modified_time":"2023-11-07T01:25:54+00:00","og_image":[{"width":700,"height":700,"url":"https:\/\/glass-glass.com.mx\/wp-content\/uploads\/2023\/10\/TAPLICNAPOLES01-1.jpg","type":"image\/jpeg"}],"twitter_card":"summary_large_image","twitter_misc":{"Est. reading time":"1 minute"},"schema":{"@context":"https:\/\/schema.org","@graph":[{"@type":"WebPage","@id":"https:\/\/glass-glass.com.mx\/vinos-y-licores\/tap-napoles\/","url":"https:\/\/glass-glass.com.mx\/vinos-y-licores\/tap-napoles\/","name":"TAP. N\u00c1POLES - Glass &amp; Glass","isPartOf":{"@id":"https:\/\/glass-glass.com.mx\/#website"},"primaryImageOfPage":{"@id":"https:\/\/glass-glass.com.mx\/vinos-y-licores\/tap-napoles\/#primaryimage"},"image":{"@id":"https:\/\/glass-glass.com.mx\/vinos-y-licores\/tap-napoles\/#primaryimage"},"thumbnailUrl":"https:\/\/glass-glass.com.mx\/wp-content\/uploads\/2023\/10\/TAPLICNAPOLES01-1.jpg","datePublished":"2023-10-20T16:32:23+00:00","dateModified":"2023-11-07T01:25:54+00:00","breadcrumb":{"@id":"https:\/\/glass-glass.com.mx\/vinos-y-licores\/tap-napoles\/#breadcrumb"},"inLanguage":"en-US","potentialAction":[{"@type":"ReadAction","target":["https:\/\/glass-glass.com.mx\/vinos-y-licores\/tap-napoles\/"]}]},{"@type":"ImageObject","inLanguage":"en-US","@id":"https:\/\/glass-glass.com.mx\/vinos-y-licores\/tap-napoles\/#primaryimage","url":"https:\/\/glass-glass.com.mx\/wp-content\/uploads\/2023\/10\/TAPLICNAPOLES01-1.jpg","contentUrl":"https:\/\/glass-glass.com.mx\/wp-content\/uploads\/2023\/10\/TAPLICNAPOLES01-1.jpg","width":700,"height":700},{"@type":"BreadcrumbList","@id":"https:\/\/glass-glass.com.mx\/vinos-y-licores\/tap-napoles\/#breadcrumb","itemListElement":[{"@type":"ListItem","position":1,"name":"Inicio","item":"https:\/\/glass-glass.com.mx\/"},{"@type":"ListItem","position":2,"name":"Productos","item":"https:\/\/glass-glass.com.mx\/productos\/"},{"@type":"ListItem","position":3,"name":"TAP. N\u00c1POLES"}]},{"@type":"WebSite","@id":"https:\/\/glass-glass.com.mx\/#website","url":"https:\/\/glass-glass.com.mx\/","name":"Glass &amp; Glass","description":"360\u00b0 de pureza","potentialAction":[{"@type":"SearchAction","target":{"@type":"EntryPoint","urlTemplate":"https:\/\/glass-glass.com.mx\/?s={search_term_string}"},"query-input":{"@type":"PropertyValueSpecification","valueRequired":true,"valueName":"search_term_string"}}],"inLanguage":"en-US"}]}},"_links":{"self":[{"href":"https:\/\/glass-glass.com.mx\/en\/wp-json\/wp\/v2\/product\/17096","targetHints":{"allow":["GET"]}}],"collection":[{"href":"https:\/\/glass-glass.com.mx\/en\/wp-json\/wp\/v2\/product"}],"about":[{"href":"https:\/\/glass-glass.com.mx\/en\/wp-json\/wp\/v2\/types\/product"}],"version-history":[{"count":1,"href":"https:\/\/glass-glass.com.mx\/en\/wp-json\/wp\/v2\/product\/17096\/revisions"}],"predecessor-version":[{"id":17140,"href":"https:\/\/glass-glass.com.mx\/en\/wp-json\/wp\/v2\/product\/17096\/revisions\/17140"}],"wp:featuredmedia":[{"embeddable":true,"href":"https:\/\/glass-glass.com.mx\/en\/wp-json\/wp\/v2\/media\/17033"}],"wp:attachment":[{"href":"https:\/\/glass-glass.com.mx\/en\/wp-json\/wp\/v2\/media?parent=17096"}],"wp:term":[{"taxonomy":"product_brand","embeddable":true,"href":"https:\/\/glass-glass.com.mx\/en\/wp-json\/wp\/v2\/product_brand?post=17096"},{"taxonomy":"product_cat","embeddable":true,"href":"https:\/\/glass-glass.com.mx\/en\/wp-json\/wp\/v2\/product_cat?post=17096"},{"taxonomy":"product_tag","embeddable":true,"href":"https:\/\/glass-glass.com.mx\/en\/wp-json\/wp\/v2\/product_tag?post=17096"}],"curies":[{"name":"wp","href":"https:\/\/api.w.org\/{rel}","templated":true}]}}