{"id":17094,"date":"2023-10-20T10:32:23","date_gmt":"2023-10-20T16:32:23","guid":{"rendered":"https:\/\/glass-glass.com.mx\/sin%20categor\u00eda\/tap-genova\/"},"modified":"2023-11-06T19:38:33","modified_gmt":"2023-11-07T01:38:33","slug":"tap-genova","status":"publish","type":"product","link":"https:\/\/glass-glass.com.mx\/en\/vinos-y-licores\/tap-genova\/","title":{"rendered":"GENOA PLUG"},"content":{"rendered":"<p><img decoding=\"async\" class=\"alignnone size-full\" src=\"https:\/\/glass-glass.com.mx\/wp-content\/uploads\/2023\/10\/TAPLICGENOVA01-sketch.jpg\" \/><\/p>","protected":false},"excerpt":{"rendered":"<p>Elegant conical decanter plug.<\/p>\n<p><b>Style:<\/b> Clean, modern and crystalline. With a flat end on the top, comfortable to use and maneuver alongside its decanter partner.<\/p>\n<p><b>Ideal Use:<\/b> Recommended for the 750 ml Genoa, although it can be used with other models. Its 33-SPECIAL crown is adaptable and compatible with other Glass &amp; Glass decanters.<\/p>\n<p><b>Additional features:<\/b> Maximum transparency, endurance, resistance, 100% lead free and recyclable, as all other Glass &amp; Glass products. This piece allows for different customization through our different decoration techniques.<\/p>\n<p><b>Manageability:<\/b> Delivered in bulk, facilitating storage, mobility and distribution.<\/p>","protected":false},"featured_media":17032,"template":"","meta":{"_joinchat":[]},"product_brand":[],"product_cat":[161],"product_tag":[],"class_list":{"0":"post-17094","1":"product","2":"type-product","3":"status-publish","4":"has-post-thumbnail","6":"product_cat-vinos-y-licores","7":"pa_capacidad-ml-176","8":"pa_capacidad-onzas-2-19","10":"first","11":"instock","12":"shipping-taxable","13":"product-type-simple"},"yoast_head":"<!-- This site is optimized with the Yoast SEO plugin v23.6 - https:\/\/yoast.com\/wordpress\/plugins\/seo\/ -->\n<title>TAP. G\u00c9NOVA - Glass &amp; Glass<\/title>\n<meta name=\"robots\" content=\"index, follow, max-snippet:-1, max-image-preview:large, max-video-preview:-1\" \/>\n<link rel=\"canonical\" href=\"https:\/\/glass-glass.com.mx\/en\/vinos-y-licores\/tap-genova\/\" \/>\n<meta property=\"og:locale\" content=\"en_US\" \/>\n<meta property=\"og:type\" content=\"article\" \/>\n<meta property=\"og:title\" content=\"TAP. G\u00c9NOVA - Glass &amp; Glass\" \/>\n<meta property=\"og:description\" content=\"Elegante tap\u00f3n c\u00f3nico para licorera  Estilo: El tap\u00f3n G\u00e9nova para licorera tiene una forma c\u00f3nica: cristalina, limpia y moderna. Con una terminaci\u00f3n plana en su parte superior, es c\u00f3moda para abrir y maniobrar la licorera, adem\u00e1s de poder sostenerse boca arriba mientras se sirve y prepara bebida.  Uso Ideal: Se recomienda para complementar la licorera de 750 ml G\u00e9nova aunque puede combinarse con otros modelos. Su corona es 33-ESPECIAL que se adapta a la colecci\u00f3n de licoreras de Glass &amp; Glass.  Caracter\u00edsticas Adicionales: Manteniendo un dise\u00f1o armonioso con la licorera G\u00e9nova, el tap\u00f3n c\u00f3nico cuenta con la m\u00e1xima transparencia, obtenida por la formulaci\u00f3n exclusiva de vidrio de Glass &amp; Glass. Da un aspecto sofisticado, es 100% libre de plomo y reciclable adem\u00e1s de ser altamente resistente. Esta pieza permite la personalizaci\u00f3n con nuestras t\u00e9cnicas de decorado.  Maniobrabilidad: La entrega de un pedido de tapones G\u00e9nova es a granel por tarima lo que hace c\u00f3modo su almacenamiento, movilidad y distribuci\u00f3n.\" \/>\n<meta property=\"og:url\" content=\"https:\/\/glass-glass.com.mx\/en\/vinos-y-licores\/tap-genova\/\" \/>\n<meta property=\"og:site_name\" content=\"Glass &amp; Glass\" \/>\n<meta property=\"article:modified_time\" content=\"2023-11-07T01:38:33+00:00\" \/>\n<meta property=\"og:image\" content=\"https:\/\/glass-glass.com.mx\/wp-content\/uploads\/2023\/10\/TAPLICGENOVA01-1.jpg\" \/>\n\t<meta property=\"og:image:width\" content=\"700\" \/>\n\t<meta property=\"og:image:height\" content=\"700\" \/>\n\t<meta property=\"og:image:type\" content=\"image\/jpeg\" \/>\n<meta name=\"twitter:card\" content=\"summary_large_image\" \/>\n<meta name=\"twitter:label1\" content=\"Est. reading time\" \/>\n\t<meta name=\"twitter:data1\" content=\"1 minute\" \/>\n<script type=\"application\/ld+json\" class=\"yoast-schema-graph\">{\"@context\":\"https:\/\/schema.org\",\"@graph\":[{\"@type\":\"WebPage\",\"@id\":\"https:\/\/glass-glass.com.mx\/vinos-y-licores\/tap-genova\/\",\"url\":\"https:\/\/glass-glass.com.mx\/vinos-y-licores\/tap-genova\/\",\"name\":\"TAP. G\u00c9NOVA - Glass &amp; Glass\",\"isPartOf\":{\"@id\":\"https:\/\/glass-glass.com.mx\/#website\"},\"primaryImageOfPage\":{\"@id\":\"https:\/\/glass-glass.com.mx\/vinos-y-licores\/tap-genova\/#primaryimage\"},\"image\":{\"@id\":\"https:\/\/glass-glass.com.mx\/vinos-y-licores\/tap-genova\/#primaryimage\"},\"thumbnailUrl\":\"https:\/\/glass-glass.com.mx\/wp-content\/uploads\/2023\/10\/TAPLICGENOVA01-1.jpg\",\"datePublished\":\"2023-10-20T16:32:23+00:00\",\"dateModified\":\"2023-11-07T01:38:33+00:00\",\"breadcrumb\":{\"@id\":\"https:\/\/glass-glass.com.mx\/vinos-y-licores\/tap-genova\/#breadcrumb\"},\"inLanguage\":\"en-US\",\"potentialAction\":[{\"@type\":\"ReadAction\",\"target\":[\"https:\/\/glass-glass.com.mx\/vinos-y-licores\/tap-genova\/\"]}]},{\"@type\":\"ImageObject\",\"inLanguage\":\"en-US\",\"@id\":\"https:\/\/glass-glass.com.mx\/vinos-y-licores\/tap-genova\/#primaryimage\",\"url\":\"https:\/\/glass-glass.com.mx\/wp-content\/uploads\/2023\/10\/TAPLICGENOVA01-1.jpg\",\"contentUrl\":\"https:\/\/glass-glass.com.mx\/wp-content\/uploads\/2023\/10\/TAPLICGENOVA01-1.jpg\",\"width\":700,\"height\":700},{\"@type\":\"BreadcrumbList\",\"@id\":\"https:\/\/glass-glass.com.mx\/vinos-y-licores\/tap-genova\/#breadcrumb\",\"itemListElement\":[{\"@type\":\"ListItem\",\"position\":1,\"name\":\"Inicio\",\"item\":\"https:\/\/glass-glass.com.mx\/\"},{\"@type\":\"ListItem\",\"position\":2,\"name\":\"Productos\",\"item\":\"https:\/\/glass-glass.com.mx\/productos\/\"},{\"@type\":\"ListItem\",\"position\":3,\"name\":\"TAP. G\u00c9NOVA\"}]},{\"@type\":\"WebSite\",\"@id\":\"https:\/\/glass-glass.com.mx\/#website\",\"url\":\"https:\/\/glass-glass.com.mx\/\",\"name\":\"Glass &amp; Glass\",\"description\":\"360\u00b0 de pureza\",\"potentialAction\":[{\"@type\":\"SearchAction\",\"target\":{\"@type\":\"EntryPoint\",\"urlTemplate\":\"https:\/\/glass-glass.com.mx\/?s={search_term_string}\"},\"query-input\":{\"@type\":\"PropertyValueSpecification\",\"valueRequired\":true,\"valueName\":\"search_term_string\"}}],\"inLanguage\":\"en-US\"}]}<\/script>\n<!-- \/ Yoast SEO plugin. -->","yoast_head_json":{"title":"TAP. G\u00c9NOVA - Glass &amp; Glass","robots":{"index":"index","follow":"follow","max-snippet":"max-snippet:-1","max-image-preview":"max-image-preview:large","max-video-preview":"max-video-preview:-1"},"canonical":"https:\/\/glass-glass.com.mx\/en\/vinos-y-licores\/tap-genova\/","og_locale":"en_US","og_type":"article","og_title":"TAP. G\u00c9NOVA - Glass &amp; Glass","og_description":"Elegante tap\u00f3n c\u00f3nico para licorera  Estilo: El tap\u00f3n G\u00e9nova para licorera tiene una forma c\u00f3nica: cristalina, limpia y moderna. Con una terminaci\u00f3n plana en su parte superior, es c\u00f3moda para abrir y maniobrar la licorera, adem\u00e1s de poder sostenerse boca arriba mientras se sirve y prepara bebida.  Uso Ideal: Se recomienda para complementar la licorera de 750 ml G\u00e9nova aunque puede combinarse con otros modelos. Su corona es 33-ESPECIAL que se adapta a la colecci\u00f3n de licoreras de Glass &amp; Glass.  Caracter\u00edsticas Adicionales: Manteniendo un dise\u00f1o armonioso con la licorera G\u00e9nova, el tap\u00f3n c\u00f3nico cuenta con la m\u00e1xima transparencia, obtenida por la formulaci\u00f3n exclusiva de vidrio de Glass &amp; Glass. Da un aspecto sofisticado, es 100% libre de plomo y reciclable adem\u00e1s de ser altamente resistente. Esta pieza permite la personalizaci\u00f3n con nuestras t\u00e9cnicas de decorado.  Maniobrabilidad: La entrega de un pedido de tapones G\u00e9nova es a granel por tarima lo que hace c\u00f3modo su almacenamiento, movilidad y distribuci\u00f3n.","og_url":"https:\/\/glass-glass.com.mx\/en\/vinos-y-licores\/tap-genova\/","og_site_name":"Glass &amp; Glass","article_modified_time":"2023-11-07T01:38:33+00:00","og_image":[{"width":700,"height":700,"url":"https:\/\/glass-glass.com.mx\/wp-content\/uploads\/2023\/10\/TAPLICGENOVA01-1.jpg","type":"image\/jpeg"}],"twitter_card":"summary_large_image","twitter_misc":{"Est. reading time":"1 minute"},"schema":{"@context":"https:\/\/schema.org","@graph":[{"@type":"WebPage","@id":"https:\/\/glass-glass.com.mx\/vinos-y-licores\/tap-genova\/","url":"https:\/\/glass-glass.com.mx\/vinos-y-licores\/tap-genova\/","name":"TAP. G\u00c9NOVA - Glass &amp; Glass","isPartOf":{"@id":"https:\/\/glass-glass.com.mx\/#website"},"primaryImageOfPage":{"@id":"https:\/\/glass-glass.com.mx\/vinos-y-licores\/tap-genova\/#primaryimage"},"image":{"@id":"https:\/\/glass-glass.com.mx\/vinos-y-licores\/tap-genova\/#primaryimage"},"thumbnailUrl":"https:\/\/glass-glass.com.mx\/wp-content\/uploads\/2023\/10\/TAPLICGENOVA01-1.jpg","datePublished":"2023-10-20T16:32:23+00:00","dateModified":"2023-11-07T01:38:33+00:00","breadcrumb":{"@id":"https:\/\/glass-glass.com.mx\/vinos-y-licores\/tap-genova\/#breadcrumb"},"inLanguage":"en-US","potentialAction":[{"@type":"ReadAction","target":["https:\/\/glass-glass.com.mx\/vinos-y-licores\/tap-genova\/"]}]},{"@type":"ImageObject","inLanguage":"en-US","@id":"https:\/\/glass-glass.com.mx\/vinos-y-licores\/tap-genova\/#primaryimage","url":"https:\/\/glass-glass.com.mx\/wp-content\/uploads\/2023\/10\/TAPLICGENOVA01-1.jpg","contentUrl":"https:\/\/glass-glass.com.mx\/wp-content\/uploads\/2023\/10\/TAPLICGENOVA01-1.jpg","width":700,"height":700},{"@type":"BreadcrumbList","@id":"https:\/\/glass-glass.com.mx\/vinos-y-licores\/tap-genova\/#breadcrumb","itemListElement":[{"@type":"ListItem","position":1,"name":"Inicio","item":"https:\/\/glass-glass.com.mx\/"},{"@type":"ListItem","position":2,"name":"Productos","item":"https:\/\/glass-glass.com.mx\/productos\/"},{"@type":"ListItem","position":3,"name":"TAP. G\u00c9NOVA"}]},{"@type":"WebSite","@id":"https:\/\/glass-glass.com.mx\/#website","url":"https:\/\/glass-glass.com.mx\/","name":"Glass &amp; Glass","description":"360\u00b0 de pureza","potentialAction":[{"@type":"SearchAction","target":{"@type":"EntryPoint","urlTemplate":"https:\/\/glass-glass.com.mx\/?s={search_term_string}"},"query-input":{"@type":"PropertyValueSpecification","valueRequired":true,"valueName":"search_term_string"}}],"inLanguage":"en-US"}]}},"_links":{"self":[{"href":"https:\/\/glass-glass.com.mx\/en\/wp-json\/wp\/v2\/product\/17094","targetHints":{"allow":["GET"]}}],"collection":[{"href":"https:\/\/glass-glass.com.mx\/en\/wp-json\/wp\/v2\/product"}],"about":[{"href":"https:\/\/glass-glass.com.mx\/en\/wp-json\/wp\/v2\/types\/product"}],"version-history":[{"count":1,"href":"https:\/\/glass-glass.com.mx\/en\/wp-json\/wp\/v2\/product\/17094\/revisions"}],"predecessor-version":[{"id":17148,"href":"https:\/\/glass-glass.com.mx\/en\/wp-json\/wp\/v2\/product\/17094\/revisions\/17148"}],"wp:featuredmedia":[{"embeddable":true,"href":"https:\/\/glass-glass.com.mx\/en\/wp-json\/wp\/v2\/media\/17032"}],"wp:attachment":[{"href":"https:\/\/glass-glass.com.mx\/en\/wp-json\/wp\/v2\/media?parent=17094"}],"wp:term":[{"taxonomy":"product_brand","embeddable":true,"href":"https:\/\/glass-glass.com.mx\/en\/wp-json\/wp\/v2\/product_brand?post=17094"},{"taxonomy":"product_cat","embeddable":true,"href":"https:\/\/glass-glass.com.mx\/en\/wp-json\/wp\/v2\/product_cat?post=17094"},{"taxonomy":"product_tag","embeddable":true,"href":"https:\/\/glass-glass.com.mx\/en\/wp-json\/wp\/v2\/product_tag?post=17094"}],"curies":[{"name":"wp","href":"https:\/\/api.w.org\/{rel}","templated":true}]}}