{"id":17092,"date":"2023-10-20T10:32:23","date_gmt":"2023-10-20T16:32:23","guid":{"rendered":"https:\/\/glass-glass.com.mx\/sin%20categor\u00eda\/licorera-milan\/"},"modified":"2023-11-07T22:32:29","modified_gmt":"2023-11-08T04:32:29","slug":"licorera-milan","status":"publish","type":"product","link":"https:\/\/glass-glass.com.mx\/en\/vinos-y-licores\/licorera-milan\/","title":{"rendered":"MILAN DECANTER"},"content":{"rendered":"<p><img decoding=\"async\" class=\"alignnone size-full\" src=\"https:\/\/glass-glass.com.mx\/wp-content\/uploads\/2023\/10\/LIC0002-sketch.jpg\" \/><\/p>","protected":false},"excerpt":{"rendered":"<p>Classic faceted decanter<\/p>\n<p><b>Style:<\/b> This classic totally crystalline decanter with numerous faceted angles is the result of a prolonged search for maximum sophistication and elegance. The Milan counts a bulky glass footing which adds onto its already captivating look and handling experience.<\/p>\n<p><b>Ideal Use:<\/b> Compatible with auto-filling devices. Highly recommended for the bottling of distillates and liquors such as tequila, mezcal, whiskey, ginebra, rum, among others. It has a 44-SPECIAL crown\/topping apt for corks made out of any material, glass or plastic (our very own glass plug is highly recommended).<\/p>\n<p><b>Additional features:<\/b> It smooth surface allows for an easy labeling and\/or decorating process. 100% lead free and recyclable. Thanks to our exclusive formula, transparency, resistance and endurance are guaranteed.<\/p>\n<p><b>Manageability:<\/b> Delivered in pallets with up to 1,200 pieces, packed in cardboard boxes with 6 pieces each, which ensures its protection, easy storage, mobility and distribution.<\/p>","protected":false},"featured_media":17029,"template":"","meta":{"_joinchat":[]},"product_brand":[],"product_cat":[161],"product_tag":[],"class_list":{"0":"post-17092","1":"product","2":"type-product","3":"status-publish","4":"has-post-thumbnail","6":"product_cat-vinos-y-licores","7":"pa_capacidad-ml-165","8":"pa_capacidad-onzas-25-36","10":"first","11":"instock","12":"shipping-taxable","13":"product-type-simple"},"yoast_head":"<!-- This site is optimized with the Yoast SEO plugin v23.6 - https:\/\/yoast.com\/wordpress\/plugins\/seo\/ -->\n<title>LICORERA MIL\u00c1N - Glass &amp; Glass<\/title>\n<meta name=\"robots\" content=\"index, follow, max-snippet:-1, max-image-preview:large, max-video-preview:-1\" \/>\n<link rel=\"canonical\" href=\"https:\/\/glass-glass.com.mx\/en\/vinos-y-licores\/licorera-milan\/\" \/>\n<meta property=\"og:locale\" content=\"en_US\" \/>\n<meta property=\"og:type\" content=\"article\" \/>\n<meta property=\"og:title\" content=\"LICORERA MIL\u00c1N - Glass &amp; Glass\" \/>\n<meta property=\"og:description\" content=\"Licorera cl\u00e1sica facetada  Estilo: En vidrio totalmente cristalino, se dibuja una licorera de corte cl\u00e1sico. Con varias caras facetadas, la licorera Mil\u00e1n es el resultado de una larga exploraci\u00f3n buscando la m\u00e1xima sofisticaci\u00f3n y elegancia. La licorera Mil\u00e1n tiene una recarga de vidrio en su base, que agrega vista y da un peso agradable y robusto para complementar la experiencia.  Uso Ideal: La licorera Mil\u00e1n tiene capacidad para 750 ml. Es compatible para l\u00edneas de llenado autom\u00e1tico. Recomendada para envasar destilados y licores como tequila, mezcal, whiskey, ginebra, ron, entre otros. No altera los sabores y conserva la frescura, aromas y sabores de las bebidas. Es una excelente opci\u00f3n para ediciones especiales, conmemorativas o exclusivas. Tiene una corona 44- ESPECIAL y es apta para tapas de todos los materiales como pl\u00e1stico, metal y vidrio, aunque lo m\u00e1s recomendable es continuar la alta sofisticaci\u00f3n con un tap\u00f3n de vidrio Glass &amp; Glass.  Caracter\u00edsticas Adicionales: Tiene una superficie plana ideal para la colocaci\u00f3n de etiquetas o decorado por impresi\u00f3n serigr\u00e1fica. 100% libre de plomo y reciclable. Cuenta con la m\u00e1xima cristalinidad, obtenida por la formulaci\u00f3n exclusiva de vidrio de Glass &amp; Glass, adem\u00e1s de ser altamente resistente.  Maniobrabilidad: La entrega de licoreras Mil\u00e1n de Glass &amp; Glass es por tarima de 1,200 piezas, empacadas en cajas de cart\u00f3n con 6 piezas, lo que asegura su protecci\u00f3n, f\u00e1cil almacenamiento, movilidad y distribuci\u00f3n.\" \/>\n<meta property=\"og:url\" content=\"https:\/\/glass-glass.com.mx\/en\/vinos-y-licores\/licorera-milan\/\" \/>\n<meta property=\"og:site_name\" content=\"Glass &amp; Glass\" \/>\n<meta property=\"article:modified_time\" content=\"2023-11-08T04:32:29+00:00\" \/>\n<meta property=\"og:image\" content=\"https:\/\/glass-glass.com.mx\/wp-content\/uploads\/2023\/10\/LIC0002-1.jpg\" \/>\n\t<meta property=\"og:image:width\" content=\"700\" \/>\n\t<meta property=\"og:image:height\" content=\"700\" \/>\n\t<meta property=\"og:image:type\" content=\"image\/jpeg\" \/>\n<meta name=\"twitter:card\" content=\"summary_large_image\" \/>\n<meta name=\"twitter:label1\" content=\"Est. reading time\" \/>\n\t<meta name=\"twitter:data1\" content=\"1 minute\" \/>\n<script type=\"application\/ld+json\" class=\"yoast-schema-graph\">{\"@context\":\"https:\/\/schema.org\",\"@graph\":[{\"@type\":\"WebPage\",\"@id\":\"https:\/\/glass-glass.com.mx\/vinos-y-licores\/licorera-milan\/\",\"url\":\"https:\/\/glass-glass.com.mx\/vinos-y-licores\/licorera-milan\/\",\"name\":\"LICORERA MIL\u00c1N - Glass &amp; Glass\",\"isPartOf\":{\"@id\":\"https:\/\/glass-glass.com.mx\/#website\"},\"primaryImageOfPage\":{\"@id\":\"https:\/\/glass-glass.com.mx\/vinos-y-licores\/licorera-milan\/#primaryimage\"},\"image\":{\"@id\":\"https:\/\/glass-glass.com.mx\/vinos-y-licores\/licorera-milan\/#primaryimage\"},\"thumbnailUrl\":\"https:\/\/glass-glass.com.mx\/wp-content\/uploads\/2023\/10\/LIC0002-1.jpg\",\"datePublished\":\"2023-10-20T16:32:23+00:00\",\"dateModified\":\"2023-11-08T04:32:29+00:00\",\"breadcrumb\":{\"@id\":\"https:\/\/glass-glass.com.mx\/vinos-y-licores\/licorera-milan\/#breadcrumb\"},\"inLanguage\":\"en-US\",\"potentialAction\":[{\"@type\":\"ReadAction\",\"target\":[\"https:\/\/glass-glass.com.mx\/vinos-y-licores\/licorera-milan\/\"]}]},{\"@type\":\"ImageObject\",\"inLanguage\":\"en-US\",\"@id\":\"https:\/\/glass-glass.com.mx\/vinos-y-licores\/licorera-milan\/#primaryimage\",\"url\":\"https:\/\/glass-glass.com.mx\/wp-content\/uploads\/2023\/10\/LIC0002-1.jpg\",\"contentUrl\":\"https:\/\/glass-glass.com.mx\/wp-content\/uploads\/2023\/10\/LIC0002-1.jpg\",\"width\":700,\"height\":700,\"caption\":\"BOTELLA DE VINO MIL\u00c1N\"},{\"@type\":\"BreadcrumbList\",\"@id\":\"https:\/\/glass-glass.com.mx\/vinos-y-licores\/licorera-milan\/#breadcrumb\",\"itemListElement\":[{\"@type\":\"ListItem\",\"position\":1,\"name\":\"Inicio\",\"item\":\"https:\/\/glass-glass.com.mx\/\"},{\"@type\":\"ListItem\",\"position\":2,\"name\":\"Productos\",\"item\":\"https:\/\/glass-glass.com.mx\/productos\/\"},{\"@type\":\"ListItem\",\"position\":3,\"name\":\"LICORERA MIL\u00c1N\"}]},{\"@type\":\"WebSite\",\"@id\":\"https:\/\/glass-glass.com.mx\/#website\",\"url\":\"https:\/\/glass-glass.com.mx\/\",\"name\":\"Glass &amp; Glass\",\"description\":\"360\u00b0 de pureza\",\"potentialAction\":[{\"@type\":\"SearchAction\",\"target\":{\"@type\":\"EntryPoint\",\"urlTemplate\":\"https:\/\/glass-glass.com.mx\/?s={search_term_string}\"},\"query-input\":{\"@type\":\"PropertyValueSpecification\",\"valueRequired\":true,\"valueName\":\"search_term_string\"}}],\"inLanguage\":\"en-US\"}]}<\/script>\n<!-- \/ Yoast SEO plugin. -->","yoast_head_json":{"title":"LICORERA MIL\u00c1N - Glass &amp; Glass","robots":{"index":"index","follow":"follow","max-snippet":"max-snippet:-1","max-image-preview":"max-image-preview:large","max-video-preview":"max-video-preview:-1"},"canonical":"https:\/\/glass-glass.com.mx\/en\/vinos-y-licores\/licorera-milan\/","og_locale":"en_US","og_type":"article","og_title":"LICORERA MIL\u00c1N - Glass &amp; Glass","og_description":"Licorera cl\u00e1sica facetada  Estilo: En vidrio totalmente cristalino, se dibuja una licorera de corte cl\u00e1sico. Con varias caras facetadas, la licorera Mil\u00e1n es el resultado de una larga exploraci\u00f3n buscando la m\u00e1xima sofisticaci\u00f3n y elegancia. La licorera Mil\u00e1n tiene una recarga de vidrio en su base, que agrega vista y da un peso agradable y robusto para complementar la experiencia.  Uso Ideal: La licorera Mil\u00e1n tiene capacidad para 750 ml. Es compatible para l\u00edneas de llenado autom\u00e1tico. Recomendada para envasar destilados y licores como tequila, mezcal, whiskey, ginebra, ron, entre otros. No altera los sabores y conserva la frescura, aromas y sabores de las bebidas. Es una excelente opci\u00f3n para ediciones especiales, conmemorativas o exclusivas. Tiene una corona 44- ESPECIAL y es apta para tapas de todos los materiales como pl\u00e1stico, metal y vidrio, aunque lo m\u00e1s recomendable es continuar la alta sofisticaci\u00f3n con un tap\u00f3n de vidrio Glass &amp; Glass.  Caracter\u00edsticas Adicionales: Tiene una superficie plana ideal para la colocaci\u00f3n de etiquetas o decorado por impresi\u00f3n serigr\u00e1fica. 100% libre de plomo y reciclable. Cuenta con la m\u00e1xima cristalinidad, obtenida por la formulaci\u00f3n exclusiva de vidrio de Glass &amp; Glass, adem\u00e1s de ser altamente resistente.  Maniobrabilidad: La entrega de licoreras Mil\u00e1n de Glass &amp; Glass es por tarima de 1,200 piezas, empacadas en cajas de cart\u00f3n con 6 piezas, lo que asegura su protecci\u00f3n, f\u00e1cil almacenamiento, movilidad y distribuci\u00f3n.","og_url":"https:\/\/glass-glass.com.mx\/en\/vinos-y-licores\/licorera-milan\/","og_site_name":"Glass &amp; Glass","article_modified_time":"2023-11-08T04:32:29+00:00","og_image":[{"width":700,"height":700,"url":"https:\/\/glass-glass.com.mx\/wp-content\/uploads\/2023\/10\/LIC0002-1.jpg","type":"image\/jpeg"}],"twitter_card":"summary_large_image","twitter_misc":{"Est. reading time":"1 minute"},"schema":{"@context":"https:\/\/schema.org","@graph":[{"@type":"WebPage","@id":"https:\/\/glass-glass.com.mx\/vinos-y-licores\/licorera-milan\/","url":"https:\/\/glass-glass.com.mx\/vinos-y-licores\/licorera-milan\/","name":"LICORERA MIL\u00c1N - Glass &amp; Glass","isPartOf":{"@id":"https:\/\/glass-glass.com.mx\/#website"},"primaryImageOfPage":{"@id":"https:\/\/glass-glass.com.mx\/vinos-y-licores\/licorera-milan\/#primaryimage"},"image":{"@id":"https:\/\/glass-glass.com.mx\/vinos-y-licores\/licorera-milan\/#primaryimage"},"thumbnailUrl":"https:\/\/glass-glass.com.mx\/wp-content\/uploads\/2023\/10\/LIC0002-1.jpg","datePublished":"2023-10-20T16:32:23+00:00","dateModified":"2023-11-08T04:32:29+00:00","breadcrumb":{"@id":"https:\/\/glass-glass.com.mx\/vinos-y-licores\/licorera-milan\/#breadcrumb"},"inLanguage":"en-US","potentialAction":[{"@type":"ReadAction","target":["https:\/\/glass-glass.com.mx\/vinos-y-licores\/licorera-milan\/"]}]},{"@type":"ImageObject","inLanguage":"en-US","@id":"https:\/\/glass-glass.com.mx\/vinos-y-licores\/licorera-milan\/#primaryimage","url":"https:\/\/glass-glass.com.mx\/wp-content\/uploads\/2023\/10\/LIC0002-1.jpg","contentUrl":"https:\/\/glass-glass.com.mx\/wp-content\/uploads\/2023\/10\/LIC0002-1.jpg","width":700,"height":700,"caption":"BOTELLA DE VINO MIL\u00c1N"},{"@type":"BreadcrumbList","@id":"https:\/\/glass-glass.com.mx\/vinos-y-licores\/licorera-milan\/#breadcrumb","itemListElement":[{"@type":"ListItem","position":1,"name":"Inicio","item":"https:\/\/glass-glass.com.mx\/"},{"@type":"ListItem","position":2,"name":"Productos","item":"https:\/\/glass-glass.com.mx\/productos\/"},{"@type":"ListItem","position":3,"name":"LICORERA MIL\u00c1N"}]},{"@type":"WebSite","@id":"https:\/\/glass-glass.com.mx\/#website","url":"https:\/\/glass-glass.com.mx\/","name":"Glass &amp; Glass","description":"360\u00b0 de pureza","potentialAction":[{"@type":"SearchAction","target":{"@type":"EntryPoint","urlTemplate":"https:\/\/glass-glass.com.mx\/?s={search_term_string}"},"query-input":{"@type":"PropertyValueSpecification","valueRequired":true,"valueName":"search_term_string"}}],"inLanguage":"en-US"}]}},"_links":{"self":[{"href":"https:\/\/glass-glass.com.mx\/en\/wp-json\/wp\/v2\/product\/17092","targetHints":{"allow":["GET"]}}],"collection":[{"href":"https:\/\/glass-glass.com.mx\/en\/wp-json\/wp\/v2\/product"}],"about":[{"href":"https:\/\/glass-glass.com.mx\/en\/wp-json\/wp\/v2\/types\/product"}],"version-history":[{"count":1,"href":"https:\/\/glass-glass.com.mx\/en\/wp-json\/wp\/v2\/product\/17092\/revisions"}],"predecessor-version":[{"id":17167,"href":"https:\/\/glass-glass.com.mx\/en\/wp-json\/wp\/v2\/product\/17092\/revisions\/17167"}],"wp:featuredmedia":[{"embeddable":true,"href":"https:\/\/glass-glass.com.mx\/en\/wp-json\/wp\/v2\/media\/17029"}],"wp:attachment":[{"href":"https:\/\/glass-glass.com.mx\/en\/wp-json\/wp\/v2\/media?parent=17092"}],"wp:term":[{"taxonomy":"product_brand","embeddable":true,"href":"https:\/\/glass-glass.com.mx\/en\/wp-json\/wp\/v2\/product_brand?post=17092"},{"taxonomy":"product_cat","embeddable":true,"href":"https:\/\/glass-glass.com.mx\/en\/wp-json\/wp\/v2\/product_cat?post=17092"},{"taxonomy":"product_tag","embeddable":true,"href":"https:\/\/glass-glass.com.mx\/en\/wp-json\/wp\/v2\/product_tag?post=17092"}],"curies":[{"name":"wp","href":"https:\/\/api.w.org\/{rel}","templated":true}]}}