{"id":17091,"date":"2023-10-20T10:32:23","date_gmt":"2023-10-20T16:32:23","guid":{"rendered":"https:\/\/glass-glass.com.mx\/sin%20categor\u00eda\/licorera-genova\/"},"modified":"2023-11-07T22:41:03","modified_gmt":"2023-11-08T04:41:03","slug":"licorera-genova","status":"publish","type":"product","link":"https:\/\/glass-glass.com.mx\/en\/vinos-y-licores\/licorera-genova\/","title":{"rendered":"GENOA DECANTER"},"content":{"rendered":"<p><img decoding=\"async\" class=\"alignnone size-full\" src=\"https:\/\/glass-glass.com.mx\/wp-content\/uploads\/2023\/10\/LIC0001-sketch.jpg\" \/><\/p>","protected":false},"excerpt":{"rendered":"<p>Modern decanter.<\/p>\n<p><b>Style:<\/b> This modern, sober and stylish decanter is shaped out of immaculate crystalline glass. Its cylindrical line throughout the main body harmoniously contrasts with its conical shoulder and short neck, which allow for the display of its contents.<\/p>\n<p><b>Ideal Use:<\/b> Compatible with auto-filling devices. A great choice for the display of special edition beverages like, tequila, mezcal, whiskey, gin, rum amongst others. It has a 44-SPECIAL crown\/topping apt for corks made out of any material, glass or plastic (our very own glass plug is highly recommended).<\/p>\n<p><b>Additional features:<\/b> 100% lead free and recyclable. Our exclusive Glass &amp; Glass formula guarantees crystallinity, resistance and endurance. Its bulky glass footing enhances its look even more. It also offers a smooth surface, which facilitates labeling and decorating via serigraphy.<\/p>\n<p><b>Manageability:<\/b> Delivered in pallets with 768 pieces each, packed in cardboard boxes with 6 pieces each, ensuring easy storing, mobility and distribution processes.<\/p>","protected":false},"featured_media":17028,"template":"","meta":{"_joinchat":[]},"product_brand":[],"product_cat":[161],"product_tag":[],"class_list":{"0":"post-17091","1":"product","2":"type-product","3":"status-publish","4":"has-post-thumbnail","6":"product_cat-vinos-y-licores","7":"pa_capacidad-ml-165","8":"pa_capacidad-onzas-25-36","10":"first","11":"instock","12":"shipping-taxable","13":"product-type-simple"},"yoast_head":"<!-- This site is optimized with the Yoast SEO plugin v23.6 - https:\/\/yoast.com\/wordpress\/plugins\/seo\/ -->\n<title>LICORERA G\u00c9NOVA - Glass &amp; Glass<\/title>\n<meta name=\"robots\" content=\"index, follow, max-snippet:-1, max-image-preview:large, max-video-preview:-1\" \/>\n<link rel=\"canonical\" href=\"https:\/\/glass-glass.com.mx\/en\/vinos-y-licores\/licorera-genova\/\" \/>\n<meta property=\"og:locale\" content=\"en_US\" \/>\n<meta property=\"og:type\" content=\"article\" \/>\n<meta property=\"og:title\" content=\"LICORERA G\u00c9NOVA - Glass &amp; Glass\" \/>\n<meta property=\"og:description\" content=\"Licorera moderna  Estilo: En vidrio totalmente cristalino, se dibuja una licorera moderna, sobria y estilizada. La licorera G\u00e9nova presenta una l\u00ednea elegante, sencilla y atemporal. Su trazo cil\u00edndrico en el cuerpo, se contrasta con un hombro c\u00f3nico y un cuello corto que permite lucir al destilado que guarda en ella.  Uso Ideal: La licorera G\u00e9nova tiene capacidad para 750 ml. Es compatible para l\u00edneas de llenado autom\u00e1tico. Es una excelente opci\u00f3n para ediciones especiales, conmemorativas o exclusivas. Recomendada para envasar destilados y licores como tequila, mezcal, whiskey, ginebra, ron, entre otros. Tiene una corona 44- ESPECIAL y es apta para corchos de todos los materiales como pl\u00e1stico y vidrio, aunque lo m\u00e1s recomendado es continuar la alta sofisticaci\u00f3n con un tap\u00f3n de vidrio Glass &amp; Glass.  Caracter\u00edsticas Adicionales: 100% libre de plomo y reciclable. Cuenta con la m\u00e1xima cristalinidad, obtenida por la formulaci\u00f3n exclusiva de vidrio de Glass &amp; Glass, adem\u00e1s de ser altamente resistente. La licorera G\u00e9nova tiene una recarga de vidrio en su base, que agrega vista y da un peso agradable y robusto para complementar la experiencia. Tiene una superficie lisa ideal para decorado con serigrafia o la colocaci\u00f3n de etiquetas.  Maniobrabilidad: La entrega de licoreras G\u00e9nova de Glass &amp; Glass es por tarima de 768 piezas, empacadas en cajas de cart\u00f3n con 6 piezas, lo que asegura su protecci\u00f3n, f\u00e1cil almacenamiento, movilidad y distribuci\u00f3n.\" \/>\n<meta property=\"og:url\" content=\"https:\/\/glass-glass.com.mx\/en\/vinos-y-licores\/licorera-genova\/\" \/>\n<meta property=\"og:site_name\" content=\"Glass &amp; Glass\" \/>\n<meta property=\"article:modified_time\" content=\"2023-11-08T04:41:03+00:00\" \/>\n<meta property=\"og:image\" content=\"https:\/\/glass-glass.com.mx\/wp-content\/uploads\/2023\/10\/LIC0001-1.jpg\" \/>\n\t<meta property=\"og:image:width\" content=\"700\" \/>\n\t<meta property=\"og:image:height\" content=\"700\" \/>\n\t<meta property=\"og:image:type\" content=\"image\/jpeg\" \/>\n<meta name=\"twitter:card\" content=\"summary_large_image\" \/>\n<meta name=\"twitter:label1\" content=\"Est. reading time\" \/>\n\t<meta name=\"twitter:data1\" content=\"1 minute\" \/>\n<script type=\"application\/ld+json\" class=\"yoast-schema-graph\">{\"@context\":\"https:\/\/schema.org\",\"@graph\":[{\"@type\":\"WebPage\",\"@id\":\"https:\/\/glass-glass.com.mx\/vinos-y-licores\/licorera-genova\/\",\"url\":\"https:\/\/glass-glass.com.mx\/vinos-y-licores\/licorera-genova\/\",\"name\":\"LICORERA G\u00c9NOVA - Glass &amp; Glass\",\"isPartOf\":{\"@id\":\"https:\/\/glass-glass.com.mx\/#website\"},\"primaryImageOfPage\":{\"@id\":\"https:\/\/glass-glass.com.mx\/vinos-y-licores\/licorera-genova\/#primaryimage\"},\"image\":{\"@id\":\"https:\/\/glass-glass.com.mx\/vinos-y-licores\/licorera-genova\/#primaryimage\"},\"thumbnailUrl\":\"https:\/\/glass-glass.com.mx\/wp-content\/uploads\/2023\/10\/LIC0001-1.jpg\",\"datePublished\":\"2023-10-20T16:32:23+00:00\",\"dateModified\":\"2023-11-08T04:41:03+00:00\",\"breadcrumb\":{\"@id\":\"https:\/\/glass-glass.com.mx\/vinos-y-licores\/licorera-genova\/#breadcrumb\"},\"inLanguage\":\"en-US\",\"potentialAction\":[{\"@type\":\"ReadAction\",\"target\":[\"https:\/\/glass-glass.com.mx\/vinos-y-licores\/licorera-genova\/\"]}]},{\"@type\":\"ImageObject\",\"inLanguage\":\"en-US\",\"@id\":\"https:\/\/glass-glass.com.mx\/vinos-y-licores\/licorera-genova\/#primaryimage\",\"url\":\"https:\/\/glass-glass.com.mx\/wp-content\/uploads\/2023\/10\/LIC0001-1.jpg\",\"contentUrl\":\"https:\/\/glass-glass.com.mx\/wp-content\/uploads\/2023\/10\/LIC0001-1.jpg\",\"width\":700,\"height\":700,\"caption\":\"BOTELLA DE VINO LICORERA G\u00c9NOVA\"},{\"@type\":\"BreadcrumbList\",\"@id\":\"https:\/\/glass-glass.com.mx\/vinos-y-licores\/licorera-genova\/#breadcrumb\",\"itemListElement\":[{\"@type\":\"ListItem\",\"position\":1,\"name\":\"Inicio\",\"item\":\"https:\/\/glass-glass.com.mx\/\"},{\"@type\":\"ListItem\",\"position\":2,\"name\":\"Productos\",\"item\":\"https:\/\/glass-glass.com.mx\/productos\/\"},{\"@type\":\"ListItem\",\"position\":3,\"name\":\"LICORERA G\u00c9NOVA\"}]},{\"@type\":\"WebSite\",\"@id\":\"https:\/\/glass-glass.com.mx\/#website\",\"url\":\"https:\/\/glass-glass.com.mx\/\",\"name\":\"Glass &amp; Glass\",\"description\":\"360\u00b0 de pureza\",\"potentialAction\":[{\"@type\":\"SearchAction\",\"target\":{\"@type\":\"EntryPoint\",\"urlTemplate\":\"https:\/\/glass-glass.com.mx\/?s={search_term_string}\"},\"query-input\":{\"@type\":\"PropertyValueSpecification\",\"valueRequired\":true,\"valueName\":\"search_term_string\"}}],\"inLanguage\":\"en-US\"}]}<\/script>\n<!-- \/ Yoast SEO plugin. -->","yoast_head_json":{"title":"LICORERA G\u00c9NOVA - Glass &amp; Glass","robots":{"index":"index","follow":"follow","max-snippet":"max-snippet:-1","max-image-preview":"max-image-preview:large","max-video-preview":"max-video-preview:-1"},"canonical":"https:\/\/glass-glass.com.mx\/en\/vinos-y-licores\/licorera-genova\/","og_locale":"en_US","og_type":"article","og_title":"LICORERA G\u00c9NOVA - Glass &amp; Glass","og_description":"Licorera moderna  Estilo: En vidrio totalmente cristalino, se dibuja una licorera moderna, sobria y estilizada. La licorera G\u00e9nova presenta una l\u00ednea elegante, sencilla y atemporal. Su trazo cil\u00edndrico en el cuerpo, se contrasta con un hombro c\u00f3nico y un cuello corto que permite lucir al destilado que guarda en ella.  Uso Ideal: La licorera G\u00e9nova tiene capacidad para 750 ml. Es compatible para l\u00edneas de llenado autom\u00e1tico. Es una excelente opci\u00f3n para ediciones especiales, conmemorativas o exclusivas. Recomendada para envasar destilados y licores como tequila, mezcal, whiskey, ginebra, ron, entre otros. Tiene una corona 44- ESPECIAL y es apta para corchos de todos los materiales como pl\u00e1stico y vidrio, aunque lo m\u00e1s recomendado es continuar la alta sofisticaci\u00f3n con un tap\u00f3n de vidrio Glass &amp; Glass.  Caracter\u00edsticas Adicionales: 100% libre de plomo y reciclable. Cuenta con la m\u00e1xima cristalinidad, obtenida por la formulaci\u00f3n exclusiva de vidrio de Glass &amp; Glass, adem\u00e1s de ser altamente resistente. La licorera G\u00e9nova tiene una recarga de vidrio en su base, que agrega vista y da un peso agradable y robusto para complementar la experiencia. Tiene una superficie lisa ideal para decorado con serigrafia o la colocaci\u00f3n de etiquetas.  Maniobrabilidad: La entrega de licoreras G\u00e9nova de Glass &amp; Glass es por tarima de 768 piezas, empacadas en cajas de cart\u00f3n con 6 piezas, lo que asegura su protecci\u00f3n, f\u00e1cil almacenamiento, movilidad y distribuci\u00f3n.","og_url":"https:\/\/glass-glass.com.mx\/en\/vinos-y-licores\/licorera-genova\/","og_site_name":"Glass &amp; Glass","article_modified_time":"2023-11-08T04:41:03+00:00","og_image":[{"width":700,"height":700,"url":"https:\/\/glass-glass.com.mx\/wp-content\/uploads\/2023\/10\/LIC0001-1.jpg","type":"image\/jpeg"}],"twitter_card":"summary_large_image","twitter_misc":{"Est. reading time":"1 minute"},"schema":{"@context":"https:\/\/schema.org","@graph":[{"@type":"WebPage","@id":"https:\/\/glass-glass.com.mx\/vinos-y-licores\/licorera-genova\/","url":"https:\/\/glass-glass.com.mx\/vinos-y-licores\/licorera-genova\/","name":"LICORERA G\u00c9NOVA - Glass &amp; Glass","isPartOf":{"@id":"https:\/\/glass-glass.com.mx\/#website"},"primaryImageOfPage":{"@id":"https:\/\/glass-glass.com.mx\/vinos-y-licores\/licorera-genova\/#primaryimage"},"image":{"@id":"https:\/\/glass-glass.com.mx\/vinos-y-licores\/licorera-genova\/#primaryimage"},"thumbnailUrl":"https:\/\/glass-glass.com.mx\/wp-content\/uploads\/2023\/10\/LIC0001-1.jpg","datePublished":"2023-10-20T16:32:23+00:00","dateModified":"2023-11-08T04:41:03+00:00","breadcrumb":{"@id":"https:\/\/glass-glass.com.mx\/vinos-y-licores\/licorera-genova\/#breadcrumb"},"inLanguage":"en-US","potentialAction":[{"@type":"ReadAction","target":["https:\/\/glass-glass.com.mx\/vinos-y-licores\/licorera-genova\/"]}]},{"@type":"ImageObject","inLanguage":"en-US","@id":"https:\/\/glass-glass.com.mx\/vinos-y-licores\/licorera-genova\/#primaryimage","url":"https:\/\/glass-glass.com.mx\/wp-content\/uploads\/2023\/10\/LIC0001-1.jpg","contentUrl":"https:\/\/glass-glass.com.mx\/wp-content\/uploads\/2023\/10\/LIC0001-1.jpg","width":700,"height":700,"caption":"BOTELLA DE VINO LICORERA G\u00c9NOVA"},{"@type":"BreadcrumbList","@id":"https:\/\/glass-glass.com.mx\/vinos-y-licores\/licorera-genova\/#breadcrumb","itemListElement":[{"@type":"ListItem","position":1,"name":"Inicio","item":"https:\/\/glass-glass.com.mx\/"},{"@type":"ListItem","position":2,"name":"Productos","item":"https:\/\/glass-glass.com.mx\/productos\/"},{"@type":"ListItem","position":3,"name":"LICORERA G\u00c9NOVA"}]},{"@type":"WebSite","@id":"https:\/\/glass-glass.com.mx\/#website","url":"https:\/\/glass-glass.com.mx\/","name":"Glass &amp; Glass","description":"360\u00b0 de pureza","potentialAction":[{"@type":"SearchAction","target":{"@type":"EntryPoint","urlTemplate":"https:\/\/glass-glass.com.mx\/?s={search_term_string}"},"query-input":{"@type":"PropertyValueSpecification","valueRequired":true,"valueName":"search_term_string"}}],"inLanguage":"en-US"}]}},"_links":{"self":[{"href":"https:\/\/glass-glass.com.mx\/en\/wp-json\/wp\/v2\/product\/17091","targetHints":{"allow":["GET"]}}],"collection":[{"href":"https:\/\/glass-glass.com.mx\/en\/wp-json\/wp\/v2\/product"}],"about":[{"href":"https:\/\/glass-glass.com.mx\/en\/wp-json\/wp\/v2\/types\/product"}],"version-history":[{"count":1,"href":"https:\/\/glass-glass.com.mx\/en\/wp-json\/wp\/v2\/product\/17091\/revisions"}],"predecessor-version":[{"id":17171,"href":"https:\/\/glass-glass.com.mx\/en\/wp-json\/wp\/v2\/product\/17091\/revisions\/17171"}],"wp:featuredmedia":[{"embeddable":true,"href":"https:\/\/glass-glass.com.mx\/en\/wp-json\/wp\/v2\/media\/17028"}],"wp:attachment":[{"href":"https:\/\/glass-glass.com.mx\/en\/wp-json\/wp\/v2\/media?parent=17091"}],"wp:term":[{"taxonomy":"product_brand","embeddable":true,"href":"https:\/\/glass-glass.com.mx\/en\/wp-json\/wp\/v2\/product_brand?post=17091"},{"taxonomy":"product_cat","embeddable":true,"href":"https:\/\/glass-glass.com.mx\/en\/wp-json\/wp\/v2\/product_cat?post=17091"},{"taxonomy":"product_tag","embeddable":true,"href":"https:\/\/glass-glass.com.mx\/en\/wp-json\/wp\/v2\/product_tag?post=17091"}],"curies":[{"name":"wp","href":"https:\/\/api.w.org\/{rel}","templated":true}]}}