{"id":17088,"date":"2023-10-20T10:32:22","date_gmt":"2023-10-20T16:32:22","guid":{"rendered":"https:\/\/glass-glass.com.mx\/sin%20categor\u00eda\/thor\/"},"modified":"2024-11-02T10:34:08","modified_gmt":"2024-11-02T16:34:08","slug":"thor","status":"publish","type":"product","link":"https:\/\/glass-glass.com.mx\/en\/vinos-y-licores\/thor\/","title":{"rendered":"THOR 500 ML"},"content":{"rendered":"<p><img decoding=\"async\" class=\"alignnone size-full\" src=\"https:\/\/glass-glass.com.mx\/wp-content\/uploads\/2023\/10\/GGT100037-sketch.jpg\" \/><\/p>","protected":false},"excerpt":{"rendered":"<p>Classical 500 ml corked bottle.<\/p>\n<p><b>Style:<\/b> This bottle has a clean, timeless and minimalist design. It has a 28-350 crown\/topping, which allows for the use of metal or plastic lids. It has a threaded version.<\/p>\n<p><b>Ideal Use:<\/b> This is one of the most famous bottles in the wine, mezcal, tequila and various other distillates\u2019 industries. Compatible with auto-filling devices. A smooth surface allows for labeling and\/or decorating.<\/p>\n<p><b>Additional features:<\/b> It\u2019s 100% recyclable and lead free. It\u2019s well suited for the preservation of flavors as well as their freshness.<\/p>\n<p><b>Manageability:<\/b> Deliveries of up to 2,320 pieces packed in bulk, facilitating distribution, storage and transportation for large deliveries.<\/p>","protected":false},"featured_media":17019,"template":"","meta":{"_joinchat":[]},"product_brand":[],"product_cat":[161],"product_tag":[],"class_list":{"0":"post-17088","1":"product","2":"type-product","3":"status-publish","4":"has-post-thumbnail","6":"product_cat-vinos-y-licores","7":"pa_capacidad-ml-173","8":"pa_capacidad-onzas-16-9","10":"first","11":"instock","12":"shipping-taxable","13":"product-type-simple"},"yoast_head":"<!-- This site is optimized with the Yoast SEO plugin v23.6 - https:\/\/yoast.com\/wordpress\/plugins\/seo\/ -->\n<title>THOR 500 ML - Glass &amp; Glass<\/title>\n<meta name=\"robots\" content=\"index, follow, max-snippet:-1, max-image-preview:large, max-video-preview:-1\" \/>\n<link rel=\"canonical\" href=\"https:\/\/glass-glass.com.mx\/en\/vinos-y-licores\/thor\/\" \/>\n<meta property=\"og:locale\" content=\"en_US\" \/>\n<meta property=\"og:type\" content=\"article\" \/>\n<meta property=\"og:title\" content=\"THOR 500 ML - Glass &amp; Glass\" \/>\n<meta property=\"og:description\" content=\"Botella cl\u00e1sica de 500 ml para corcho  Estilo: La botella Thor es de dise\u00f1o limpio, atemporal y minimalista. Tiene capacidad para 500 ml y puede describirse como una botella cl\u00e1sica, perfecta para sellarse con tapa rosca. Con su caracter\u00edstica forma cilindrica el modelo Thor tiene una corona rosca 28-350, lo que permite el uso de tapas de pl\u00e1stico y metal. Cuenta con una variante hermana apta para rosca, as\u00ed como una versi\u00f3n de 250 ml, igualmente compatible con corcho o rosca.  Uso Ideal: Formada con vidrio cristalino, la botella Thor es uno de los modelos m\u00e1s usados para el envasado de vino, mezcal, tequila y otros destilados en su formato de medio litro. Es compatible con l\u00edneas de llenado autom\u00e1tico y la botella tiene una superficie lisa para decorado o colocaci\u00f3n de etiquetas.  Caracter\u00edsticas Adicionales: Como el resto de productos del cat\u00e1logo de Glass &amp; Glass, es 100% reciclable y libre de plomo. Este modelo es bien conocido para el segmento de envasado de licores. Preserva la frescura y sabor de las bebidas. La formulaci\u00f3n exclusiva de Glass &amp; Glass, asegura alta resistencia y durabilidad.  Maniobrabilidad: La tarima de botellas Thor de 500 ml para corcho de Glass &amp; Glass tiene 2320 piezas y son empacadas a granel, lo que hace pr\u00e1ctico su almacenamiento, movilidad y distribuci\u00f3n.\" \/>\n<meta property=\"og:url\" content=\"https:\/\/glass-glass.com.mx\/en\/vinos-y-licores\/thor\/\" \/>\n<meta property=\"og:site_name\" content=\"Glass &amp; Glass\" \/>\n<meta property=\"article:modified_time\" content=\"2024-11-02T16:34:08+00:00\" \/>\n<meta property=\"og:image\" content=\"https:\/\/glass-glass.com.mx\/wp-content\/uploads\/2023\/10\/GGT100037-1.jpg\" \/>\n\t<meta property=\"og:image:width\" content=\"700\" \/>\n\t<meta property=\"og:image:height\" content=\"700\" \/>\n\t<meta property=\"og:image:type\" content=\"image\/jpeg\" \/>\n<meta name=\"twitter:card\" content=\"summary_large_image\" \/>\n<meta name=\"twitter:label1\" content=\"Est. reading time\" \/>\n\t<meta name=\"twitter:data1\" content=\"1 minute\" \/>\n<script type=\"application\/ld+json\" class=\"yoast-schema-graph\">{\"@context\":\"https:\/\/schema.org\",\"@graph\":[{\"@type\":\"WebPage\",\"@id\":\"https:\/\/glass-glass.com.mx\/vinos-y-licores\/thor\/\",\"url\":\"https:\/\/glass-glass.com.mx\/vinos-y-licores\/thor\/\",\"name\":\"THOR 500 ML - Glass &amp; Glass\",\"isPartOf\":{\"@id\":\"https:\/\/glass-glass.com.mx\/#website\"},\"primaryImageOfPage\":{\"@id\":\"https:\/\/glass-glass.com.mx\/vinos-y-licores\/thor\/#primaryimage\"},\"image\":{\"@id\":\"https:\/\/glass-glass.com.mx\/vinos-y-licores\/thor\/#primaryimage\"},\"thumbnailUrl\":\"https:\/\/glass-glass.com.mx\/wp-content\/uploads\/2023\/10\/GGT100037-1.jpg\",\"datePublished\":\"2023-10-20T16:32:22+00:00\",\"dateModified\":\"2024-11-02T16:34:08+00:00\",\"breadcrumb\":{\"@id\":\"https:\/\/glass-glass.com.mx\/vinos-y-licores\/thor\/#breadcrumb\"},\"inLanguage\":\"en-US\",\"potentialAction\":[{\"@type\":\"ReadAction\",\"target\":[\"https:\/\/glass-glass.com.mx\/vinos-y-licores\/thor\/\"]}]},{\"@type\":\"ImageObject\",\"inLanguage\":\"en-US\",\"@id\":\"https:\/\/glass-glass.com.mx\/vinos-y-licores\/thor\/#primaryimage\",\"url\":\"https:\/\/glass-glass.com.mx\/wp-content\/uploads\/2023\/10\/GGT100037-1.jpg\",\"contentUrl\":\"https:\/\/glass-glass.com.mx\/wp-content\/uploads\/2023\/10\/GGT100037-1.jpg\",\"width\":700,\"height\":700},{\"@type\":\"BreadcrumbList\",\"@id\":\"https:\/\/glass-glass.com.mx\/vinos-y-licores\/thor\/#breadcrumb\",\"itemListElement\":[{\"@type\":\"ListItem\",\"position\":1,\"name\":\"Inicio\",\"item\":\"https:\/\/glass-glass.com.mx\/\"},{\"@type\":\"ListItem\",\"position\":2,\"name\":\"Productos\",\"item\":\"https:\/\/glass-glass.com.mx\/productos\/\"},{\"@type\":\"ListItem\",\"position\":3,\"name\":\"THOR 500 ML\"}]},{\"@type\":\"WebSite\",\"@id\":\"https:\/\/glass-glass.com.mx\/#website\",\"url\":\"https:\/\/glass-glass.com.mx\/\",\"name\":\"Glass &amp; Glass\",\"description\":\"360\u00b0 de pureza\",\"potentialAction\":[{\"@type\":\"SearchAction\",\"target\":{\"@type\":\"EntryPoint\",\"urlTemplate\":\"https:\/\/glass-glass.com.mx\/?s={search_term_string}\"},\"query-input\":{\"@type\":\"PropertyValueSpecification\",\"valueRequired\":true,\"valueName\":\"search_term_string\"}}],\"inLanguage\":\"en-US\"}]}<\/script>\n<!-- \/ Yoast SEO plugin. -->","yoast_head_json":{"title":"THOR 500 ML - Glass &amp; Glass","robots":{"index":"index","follow":"follow","max-snippet":"max-snippet:-1","max-image-preview":"max-image-preview:large","max-video-preview":"max-video-preview:-1"},"canonical":"https:\/\/glass-glass.com.mx\/en\/vinos-y-licores\/thor\/","og_locale":"en_US","og_type":"article","og_title":"THOR 500 ML - Glass &amp; Glass","og_description":"Botella cl\u00e1sica de 500 ml para corcho  Estilo: La botella Thor es de dise\u00f1o limpio, atemporal y minimalista. Tiene capacidad para 500 ml y puede describirse como una botella cl\u00e1sica, perfecta para sellarse con tapa rosca. Con su caracter\u00edstica forma cilindrica el modelo Thor tiene una corona rosca 28-350, lo que permite el uso de tapas de pl\u00e1stico y metal. Cuenta con una variante hermana apta para rosca, as\u00ed como una versi\u00f3n de 250 ml, igualmente compatible con corcho o rosca.  Uso Ideal: Formada con vidrio cristalino, la botella Thor es uno de los modelos m\u00e1s usados para el envasado de vino, mezcal, tequila y otros destilados en su formato de medio litro. Es compatible con l\u00edneas de llenado autom\u00e1tico y la botella tiene una superficie lisa para decorado o colocaci\u00f3n de etiquetas.  Caracter\u00edsticas Adicionales: Como el resto de productos del cat\u00e1logo de Glass &amp; Glass, es 100% reciclable y libre de plomo. Este modelo es bien conocido para el segmento de envasado de licores. Preserva la frescura y sabor de las bebidas. La formulaci\u00f3n exclusiva de Glass &amp; Glass, asegura alta resistencia y durabilidad.  Maniobrabilidad: La tarima de botellas Thor de 500 ml para corcho de Glass &amp; Glass tiene 2320 piezas y son empacadas a granel, lo que hace pr\u00e1ctico su almacenamiento, movilidad y distribuci\u00f3n.","og_url":"https:\/\/glass-glass.com.mx\/en\/vinos-y-licores\/thor\/","og_site_name":"Glass &amp; Glass","article_modified_time":"2024-11-02T16:34:08+00:00","og_image":[{"width":700,"height":700,"url":"https:\/\/glass-glass.com.mx\/wp-content\/uploads\/2023\/10\/GGT100037-1.jpg","type":"image\/jpeg"}],"twitter_card":"summary_large_image","twitter_misc":{"Est. reading time":"1 minute"},"schema":{"@context":"https:\/\/schema.org","@graph":[{"@type":"WebPage","@id":"https:\/\/glass-glass.com.mx\/vinos-y-licores\/thor\/","url":"https:\/\/glass-glass.com.mx\/vinos-y-licores\/thor\/","name":"THOR 500 ML - Glass &amp; Glass","isPartOf":{"@id":"https:\/\/glass-glass.com.mx\/#website"},"primaryImageOfPage":{"@id":"https:\/\/glass-glass.com.mx\/vinos-y-licores\/thor\/#primaryimage"},"image":{"@id":"https:\/\/glass-glass.com.mx\/vinos-y-licores\/thor\/#primaryimage"},"thumbnailUrl":"https:\/\/glass-glass.com.mx\/wp-content\/uploads\/2023\/10\/GGT100037-1.jpg","datePublished":"2023-10-20T16:32:22+00:00","dateModified":"2024-11-02T16:34:08+00:00","breadcrumb":{"@id":"https:\/\/glass-glass.com.mx\/vinos-y-licores\/thor\/#breadcrumb"},"inLanguage":"en-US","potentialAction":[{"@type":"ReadAction","target":["https:\/\/glass-glass.com.mx\/vinos-y-licores\/thor\/"]}]},{"@type":"ImageObject","inLanguage":"en-US","@id":"https:\/\/glass-glass.com.mx\/vinos-y-licores\/thor\/#primaryimage","url":"https:\/\/glass-glass.com.mx\/wp-content\/uploads\/2023\/10\/GGT100037-1.jpg","contentUrl":"https:\/\/glass-glass.com.mx\/wp-content\/uploads\/2023\/10\/GGT100037-1.jpg","width":700,"height":700},{"@type":"BreadcrumbList","@id":"https:\/\/glass-glass.com.mx\/vinos-y-licores\/thor\/#breadcrumb","itemListElement":[{"@type":"ListItem","position":1,"name":"Inicio","item":"https:\/\/glass-glass.com.mx\/"},{"@type":"ListItem","position":2,"name":"Productos","item":"https:\/\/glass-glass.com.mx\/productos\/"},{"@type":"ListItem","position":3,"name":"THOR 500 ML"}]},{"@type":"WebSite","@id":"https:\/\/glass-glass.com.mx\/#website","url":"https:\/\/glass-glass.com.mx\/","name":"Glass &amp; Glass","description":"360\u00b0 de pureza","potentialAction":[{"@type":"SearchAction","target":{"@type":"EntryPoint","urlTemplate":"https:\/\/glass-glass.com.mx\/?s={search_term_string}"},"query-input":{"@type":"PropertyValueSpecification","valueRequired":true,"valueName":"search_term_string"}}],"inLanguage":"en-US"}]}},"_links":{"self":[{"href":"https:\/\/glass-glass.com.mx\/en\/wp-json\/wp\/v2\/product\/17088","targetHints":{"allow":["GET"]}}],"collection":[{"href":"https:\/\/glass-glass.com.mx\/en\/wp-json\/wp\/v2\/product"}],"about":[{"href":"https:\/\/glass-glass.com.mx\/en\/wp-json\/wp\/v2\/types\/product"}],"version-history":[{"count":3,"href":"https:\/\/glass-glass.com.mx\/en\/wp-json\/wp\/v2\/product\/17088\/revisions"}],"predecessor-version":[{"id":18534,"href":"https:\/\/glass-glass.com.mx\/en\/wp-json\/wp\/v2\/product\/17088\/revisions\/18534"}],"wp:featuredmedia":[{"embeddable":true,"href":"https:\/\/glass-glass.com.mx\/en\/wp-json\/wp\/v2\/media\/17019"}],"wp:attachment":[{"href":"https:\/\/glass-glass.com.mx\/en\/wp-json\/wp\/v2\/media?parent=17088"}],"wp:term":[{"taxonomy":"product_brand","embeddable":true,"href":"https:\/\/glass-glass.com.mx\/en\/wp-json\/wp\/v2\/product_brand?post=17088"},{"taxonomy":"product_cat","embeddable":true,"href":"https:\/\/glass-glass.com.mx\/en\/wp-json\/wp\/v2\/product_cat?post=17088"},{"taxonomy":"product_tag","embeddable":true,"href":"https:\/\/glass-glass.com.mx\/en\/wp-json\/wp\/v2\/product_tag?post=17088"}],"curies":[{"name":"wp","href":"https:\/\/api.w.org\/{rel}","templated":true}]}}