{"id":17086,"date":"2023-10-20T10:32:22","date_gmt":"2023-10-20T16:32:22","guid":{"rendered":"https:\/\/glass-glass.com.mx\/sin%20categor\u00eda\/borgonera-2\/"},"modified":"2023-11-07T22:53:00","modified_gmt":"2023-11-08T04:53:00","slug":"borgonera-2","status":"publish","type":"product","link":"https:\/\/glass-glass.com.mx\/en\/vinos-y-licores\/borgonera-2\/","title":{"rendered":"BORGO\u00d1ERA"},"content":{"rendered":"<p><img decoding=\"async\" class=\"alignnone size-full\" src=\"https:\/\/glass-glass.com.mx\/wp-content\/uploads\/2023\/10\/GGT100007-sketch.jpg\" \/><\/p>","protected":false},"excerpt":{"rendered":"<p>Burgundian style 375 ml (12 \u2154 oz) bottle with thread.<br \/>\n<b>Style:<\/b> The middle brother of the burgundian family, with its characteristic shoulderless build and sophisticated neck.<\/p>\n<p><b>Ideal Use:<\/b> Its style is now a distinctive in the world of wines, liquors and distillates. It has a 28-350 crown\/topping, allows for metal or plastic lids in accordance with international tables. Compatible with auto-filling devices.<\/p>\n<p><b>Additional features:<\/b> Highly resistant and enduring. Crystalline bottle, lead free and 100% recyclable. Its smooth surface allows for easy labeling and\/or decorating.<\/p>\n<p><b>Manageability:<\/b> Deliveries of up to 2,250 pieces packed in bulk, facilitating distribution, storage and transportation for large deliveries.<\/p>","protected":false},"featured_media":17024,"template":"","meta":{"_joinchat":[]},"product_brand":[],"product_cat":[161],"product_tag":[],"class_list":{"0":"post-17086","1":"product","2":"type-product","3":"status-publish","4":"has-post-thumbnail","6":"product_cat-vinos-y-licores","7":"pa_capacidad-ml-167","8":"pa_capacidad-onzas-12-68","10":"first","11":"instock","12":"shipping-taxable","13":"product-type-simple"},"yoast_head":"<!-- This site is optimized with the Yoast SEO plugin v23.6 - https:\/\/yoast.com\/wordpress\/plugins\/seo\/ -->\n<title>BORGO\u00d1ERA - Glass &amp; Glass<\/title>\n<meta name=\"robots\" content=\"index, follow, max-snippet:-1, max-image-preview:large, max-video-preview:-1\" \/>\n<link rel=\"canonical\" href=\"https:\/\/glass-glass.com.mx\/en\/vinos-y-licores\/borgonera-2\/\" \/>\n<meta property=\"og:locale\" content=\"en_US\" \/>\n<meta property=\"og:type\" content=\"article\" \/>\n<meta property=\"og:title\" content=\"BORGO\u00d1ERA - Glass &amp; Glass\" \/>\n<meta property=\"og:description\" content=\"Botella tipo borgo\u00f1esa de 375 ml con rosca Estilo: La Borgo\u00f1era de 375 ml o 12 \u2154 oz es la versi\u00f3n mediana de la caracter\u00edstica botella de trazo estilizado. Su forma sin hombros conecta el cuerpo con el cuello, en una fluida y sofisticada l\u00ednea. En Glass &amp; Glass hemos desarrollado una versi\u00f3n a\u00fan m\u00e1s peque\u00f1a de la botella Borgo\u00f1era, y el formato cl\u00e1sico de 750 ml.  Uso Ideal: Su trazo estilizado se ha vuelto distintivo dentro de la categor\u00eda de vinos, licores y destilados, a\u00fan incluso en su tama\u00f1o de media botella. La botella Borgo\u00f1era de 375 ml, tiene una corona 28-350 lo que permite la colocaci\u00f3n de tapas, tanto de pl\u00e1stico como de metal de acuerdo a las tablas internacionales. Es compatible con l\u00edneas de llenado autom\u00e1tico.  Caracter\u00edsticas Adicionales: La formulaci\u00f3n exclusiva de Glass &amp; Glass, asegura alta resistencia y durabilidad. Es una botella cristalina, libre de plomo y 100% reciclable. La botella tiene una superficie lisa para la colocaci\u00f3n de etiquetas o decorado. Existe una versi\u00f3n de botella Borgo\u00f1era m\u00e1s chica, con capacidad de 175 ml, igualmente con rosca.  Maniobrabilidad: La tarima de botellas Borgo\u00f1eras de capacidad de 375 ml de Glass &amp; Glass tiene 2205 piezas y son empacadas a granel lo cual hacen pr\u00e1ctico su almacenamiento, movilidad y distribuci\u00f3n.\" \/>\n<meta property=\"og:url\" content=\"https:\/\/glass-glass.com.mx\/en\/vinos-y-licores\/borgonera-2\/\" \/>\n<meta property=\"og:site_name\" content=\"Glass &amp; Glass\" \/>\n<meta property=\"article:modified_time\" content=\"2023-11-08T04:53:00+00:00\" \/>\n<meta property=\"og:image\" content=\"https:\/\/glass-glass.com.mx\/wp-content\/uploads\/2023\/10\/GGT100007-1.jpg\" \/>\n\t<meta property=\"og:image:width\" content=\"700\" \/>\n\t<meta property=\"og:image:height\" content=\"700\" \/>\n\t<meta property=\"og:image:type\" content=\"image\/jpeg\" \/>\n<meta name=\"twitter:card\" content=\"summary_large_image\" \/>\n<meta name=\"twitter:label1\" content=\"Est. reading time\" \/>\n\t<meta name=\"twitter:data1\" content=\"1 minute\" \/>\n<script type=\"application\/ld+json\" class=\"yoast-schema-graph\">{\"@context\":\"https:\/\/schema.org\",\"@graph\":[{\"@type\":\"WebPage\",\"@id\":\"https:\/\/glass-glass.com.mx\/vinos-y-licores\/borgonera-2\/\",\"url\":\"https:\/\/glass-glass.com.mx\/vinos-y-licores\/borgonera-2\/\",\"name\":\"BORGO\u00d1ERA - Glass &amp; Glass\",\"isPartOf\":{\"@id\":\"https:\/\/glass-glass.com.mx\/#website\"},\"primaryImageOfPage\":{\"@id\":\"https:\/\/glass-glass.com.mx\/vinos-y-licores\/borgonera-2\/#primaryimage\"},\"image\":{\"@id\":\"https:\/\/glass-glass.com.mx\/vinos-y-licores\/borgonera-2\/#primaryimage\"},\"thumbnailUrl\":\"https:\/\/glass-glass.com.mx\/wp-content\/uploads\/2023\/10\/GGT100007-1.jpg\",\"datePublished\":\"2023-10-20T16:32:22+00:00\",\"dateModified\":\"2023-11-08T04:53:00+00:00\",\"breadcrumb\":{\"@id\":\"https:\/\/glass-glass.com.mx\/vinos-y-licores\/borgonera-2\/#breadcrumb\"},\"inLanguage\":\"en-US\",\"potentialAction\":[{\"@type\":\"ReadAction\",\"target\":[\"https:\/\/glass-glass.com.mx\/vinos-y-licores\/borgonera-2\/\"]}]},{\"@type\":\"ImageObject\",\"inLanguage\":\"en-US\",\"@id\":\"https:\/\/glass-glass.com.mx\/vinos-y-licores\/borgonera-2\/#primaryimage\",\"url\":\"https:\/\/glass-glass.com.mx\/wp-content\/uploads\/2023\/10\/GGT100007-1.jpg\",\"contentUrl\":\"https:\/\/glass-glass.com.mx\/wp-content\/uploads\/2023\/10\/GGT100007-1.jpg\",\"width\":700,\"height\":700,\"caption\":\"BOTELLA DE VINO BORGO\u00d1ERA\"},{\"@type\":\"BreadcrumbList\",\"@id\":\"https:\/\/glass-glass.com.mx\/vinos-y-licores\/borgonera-2\/#breadcrumb\",\"itemListElement\":[{\"@type\":\"ListItem\",\"position\":1,\"name\":\"Inicio\",\"item\":\"https:\/\/glass-glass.com.mx\/\"},{\"@type\":\"ListItem\",\"position\":2,\"name\":\"Productos\",\"item\":\"https:\/\/glass-glass.com.mx\/productos\/\"},{\"@type\":\"ListItem\",\"position\":3,\"name\":\"BORGO\u00d1ERA\"}]},{\"@type\":\"WebSite\",\"@id\":\"https:\/\/glass-glass.com.mx\/#website\",\"url\":\"https:\/\/glass-glass.com.mx\/\",\"name\":\"Glass &amp; Glass\",\"description\":\"360\u00b0 de pureza\",\"potentialAction\":[{\"@type\":\"SearchAction\",\"target\":{\"@type\":\"EntryPoint\",\"urlTemplate\":\"https:\/\/glass-glass.com.mx\/?s={search_term_string}\"},\"query-input\":{\"@type\":\"PropertyValueSpecification\",\"valueRequired\":true,\"valueName\":\"search_term_string\"}}],\"inLanguage\":\"en-US\"}]}<\/script>\n<!-- \/ Yoast SEO plugin. -->","yoast_head_json":{"title":"BORGO\u00d1ERA - Glass &amp; Glass","robots":{"index":"index","follow":"follow","max-snippet":"max-snippet:-1","max-image-preview":"max-image-preview:large","max-video-preview":"max-video-preview:-1"},"canonical":"https:\/\/glass-glass.com.mx\/en\/vinos-y-licores\/borgonera-2\/","og_locale":"en_US","og_type":"article","og_title":"BORGO\u00d1ERA - Glass &amp; Glass","og_description":"Botella tipo borgo\u00f1esa de 375 ml con rosca Estilo: La Borgo\u00f1era de 375 ml o 12 \u2154 oz es la versi\u00f3n mediana de la caracter\u00edstica botella de trazo estilizado. Su forma sin hombros conecta el cuerpo con el cuello, en una fluida y sofisticada l\u00ednea. En Glass &amp; Glass hemos desarrollado una versi\u00f3n a\u00fan m\u00e1s peque\u00f1a de la botella Borgo\u00f1era, y el formato cl\u00e1sico de 750 ml.  Uso Ideal: Su trazo estilizado se ha vuelto distintivo dentro de la categor\u00eda de vinos, licores y destilados, a\u00fan incluso en su tama\u00f1o de media botella. La botella Borgo\u00f1era de 375 ml, tiene una corona 28-350 lo que permite la colocaci\u00f3n de tapas, tanto de pl\u00e1stico como de metal de acuerdo a las tablas internacionales. Es compatible con l\u00edneas de llenado autom\u00e1tico.  Caracter\u00edsticas Adicionales: La formulaci\u00f3n exclusiva de Glass &amp; Glass, asegura alta resistencia y durabilidad. Es una botella cristalina, libre de plomo y 100% reciclable. La botella tiene una superficie lisa para la colocaci\u00f3n de etiquetas o decorado. Existe una versi\u00f3n de botella Borgo\u00f1era m\u00e1s chica, con capacidad de 175 ml, igualmente con rosca.  Maniobrabilidad: La tarima de botellas Borgo\u00f1eras de capacidad de 375 ml de Glass &amp; Glass tiene 2205 piezas y son empacadas a granel lo cual hacen pr\u00e1ctico su almacenamiento, movilidad y distribuci\u00f3n.","og_url":"https:\/\/glass-glass.com.mx\/en\/vinos-y-licores\/borgonera-2\/","og_site_name":"Glass &amp; Glass","article_modified_time":"2023-11-08T04:53:00+00:00","og_image":[{"width":700,"height":700,"url":"https:\/\/glass-glass.com.mx\/wp-content\/uploads\/2023\/10\/GGT100007-1.jpg","type":"image\/jpeg"}],"twitter_card":"summary_large_image","twitter_misc":{"Est. reading time":"1 minute"},"schema":{"@context":"https:\/\/schema.org","@graph":[{"@type":"WebPage","@id":"https:\/\/glass-glass.com.mx\/vinos-y-licores\/borgonera-2\/","url":"https:\/\/glass-glass.com.mx\/vinos-y-licores\/borgonera-2\/","name":"BORGO\u00d1ERA - Glass &amp; Glass","isPartOf":{"@id":"https:\/\/glass-glass.com.mx\/#website"},"primaryImageOfPage":{"@id":"https:\/\/glass-glass.com.mx\/vinos-y-licores\/borgonera-2\/#primaryimage"},"image":{"@id":"https:\/\/glass-glass.com.mx\/vinos-y-licores\/borgonera-2\/#primaryimage"},"thumbnailUrl":"https:\/\/glass-glass.com.mx\/wp-content\/uploads\/2023\/10\/GGT100007-1.jpg","datePublished":"2023-10-20T16:32:22+00:00","dateModified":"2023-11-08T04:53:00+00:00","breadcrumb":{"@id":"https:\/\/glass-glass.com.mx\/vinos-y-licores\/borgonera-2\/#breadcrumb"},"inLanguage":"en-US","potentialAction":[{"@type":"ReadAction","target":["https:\/\/glass-glass.com.mx\/vinos-y-licores\/borgonera-2\/"]}]},{"@type":"ImageObject","inLanguage":"en-US","@id":"https:\/\/glass-glass.com.mx\/vinos-y-licores\/borgonera-2\/#primaryimage","url":"https:\/\/glass-glass.com.mx\/wp-content\/uploads\/2023\/10\/GGT100007-1.jpg","contentUrl":"https:\/\/glass-glass.com.mx\/wp-content\/uploads\/2023\/10\/GGT100007-1.jpg","width":700,"height":700,"caption":"BOTELLA DE VINO BORGO\u00d1ERA"},{"@type":"BreadcrumbList","@id":"https:\/\/glass-glass.com.mx\/vinos-y-licores\/borgonera-2\/#breadcrumb","itemListElement":[{"@type":"ListItem","position":1,"name":"Inicio","item":"https:\/\/glass-glass.com.mx\/"},{"@type":"ListItem","position":2,"name":"Productos","item":"https:\/\/glass-glass.com.mx\/productos\/"},{"@type":"ListItem","position":3,"name":"BORGO\u00d1ERA"}]},{"@type":"WebSite","@id":"https:\/\/glass-glass.com.mx\/#website","url":"https:\/\/glass-glass.com.mx\/","name":"Glass &amp; Glass","description":"360\u00b0 de pureza","potentialAction":[{"@type":"SearchAction","target":{"@type":"EntryPoint","urlTemplate":"https:\/\/glass-glass.com.mx\/?s={search_term_string}"},"query-input":{"@type":"PropertyValueSpecification","valueRequired":true,"valueName":"search_term_string"}}],"inLanguage":"en-US"}]}},"_links":{"self":[{"href":"https:\/\/glass-glass.com.mx\/en\/wp-json\/wp\/v2\/product\/17086","targetHints":{"allow":["GET"]}}],"collection":[{"href":"https:\/\/glass-glass.com.mx\/en\/wp-json\/wp\/v2\/product"}],"about":[{"href":"https:\/\/glass-glass.com.mx\/en\/wp-json\/wp\/v2\/types\/product"}],"version-history":[{"count":1,"href":"https:\/\/glass-glass.com.mx\/en\/wp-json\/wp\/v2\/product\/17086\/revisions"}],"predecessor-version":[{"id":17189,"href":"https:\/\/glass-glass.com.mx\/en\/wp-json\/wp\/v2\/product\/17086\/revisions\/17189"}],"wp:featuredmedia":[{"embeddable":true,"href":"https:\/\/glass-glass.com.mx\/en\/wp-json\/wp\/v2\/media\/17024"}],"wp:attachment":[{"href":"https:\/\/glass-glass.com.mx\/en\/wp-json\/wp\/v2\/media?parent=17086"}],"wp:term":[{"taxonomy":"product_brand","embeddable":true,"href":"https:\/\/glass-glass.com.mx\/en\/wp-json\/wp\/v2\/product_brand?post=17086"},{"taxonomy":"product_cat","embeddable":true,"href":"https:\/\/glass-glass.com.mx\/en\/wp-json\/wp\/v2\/product_cat?post=17086"},{"taxonomy":"product_tag","embeddable":true,"href":"https:\/\/glass-glass.com.mx\/en\/wp-json\/wp\/v2\/product_tag?post=17086"}],"curies":[{"name":"wp","href":"https:\/\/api.w.org\/{rel}","templated":true}]}}