{"id":17085,"date":"2023-10-20T10:32:22","date_gmt":"2023-10-20T16:32:22","guid":{"rendered":"https:\/\/glass-glass.com.mx\/sin%20categor\u00eda\/borgonera\/"},"modified":"2023-11-07T22:59:20","modified_gmt":"2023-11-08T04:59:20","slug":"borgonera","status":"publish","type":"product","link":"https:\/\/glass-glass.com.mx\/en\/vinos-y-licores\/borgonera\/","title":{"rendered":"BORGO\u00d1ERA"},"content":{"rendered":"<p><img decoding=\"async\" class=\"alignnone size-full\" src=\"https:\/\/glass-glass.com.mx\/wp-content\/uploads\/2023\/10\/GGTGR100038-sketch.jpg\" \/><\/p>","protected":false},"excerpt":{"rendered":"<p>Petite burgundian bottle.<\/p>\n<p><b>Style:<\/b> With a capacity of 175 ml, this is the smallest version of the burgundian family, recognizable because of its shoulderless build. Glass &amp; Glass offers a corked or thread variant with differing capacities.<\/p>\n<p><b>Ideal Use:<\/b> Its inherent charisma, dynamics and overall comfort make it very popular for the bottling of wines, liquors and distillates on special occasions.<br \/>\nIt\u2019s got  28-350 crown\/topping which allows for metal or plastic lids according to international tables. Compatible with auto-filling devices.<\/p>\n<p><b>Additional features:<\/b> A smooth surface allows for an easy labeling and\/or decorating process.<br \/>\nWholly crystalline, lead free and recyclable.<\/p>\n<p><b>Manageability:<\/b> Deliveries of up to 3,066 pieces packed in bulk, facilitating distribution, storage and transportation for large deliveries.<\/p>","protected":false},"featured_media":17027,"template":"","meta":{"_joinchat":[]},"product_brand":[],"product_cat":[161],"product_tag":[],"class_list":{"0":"post-17085","1":"product","2":"type-product","3":"status-publish","4":"has-post-thumbnail","6":"product_cat-vinos-y-licores","7":"pa_capacidad-ml-171","8":"pa_capacidad-onzas-5-91","10":"first","11":"instock","12":"shipping-taxable","13":"product-type-simple"},"yoast_head":"<!-- This site is optimized with the Yoast SEO plugin v23.6 - https:\/\/yoast.com\/wordpress\/plugins\/seo\/ -->\n<title>BORGO\u00d1ERA - Glass &amp; Glass<\/title>\n<meta name=\"robots\" content=\"index, follow, max-snippet:-1, max-image-preview:large, max-video-preview:-1\" \/>\n<link rel=\"canonical\" href=\"https:\/\/glass-glass.com.mx\/en\/vinos-y-licores\/borgonera\/\" \/>\n<meta property=\"og:locale\" content=\"en_US\" \/>\n<meta property=\"og:type\" content=\"article\" \/>\n<meta property=\"og:title\" content=\"BORGO\u00d1ERA - Glass &amp; Glass\" \/>\n<meta property=\"og:description\" content=\"Botella mini tipo borgo\u00f1esa  Estilo: Se trata de la versi\u00f3n m\u00e1s peque\u00f1a de la colecci\u00f3n Borgo\u00f1era. La botella mantiene la reconocible forma sin hombros, en una versi\u00f3n con capacidad para 175 ml. En Glass &amp; Glass, contamos con las variantes para corcho y rosca en las capacidades de 375 y 750 ml.  Uso Ideal: La l\u00ednea cont\u00ednua de la Borgo\u00f1era de 175 ml resulta encantadora, c\u00f3moda y din\u00e1mica. Es altamente popular para el envasado de vinos, licores y destilados, popularmente usada como muestrario o edici\u00f3n especial. La botella Borgo\u00f1era de 175 ml, tiene una corona 28-350 lo que permite la colocaci\u00f3n de tapas, tanto de pl\u00e1stico como de metal de acuerdo a las tablas internacionales. Es compatible con l\u00edneas de llenado autom\u00e1tico.  Caracter\u00edsticas Adicionales: La botella con rosca tiene una superficie lisa para la colocaci\u00f3n de etiquetas o decorado. Gracias a la formulaci\u00f3n de Glass &amp; Glass, es una botella cristalina, libre de plomo y 100% reciclable.  Maniobrabilidad: La tarima de botellas Borgo\u00f1eras de capacidad de 175 ml de Glass &amp; Glass tiene 3066 piezas y son empacadas a granel que hace su almacenamiento, movilidad y distribuci\u00f3n.\" \/>\n<meta property=\"og:url\" content=\"https:\/\/glass-glass.com.mx\/en\/vinos-y-licores\/borgonera\/\" \/>\n<meta property=\"og:site_name\" content=\"Glass &amp; Glass\" \/>\n<meta property=\"article:modified_time\" content=\"2023-11-08T04:59:20+00:00\" \/>\n<meta property=\"og:image\" content=\"https:\/\/glass-glass.com.mx\/wp-content\/uploads\/2023\/10\/GGTGR100038-1.jpg\" \/>\n\t<meta property=\"og:image:width\" content=\"700\" \/>\n\t<meta property=\"og:image:height\" content=\"700\" \/>\n\t<meta property=\"og:image:type\" content=\"image\/jpeg\" \/>\n<meta name=\"twitter:card\" content=\"summary_large_image\" \/>\n<meta name=\"twitter:label1\" content=\"Est. reading time\" \/>\n\t<meta name=\"twitter:data1\" content=\"1 minute\" \/>\n<script type=\"application\/ld+json\" class=\"yoast-schema-graph\">{\"@context\":\"https:\/\/schema.org\",\"@graph\":[{\"@type\":\"WebPage\",\"@id\":\"https:\/\/glass-glass.com.mx\/vinos-y-licores\/borgonera\/\",\"url\":\"https:\/\/glass-glass.com.mx\/vinos-y-licores\/borgonera\/\",\"name\":\"BORGO\u00d1ERA - Glass &amp; Glass\",\"isPartOf\":{\"@id\":\"https:\/\/glass-glass.com.mx\/#website\"},\"primaryImageOfPage\":{\"@id\":\"https:\/\/glass-glass.com.mx\/vinos-y-licores\/borgonera\/#primaryimage\"},\"image\":{\"@id\":\"https:\/\/glass-glass.com.mx\/vinos-y-licores\/borgonera\/#primaryimage\"},\"thumbnailUrl\":\"https:\/\/glass-glass.com.mx\/wp-content\/uploads\/2023\/10\/GGTGR100038-1.jpg\",\"datePublished\":\"2023-10-20T16:32:22+00:00\",\"dateModified\":\"2023-11-08T04:59:20+00:00\",\"breadcrumb\":{\"@id\":\"https:\/\/glass-glass.com.mx\/vinos-y-licores\/borgonera\/#breadcrumb\"},\"inLanguage\":\"en-US\",\"potentialAction\":[{\"@type\":\"ReadAction\",\"target\":[\"https:\/\/glass-glass.com.mx\/vinos-y-licores\/borgonera\/\"]}]},{\"@type\":\"ImageObject\",\"inLanguage\":\"en-US\",\"@id\":\"https:\/\/glass-glass.com.mx\/vinos-y-licores\/borgonera\/#primaryimage\",\"url\":\"https:\/\/glass-glass.com.mx\/wp-content\/uploads\/2023\/10\/GGTGR100038-1.jpg\",\"contentUrl\":\"https:\/\/glass-glass.com.mx\/wp-content\/uploads\/2023\/10\/GGTGR100038-1.jpg\",\"width\":700,\"height\":700},{\"@type\":\"BreadcrumbList\",\"@id\":\"https:\/\/glass-glass.com.mx\/vinos-y-licores\/borgonera\/#breadcrumb\",\"itemListElement\":[{\"@type\":\"ListItem\",\"position\":1,\"name\":\"Inicio\",\"item\":\"https:\/\/glass-glass.com.mx\/\"},{\"@type\":\"ListItem\",\"position\":2,\"name\":\"Productos\",\"item\":\"https:\/\/glass-glass.com.mx\/productos\/\"},{\"@type\":\"ListItem\",\"position\":3,\"name\":\"BORGO\u00d1ERA\"}]},{\"@type\":\"WebSite\",\"@id\":\"https:\/\/glass-glass.com.mx\/#website\",\"url\":\"https:\/\/glass-glass.com.mx\/\",\"name\":\"Glass &amp; Glass\",\"description\":\"360\u00b0 de pureza\",\"potentialAction\":[{\"@type\":\"SearchAction\",\"target\":{\"@type\":\"EntryPoint\",\"urlTemplate\":\"https:\/\/glass-glass.com.mx\/?s={search_term_string}\"},\"query-input\":{\"@type\":\"PropertyValueSpecification\",\"valueRequired\":true,\"valueName\":\"search_term_string\"}}],\"inLanguage\":\"en-US\"}]}<\/script>\n<!-- \/ Yoast SEO plugin. -->","yoast_head_json":{"title":"BORGO\u00d1ERA - Glass &amp; Glass","robots":{"index":"index","follow":"follow","max-snippet":"max-snippet:-1","max-image-preview":"max-image-preview:large","max-video-preview":"max-video-preview:-1"},"canonical":"https:\/\/glass-glass.com.mx\/en\/vinos-y-licores\/borgonera\/","og_locale":"en_US","og_type":"article","og_title":"BORGO\u00d1ERA - Glass &amp; Glass","og_description":"Botella mini tipo borgo\u00f1esa  Estilo: Se trata de la versi\u00f3n m\u00e1s peque\u00f1a de la colecci\u00f3n Borgo\u00f1era. La botella mantiene la reconocible forma sin hombros, en una versi\u00f3n con capacidad para 175 ml. En Glass &amp; Glass, contamos con las variantes para corcho y rosca en las capacidades de 375 y 750 ml.  Uso Ideal: La l\u00ednea cont\u00ednua de la Borgo\u00f1era de 175 ml resulta encantadora, c\u00f3moda y din\u00e1mica. Es altamente popular para el envasado de vinos, licores y destilados, popularmente usada como muestrario o edici\u00f3n especial. La botella Borgo\u00f1era de 175 ml, tiene una corona 28-350 lo que permite la colocaci\u00f3n de tapas, tanto de pl\u00e1stico como de metal de acuerdo a las tablas internacionales. Es compatible con l\u00edneas de llenado autom\u00e1tico.  Caracter\u00edsticas Adicionales: La botella con rosca tiene una superficie lisa para la colocaci\u00f3n de etiquetas o decorado. Gracias a la formulaci\u00f3n de Glass &amp; Glass, es una botella cristalina, libre de plomo y 100% reciclable.  Maniobrabilidad: La tarima de botellas Borgo\u00f1eras de capacidad de 175 ml de Glass &amp; Glass tiene 3066 piezas y son empacadas a granel que hace su almacenamiento, movilidad y distribuci\u00f3n.","og_url":"https:\/\/glass-glass.com.mx\/en\/vinos-y-licores\/borgonera\/","og_site_name":"Glass &amp; Glass","article_modified_time":"2023-11-08T04:59:20+00:00","og_image":[{"width":700,"height":700,"url":"https:\/\/glass-glass.com.mx\/wp-content\/uploads\/2023\/10\/GGTGR100038-1.jpg","type":"image\/jpeg"}],"twitter_card":"summary_large_image","twitter_misc":{"Est. reading time":"1 minute"},"schema":{"@context":"https:\/\/schema.org","@graph":[{"@type":"WebPage","@id":"https:\/\/glass-glass.com.mx\/vinos-y-licores\/borgonera\/","url":"https:\/\/glass-glass.com.mx\/vinos-y-licores\/borgonera\/","name":"BORGO\u00d1ERA - Glass &amp; Glass","isPartOf":{"@id":"https:\/\/glass-glass.com.mx\/#website"},"primaryImageOfPage":{"@id":"https:\/\/glass-glass.com.mx\/vinos-y-licores\/borgonera\/#primaryimage"},"image":{"@id":"https:\/\/glass-glass.com.mx\/vinos-y-licores\/borgonera\/#primaryimage"},"thumbnailUrl":"https:\/\/glass-glass.com.mx\/wp-content\/uploads\/2023\/10\/GGTGR100038-1.jpg","datePublished":"2023-10-20T16:32:22+00:00","dateModified":"2023-11-08T04:59:20+00:00","breadcrumb":{"@id":"https:\/\/glass-glass.com.mx\/vinos-y-licores\/borgonera\/#breadcrumb"},"inLanguage":"en-US","potentialAction":[{"@type":"ReadAction","target":["https:\/\/glass-glass.com.mx\/vinos-y-licores\/borgonera\/"]}]},{"@type":"ImageObject","inLanguage":"en-US","@id":"https:\/\/glass-glass.com.mx\/vinos-y-licores\/borgonera\/#primaryimage","url":"https:\/\/glass-glass.com.mx\/wp-content\/uploads\/2023\/10\/GGTGR100038-1.jpg","contentUrl":"https:\/\/glass-glass.com.mx\/wp-content\/uploads\/2023\/10\/GGTGR100038-1.jpg","width":700,"height":700},{"@type":"BreadcrumbList","@id":"https:\/\/glass-glass.com.mx\/vinos-y-licores\/borgonera\/#breadcrumb","itemListElement":[{"@type":"ListItem","position":1,"name":"Inicio","item":"https:\/\/glass-glass.com.mx\/"},{"@type":"ListItem","position":2,"name":"Productos","item":"https:\/\/glass-glass.com.mx\/productos\/"},{"@type":"ListItem","position":3,"name":"BORGO\u00d1ERA"}]},{"@type":"WebSite","@id":"https:\/\/glass-glass.com.mx\/#website","url":"https:\/\/glass-glass.com.mx\/","name":"Glass &amp; Glass","description":"360\u00b0 de pureza","potentialAction":[{"@type":"SearchAction","target":{"@type":"EntryPoint","urlTemplate":"https:\/\/glass-glass.com.mx\/?s={search_term_string}"},"query-input":{"@type":"PropertyValueSpecification","valueRequired":true,"valueName":"search_term_string"}}],"inLanguage":"en-US"}]}},"_links":{"self":[{"href":"https:\/\/glass-glass.com.mx\/en\/wp-json\/wp\/v2\/product\/17085","targetHints":{"allow":["GET"]}}],"collection":[{"href":"https:\/\/glass-glass.com.mx\/en\/wp-json\/wp\/v2\/product"}],"about":[{"href":"https:\/\/glass-glass.com.mx\/en\/wp-json\/wp\/v2\/types\/product"}],"version-history":[{"count":1,"href":"https:\/\/glass-glass.com.mx\/en\/wp-json\/wp\/v2\/product\/17085\/revisions"}],"predecessor-version":[{"id":17195,"href":"https:\/\/glass-glass.com.mx\/en\/wp-json\/wp\/v2\/product\/17085\/revisions\/17195"}],"wp:featuredmedia":[{"embeddable":true,"href":"https:\/\/glass-glass.com.mx\/en\/wp-json\/wp\/v2\/media\/17027"}],"wp:attachment":[{"href":"https:\/\/glass-glass.com.mx\/en\/wp-json\/wp\/v2\/media?parent=17085"}],"wp:term":[{"taxonomy":"product_brand","embeddable":true,"href":"https:\/\/glass-glass.com.mx\/en\/wp-json\/wp\/v2\/product_brand?post=17085"},{"taxonomy":"product_cat","embeddable":true,"href":"https:\/\/glass-glass.com.mx\/en\/wp-json\/wp\/v2\/product_cat?post=17085"},{"taxonomy":"product_tag","embeddable":true,"href":"https:\/\/glass-glass.com.mx\/en\/wp-json\/wp\/v2\/product_tag?post=17085"}],"curies":[{"name":"wp","href":"https:\/\/api.w.org\/{rel}","templated":true}]}}