{"id":17083,"date":"2023-10-20T10:32:22","date_gmt":"2023-10-20T16:32:22","guid":{"rendered":"https:\/\/glass-glass.com.mx\/sin%20categor\u00eda\/serpentina\/"},"modified":"2023-11-07T22:25:20","modified_gmt":"2023-11-08T04:25:20","slug":"serpentina","status":"publish","type":"product","link":"https:\/\/glass-glass.com.mx\/en\/vinos-y-licores\/serpentina\/","title":{"rendered":"SERPENTINA"},"content":{"rendered":"<p><img decoding=\"async\" class=\"alignnone size-full\" src=\"https:\/\/glass-glass.com.mx\/wp-content\/uploads\/2023\/10\/GGTGR100037-sketch.jpg\" \/><\/p>","protected":false},"excerpt":{"rendered":"<p>Small bohemian style bottle.<\/p>\n<p><b>Style:<\/b> This 375 ml bottle has a mostly curvy body with a short neck compatible with a thread, this shape is quite friendly and ergonomic. Its crystalline finish allows for the optimal appreciation of its content and characteristics.<\/p>\n<p><b>Ideal Use:<\/b> The crown\/topping is a 28-350 for a thread in accordance with international tables. Apt for metal, plastic or any other material lids. The vintage look it possesses makes it ideal for storing distillates like tequila, mezcal and other such liquors.<\/p>\n<p><b>Additional features:<\/b> As all other Glass &amp; Glass products, this bottle enjoys a maximum transparency. 100% lead free, recyclable and highly resistant. Its smooth surface allows for easy labeling and decorating, especially through serigraphy. Compatible with auto-filling devices.<\/p>\n<p><b>Manageability:<\/b> Deliveries of up to 2,030 pieces packed in bulk, facilitating distribution, storage and transportation for large deliveries.<\/p>","protected":false},"featured_media":17018,"template":"","meta":{"_joinchat":[]},"product_brand":[],"product_cat":[161],"product_tag":[],"class_list":{"0":"post-17083","1":"product","2":"type-product","3":"status-publish","4":"has-post-thumbnail","6":"product_cat-vinos-y-licores","7":"pa_capacidad-ml-167","8":"pa_capacidad-onzas-12-68","10":"first","11":"instock","12":"shipping-taxable","13":"product-type-simple"},"yoast_head":"<!-- This site is optimized with the Yoast SEO plugin v23.6 - https:\/\/yoast.com\/wordpress\/plugins\/seo\/ -->\n<title>SERPENTINA - Glass &amp; Glass<\/title>\n<meta name=\"robots\" content=\"index, follow, max-snippet:-1, max-image-preview:large, max-video-preview:-1\" \/>\n<link rel=\"canonical\" href=\"https:\/\/glass-glass.com.mx\/en\/vinos-y-licores\/serpentina\/\" \/>\n<meta property=\"og:locale\" content=\"en_US\" \/>\n<meta property=\"og:type\" content=\"article\" \/>\n<meta property=\"og:title\" content=\"SERPENTINA - Glass &amp; Glass\" \/>\n<meta property=\"og:description\" content=\"Botella estilo bohemia chica  Estilo: La botella serpentina de 375 ml tiene una forma abombada en su cuerpo y un cuello corto compatible con rosca. Su forma es agradable, ergon\u00f3mica y amigable. Su dise\u00f1o la hace f\u00e1cil y c\u00f3moda para sujetar. Su terminado cristalino permite la \u00f3ptima apreciaci\u00f3n de su contenido y sus caracter\u00edsticas.  Uso Ideal: La botella Serpentina de 375 ml de Glass &amp; Glass tiene una corona 28-350 para rosca de acuerdo a las tablas internacionales. Es apta para tapas de todos los materiales como pl\u00e1stico y metal. Su estilo tipo vintage o antiguo, la convierten en el envase ideal para destilados con personalidad como tequila, mezcal, licores de sabores en una c\u00f3moda capacidad.  Caracter\u00edsticas Adicionales: Cuenta con la m\u00e1xima transparencia, obtenida por la formulaci\u00f3n exclusiva de vidrio de Glass &amp; Glass. 100% libre de plomo y reciclable adem\u00e1s de ser altamente resistente. La Serpentina de 375 ml tiene una superficie lisa ideal para la colocaci\u00f3n de etiquetas o decorado por impresi\u00f3n serigr\u00e1fica y es apta para l\u00edneas de llenado autom\u00e1tico.  Maniobrabilidad: La entrega es por tarima de 2030 piezas, empacadas a granel en cajas de cart\u00f3n que protegen y hacen c\u00f3modo su almacenamiento, movilidad y distribuci\u00f3n.\" \/>\n<meta property=\"og:url\" content=\"https:\/\/glass-glass.com.mx\/en\/vinos-y-licores\/serpentina\/\" \/>\n<meta property=\"og:site_name\" content=\"Glass &amp; Glass\" \/>\n<meta property=\"article:modified_time\" content=\"2023-11-08T04:25:20+00:00\" \/>\n<meta property=\"og:image\" content=\"https:\/\/glass-glass.com.mx\/wp-content\/uploads\/2023\/10\/GGTGR100037-1.jpg\" \/>\n\t<meta property=\"og:image:width\" content=\"700\" \/>\n\t<meta property=\"og:image:height\" content=\"700\" \/>\n\t<meta property=\"og:image:type\" content=\"image\/jpeg\" \/>\n<meta name=\"twitter:card\" content=\"summary_large_image\" \/>\n<meta name=\"twitter:label1\" content=\"Est. reading time\" \/>\n\t<meta name=\"twitter:data1\" content=\"1 minute\" \/>\n<script type=\"application\/ld+json\" class=\"yoast-schema-graph\">{\"@context\":\"https:\/\/schema.org\",\"@graph\":[{\"@type\":\"WebPage\",\"@id\":\"https:\/\/glass-glass.com.mx\/vinos-y-licores\/serpentina\/\",\"url\":\"https:\/\/glass-glass.com.mx\/vinos-y-licores\/serpentina\/\",\"name\":\"SERPENTINA - Glass &amp; Glass\",\"isPartOf\":{\"@id\":\"https:\/\/glass-glass.com.mx\/#website\"},\"primaryImageOfPage\":{\"@id\":\"https:\/\/glass-glass.com.mx\/vinos-y-licores\/serpentina\/#primaryimage\"},\"image\":{\"@id\":\"https:\/\/glass-glass.com.mx\/vinos-y-licores\/serpentina\/#primaryimage\"},\"thumbnailUrl\":\"https:\/\/glass-glass.com.mx\/wp-content\/uploads\/2023\/10\/GGTGR100037-1.jpg\",\"datePublished\":\"2023-10-20T16:32:22+00:00\",\"dateModified\":\"2023-11-08T04:25:20+00:00\",\"breadcrumb\":{\"@id\":\"https:\/\/glass-glass.com.mx\/vinos-y-licores\/serpentina\/#breadcrumb\"},\"inLanguage\":\"en-US\",\"potentialAction\":[{\"@type\":\"ReadAction\",\"target\":[\"https:\/\/glass-glass.com.mx\/vinos-y-licores\/serpentina\/\"]}]},{\"@type\":\"ImageObject\",\"inLanguage\":\"en-US\",\"@id\":\"https:\/\/glass-glass.com.mx\/vinos-y-licores\/serpentina\/#primaryimage\",\"url\":\"https:\/\/glass-glass.com.mx\/wp-content\/uploads\/2023\/10\/GGTGR100037-1.jpg\",\"contentUrl\":\"https:\/\/glass-glass.com.mx\/wp-content\/uploads\/2023\/10\/GGTGR100037-1.jpg\",\"width\":700,\"height\":700,\"caption\":\"BOTELLA DE VINO SERPENTINA\"},{\"@type\":\"BreadcrumbList\",\"@id\":\"https:\/\/glass-glass.com.mx\/vinos-y-licores\/serpentina\/#breadcrumb\",\"itemListElement\":[{\"@type\":\"ListItem\",\"position\":1,\"name\":\"Inicio\",\"item\":\"https:\/\/glass-glass.com.mx\/\"},{\"@type\":\"ListItem\",\"position\":2,\"name\":\"Productos\",\"item\":\"https:\/\/glass-glass.com.mx\/productos\/\"},{\"@type\":\"ListItem\",\"position\":3,\"name\":\"SERPENTINA\"}]},{\"@type\":\"WebSite\",\"@id\":\"https:\/\/glass-glass.com.mx\/#website\",\"url\":\"https:\/\/glass-glass.com.mx\/\",\"name\":\"Glass &amp; Glass\",\"description\":\"360\u00b0 de pureza\",\"potentialAction\":[{\"@type\":\"SearchAction\",\"target\":{\"@type\":\"EntryPoint\",\"urlTemplate\":\"https:\/\/glass-glass.com.mx\/?s={search_term_string}\"},\"query-input\":{\"@type\":\"PropertyValueSpecification\",\"valueRequired\":true,\"valueName\":\"search_term_string\"}}],\"inLanguage\":\"en-US\"}]}<\/script>\n<!-- \/ Yoast SEO plugin. -->","yoast_head_json":{"title":"SERPENTINA - Glass &amp; Glass","robots":{"index":"index","follow":"follow","max-snippet":"max-snippet:-1","max-image-preview":"max-image-preview:large","max-video-preview":"max-video-preview:-1"},"canonical":"https:\/\/glass-glass.com.mx\/en\/vinos-y-licores\/serpentina\/","og_locale":"en_US","og_type":"article","og_title":"SERPENTINA - Glass &amp; Glass","og_description":"Botella estilo bohemia chica  Estilo: La botella serpentina de 375 ml tiene una forma abombada en su cuerpo y un cuello corto compatible con rosca. Su forma es agradable, ergon\u00f3mica y amigable. Su dise\u00f1o la hace f\u00e1cil y c\u00f3moda para sujetar. Su terminado cristalino permite la \u00f3ptima apreciaci\u00f3n de su contenido y sus caracter\u00edsticas.  Uso Ideal: La botella Serpentina de 375 ml de Glass &amp; Glass tiene una corona 28-350 para rosca de acuerdo a las tablas internacionales. Es apta para tapas de todos los materiales como pl\u00e1stico y metal. Su estilo tipo vintage o antiguo, la convierten en el envase ideal para destilados con personalidad como tequila, mezcal, licores de sabores en una c\u00f3moda capacidad.  Caracter\u00edsticas Adicionales: Cuenta con la m\u00e1xima transparencia, obtenida por la formulaci\u00f3n exclusiva de vidrio de Glass &amp; Glass. 100% libre de plomo y reciclable adem\u00e1s de ser altamente resistente. La Serpentina de 375 ml tiene una superficie lisa ideal para la colocaci\u00f3n de etiquetas o decorado por impresi\u00f3n serigr\u00e1fica y es apta para l\u00edneas de llenado autom\u00e1tico.  Maniobrabilidad: La entrega es por tarima de 2030 piezas, empacadas a granel en cajas de cart\u00f3n que protegen y hacen c\u00f3modo su almacenamiento, movilidad y distribuci\u00f3n.","og_url":"https:\/\/glass-glass.com.mx\/en\/vinos-y-licores\/serpentina\/","og_site_name":"Glass &amp; Glass","article_modified_time":"2023-11-08T04:25:20+00:00","og_image":[{"width":700,"height":700,"url":"https:\/\/glass-glass.com.mx\/wp-content\/uploads\/2023\/10\/GGTGR100037-1.jpg","type":"image\/jpeg"}],"twitter_card":"summary_large_image","twitter_misc":{"Est. reading time":"1 minute"},"schema":{"@context":"https:\/\/schema.org","@graph":[{"@type":"WebPage","@id":"https:\/\/glass-glass.com.mx\/vinos-y-licores\/serpentina\/","url":"https:\/\/glass-glass.com.mx\/vinos-y-licores\/serpentina\/","name":"SERPENTINA - Glass &amp; Glass","isPartOf":{"@id":"https:\/\/glass-glass.com.mx\/#website"},"primaryImageOfPage":{"@id":"https:\/\/glass-glass.com.mx\/vinos-y-licores\/serpentina\/#primaryimage"},"image":{"@id":"https:\/\/glass-glass.com.mx\/vinos-y-licores\/serpentina\/#primaryimage"},"thumbnailUrl":"https:\/\/glass-glass.com.mx\/wp-content\/uploads\/2023\/10\/GGTGR100037-1.jpg","datePublished":"2023-10-20T16:32:22+00:00","dateModified":"2023-11-08T04:25:20+00:00","breadcrumb":{"@id":"https:\/\/glass-glass.com.mx\/vinos-y-licores\/serpentina\/#breadcrumb"},"inLanguage":"en-US","potentialAction":[{"@type":"ReadAction","target":["https:\/\/glass-glass.com.mx\/vinos-y-licores\/serpentina\/"]}]},{"@type":"ImageObject","inLanguage":"en-US","@id":"https:\/\/glass-glass.com.mx\/vinos-y-licores\/serpentina\/#primaryimage","url":"https:\/\/glass-glass.com.mx\/wp-content\/uploads\/2023\/10\/GGTGR100037-1.jpg","contentUrl":"https:\/\/glass-glass.com.mx\/wp-content\/uploads\/2023\/10\/GGTGR100037-1.jpg","width":700,"height":700,"caption":"BOTELLA DE VINO SERPENTINA"},{"@type":"BreadcrumbList","@id":"https:\/\/glass-glass.com.mx\/vinos-y-licores\/serpentina\/#breadcrumb","itemListElement":[{"@type":"ListItem","position":1,"name":"Inicio","item":"https:\/\/glass-glass.com.mx\/"},{"@type":"ListItem","position":2,"name":"Productos","item":"https:\/\/glass-glass.com.mx\/productos\/"},{"@type":"ListItem","position":3,"name":"SERPENTINA"}]},{"@type":"WebSite","@id":"https:\/\/glass-glass.com.mx\/#website","url":"https:\/\/glass-glass.com.mx\/","name":"Glass &amp; Glass","description":"360\u00b0 de pureza","potentialAction":[{"@type":"SearchAction","target":{"@type":"EntryPoint","urlTemplate":"https:\/\/glass-glass.com.mx\/?s={search_term_string}"},"query-input":{"@type":"PropertyValueSpecification","valueRequired":true,"valueName":"search_term_string"}}],"inLanguage":"en-US"}]}},"_links":{"self":[{"href":"https:\/\/glass-glass.com.mx\/en\/wp-json\/wp\/v2\/product\/17083","targetHints":{"allow":["GET"]}}],"collection":[{"href":"https:\/\/glass-glass.com.mx\/en\/wp-json\/wp\/v2\/product"}],"about":[{"href":"https:\/\/glass-glass.com.mx\/en\/wp-json\/wp\/v2\/types\/product"}],"version-history":[{"count":1,"href":"https:\/\/glass-glass.com.mx\/en\/wp-json\/wp\/v2\/product\/17083\/revisions"}],"predecessor-version":[{"id":17156,"href":"https:\/\/glass-glass.com.mx\/en\/wp-json\/wp\/v2\/product\/17083\/revisions\/17156"}],"wp:featuredmedia":[{"embeddable":true,"href":"https:\/\/glass-glass.com.mx\/en\/wp-json\/wp\/v2\/media\/17018"}],"wp:attachment":[{"href":"https:\/\/glass-glass.com.mx\/en\/wp-json\/wp\/v2\/media?parent=17083"}],"wp:term":[{"taxonomy":"product_brand","embeddable":true,"href":"https:\/\/glass-glass.com.mx\/en\/wp-json\/wp\/v2\/product_brand?post=17083"},{"taxonomy":"product_cat","embeddable":true,"href":"https:\/\/glass-glass.com.mx\/en\/wp-json\/wp\/v2\/product_cat?post=17083"},{"taxonomy":"product_tag","embeddable":true,"href":"https:\/\/glass-glass.com.mx\/en\/wp-json\/wp\/v2\/product_tag?post=17083"}],"curies":[{"name":"wp","href":"https:\/\/api.w.org\/{rel}","templated":true}]}}