{"id":17080,"date":"2023-10-20T10:32:21","date_gmt":"2023-10-20T16:32:21","guid":{"rendered":"https:\/\/glass-glass.com.mx\/sin%20categor\u00eda\/bordalesa\/"},"modified":"2024-11-02T10:23:14","modified_gmt":"2024-11-02T16:23:14","slug":"bordalesa","status":"publish","type":"product","link":"https:\/\/glass-glass.com.mx\/en\/vinos-y-licores\/bordalesa\/","title":{"rendered":"BORDALESA 375 ML"},"content":{"rendered":"<p><img decoding=\"async\" class=\"alignnone size-full\" src=\"https:\/\/glass-glass.com.mx\/wp-content\/uploads\/2023\/10\/GGT100005-sketch.jpg\" \/><\/p>","protected":false},"excerpt":{"rendered":"<p>Classic 375 ml bottle with thread.<\/p>\n<p><b>Style:<\/b> It enjoys a timeless format; keeping a cylindrical body with a stylish neck, compatible with a 28-350 thread. It guarantees to preserve freshness and original flavors.<\/p>\n<p><b>Ideal Use:<\/b> Highly popular for the bottling of wine, mezcal, tequila and other distillates as well as sauces and dressings. Compatible with auto-filling devices. Its crown\/tipping type is 28-350 according to international tables, also compatible with metal or plastic lids.<\/p>\n<p><b>Additional features:<\/b> It enjoys a smooth surface, perfect for labeling or decorating. Crystalline and lead free.<\/p>\n<p><b>Manageability:<\/b> Deliveries of up to 2,208 pieces packed in bulk, facilitating distribution, storage and transportation for large deliveries.<\/p>","protected":false},"featured_media":17036,"template":"","meta":{"_joinchat":[]},"product_brand":[],"product_cat":[161],"product_tag":[],"class_list":{"0":"post-17080","1":"product","2":"type-product","3":"status-publish","4":"has-post-thumbnail","6":"product_cat-vinos-y-licores","7":"pa_capacidad-ml-167","8":"pa_capacidad-onzas-12-68","10":"first","11":"instock","12":"shipping-taxable","13":"product-type-simple"},"yoast_head":"<!-- This site is optimized with the Yoast SEO plugin v23.6 - https:\/\/yoast.com\/wordpress\/plugins\/seo\/ -->\n<title>BORDALESA 375 ML - Glass &amp; Glass<\/title>\n<meta name=\"robots\" content=\"index, follow, max-snippet:-1, max-image-preview:large, max-video-preview:-1\" \/>\n<link rel=\"canonical\" href=\"https:\/\/glass-glass.com.mx\/en\/vinos-y-licores\/bordalesa\/\" \/>\n<meta property=\"og:locale\" content=\"en_US\" \/>\n<meta property=\"og:type\" content=\"article\" \/>\n<meta property=\"og:title\" content=\"BORDALESA 375 ML - Glass &amp; Glass\" \/>\n<meta property=\"og:description\" content=\"Botella cl\u00e1sica chica de 375 ml para rosca  Estilo: La Bordalesa de 375 ml es una botella cl\u00e1sica de forma atemporal; mantiene un cuerpo cil\u00edndrico con un elegante cuello, apto rosca 28-350. Pudiera denominarse como la botella chica o mini de su mismo modelo hermano de 750 ml. Es una garant\u00eda para preservar la frescura y sabores.  Uso Ideal: La botella Bordalesa, de vidrio totalmente cristalino, en su formato de 375 ml es un modelo altamente popular para el envasado de vino, mezcal, tequila y otros destilados, as\u00ed como para aderezos, y salsas. Es compatible con l\u00edneas de llenado autom\u00e1tico. Su tipo de corona es 28-350 de acuerdo a las tablas internacionales y es apta para tapas de metal o pl\u00e1stico.  Caracter\u00edsticas Adicionales: El modelo de Bordalesa cuenta con una variante hermana apta para corcho, as\u00ed como una versi\u00f3n de 750 ml, igualmente compatible con corcho o rosca. La Bordalesa tiene una superficie lisa para la colocaci\u00f3n de etiquetas o decorado. Como el resto de productos del cat\u00e1logo de Glass &amp; Glass, es 100% cristalina y libre de plomo. La formulaci\u00f3n exclusiva de Glass &amp; Glass, asegura una alta resistencia y durabilidad.  Maniobrabilidad: La tarima de botellas Bordalesa para corcho de Glass &amp; Glass tiene 2208 piezas y son empacadas a granel lo que hace su almacenamiento pr\u00e1ctico, movilidad y distribuci\u00f3n.\" \/>\n<meta property=\"og:url\" content=\"https:\/\/glass-glass.com.mx\/en\/vinos-y-licores\/bordalesa\/\" \/>\n<meta property=\"og:site_name\" content=\"Glass &amp; Glass\" \/>\n<meta property=\"article:modified_time\" content=\"2024-11-02T16:23:14+00:00\" \/>\n<meta property=\"og:image\" content=\"https:\/\/glass-glass.com.mx\/wp-content\/uploads\/2023\/10\/GGT100005-1.jpg\" \/>\n\t<meta property=\"og:image:width\" content=\"700\" \/>\n\t<meta property=\"og:image:height\" content=\"700\" \/>\n\t<meta property=\"og:image:type\" content=\"image\/jpeg\" \/>\n<meta name=\"twitter:card\" content=\"summary_large_image\" \/>\n<meta name=\"twitter:label1\" content=\"Est. reading time\" \/>\n\t<meta name=\"twitter:data1\" content=\"1 minute\" \/>\n<script type=\"application\/ld+json\" class=\"yoast-schema-graph\">{\"@context\":\"https:\/\/schema.org\",\"@graph\":[{\"@type\":\"WebPage\",\"@id\":\"https:\/\/glass-glass.com.mx\/vinos-y-licores\/bordalesa\/\",\"url\":\"https:\/\/glass-glass.com.mx\/vinos-y-licores\/bordalesa\/\",\"name\":\"BORDALESA 375 ML - Glass &amp; Glass\",\"isPartOf\":{\"@id\":\"https:\/\/glass-glass.com.mx\/#website\"},\"primaryImageOfPage\":{\"@id\":\"https:\/\/glass-glass.com.mx\/vinos-y-licores\/bordalesa\/#primaryimage\"},\"image\":{\"@id\":\"https:\/\/glass-glass.com.mx\/vinos-y-licores\/bordalesa\/#primaryimage\"},\"thumbnailUrl\":\"https:\/\/glass-glass.com.mx\/wp-content\/uploads\/2023\/10\/GGT100005-1.jpg\",\"datePublished\":\"2023-10-20T16:32:21+00:00\",\"dateModified\":\"2024-11-02T16:23:14+00:00\",\"breadcrumb\":{\"@id\":\"https:\/\/glass-glass.com.mx\/vinos-y-licores\/bordalesa\/#breadcrumb\"},\"inLanguage\":\"en-US\",\"potentialAction\":[{\"@type\":\"ReadAction\",\"target\":[\"https:\/\/glass-glass.com.mx\/vinos-y-licores\/bordalesa\/\"]}]},{\"@type\":\"ImageObject\",\"inLanguage\":\"en-US\",\"@id\":\"https:\/\/glass-glass.com.mx\/vinos-y-licores\/bordalesa\/#primaryimage\",\"url\":\"https:\/\/glass-glass.com.mx\/wp-content\/uploads\/2023\/10\/GGT100005-1.jpg\",\"contentUrl\":\"https:\/\/glass-glass.com.mx\/wp-content\/uploads\/2023\/10\/GGT100005-1.jpg\",\"width\":700,\"height\":700,\"caption\":\"BOTELLA DE VINO BORDALESA\"},{\"@type\":\"BreadcrumbList\",\"@id\":\"https:\/\/glass-glass.com.mx\/vinos-y-licores\/bordalesa\/#breadcrumb\",\"itemListElement\":[{\"@type\":\"ListItem\",\"position\":1,\"name\":\"Inicio\",\"item\":\"https:\/\/glass-glass.com.mx\/\"},{\"@type\":\"ListItem\",\"position\":2,\"name\":\"Productos\",\"item\":\"https:\/\/glass-glass.com.mx\/productos\/\"},{\"@type\":\"ListItem\",\"position\":3,\"name\":\"BORDALESA 375 ML\"}]},{\"@type\":\"WebSite\",\"@id\":\"https:\/\/glass-glass.com.mx\/#website\",\"url\":\"https:\/\/glass-glass.com.mx\/\",\"name\":\"Glass &amp; Glass\",\"description\":\"360\u00b0 de pureza\",\"potentialAction\":[{\"@type\":\"SearchAction\",\"target\":{\"@type\":\"EntryPoint\",\"urlTemplate\":\"https:\/\/glass-glass.com.mx\/?s={search_term_string}\"},\"query-input\":{\"@type\":\"PropertyValueSpecification\",\"valueRequired\":true,\"valueName\":\"search_term_string\"}}],\"inLanguage\":\"en-US\"}]}<\/script>\n<!-- \/ Yoast SEO plugin. -->","yoast_head_json":{"title":"BORDALESA 375 ML - Glass &amp; Glass","robots":{"index":"index","follow":"follow","max-snippet":"max-snippet:-1","max-image-preview":"max-image-preview:large","max-video-preview":"max-video-preview:-1"},"canonical":"https:\/\/glass-glass.com.mx\/en\/vinos-y-licores\/bordalesa\/","og_locale":"en_US","og_type":"article","og_title":"BORDALESA 375 ML - Glass &amp; Glass","og_description":"Botella cl\u00e1sica chica de 375 ml para rosca  Estilo: La Bordalesa de 375 ml es una botella cl\u00e1sica de forma atemporal; mantiene un cuerpo cil\u00edndrico con un elegante cuello, apto rosca 28-350. Pudiera denominarse como la botella chica o mini de su mismo modelo hermano de 750 ml. Es una garant\u00eda para preservar la frescura y sabores.  Uso Ideal: La botella Bordalesa, de vidrio totalmente cristalino, en su formato de 375 ml es un modelo altamente popular para el envasado de vino, mezcal, tequila y otros destilados, as\u00ed como para aderezos, y salsas. Es compatible con l\u00edneas de llenado autom\u00e1tico. Su tipo de corona es 28-350 de acuerdo a las tablas internacionales y es apta para tapas de metal o pl\u00e1stico.  Caracter\u00edsticas Adicionales: El modelo de Bordalesa cuenta con una variante hermana apta para corcho, as\u00ed como una versi\u00f3n de 750 ml, igualmente compatible con corcho o rosca. La Bordalesa tiene una superficie lisa para la colocaci\u00f3n de etiquetas o decorado. Como el resto de productos del cat\u00e1logo de Glass &amp; Glass, es 100% cristalina y libre de plomo. La formulaci\u00f3n exclusiva de Glass &amp; Glass, asegura una alta resistencia y durabilidad.  Maniobrabilidad: La tarima de botellas Bordalesa para corcho de Glass &amp; Glass tiene 2208 piezas y son empacadas a granel lo que hace su almacenamiento pr\u00e1ctico, movilidad y distribuci\u00f3n.","og_url":"https:\/\/glass-glass.com.mx\/en\/vinos-y-licores\/bordalesa\/","og_site_name":"Glass &amp; Glass","article_modified_time":"2024-11-02T16:23:14+00:00","og_image":[{"width":700,"height":700,"url":"https:\/\/glass-glass.com.mx\/wp-content\/uploads\/2023\/10\/GGT100005-1.jpg","type":"image\/jpeg"}],"twitter_card":"summary_large_image","twitter_misc":{"Est. reading time":"1 minute"},"schema":{"@context":"https:\/\/schema.org","@graph":[{"@type":"WebPage","@id":"https:\/\/glass-glass.com.mx\/vinos-y-licores\/bordalesa\/","url":"https:\/\/glass-glass.com.mx\/vinos-y-licores\/bordalesa\/","name":"BORDALESA 375 ML - Glass &amp; Glass","isPartOf":{"@id":"https:\/\/glass-glass.com.mx\/#website"},"primaryImageOfPage":{"@id":"https:\/\/glass-glass.com.mx\/vinos-y-licores\/bordalesa\/#primaryimage"},"image":{"@id":"https:\/\/glass-glass.com.mx\/vinos-y-licores\/bordalesa\/#primaryimage"},"thumbnailUrl":"https:\/\/glass-glass.com.mx\/wp-content\/uploads\/2023\/10\/GGT100005-1.jpg","datePublished":"2023-10-20T16:32:21+00:00","dateModified":"2024-11-02T16:23:14+00:00","breadcrumb":{"@id":"https:\/\/glass-glass.com.mx\/vinos-y-licores\/bordalesa\/#breadcrumb"},"inLanguage":"en-US","potentialAction":[{"@type":"ReadAction","target":["https:\/\/glass-glass.com.mx\/vinos-y-licores\/bordalesa\/"]}]},{"@type":"ImageObject","inLanguage":"en-US","@id":"https:\/\/glass-glass.com.mx\/vinos-y-licores\/bordalesa\/#primaryimage","url":"https:\/\/glass-glass.com.mx\/wp-content\/uploads\/2023\/10\/GGT100005-1.jpg","contentUrl":"https:\/\/glass-glass.com.mx\/wp-content\/uploads\/2023\/10\/GGT100005-1.jpg","width":700,"height":700,"caption":"BOTELLA DE VINO BORDALESA"},{"@type":"BreadcrumbList","@id":"https:\/\/glass-glass.com.mx\/vinos-y-licores\/bordalesa\/#breadcrumb","itemListElement":[{"@type":"ListItem","position":1,"name":"Inicio","item":"https:\/\/glass-glass.com.mx\/"},{"@type":"ListItem","position":2,"name":"Productos","item":"https:\/\/glass-glass.com.mx\/productos\/"},{"@type":"ListItem","position":3,"name":"BORDALESA 375 ML"}]},{"@type":"WebSite","@id":"https:\/\/glass-glass.com.mx\/#website","url":"https:\/\/glass-glass.com.mx\/","name":"Glass &amp; Glass","description":"360\u00b0 de pureza","potentialAction":[{"@type":"SearchAction","target":{"@type":"EntryPoint","urlTemplate":"https:\/\/glass-glass.com.mx\/?s={search_term_string}"},"query-input":{"@type":"PropertyValueSpecification","valueRequired":true,"valueName":"search_term_string"}}],"inLanguage":"en-US"}]}},"_links":{"self":[{"href":"https:\/\/glass-glass.com.mx\/en\/wp-json\/wp\/v2\/product\/17080","targetHints":{"allow":["GET"]}}],"collection":[{"href":"https:\/\/glass-glass.com.mx\/en\/wp-json\/wp\/v2\/product"}],"about":[{"href":"https:\/\/glass-glass.com.mx\/en\/wp-json\/wp\/v2\/types\/product"}],"version-history":[{"count":4,"href":"https:\/\/glass-glass.com.mx\/en\/wp-json\/wp\/v2\/product\/17080\/revisions"}],"predecessor-version":[{"id":18527,"href":"https:\/\/glass-glass.com.mx\/en\/wp-json\/wp\/v2\/product\/17080\/revisions\/18527"}],"wp:featuredmedia":[{"embeddable":true,"href":"https:\/\/glass-glass.com.mx\/en\/wp-json\/wp\/v2\/media\/17036"}],"wp:attachment":[{"href":"https:\/\/glass-glass.com.mx\/en\/wp-json\/wp\/v2\/media?parent=17080"}],"wp:term":[{"taxonomy":"product_brand","embeddable":true,"href":"https:\/\/glass-glass.com.mx\/en\/wp-json\/wp\/v2\/product_brand?post=17080"},{"taxonomy":"product_cat","embeddable":true,"href":"https:\/\/glass-glass.com.mx\/en\/wp-json\/wp\/v2\/product_cat?post=17080"},{"taxonomy":"product_tag","embeddable":true,"href":"https:\/\/glass-glass.com.mx\/en\/wp-json\/wp\/v2\/product_tag?post=17080"}],"curies":[{"name":"wp","href":"https:\/\/api.w.org\/{rel}","templated":true}]}}