{"id":17079,"date":"2023-10-20T10:32:21","date_gmt":"2023-10-20T16:32:21","guid":{"rendered":"https:\/\/glass-glass.com.mx\/sin%20categor\u00eda\/alambique-2\/"},"modified":"2024-11-02T10:21:36","modified_gmt":"2024-11-02T16:21:36","slug":"alambique-2","status":"publish","type":"product","link":"https:\/\/glass-glass.com.mx\/en\/vinos-y-licores\/alambique-2\/","title":{"rendered":"ALAMBIQUE 750 ML"},"content":{"rendered":"<p><img decoding=\"async\" class=\"alignnone size-full\" src=\"https:\/\/glass-glass.com.mx\/wp-content\/uploads\/2023\/10\/GGT100024-sketch.jpg\" \/><\/p>","protected":false},"excerpt":{"rendered":"<p>Cylindrical 750 ml bottle.<\/p>\n<p><b>Style:<\/b> It keeps a cylindrical shape up until the neck of the bottle, where it slightly curves. A sophisticated, yet classic way to bottle distillates, liquors and sweet creamy alcohol.<\/p>\n<p><b>Ideal Use:<\/b> It keeps the freshness and flavor of whichever drink stored in it, intact. Compatible with auto-filling devices. Highly recommended for the bottling of tequila, rum, mezcal and other traditional Mexican liquors, like pulque or rompope. The bottle\u2019s material inherent neutrality makes it ideal for the storage of liquors and distillates.<\/p>\n<p><b>Additional features:<\/b> 100% crystalline, lead free and recyclable.<\/p>\n<p><b>Manageability:<\/b> Delivered in pallets for a total of up to 1,296 pieces packed in cardboard boxes, facilitating distribution, storage and transportation.<\/p>","protected":false},"featured_media":17035,"template":"","meta":{"_joinchat":[]},"product_brand":[],"product_cat":[161],"product_tag":[],"class_list":{"0":"post-17079","1":"product","2":"type-product","3":"status-publish","4":"has-post-thumbnail","6":"product_cat-vinos-y-licores","7":"pa_capacidad-ml-165","8":"pa_capacidad-onzas-25-36","10":"first","11":"instock","12":"shipping-taxable","13":"product-type-simple"},"yoast_head":"<!-- This site is optimized with the Yoast SEO plugin v23.6 - https:\/\/yoast.com\/wordpress\/plugins\/seo\/ -->\n<title>ALAMBIQUE 750 ML - Glass &amp; Glass<\/title>\n<meta name=\"robots\" content=\"index, follow, max-snippet:-1, max-image-preview:large, max-video-preview:-1\" \/>\n<link rel=\"canonical\" href=\"https:\/\/glass-glass.com.mx\/en\/vinos-y-licores\/alambique-2\/\" \/>\n<meta property=\"og:locale\" content=\"en_US\" \/>\n<meta property=\"og:type\" content=\"article\" \/>\n<meta property=\"og:title\" content=\"ALAMBIQUE 750 ML - Glass &amp; Glass\" \/>\n<meta property=\"og:description\" content=\"Botella cil\u00edndrica de 750 ml  Estilo: Botella cil\u00edndrica recta con un cuello sutilmente curvo y elegante. La botella alambique tiene capacidad para 750 ml. 100% cristalina y libre de plomo. Se trata de una forma sofisticada y cl\u00e1sica para el envasado de destilados, licores y cremas. Cuenta con una versi\u00f3n hermana de mayor capacidad de 1L.  Uso Ideal: La botella alambique de 750 ml preserva la frescura y sabor de las bebidas. Es compatible con l\u00edneas de llenado autom\u00e1tico y con tapas de metal y pl\u00e1stico con un tipo de corona 1031.47 GUALA, de acuerdo a tablas internacionales. Altamente recomendada para destilados nacionales como tequila, ron, mezcal, rompope o pulque. La cualidad inerte y neutral del vidrio, preserva intactos los sabores y frescura de su contenido.  Caracter\u00edsticas Adicionales: Cuenta con la m\u00e1xima transparencia, con vidrio 100% cristalino, obtenida por la formulaci\u00f3n exclusiva de Glass &amp; Glass. Totalmente libre de plomo y reciclable.  Maniobrabilidad: La botella alambique de 750 ml. es altamente resistente y duradera. Tiene una superficie lisa ideal para la colocaci\u00f3n de etiquetas o decorado por impresi\u00f3n serigr\u00e1fica. La tarima se compone de 1296 piezas en cajas.\" \/>\n<meta property=\"og:url\" content=\"https:\/\/glass-glass.com.mx\/en\/vinos-y-licores\/alambique-2\/\" \/>\n<meta property=\"og:site_name\" content=\"Glass &amp; Glass\" \/>\n<meta property=\"article:modified_time\" content=\"2024-11-02T16:21:36+00:00\" \/>\n<meta property=\"og:image\" content=\"https:\/\/glass-glass.com.mx\/wp-content\/uploads\/2023\/10\/GGT100024-1.jpg\" \/>\n\t<meta property=\"og:image:width\" content=\"700\" \/>\n\t<meta property=\"og:image:height\" content=\"700\" \/>\n\t<meta property=\"og:image:type\" content=\"image\/jpeg\" \/>\n<meta name=\"twitter:card\" content=\"summary_large_image\" \/>\n<meta name=\"twitter:label1\" content=\"Est. reading time\" \/>\n\t<meta name=\"twitter:data1\" content=\"1 minute\" \/>\n<script type=\"application\/ld+json\" class=\"yoast-schema-graph\">{\"@context\":\"https:\/\/schema.org\",\"@graph\":[{\"@type\":\"WebPage\",\"@id\":\"https:\/\/glass-glass.com.mx\/vinos-y-licores\/alambique-2\/\",\"url\":\"https:\/\/glass-glass.com.mx\/vinos-y-licores\/alambique-2\/\",\"name\":\"ALAMBIQUE 750 ML - Glass &amp; Glass\",\"isPartOf\":{\"@id\":\"https:\/\/glass-glass.com.mx\/#website\"},\"primaryImageOfPage\":{\"@id\":\"https:\/\/glass-glass.com.mx\/vinos-y-licores\/alambique-2\/#primaryimage\"},\"image\":{\"@id\":\"https:\/\/glass-glass.com.mx\/vinos-y-licores\/alambique-2\/#primaryimage\"},\"thumbnailUrl\":\"https:\/\/glass-glass.com.mx\/wp-content\/uploads\/2023\/10\/GGT100024-1.jpg\",\"datePublished\":\"2023-10-20T16:32:21+00:00\",\"dateModified\":\"2024-11-02T16:21:36+00:00\",\"breadcrumb\":{\"@id\":\"https:\/\/glass-glass.com.mx\/vinos-y-licores\/alambique-2\/#breadcrumb\"},\"inLanguage\":\"en-US\",\"potentialAction\":[{\"@type\":\"ReadAction\",\"target\":[\"https:\/\/glass-glass.com.mx\/vinos-y-licores\/alambique-2\/\"]}]},{\"@type\":\"ImageObject\",\"inLanguage\":\"en-US\",\"@id\":\"https:\/\/glass-glass.com.mx\/vinos-y-licores\/alambique-2\/#primaryimage\",\"url\":\"https:\/\/glass-glass.com.mx\/wp-content\/uploads\/2023\/10\/GGT100024-1.jpg\",\"contentUrl\":\"https:\/\/glass-glass.com.mx\/wp-content\/uploads\/2023\/10\/GGT100024-1.jpg\",\"width\":700,\"height\":700,\"caption\":\"BOTELLA DE VINO ALAMBIQUE\"},{\"@type\":\"BreadcrumbList\",\"@id\":\"https:\/\/glass-glass.com.mx\/vinos-y-licores\/alambique-2\/#breadcrumb\",\"itemListElement\":[{\"@type\":\"ListItem\",\"position\":1,\"name\":\"Inicio\",\"item\":\"https:\/\/glass-glass.com.mx\/\"},{\"@type\":\"ListItem\",\"position\":2,\"name\":\"Productos\",\"item\":\"https:\/\/glass-glass.com.mx\/productos\/\"},{\"@type\":\"ListItem\",\"position\":3,\"name\":\"ALAMBIQUE 750 ML\"}]},{\"@type\":\"WebSite\",\"@id\":\"https:\/\/glass-glass.com.mx\/#website\",\"url\":\"https:\/\/glass-glass.com.mx\/\",\"name\":\"Glass &amp; Glass\",\"description\":\"360\u00b0 de pureza\",\"potentialAction\":[{\"@type\":\"SearchAction\",\"target\":{\"@type\":\"EntryPoint\",\"urlTemplate\":\"https:\/\/glass-glass.com.mx\/?s={search_term_string}\"},\"query-input\":{\"@type\":\"PropertyValueSpecification\",\"valueRequired\":true,\"valueName\":\"search_term_string\"}}],\"inLanguage\":\"en-US\"}]}<\/script>\n<!-- \/ Yoast SEO plugin. -->","yoast_head_json":{"title":"ALAMBIQUE 750 ML - Glass &amp; Glass","robots":{"index":"index","follow":"follow","max-snippet":"max-snippet:-1","max-image-preview":"max-image-preview:large","max-video-preview":"max-video-preview:-1"},"canonical":"https:\/\/glass-glass.com.mx\/en\/vinos-y-licores\/alambique-2\/","og_locale":"en_US","og_type":"article","og_title":"ALAMBIQUE 750 ML - Glass &amp; Glass","og_description":"Botella cil\u00edndrica de 750 ml  Estilo: Botella cil\u00edndrica recta con un cuello sutilmente curvo y elegante. La botella alambique tiene capacidad para 750 ml. 100% cristalina y libre de plomo. Se trata de una forma sofisticada y cl\u00e1sica para el envasado de destilados, licores y cremas. Cuenta con una versi\u00f3n hermana de mayor capacidad de 1L.  Uso Ideal: La botella alambique de 750 ml preserva la frescura y sabor de las bebidas. Es compatible con l\u00edneas de llenado autom\u00e1tico y con tapas de metal y pl\u00e1stico con un tipo de corona 1031.47 GUALA, de acuerdo a tablas internacionales. Altamente recomendada para destilados nacionales como tequila, ron, mezcal, rompope o pulque. La cualidad inerte y neutral del vidrio, preserva intactos los sabores y frescura de su contenido.  Caracter\u00edsticas Adicionales: Cuenta con la m\u00e1xima transparencia, con vidrio 100% cristalino, obtenida por la formulaci\u00f3n exclusiva de Glass &amp; Glass. Totalmente libre de plomo y reciclable.  Maniobrabilidad: La botella alambique de 750 ml. es altamente resistente y duradera. Tiene una superficie lisa ideal para la colocaci\u00f3n de etiquetas o decorado por impresi\u00f3n serigr\u00e1fica. La tarima se compone de 1296 piezas en cajas.","og_url":"https:\/\/glass-glass.com.mx\/en\/vinos-y-licores\/alambique-2\/","og_site_name":"Glass &amp; Glass","article_modified_time":"2024-11-02T16:21:36+00:00","og_image":[{"width":700,"height":700,"url":"https:\/\/glass-glass.com.mx\/wp-content\/uploads\/2023\/10\/GGT100024-1.jpg","type":"image\/jpeg"}],"twitter_card":"summary_large_image","twitter_misc":{"Est. reading time":"1 minute"},"schema":{"@context":"https:\/\/schema.org","@graph":[{"@type":"WebPage","@id":"https:\/\/glass-glass.com.mx\/vinos-y-licores\/alambique-2\/","url":"https:\/\/glass-glass.com.mx\/vinos-y-licores\/alambique-2\/","name":"ALAMBIQUE 750 ML - Glass &amp; Glass","isPartOf":{"@id":"https:\/\/glass-glass.com.mx\/#website"},"primaryImageOfPage":{"@id":"https:\/\/glass-glass.com.mx\/vinos-y-licores\/alambique-2\/#primaryimage"},"image":{"@id":"https:\/\/glass-glass.com.mx\/vinos-y-licores\/alambique-2\/#primaryimage"},"thumbnailUrl":"https:\/\/glass-glass.com.mx\/wp-content\/uploads\/2023\/10\/GGT100024-1.jpg","datePublished":"2023-10-20T16:32:21+00:00","dateModified":"2024-11-02T16:21:36+00:00","breadcrumb":{"@id":"https:\/\/glass-glass.com.mx\/vinos-y-licores\/alambique-2\/#breadcrumb"},"inLanguage":"en-US","potentialAction":[{"@type":"ReadAction","target":["https:\/\/glass-glass.com.mx\/vinos-y-licores\/alambique-2\/"]}]},{"@type":"ImageObject","inLanguage":"en-US","@id":"https:\/\/glass-glass.com.mx\/vinos-y-licores\/alambique-2\/#primaryimage","url":"https:\/\/glass-glass.com.mx\/wp-content\/uploads\/2023\/10\/GGT100024-1.jpg","contentUrl":"https:\/\/glass-glass.com.mx\/wp-content\/uploads\/2023\/10\/GGT100024-1.jpg","width":700,"height":700,"caption":"BOTELLA DE VINO ALAMBIQUE"},{"@type":"BreadcrumbList","@id":"https:\/\/glass-glass.com.mx\/vinos-y-licores\/alambique-2\/#breadcrumb","itemListElement":[{"@type":"ListItem","position":1,"name":"Inicio","item":"https:\/\/glass-glass.com.mx\/"},{"@type":"ListItem","position":2,"name":"Productos","item":"https:\/\/glass-glass.com.mx\/productos\/"},{"@type":"ListItem","position":3,"name":"ALAMBIQUE 750 ML"}]},{"@type":"WebSite","@id":"https:\/\/glass-glass.com.mx\/#website","url":"https:\/\/glass-glass.com.mx\/","name":"Glass &amp; Glass","description":"360\u00b0 de pureza","potentialAction":[{"@type":"SearchAction","target":{"@type":"EntryPoint","urlTemplate":"https:\/\/glass-glass.com.mx\/?s={search_term_string}"},"query-input":{"@type":"PropertyValueSpecification","valueRequired":true,"valueName":"search_term_string"}}],"inLanguage":"en-US"}]}},"_links":{"self":[{"href":"https:\/\/glass-glass.com.mx\/en\/wp-json\/wp\/v2\/product\/17079","targetHints":{"allow":["GET"]}}],"collection":[{"href":"https:\/\/glass-glass.com.mx\/en\/wp-json\/wp\/v2\/product"}],"about":[{"href":"https:\/\/glass-glass.com.mx\/en\/wp-json\/wp\/v2\/types\/product"}],"version-history":[{"count":2,"href":"https:\/\/glass-glass.com.mx\/en\/wp-json\/wp\/v2\/product\/17079\/revisions"}],"predecessor-version":[{"id":18526,"href":"https:\/\/glass-glass.com.mx\/en\/wp-json\/wp\/v2\/product\/17079\/revisions\/18526"}],"wp:featuredmedia":[{"embeddable":true,"href":"https:\/\/glass-glass.com.mx\/en\/wp-json\/wp\/v2\/media\/17035"}],"wp:attachment":[{"href":"https:\/\/glass-glass.com.mx\/en\/wp-json\/wp\/v2\/media?parent=17079"}],"wp:term":[{"taxonomy":"product_brand","embeddable":true,"href":"https:\/\/glass-glass.com.mx\/en\/wp-json\/wp\/v2\/product_brand?post=17079"},{"taxonomy":"product_cat","embeddable":true,"href":"https:\/\/glass-glass.com.mx\/en\/wp-json\/wp\/v2\/product_cat?post=17079"},{"taxonomy":"product_tag","embeddable":true,"href":"https:\/\/glass-glass.com.mx\/en\/wp-json\/wp\/v2\/product_tag?post=17079"}],"curies":[{"name":"wp","href":"https:\/\/api.w.org\/{rel}","templated":true}]}}