{"id":16436,"date":"2023-08-30T13:27:28","date_gmt":"2023-08-30T19:27:28","guid":{"rendered":"https:\/\/glass-glass.com.mx\/sin%20categor\u00eda\/highball\/"},"modified":"2024-01-04T23:48:26","modified_gmt":"2024-01-05T05:48:26","slug":"highball","status":"publish","type":"product","link":"https:\/\/glass-glass.com.mx\/en\/hogar-y-cristaleria\/vasos\/vaso-highball\/highball\/","title":{"rendered":"HIGHBALL"},"content":{"rendered":"<p><img decoding=\"async\" class=\"alignnone size-full\" src=\"https:\/\/glass-glass.com.mx\/wp-content\/uploads\/2023\/08\/GCVACA050-sketch.jpg\" \/><\/p>","protected":false},"excerpt":{"rendered":"<p>Smooth cylindrical glass.<\/p>\n<p><b>Style:<\/b> Smooth, elegant and sophisticated. In Glass &amp; Glass we offer the crystalline version of this classic; lead free, ergonomic and modern.<\/p>\n<p><b>Ideal Use:<\/b> Perfect for the serving of cocktails, thus great in bars, restaurants, hotels and any sort of entertainment event. A 300 ml capacity makes it practical, easy to transport, store and clean.<\/p>\n<p><b>Additional features:<\/b> Glass &amp; Glass guarantees its resistance and time endurance, it can hold hot and cold drinks alike. Lead free and comfortable due to its standardized capacity.<\/p>\n<p><b>Manageability:<\/b> Can be delivered in pallets with up to 2,592  pieces each, distributed in 24 cardboard boxes. Making storage, mobility and distribution easier.<\/p>","protected":false},"featured_media":17745,"template":"","meta":{"_joinchat":[]},"product_brand":[],"product_cat":[156],"product_tag":[],"class_list":{"0":"post-16436","1":"product","2":"type-product","3":"status-publish","4":"has-post-thumbnail","6":"product_cat-vaso-highball","7":"pa_capacidad-ml-300-ml","8":"pa_capacidad-onzas-10-14-oz","10":"first","11":"instock","12":"shipping-taxable","13":"product-type-simple"},"yoast_head":"<!-- This site is optimized with the Yoast SEO plugin v23.6 - https:\/\/yoast.com\/wordpress\/plugins\/seo\/ -->\n<title>HIGHBALL - Glass &amp; Glass<\/title>\n<meta name=\"robots\" content=\"index, follow, max-snippet:-1, max-image-preview:large, max-video-preview:-1\" \/>\n<link rel=\"canonical\" href=\"https:\/\/glass-glass.com.mx\/en\/hogar-y-cristaleria\/vasos\/vaso-highball\/highball\/\" \/>\n<meta property=\"og:locale\" content=\"en_US\" \/>\n<meta property=\"og:type\" content=\"article\" \/>\n<meta property=\"og:title\" content=\"HIGHBALL - Glass &amp; Glass\" \/>\n<meta property=\"og:description\" content=\"Vaso liso cil\u00edndrico  Estilo: El dise\u00f1o del vaso highball es una propuesta lisa, elegante y sofisticada. Como fabricantes de vasos, en Glass &amp; Glass ofrecemos nuestra versi\u00f3n de este cl\u00e1sico vaso 100% cristalino, libre de plomo, altamente ergon\u00f3mico y con una l\u00ednea moderna.  Uso Ideal: Totalmente funcional para mixolog\u00eda, el vaso highball es ideal para bares, restaurantes y eventos de gran escala como el sector hotelero y de entretenimiento. Este modelo de vaso de Glass &amp; Glass es pr\u00e1ctico por su capacidad de 300 ml mientras es f\u00e1cil de transportar, almacenar y lavar.  Caracter\u00edsticas Adicionales: El vaso highball como garant\u00eda de Glass &amp; Glass, es altamente duradero, resistente a bebidas calientes y heladas, y tiene una vida \u00fatil prolongada. Es un vaso libre de plomo, c\u00f3modo para tomar y de una medida est\u00e1ndar para disfrutar una bebida.  Maniobrabilidad: Empaquetado en cajas de cart\u00f3n, facilita la distribuci\u00f3n, almacenamiento y transporte, siendo ideal para grandes pedidos y eventos. La entrega del vaso highball liso es en tarimas de 2,592 unidades, distribuidas en 24 cajas.\" \/>\n<meta property=\"og:url\" content=\"https:\/\/glass-glass.com.mx\/en\/hogar-y-cristaleria\/vasos\/vaso-highball\/highball\/\" \/>\n<meta property=\"og:site_name\" content=\"Glass &amp; Glass\" \/>\n<meta property=\"article:modified_time\" content=\"2024-01-05T05:48:26+00:00\" \/>\n<meta property=\"og:image\" content=\"https:\/\/glass-glass.com.mx\/wp-content\/uploads\/2023\/08\/GCVACA050.jpg\" \/>\n\t<meta property=\"og:image:width\" content=\"700\" \/>\n\t<meta property=\"og:image:height\" content=\"700\" \/>\n\t<meta property=\"og:image:type\" content=\"image\/jpeg\" \/>\n<meta name=\"twitter:card\" content=\"summary_large_image\" \/>\n<meta name=\"twitter:label1\" content=\"Est. reading time\" \/>\n\t<meta name=\"twitter:data1\" content=\"1 minute\" \/>\n<script type=\"application\/ld+json\" class=\"yoast-schema-graph\">{\"@context\":\"https:\/\/schema.org\",\"@graph\":[{\"@type\":\"WebPage\",\"@id\":\"https:\/\/glass-glass.com.mx\/hogar-y-cristaleria\/vasos\/vaso-highball\/highball\/\",\"url\":\"https:\/\/glass-glass.com.mx\/hogar-y-cristaleria\/vasos\/vaso-highball\/highball\/\",\"name\":\"HIGHBALL - Glass &amp; Glass\",\"isPartOf\":{\"@id\":\"https:\/\/glass-glass.com.mx\/#website\"},\"primaryImageOfPage\":{\"@id\":\"https:\/\/glass-glass.com.mx\/hogar-y-cristaleria\/vasos\/vaso-highball\/highball\/#primaryimage\"},\"image\":{\"@id\":\"https:\/\/glass-glass.com.mx\/hogar-y-cristaleria\/vasos\/vaso-highball\/highball\/#primaryimage\"},\"thumbnailUrl\":\"https:\/\/glass-glass.com.mx\/wp-content\/uploads\/2023\/08\/GCVACA050.jpg\",\"datePublished\":\"2023-08-30T19:27:28+00:00\",\"dateModified\":\"2024-01-05T05:48:26+00:00\",\"breadcrumb\":{\"@id\":\"https:\/\/glass-glass.com.mx\/hogar-y-cristaleria\/vasos\/vaso-highball\/highball\/#breadcrumb\"},\"inLanguage\":\"en-US\",\"potentialAction\":[{\"@type\":\"ReadAction\",\"target\":[\"https:\/\/glass-glass.com.mx\/hogar-y-cristaleria\/vasos\/vaso-highball\/highball\/\"]}]},{\"@type\":\"ImageObject\",\"inLanguage\":\"en-US\",\"@id\":\"https:\/\/glass-glass.com.mx\/hogar-y-cristaleria\/vasos\/vaso-highball\/highball\/#primaryimage\",\"url\":\"https:\/\/glass-glass.com.mx\/wp-content\/uploads\/2023\/08\/GCVACA050.jpg\",\"contentUrl\":\"https:\/\/glass-glass.com.mx\/wp-content\/uploads\/2023\/08\/GCVACA050.jpg\",\"width\":700,\"height\":700,\"caption\":\"HIGHBALL\"},{\"@type\":\"BreadcrumbList\",\"@id\":\"https:\/\/glass-glass.com.mx\/hogar-y-cristaleria\/vasos\/vaso-highball\/highball\/#breadcrumb\",\"itemListElement\":[{\"@type\":\"ListItem\",\"position\":1,\"name\":\"Inicio\",\"item\":\"https:\/\/glass-glass.com.mx\/\"},{\"@type\":\"ListItem\",\"position\":2,\"name\":\"Productos\",\"item\":\"https:\/\/glass-glass.com.mx\/productos\/\"},{\"@type\":\"ListItem\",\"position\":3,\"name\":\"HIGHBALL\"}]},{\"@type\":\"WebSite\",\"@id\":\"https:\/\/glass-glass.com.mx\/#website\",\"url\":\"https:\/\/glass-glass.com.mx\/\",\"name\":\"Glass &amp; Glass\",\"description\":\"360\u00b0 de pureza\",\"potentialAction\":[{\"@type\":\"SearchAction\",\"target\":{\"@type\":\"EntryPoint\",\"urlTemplate\":\"https:\/\/glass-glass.com.mx\/?s={search_term_string}\"},\"query-input\":{\"@type\":\"PropertyValueSpecification\",\"valueRequired\":true,\"valueName\":\"search_term_string\"}}],\"inLanguage\":\"en-US\"}]}<\/script>\n<!-- \/ Yoast SEO plugin. -->","yoast_head_json":{"title":"HIGHBALL - Glass &amp; Glass","robots":{"index":"index","follow":"follow","max-snippet":"max-snippet:-1","max-image-preview":"max-image-preview:large","max-video-preview":"max-video-preview:-1"},"canonical":"https:\/\/glass-glass.com.mx\/en\/hogar-y-cristaleria\/vasos\/vaso-highball\/highball\/","og_locale":"en_US","og_type":"article","og_title":"HIGHBALL - Glass &amp; Glass","og_description":"Vaso liso cil\u00edndrico  Estilo: El dise\u00f1o del vaso highball es una propuesta lisa, elegante y sofisticada. Como fabricantes de vasos, en Glass &amp; Glass ofrecemos nuestra versi\u00f3n de este cl\u00e1sico vaso 100% cristalino, libre de plomo, altamente ergon\u00f3mico y con una l\u00ednea moderna.  Uso Ideal: Totalmente funcional para mixolog\u00eda, el vaso highball es ideal para bares, restaurantes y eventos de gran escala como el sector hotelero y de entretenimiento. Este modelo de vaso de Glass &amp; Glass es pr\u00e1ctico por su capacidad de 300 ml mientras es f\u00e1cil de transportar, almacenar y lavar.  Caracter\u00edsticas Adicionales: El vaso highball como garant\u00eda de Glass &amp; Glass, es altamente duradero, resistente a bebidas calientes y heladas, y tiene una vida \u00fatil prolongada. Es un vaso libre de plomo, c\u00f3modo para tomar y de una medida est\u00e1ndar para disfrutar una bebida.  Maniobrabilidad: Empaquetado en cajas de cart\u00f3n, facilita la distribuci\u00f3n, almacenamiento y transporte, siendo ideal para grandes pedidos y eventos. La entrega del vaso highball liso es en tarimas de 2,592 unidades, distribuidas en 24 cajas.","og_url":"https:\/\/glass-glass.com.mx\/en\/hogar-y-cristaleria\/vasos\/vaso-highball\/highball\/","og_site_name":"Glass &amp; Glass","article_modified_time":"2024-01-05T05:48:26+00:00","og_image":[{"width":700,"height":700,"url":"https:\/\/glass-glass.com.mx\/wp-content\/uploads\/2023\/08\/GCVACA050.jpg","type":"image\/jpeg"}],"twitter_card":"summary_large_image","twitter_misc":{"Est. reading time":"1 minute"},"schema":{"@context":"https:\/\/schema.org","@graph":[{"@type":"WebPage","@id":"https:\/\/glass-glass.com.mx\/hogar-y-cristaleria\/vasos\/vaso-highball\/highball\/","url":"https:\/\/glass-glass.com.mx\/hogar-y-cristaleria\/vasos\/vaso-highball\/highball\/","name":"HIGHBALL - Glass &amp; Glass","isPartOf":{"@id":"https:\/\/glass-glass.com.mx\/#website"},"primaryImageOfPage":{"@id":"https:\/\/glass-glass.com.mx\/hogar-y-cristaleria\/vasos\/vaso-highball\/highball\/#primaryimage"},"image":{"@id":"https:\/\/glass-glass.com.mx\/hogar-y-cristaleria\/vasos\/vaso-highball\/highball\/#primaryimage"},"thumbnailUrl":"https:\/\/glass-glass.com.mx\/wp-content\/uploads\/2023\/08\/GCVACA050.jpg","datePublished":"2023-08-30T19:27:28+00:00","dateModified":"2024-01-05T05:48:26+00:00","breadcrumb":{"@id":"https:\/\/glass-glass.com.mx\/hogar-y-cristaleria\/vasos\/vaso-highball\/highball\/#breadcrumb"},"inLanguage":"en-US","potentialAction":[{"@type":"ReadAction","target":["https:\/\/glass-glass.com.mx\/hogar-y-cristaleria\/vasos\/vaso-highball\/highball\/"]}]},{"@type":"ImageObject","inLanguage":"en-US","@id":"https:\/\/glass-glass.com.mx\/hogar-y-cristaleria\/vasos\/vaso-highball\/highball\/#primaryimage","url":"https:\/\/glass-glass.com.mx\/wp-content\/uploads\/2023\/08\/GCVACA050.jpg","contentUrl":"https:\/\/glass-glass.com.mx\/wp-content\/uploads\/2023\/08\/GCVACA050.jpg","width":700,"height":700,"caption":"HIGHBALL"},{"@type":"BreadcrumbList","@id":"https:\/\/glass-glass.com.mx\/hogar-y-cristaleria\/vasos\/vaso-highball\/highball\/#breadcrumb","itemListElement":[{"@type":"ListItem","position":1,"name":"Inicio","item":"https:\/\/glass-glass.com.mx\/"},{"@type":"ListItem","position":2,"name":"Productos","item":"https:\/\/glass-glass.com.mx\/productos\/"},{"@type":"ListItem","position":3,"name":"HIGHBALL"}]},{"@type":"WebSite","@id":"https:\/\/glass-glass.com.mx\/#website","url":"https:\/\/glass-glass.com.mx\/","name":"Glass &amp; Glass","description":"360\u00b0 de pureza","potentialAction":[{"@type":"SearchAction","target":{"@type":"EntryPoint","urlTemplate":"https:\/\/glass-glass.com.mx\/?s={search_term_string}"},"query-input":{"@type":"PropertyValueSpecification","valueRequired":true,"valueName":"search_term_string"}}],"inLanguage":"en-US"}]}},"_links":{"self":[{"href":"https:\/\/glass-glass.com.mx\/en\/wp-json\/wp\/v2\/product\/16436","targetHints":{"allow":["GET"]}}],"collection":[{"href":"https:\/\/glass-glass.com.mx\/en\/wp-json\/wp\/v2\/product"}],"about":[{"href":"https:\/\/glass-glass.com.mx\/en\/wp-json\/wp\/v2\/types\/product"}],"version-history":[{"count":5,"href":"https:\/\/glass-glass.com.mx\/en\/wp-json\/wp\/v2\/product\/16436\/revisions"}],"predecessor-version":[{"id":17746,"href":"https:\/\/glass-glass.com.mx\/en\/wp-json\/wp\/v2\/product\/16436\/revisions\/17746"}],"wp:featuredmedia":[{"embeddable":true,"href":"https:\/\/glass-glass.com.mx\/en\/wp-json\/wp\/v2\/media\/17745"}],"wp:attachment":[{"href":"https:\/\/glass-glass.com.mx\/en\/wp-json\/wp\/v2\/media?parent=16436"}],"wp:term":[{"taxonomy":"product_brand","embeddable":true,"href":"https:\/\/glass-glass.com.mx\/en\/wp-json\/wp\/v2\/product_brand?post=16436"},{"taxonomy":"product_cat","embeddable":true,"href":"https:\/\/glass-glass.com.mx\/en\/wp-json\/wp\/v2\/product_cat?post=16436"},{"taxonomy":"product_tag","embeddable":true,"href":"https:\/\/glass-glass.com.mx\/en\/wp-json\/wp\/v2\/product_tag?post=16436"}],"curies":[{"name":"wp","href":"https:\/\/api.w.org\/{rel}","templated":true}]}}