{"id":16429,"date":"2023-08-30T13:27:28","date_gmt":"2023-08-30T19:27:28","guid":{"rendered":"https:\/\/glass-glass.com.mx\/sin%20categor\u00eda\/tarro-conservas\/"},"modified":"2023-10-03T22:43:57","modified_gmt":"2023-10-04T04:43:57","slug":"tarro-conservas","status":"publish","type":"product","link":"https:\/\/glass-glass.com.mx\/en\/hogar-y-cristaleria\/tarros\/tarro-conservas\/","title":{"rendered":"PRESERVES JAR"},"content":{"rendered":"<p><img class='alignnone size-full' src='https:\/\/glass-glass.com.mx\/wp-content\/uploads\/2023\/08\/CEGGTARRO001-sketch.jpg' \/><\/p>","protected":false},"excerpt":{"rendered":"<p>710 ml jar with thread. <\/p>\n<p><b>Style:<\/b> This conserving smooth jar is cylindrical and perfect for storing thanks to its sizable design. 100 crystalline with a smooth finish, thus easy to label. <\/p>\n<p><b>Ideal Use:<\/b> It's as good as a present filled with candies, snacks and other such articles, as it is at conserving food. Compatible with R.86.450.405 threads for plastic or metal lids.<br \/>\nHighly recommended in coffee shops, restaurants, bakeries, gift shops, and factories. <\/p>\n<p><b>Additional features:<\/b> Lead free and recyclable, it won\u2019t retain smells or flavors even after extended periods of time. <\/p>\n<p><b>Manageability:<\/b> Can be delivered in pallets with up to 1,320 pieces each and distributed in boxes with 12 pieces each.<\/p>","protected":false},"featured_media":16271,"template":"","meta":{"_joinchat":[]},"product_brand":[],"product_cat":[127],"product_tag":[],"class_list":{"0":"post-16429","1":"product","2":"type-product","3":"status-publish","4":"has-post-thumbnail","6":"product_cat-tarros","7":"pa_capacidad-ml-710-ml","8":"pa_capacidad-onzas-24-01-oz","10":"first","11":"instock","12":"shipping-taxable","13":"product-type-simple"},"yoast_head":"<!-- This site is optimized with the Yoast SEO plugin v23.6 - https:\/\/yoast.com\/wordpress\/plugins\/seo\/ -->\n<title>TARRO CONSERVAS - Glass &amp; Glass<\/title>\n<meta name=\"robots\" content=\"index, follow, max-snippet:-1, max-image-preview:large, max-video-preview:-1\" \/>\n<link rel=\"canonical\" href=\"https:\/\/glass-glass.com.mx\/en\/hogar-y-cristaleria\/tarros\/tarro-conservas\/\" \/>\n<meta property=\"og:locale\" content=\"en_US\" \/>\n<meta property=\"og:type\" content=\"article\" \/>\n<meta property=\"og:title\" content=\"TARRO CONSERVAS - Glass &amp; Glass\" \/>\n<meta property=\"og:description\" content=\"Tarro 710ml con rosca.  Estilo: El tarro liso para conservas es un tarro cil\u00edndrico y la versi\u00f3n plus de tama\u00f1o del cat\u00e1logo de Glass&amp;Glass como su nombre lo sugiere es perfecto como envase de conservas por su espacioso tama\u00f1o. 100% cristalino, tiene una capacidad de 710 ml. Su \u00e1rea es lisa por lo que el etiquetado es pr\u00e1ctico. Su estilo es moderno y sencillo.  Uso Ideal: El tarro de conservas de 700 ml es ideal como contenedor y un excelente detalle con dulces, botanas o incluso objetos; es compatible con rosca R.86.450.405 para tapas de pl\u00e1stico o metal. Con tapa, es ideal para transportar productos. Es recomendado para f\u00e1bricas, tiendas, restaurantes y negocios.  Caracter\u00edsticas Adicionales: Gracias a la formulaci\u00f3n exclusiva de vidrio de Glass &amp; Glass, es libre de plomo y reciclable. No retiene olores ni sabores.  Maniobrabilidad: Desarrollado en Glass &amp; Glass, el tarro para conservas es pr\u00e1ctico y f\u00e1cil de lavar, almacenar y maniobrar. Es entregado en tarimas de 1,320 piezas, distribuidos en cajas con 12 piezas.\" \/>\n<meta property=\"og:url\" content=\"https:\/\/glass-glass.com.mx\/en\/hogar-y-cristaleria\/tarros\/tarro-conservas\/\" \/>\n<meta property=\"og:site_name\" content=\"Glass &amp; Glass\" \/>\n<meta property=\"article:modified_time\" content=\"2023-10-04T04:43:57+00:00\" \/>\n<meta property=\"og:image\" content=\"https:\/\/glass-glass.com.mx\/wp-content\/uploads\/2023\/08\/CEGGTARRO001.jpg\" \/>\n\t<meta property=\"og:image:width\" content=\"800\" \/>\n\t<meta property=\"og:image:height\" content=\"800\" \/>\n\t<meta property=\"og:image:type\" content=\"image\/jpeg\" \/>\n<meta name=\"twitter:card\" content=\"summary_large_image\" \/>\n<script type=\"application\/ld+json\" class=\"yoast-schema-graph\">{\"@context\":\"https:\/\/schema.org\",\"@graph\":[{\"@type\":\"WebPage\",\"@id\":\"https:\/\/glass-glass.com.mx\/hogar-y-cristaleria\/tarros\/tarro-conservas\/\",\"url\":\"https:\/\/glass-glass.com.mx\/hogar-y-cristaleria\/tarros\/tarro-conservas\/\",\"name\":\"TARRO CONSERVAS - Glass &amp; Glass\",\"isPartOf\":{\"@id\":\"https:\/\/glass-glass.com.mx\/#website\"},\"primaryImageOfPage\":{\"@id\":\"https:\/\/glass-glass.com.mx\/hogar-y-cristaleria\/tarros\/tarro-conservas\/#primaryimage\"},\"image\":{\"@id\":\"https:\/\/glass-glass.com.mx\/hogar-y-cristaleria\/tarros\/tarro-conservas\/#primaryimage\"},\"thumbnailUrl\":\"https:\/\/glass-glass.com.mx\/wp-content\/uploads\/2023\/08\/CEGGTARRO001.jpg\",\"datePublished\":\"2023-08-30T19:27:28+00:00\",\"dateModified\":\"2023-10-04T04:43:57+00:00\",\"breadcrumb\":{\"@id\":\"https:\/\/glass-glass.com.mx\/hogar-y-cristaleria\/tarros\/tarro-conservas\/#breadcrumb\"},\"inLanguage\":\"en-US\",\"potentialAction\":[{\"@type\":\"ReadAction\",\"target\":[\"https:\/\/glass-glass.com.mx\/hogar-y-cristaleria\/tarros\/tarro-conservas\/\"]}]},{\"@type\":\"ImageObject\",\"inLanguage\":\"en-US\",\"@id\":\"https:\/\/glass-glass.com.mx\/hogar-y-cristaleria\/tarros\/tarro-conservas\/#primaryimage\",\"url\":\"https:\/\/glass-glass.com.mx\/wp-content\/uploads\/2023\/08\/CEGGTARRO001.jpg\",\"contentUrl\":\"https:\/\/glass-glass.com.mx\/wp-content\/uploads\/2023\/08\/CEGGTARRO001.jpg\",\"width\":800,\"height\":800,\"caption\":\"TARRO CONSERVAS\"},{\"@type\":\"BreadcrumbList\",\"@id\":\"https:\/\/glass-glass.com.mx\/hogar-y-cristaleria\/tarros\/tarro-conservas\/#breadcrumb\",\"itemListElement\":[{\"@type\":\"ListItem\",\"position\":1,\"name\":\"Inicio\",\"item\":\"https:\/\/glass-glass.com.mx\/\"},{\"@type\":\"ListItem\",\"position\":2,\"name\":\"Productos\",\"item\":\"https:\/\/glass-glass.com.mx\/productos\/\"},{\"@type\":\"ListItem\",\"position\":3,\"name\":\"TARRO CONSERVAS\"}]},{\"@type\":\"WebSite\",\"@id\":\"https:\/\/glass-glass.com.mx\/#website\",\"url\":\"https:\/\/glass-glass.com.mx\/\",\"name\":\"Glass &amp; Glass\",\"description\":\"360\u00b0 de pureza\",\"potentialAction\":[{\"@type\":\"SearchAction\",\"target\":{\"@type\":\"EntryPoint\",\"urlTemplate\":\"https:\/\/glass-glass.com.mx\/?s={search_term_string}\"},\"query-input\":{\"@type\":\"PropertyValueSpecification\",\"valueRequired\":true,\"valueName\":\"search_term_string\"}}],\"inLanguage\":\"en-US\"}]}<\/script>\n<!-- \/ Yoast SEO plugin. -->","yoast_head_json":{"title":"TARRO CONSERVAS - Glass &amp; Glass","robots":{"index":"index","follow":"follow","max-snippet":"max-snippet:-1","max-image-preview":"max-image-preview:large","max-video-preview":"max-video-preview:-1"},"canonical":"https:\/\/glass-glass.com.mx\/en\/hogar-y-cristaleria\/tarros\/tarro-conservas\/","og_locale":"en_US","og_type":"article","og_title":"TARRO CONSERVAS - Glass &amp; Glass","og_description":"Tarro 710ml con rosca.  Estilo: El tarro liso para conservas es un tarro cil\u00edndrico y la versi\u00f3n plus de tama\u00f1o del cat\u00e1logo de Glass&Glass como su nombre lo sugiere es perfecto como envase de conservas por su espacioso tama\u00f1o. 100% cristalino, tiene una capacidad de 710 ml. Su \u00e1rea es lisa por lo que el etiquetado es pr\u00e1ctico. Su estilo es moderno y sencillo.  Uso Ideal: El tarro de conservas de 700 ml es ideal como contenedor y un excelente detalle con dulces, botanas o incluso objetos; es compatible con rosca R.86.450.405 para tapas de pl\u00e1stico o metal. Con tapa, es ideal para transportar productos. Es recomendado para f\u00e1bricas, tiendas, restaurantes y negocios.  Caracter\u00edsticas Adicionales: Gracias a la formulaci\u00f3n exclusiva de vidrio de Glass & Glass, es libre de plomo y reciclable. No retiene olores ni sabores.  Maniobrabilidad: Desarrollado en Glass & Glass, el tarro para conservas es pr\u00e1ctico y f\u00e1cil de lavar, almacenar y maniobrar. Es entregado en tarimas de 1,320 piezas, distribuidos en cajas con 12 piezas.","og_url":"https:\/\/glass-glass.com.mx\/en\/hogar-y-cristaleria\/tarros\/tarro-conservas\/","og_site_name":"Glass &amp; Glass","article_modified_time":"2023-10-04T04:43:57+00:00","og_image":[{"width":800,"height":800,"url":"https:\/\/glass-glass.com.mx\/wp-content\/uploads\/2023\/08\/CEGGTARRO001.jpg","type":"image\/jpeg"}],"twitter_card":"summary_large_image","schema":{"@context":"https:\/\/schema.org","@graph":[{"@type":"WebPage","@id":"https:\/\/glass-glass.com.mx\/hogar-y-cristaleria\/tarros\/tarro-conservas\/","url":"https:\/\/glass-glass.com.mx\/hogar-y-cristaleria\/tarros\/tarro-conservas\/","name":"TARRO CONSERVAS - Glass &amp; Glass","isPartOf":{"@id":"https:\/\/glass-glass.com.mx\/#website"},"primaryImageOfPage":{"@id":"https:\/\/glass-glass.com.mx\/hogar-y-cristaleria\/tarros\/tarro-conservas\/#primaryimage"},"image":{"@id":"https:\/\/glass-glass.com.mx\/hogar-y-cristaleria\/tarros\/tarro-conservas\/#primaryimage"},"thumbnailUrl":"https:\/\/glass-glass.com.mx\/wp-content\/uploads\/2023\/08\/CEGGTARRO001.jpg","datePublished":"2023-08-30T19:27:28+00:00","dateModified":"2023-10-04T04:43:57+00:00","breadcrumb":{"@id":"https:\/\/glass-glass.com.mx\/hogar-y-cristaleria\/tarros\/tarro-conservas\/#breadcrumb"},"inLanguage":"en-US","potentialAction":[{"@type":"ReadAction","target":["https:\/\/glass-glass.com.mx\/hogar-y-cristaleria\/tarros\/tarro-conservas\/"]}]},{"@type":"ImageObject","inLanguage":"en-US","@id":"https:\/\/glass-glass.com.mx\/hogar-y-cristaleria\/tarros\/tarro-conservas\/#primaryimage","url":"https:\/\/glass-glass.com.mx\/wp-content\/uploads\/2023\/08\/CEGGTARRO001.jpg","contentUrl":"https:\/\/glass-glass.com.mx\/wp-content\/uploads\/2023\/08\/CEGGTARRO001.jpg","width":800,"height":800,"caption":"TARRO CONSERVAS"},{"@type":"BreadcrumbList","@id":"https:\/\/glass-glass.com.mx\/hogar-y-cristaleria\/tarros\/tarro-conservas\/#breadcrumb","itemListElement":[{"@type":"ListItem","position":1,"name":"Inicio","item":"https:\/\/glass-glass.com.mx\/"},{"@type":"ListItem","position":2,"name":"Productos","item":"https:\/\/glass-glass.com.mx\/productos\/"},{"@type":"ListItem","position":3,"name":"TARRO CONSERVAS"}]},{"@type":"WebSite","@id":"https:\/\/glass-glass.com.mx\/#website","url":"https:\/\/glass-glass.com.mx\/","name":"Glass &amp; Glass","description":"360\u00b0 de pureza","potentialAction":[{"@type":"SearchAction","target":{"@type":"EntryPoint","urlTemplate":"https:\/\/glass-glass.com.mx\/?s={search_term_string}"},"query-input":{"@type":"PropertyValueSpecification","valueRequired":true,"valueName":"search_term_string"}}],"inLanguage":"en-US"}]}},"_links":{"self":[{"href":"https:\/\/glass-glass.com.mx\/en\/wp-json\/wp\/v2\/product\/16429","targetHints":{"allow":["GET"]}}],"collection":[{"href":"https:\/\/glass-glass.com.mx\/en\/wp-json\/wp\/v2\/product"}],"about":[{"href":"https:\/\/glass-glass.com.mx\/en\/wp-json\/wp\/v2\/types\/product"}],"version-history":[{"count":2,"href":"https:\/\/glass-glass.com.mx\/en\/wp-json\/wp\/v2\/product\/16429\/revisions"}],"predecessor-version":[{"id":16799,"href":"https:\/\/glass-glass.com.mx\/en\/wp-json\/wp\/v2\/product\/16429\/revisions\/16799"}],"wp:featuredmedia":[{"embeddable":true,"href":"https:\/\/glass-glass.com.mx\/en\/wp-json\/wp\/v2\/media\/16271"}],"wp:attachment":[{"href":"https:\/\/glass-glass.com.mx\/en\/wp-json\/wp\/v2\/media?parent=16429"}],"wp:term":[{"taxonomy":"product_brand","embeddable":true,"href":"https:\/\/glass-glass.com.mx\/en\/wp-json\/wp\/v2\/product_brand?post=16429"},{"taxonomy":"product_cat","embeddable":true,"href":"https:\/\/glass-glass.com.mx\/en\/wp-json\/wp\/v2\/product_cat?post=16429"},{"taxonomy":"product_tag","embeddable":true,"href":"https:\/\/glass-glass.com.mx\/en\/wp-json\/wp\/v2\/product_tag?post=16429"}],"curies":[{"name":"wp","href":"https:\/\/api.w.org\/{rel}","templated":true}]}}