{"id":16425,"date":"2023-08-30T13:27:28","date_gmt":"2023-08-30T19:27:28","guid":{"rendered":"https:\/\/glass-glass.com.mx\/?post_type=product&#038;p=16425"},"modified":"2024-01-05T00:03:04","modified_gmt":"2024-01-05T06:03:04","slug":"florero-kenzo","status":"publish","type":"product","link":"https:\/\/glass-glass.com.mx\/en\/hogar-y-cristaleria\/floreros\/florero-kenzo\/","title":{"rendered":"KENZO VASE"},"content":{"rendered":"<p><img decoding=\"async\" class=\"alignnone size-full\" src=\"https:\/\/glass-glass.com.mx\/wp-content\/uploads\/2023\/08\/GGFL100008-sketch.jpg\" \/><\/p>","protected":false},"excerpt":{"rendered":"<p>Waterdrop vase.<\/p>\n<p><b>Style:<\/b> The Kenzo proposes a wavy style for flower decorations. This classic design with go along with any environment.<\/p>\n<p><b>Ideal Use:<\/b> It has an ideal size, with 20.71 cm of height and a wide mouth. Its footing allows for an optimal amount of water, with a neck just right for holding all the stems together.<\/p>\n<p><b>Additional features:<\/b> 100% lead free, recyclable and highly resistant. Its completely crystalline surface will always allow for a clear view into the interior.<\/p>\n<p><b>Manageability:<\/b> Light, weighing barely 350 grams.<br \/>\nPacked in cardboard boxes, facilitating distribution, storage and transportation, ideal for large events.<\/p>","protected":false},"featured_media":17759,"template":"","meta":{"_joinchat":[]},"product_brand":[],"product_cat":[141],"product_tag":[],"class_list":{"0":"post-16425","1":"product","2":"type-product","3":"status-publish","4":"has-post-thumbnail","6":"product_cat-floreros","7":"pa_capacidad-ml-300-ml","8":"pa_capacidad-onzas-10-14-oz","10":"first","11":"instock","12":"shipping-taxable","13":"product-type-simple"},"yoast_head":"<!-- This site is optimized with the Yoast SEO plugin v23.6 - https:\/\/yoast.com\/wordpress\/plugins\/seo\/ -->\n<title>FLORERO KENZO - Glass &amp; Glass<\/title>\n<meta name=\"robots\" content=\"index, follow, max-snippet:-1, max-image-preview:large, max-video-preview:-1\" \/>\n<link rel=\"canonical\" href=\"https:\/\/glass-glass.com.mx\/en\/hogar-y-cristaleria\/floreros\/florero-kenzo\/\" \/>\n<meta property=\"og:locale\" content=\"en_US\" \/>\n<meta property=\"og:type\" content=\"article\" \/>\n<meta property=\"og:title\" content=\"FLORERO KENZO - Glass &amp; Glass\" \/>\n<meta property=\"og:description\" content=\"Florero tipo gota  Estilo: El florero Kenzo plantea una curvil\u00ednea propuesta para decorar con las flores m\u00e1s bellas. Su estilo cl\u00e1sico combina con tipo de espacios.  Uso Ideal: Acompa\u00f1ado de los m\u00e1s finos arreglos, el florero Kenzo tiene un tama\u00f1o ideal, con 20.71 cm de altura y una boca ancha para que los tallos luzcan de la mejor manera. Su base permite el \u00f3ptimo acumulado de agua y su cuello concentra en un solo punto los follajes.  Caracter\u00edsticas Adicionales: Es 100% libre de plomo y reciclable adem\u00e1s de ser altamente resistente. Cuenta con la m\u00e1xima transparencia, obtenida por la formulaci\u00f3n exclusiva de vidrio de Glass &amp; Glass. Su terminado completamente cristalino permite ver siempre su interior.  Maniobrabilidad: El florero Kenzo es ligero, pesando s\u00f3lo 350 gramos. Es empaquetado en cajas de cart\u00f3n,lo que facilita la distribuci\u00f3n, almacenamiento y transporte, siendo ideal para grandes pedidos y eventos.\" \/>\n<meta property=\"og:url\" content=\"https:\/\/glass-glass.com.mx\/en\/hogar-y-cristaleria\/floreros\/florero-kenzo\/\" \/>\n<meta property=\"og:site_name\" content=\"Glass &amp; Glass\" \/>\n<meta property=\"article:modified_time\" content=\"2024-01-05T06:03:04+00:00\" \/>\n<meta property=\"og:image\" content=\"https:\/\/glass-glass.com.mx\/wp-content\/uploads\/2023\/08\/GGFL100008.jpg\" \/>\n\t<meta property=\"og:image:width\" content=\"700\" \/>\n\t<meta property=\"og:image:height\" content=\"700\" \/>\n\t<meta property=\"og:image:type\" content=\"image\/jpeg\" \/>\n<meta name=\"twitter:card\" content=\"summary_large_image\" \/>\n<meta name=\"twitter:label1\" content=\"Est. reading time\" \/>\n\t<meta name=\"twitter:data1\" content=\"1 minute\" \/>\n<script type=\"application\/ld+json\" class=\"yoast-schema-graph\">{\"@context\":\"https:\/\/schema.org\",\"@graph\":[{\"@type\":\"WebPage\",\"@id\":\"https:\/\/glass-glass.com.mx\/hogar-y-cristaleria\/floreros\/florero-kenzo\/\",\"url\":\"https:\/\/glass-glass.com.mx\/hogar-y-cristaleria\/floreros\/florero-kenzo\/\",\"name\":\"FLORERO KENZO - Glass &amp; Glass\",\"isPartOf\":{\"@id\":\"https:\/\/glass-glass.com.mx\/#website\"},\"primaryImageOfPage\":{\"@id\":\"https:\/\/glass-glass.com.mx\/hogar-y-cristaleria\/floreros\/florero-kenzo\/#primaryimage\"},\"image\":{\"@id\":\"https:\/\/glass-glass.com.mx\/hogar-y-cristaleria\/floreros\/florero-kenzo\/#primaryimage\"},\"thumbnailUrl\":\"https:\/\/glass-glass.com.mx\/wp-content\/uploads\/2023\/08\/GGFL100008.jpg\",\"datePublished\":\"2023-08-30T19:27:28+00:00\",\"dateModified\":\"2024-01-05T06:03:04+00:00\",\"breadcrumb\":{\"@id\":\"https:\/\/glass-glass.com.mx\/hogar-y-cristaleria\/floreros\/florero-kenzo\/#breadcrumb\"},\"inLanguage\":\"en-US\",\"potentialAction\":[{\"@type\":\"ReadAction\",\"target\":[\"https:\/\/glass-glass.com.mx\/hogar-y-cristaleria\/floreros\/florero-kenzo\/\"]}]},{\"@type\":\"ImageObject\",\"inLanguage\":\"en-US\",\"@id\":\"https:\/\/glass-glass.com.mx\/hogar-y-cristaleria\/floreros\/florero-kenzo\/#primaryimage\",\"url\":\"https:\/\/glass-glass.com.mx\/wp-content\/uploads\/2023\/08\/GGFL100008.jpg\",\"contentUrl\":\"https:\/\/glass-glass.com.mx\/wp-content\/uploads\/2023\/08\/GGFL100008.jpg\",\"width\":700,\"height\":700,\"caption\":\"FLORERO KENZO\"},{\"@type\":\"BreadcrumbList\",\"@id\":\"https:\/\/glass-glass.com.mx\/hogar-y-cristaleria\/floreros\/florero-kenzo\/#breadcrumb\",\"itemListElement\":[{\"@type\":\"ListItem\",\"position\":1,\"name\":\"Inicio\",\"item\":\"https:\/\/glass-glass.com.mx\/\"},{\"@type\":\"ListItem\",\"position\":2,\"name\":\"Productos\",\"item\":\"https:\/\/glass-glass.com.mx\/productos\/\"},{\"@type\":\"ListItem\",\"position\":3,\"name\":\"FLORERO KENZO\"}]},{\"@type\":\"WebSite\",\"@id\":\"https:\/\/glass-glass.com.mx\/#website\",\"url\":\"https:\/\/glass-glass.com.mx\/\",\"name\":\"Glass &amp; Glass\",\"description\":\"360\u00b0 de pureza\",\"potentialAction\":[{\"@type\":\"SearchAction\",\"target\":{\"@type\":\"EntryPoint\",\"urlTemplate\":\"https:\/\/glass-glass.com.mx\/?s={search_term_string}\"},\"query-input\":{\"@type\":\"PropertyValueSpecification\",\"valueRequired\":true,\"valueName\":\"search_term_string\"}}],\"inLanguage\":\"en-US\"}]}<\/script>\n<!-- \/ Yoast SEO plugin. -->","yoast_head_json":{"title":"FLORERO KENZO - Glass &amp; Glass","robots":{"index":"index","follow":"follow","max-snippet":"max-snippet:-1","max-image-preview":"max-image-preview:large","max-video-preview":"max-video-preview:-1"},"canonical":"https:\/\/glass-glass.com.mx\/en\/hogar-y-cristaleria\/floreros\/florero-kenzo\/","og_locale":"en_US","og_type":"article","og_title":"FLORERO KENZO - Glass &amp; Glass","og_description":"Florero tipo gota  Estilo: El florero Kenzo plantea una curvil\u00ednea propuesta para decorar con las flores m\u00e1s bellas. Su estilo cl\u00e1sico combina con tipo de espacios.  Uso Ideal: Acompa\u00f1ado de los m\u00e1s finos arreglos, el florero Kenzo tiene un tama\u00f1o ideal, con 20.71 cm de altura y una boca ancha para que los tallos luzcan de la mejor manera. Su base permite el \u00f3ptimo acumulado de agua y su cuello concentra en un solo punto los follajes.  Caracter\u00edsticas Adicionales: Es 100% libre de plomo y reciclable adem\u00e1s de ser altamente resistente. Cuenta con la m\u00e1xima transparencia, obtenida por la formulaci\u00f3n exclusiva de vidrio de Glass &amp; Glass. Su terminado completamente cristalino permite ver siempre su interior.  Maniobrabilidad: El florero Kenzo es ligero, pesando s\u00f3lo 350 gramos. Es empaquetado en cajas de cart\u00f3n,lo que facilita la distribuci\u00f3n, almacenamiento y transporte, siendo ideal para grandes pedidos y eventos.","og_url":"https:\/\/glass-glass.com.mx\/en\/hogar-y-cristaleria\/floreros\/florero-kenzo\/","og_site_name":"Glass &amp; Glass","article_modified_time":"2024-01-05T06:03:04+00:00","og_image":[{"width":700,"height":700,"url":"https:\/\/glass-glass.com.mx\/wp-content\/uploads\/2023\/08\/GGFL100008.jpg","type":"image\/jpeg"}],"twitter_card":"summary_large_image","twitter_misc":{"Est. reading time":"1 minute"},"schema":{"@context":"https:\/\/schema.org","@graph":[{"@type":"WebPage","@id":"https:\/\/glass-glass.com.mx\/hogar-y-cristaleria\/floreros\/florero-kenzo\/","url":"https:\/\/glass-glass.com.mx\/hogar-y-cristaleria\/floreros\/florero-kenzo\/","name":"FLORERO KENZO - Glass &amp; Glass","isPartOf":{"@id":"https:\/\/glass-glass.com.mx\/#website"},"primaryImageOfPage":{"@id":"https:\/\/glass-glass.com.mx\/hogar-y-cristaleria\/floreros\/florero-kenzo\/#primaryimage"},"image":{"@id":"https:\/\/glass-glass.com.mx\/hogar-y-cristaleria\/floreros\/florero-kenzo\/#primaryimage"},"thumbnailUrl":"https:\/\/glass-glass.com.mx\/wp-content\/uploads\/2023\/08\/GGFL100008.jpg","datePublished":"2023-08-30T19:27:28+00:00","dateModified":"2024-01-05T06:03:04+00:00","breadcrumb":{"@id":"https:\/\/glass-glass.com.mx\/hogar-y-cristaleria\/floreros\/florero-kenzo\/#breadcrumb"},"inLanguage":"en-US","potentialAction":[{"@type":"ReadAction","target":["https:\/\/glass-glass.com.mx\/hogar-y-cristaleria\/floreros\/florero-kenzo\/"]}]},{"@type":"ImageObject","inLanguage":"en-US","@id":"https:\/\/glass-glass.com.mx\/hogar-y-cristaleria\/floreros\/florero-kenzo\/#primaryimage","url":"https:\/\/glass-glass.com.mx\/wp-content\/uploads\/2023\/08\/GGFL100008.jpg","contentUrl":"https:\/\/glass-glass.com.mx\/wp-content\/uploads\/2023\/08\/GGFL100008.jpg","width":700,"height":700,"caption":"FLORERO KENZO"},{"@type":"BreadcrumbList","@id":"https:\/\/glass-glass.com.mx\/hogar-y-cristaleria\/floreros\/florero-kenzo\/#breadcrumb","itemListElement":[{"@type":"ListItem","position":1,"name":"Inicio","item":"https:\/\/glass-glass.com.mx\/"},{"@type":"ListItem","position":2,"name":"Productos","item":"https:\/\/glass-glass.com.mx\/productos\/"},{"@type":"ListItem","position":3,"name":"FLORERO KENZO"}]},{"@type":"WebSite","@id":"https:\/\/glass-glass.com.mx\/#website","url":"https:\/\/glass-glass.com.mx\/","name":"Glass &amp; Glass","description":"360\u00b0 de pureza","potentialAction":[{"@type":"SearchAction","target":{"@type":"EntryPoint","urlTemplate":"https:\/\/glass-glass.com.mx\/?s={search_term_string}"},"query-input":{"@type":"PropertyValueSpecification","valueRequired":true,"valueName":"search_term_string"}}],"inLanguage":"en-US"}]}},"_links":{"self":[{"href":"https:\/\/glass-glass.com.mx\/en\/wp-json\/wp\/v2\/product\/16425","targetHints":{"allow":["GET"]}}],"collection":[{"href":"https:\/\/glass-glass.com.mx\/en\/wp-json\/wp\/v2\/product"}],"about":[{"href":"https:\/\/glass-glass.com.mx\/en\/wp-json\/wp\/v2\/types\/product"}],"version-history":[{"count":4,"href":"https:\/\/glass-glass.com.mx\/en\/wp-json\/wp\/v2\/product\/16425\/revisions"}],"predecessor-version":[{"id":17764,"href":"https:\/\/glass-glass.com.mx\/en\/wp-json\/wp\/v2\/product\/16425\/revisions\/17764"}],"wp:featuredmedia":[{"embeddable":true,"href":"https:\/\/glass-glass.com.mx\/en\/wp-json\/wp\/v2\/media\/17759"}],"wp:attachment":[{"href":"https:\/\/glass-glass.com.mx\/en\/wp-json\/wp\/v2\/media?parent=16425"}],"wp:term":[{"taxonomy":"product_brand","embeddable":true,"href":"https:\/\/glass-glass.com.mx\/en\/wp-json\/wp\/v2\/product_brand?post=16425"},{"taxonomy":"product_cat","embeddable":true,"href":"https:\/\/glass-glass.com.mx\/en\/wp-json\/wp\/v2\/product_cat?post=16425"},{"taxonomy":"product_tag","embeddable":true,"href":"https:\/\/glass-glass.com.mx\/en\/wp-json\/wp\/v2\/product_tag?post=16425"}],"curies":[{"name":"wp","href":"https:\/\/api.w.org\/{rel}","templated":true}]}}