{"id":16421,"date":"2023-08-30T13:27:27","date_gmt":"2023-08-30T19:27:27","guid":{"rendered":"https:\/\/glass-glass.com.mx\/?post_type=product&#038;p=16421"},"modified":"2024-01-04T23:53:33","modified_gmt":"2024-01-05T05:53:33","slug":"envase-multiusos","status":"publish","type":"product","link":"https:\/\/glass-glass.com.mx\/en\/hogar-y-cristaleria\/especieros\/envase-multiusos\/","title":{"rendered":"MULTI PURPOSE CONTAINER"},"content":{"rendered":"<p><img decoding=\"async\" class=\"alignnone size-full\" src=\"https:\/\/glass-glass.com.mx\/wp-content\/uploads\/2023\/08\/GGD100001-sketch.jpg\" \/><\/p>","protected":false},"excerpt":{"rendered":"<p>Mult- purpose container<\/p>\n<p><b>Style:<\/b> Slightly curved so as to maximize its ergonomy. With a simple, clean and smooth line passing through it.<\/p>\n<p><b>Ideal Use:<\/b> Ideal for storing spices and preserved foods.<\/p>\n<p><b>Additional features:<\/b> Completely transparent and crystalline, the multi-use container is 100% lead free and guarantees improved food preservation. Compatible with R.86.450.405 threads for metal or plastic lids. A bulky glass footing allows for higher resistance. Wholly lead free.<\/p>\n<p><b>Manageability:<\/b> Can be delivered in pallets with up to 3,240  pieces each, distributed in cardboard boxes with 40 pieces per box. Making storage, mobility and distribution easier.<\/p>","protected":false},"featured_media":17747,"template":"","meta":{"_joinchat":[]},"product_brand":[],"product_cat":[157],"product_tag":[],"class_list":{"0":"post-16421","1":"product","2":"type-product","3":"status-publish","4":"has-post-thumbnail","6":"product_cat-especieros","7":"pa_capacidad-ml-90-ml","8":"pa_capacidad-onzas-3-04-oz","10":"first","11":"instock","12":"shipping-taxable","13":"product-type-simple"},"yoast_head":"<!-- This site is optimized with the Yoast SEO plugin v23.6 - https:\/\/yoast.com\/wordpress\/plugins\/seo\/ -->\n<title>ENVASE MULTIUSOS - Glass &amp; Glass<\/title>\n<meta name=\"robots\" content=\"index, follow, max-snippet:-1, max-image-preview:large, max-video-preview:-1\" \/>\n<link rel=\"canonical\" href=\"https:\/\/glass-glass.com.mx\/en\/hogar-y-cristaleria\/especieros\/envase-multiusos\/\" \/>\n<meta property=\"og:locale\" content=\"en_US\" \/>\n<meta property=\"og:type\" content=\"article\" \/>\n<meta property=\"og:title\" content=\"ENVASE MULTIUSOS - Glass &amp; Glass\" \/>\n<meta property=\"og:description\" content=\"Envase para especias multiusos  Estilo: Este envase tiene una ligera curvatura para su m\u00e1xima ergonom\u00eda.Mantiene una l\u00ednea sencilla, limpia y lisa.  Uso Ideal: El envase multiusos es la soluci\u00f3n ideal para especias, conservas y condimentos.  Caracter\u00edsticas Adicionales: Totalmente transparente y cristalino, el envase multiusos es 100% libre de plomo y garantiza la mejor conservaci\u00f3n de alimentos. Es compatible con la roscas R.86.450-405 de acuerdo a tablas internacionales y permite la compatibilidad con distintos materiales como pl\u00e1stico y metal. Cuenta con una recarga de vidrio que proporciona mayor resistencia, y es totalmente libre de plomo.  Maniobrabilidad: Empaquetado en cajas de cart\u00f3n, facilita la distribuci\u00f3n, almacenamiento y transporte, siendo ideal para grandes pedidos. Cada caja contiene 40 piezas y su entrega es en tarimas de 3240 piezas.\" \/>\n<meta property=\"og:url\" content=\"https:\/\/glass-glass.com.mx\/en\/hogar-y-cristaleria\/especieros\/envase-multiusos\/\" \/>\n<meta property=\"og:site_name\" content=\"Glass &amp; Glass\" \/>\n<meta property=\"article:modified_time\" content=\"2024-01-05T05:53:33+00:00\" \/>\n<meta property=\"og:image\" content=\"https:\/\/glass-glass.com.mx\/wp-content\/uploads\/2023\/08\/GGD100001.jpg\" \/>\n\t<meta property=\"og:image:width\" content=\"700\" \/>\n\t<meta property=\"og:image:height\" content=\"700\" \/>\n\t<meta property=\"og:image:type\" content=\"image\/jpeg\" \/>\n<meta name=\"twitter:card\" content=\"summary_large_image\" \/>\n<meta name=\"twitter:label1\" content=\"Est. reading time\" \/>\n\t<meta name=\"twitter:data1\" content=\"1 minute\" \/>\n<script type=\"application\/ld+json\" class=\"yoast-schema-graph\">{\"@context\":\"https:\/\/schema.org\",\"@graph\":[{\"@type\":\"WebPage\",\"@id\":\"https:\/\/glass-glass.com.mx\/hogar-y-cristaleria\/especieros\/envase-multiusos\/\",\"url\":\"https:\/\/glass-glass.com.mx\/hogar-y-cristaleria\/especieros\/envase-multiusos\/\",\"name\":\"ENVASE MULTIUSOS - Glass &amp; Glass\",\"isPartOf\":{\"@id\":\"https:\/\/glass-glass.com.mx\/#website\"},\"primaryImageOfPage\":{\"@id\":\"https:\/\/glass-glass.com.mx\/hogar-y-cristaleria\/especieros\/envase-multiusos\/#primaryimage\"},\"image\":{\"@id\":\"https:\/\/glass-glass.com.mx\/hogar-y-cristaleria\/especieros\/envase-multiusos\/#primaryimage\"},\"thumbnailUrl\":\"https:\/\/glass-glass.com.mx\/wp-content\/uploads\/2023\/08\/GGD100001.jpg\",\"datePublished\":\"2023-08-30T19:27:27+00:00\",\"dateModified\":\"2024-01-05T05:53:33+00:00\",\"breadcrumb\":{\"@id\":\"https:\/\/glass-glass.com.mx\/hogar-y-cristaleria\/especieros\/envase-multiusos\/#breadcrumb\"},\"inLanguage\":\"en-US\",\"potentialAction\":[{\"@type\":\"ReadAction\",\"target\":[\"https:\/\/glass-glass.com.mx\/hogar-y-cristaleria\/especieros\/envase-multiusos\/\"]}]},{\"@type\":\"ImageObject\",\"inLanguage\":\"en-US\",\"@id\":\"https:\/\/glass-glass.com.mx\/hogar-y-cristaleria\/especieros\/envase-multiusos\/#primaryimage\",\"url\":\"https:\/\/glass-glass.com.mx\/wp-content\/uploads\/2023\/08\/GGD100001.jpg\",\"contentUrl\":\"https:\/\/glass-glass.com.mx\/wp-content\/uploads\/2023\/08\/GGD100001.jpg\",\"width\":700,\"height\":700,\"caption\":\"ENVASE MULTIUSOS\"},{\"@type\":\"BreadcrumbList\",\"@id\":\"https:\/\/glass-glass.com.mx\/hogar-y-cristaleria\/especieros\/envase-multiusos\/#breadcrumb\",\"itemListElement\":[{\"@type\":\"ListItem\",\"position\":1,\"name\":\"Inicio\",\"item\":\"https:\/\/glass-glass.com.mx\/\"},{\"@type\":\"ListItem\",\"position\":2,\"name\":\"Productos\",\"item\":\"https:\/\/glass-glass.com.mx\/productos\/\"},{\"@type\":\"ListItem\",\"position\":3,\"name\":\"ENVASE MULTIUSOS\"}]},{\"@type\":\"WebSite\",\"@id\":\"https:\/\/glass-glass.com.mx\/#website\",\"url\":\"https:\/\/glass-glass.com.mx\/\",\"name\":\"Glass &amp; Glass\",\"description\":\"360\u00b0 de pureza\",\"potentialAction\":[{\"@type\":\"SearchAction\",\"target\":{\"@type\":\"EntryPoint\",\"urlTemplate\":\"https:\/\/glass-glass.com.mx\/?s={search_term_string}\"},\"query-input\":{\"@type\":\"PropertyValueSpecification\",\"valueRequired\":true,\"valueName\":\"search_term_string\"}}],\"inLanguage\":\"en-US\"}]}<\/script>\n<!-- \/ Yoast SEO plugin. -->","yoast_head_json":{"title":"ENVASE MULTIUSOS - Glass &amp; Glass","robots":{"index":"index","follow":"follow","max-snippet":"max-snippet:-1","max-image-preview":"max-image-preview:large","max-video-preview":"max-video-preview:-1"},"canonical":"https:\/\/glass-glass.com.mx\/en\/hogar-y-cristaleria\/especieros\/envase-multiusos\/","og_locale":"en_US","og_type":"article","og_title":"ENVASE MULTIUSOS - Glass &amp; Glass","og_description":"Envase para especias multiusos  Estilo: Este envase tiene una ligera curvatura para su m\u00e1xima ergonom\u00eda.Mantiene una l\u00ednea sencilla, limpia y lisa.  Uso Ideal: El envase multiusos es la soluci\u00f3n ideal para especias, conservas y condimentos.  Caracter\u00edsticas Adicionales: Totalmente transparente y cristalino, el envase multiusos es 100% libre de plomo y garantiza la mejor conservaci\u00f3n de alimentos. Es compatible con la roscas R.86.450-405 de acuerdo a tablas internacionales y permite la compatibilidad con distintos materiales como pl\u00e1stico y metal. Cuenta con una recarga de vidrio que proporciona mayor resistencia, y es totalmente libre de plomo.  Maniobrabilidad: Empaquetado en cajas de cart\u00f3n, facilita la distribuci\u00f3n, almacenamiento y transporte, siendo ideal para grandes pedidos. Cada caja contiene 40 piezas y su entrega es en tarimas de 3240 piezas.","og_url":"https:\/\/glass-glass.com.mx\/en\/hogar-y-cristaleria\/especieros\/envase-multiusos\/","og_site_name":"Glass &amp; Glass","article_modified_time":"2024-01-05T05:53:33+00:00","og_image":[{"width":700,"height":700,"url":"https:\/\/glass-glass.com.mx\/wp-content\/uploads\/2023\/08\/GGD100001.jpg","type":"image\/jpeg"}],"twitter_card":"summary_large_image","twitter_misc":{"Est. reading time":"1 minute"},"schema":{"@context":"https:\/\/schema.org","@graph":[{"@type":"WebPage","@id":"https:\/\/glass-glass.com.mx\/hogar-y-cristaleria\/especieros\/envase-multiusos\/","url":"https:\/\/glass-glass.com.mx\/hogar-y-cristaleria\/especieros\/envase-multiusos\/","name":"ENVASE MULTIUSOS - Glass &amp; Glass","isPartOf":{"@id":"https:\/\/glass-glass.com.mx\/#website"},"primaryImageOfPage":{"@id":"https:\/\/glass-glass.com.mx\/hogar-y-cristaleria\/especieros\/envase-multiusos\/#primaryimage"},"image":{"@id":"https:\/\/glass-glass.com.mx\/hogar-y-cristaleria\/especieros\/envase-multiusos\/#primaryimage"},"thumbnailUrl":"https:\/\/glass-glass.com.mx\/wp-content\/uploads\/2023\/08\/GGD100001.jpg","datePublished":"2023-08-30T19:27:27+00:00","dateModified":"2024-01-05T05:53:33+00:00","breadcrumb":{"@id":"https:\/\/glass-glass.com.mx\/hogar-y-cristaleria\/especieros\/envase-multiusos\/#breadcrumb"},"inLanguage":"en-US","potentialAction":[{"@type":"ReadAction","target":["https:\/\/glass-glass.com.mx\/hogar-y-cristaleria\/especieros\/envase-multiusos\/"]}]},{"@type":"ImageObject","inLanguage":"en-US","@id":"https:\/\/glass-glass.com.mx\/hogar-y-cristaleria\/especieros\/envase-multiusos\/#primaryimage","url":"https:\/\/glass-glass.com.mx\/wp-content\/uploads\/2023\/08\/GGD100001.jpg","contentUrl":"https:\/\/glass-glass.com.mx\/wp-content\/uploads\/2023\/08\/GGD100001.jpg","width":700,"height":700,"caption":"ENVASE MULTIUSOS"},{"@type":"BreadcrumbList","@id":"https:\/\/glass-glass.com.mx\/hogar-y-cristaleria\/especieros\/envase-multiusos\/#breadcrumb","itemListElement":[{"@type":"ListItem","position":1,"name":"Inicio","item":"https:\/\/glass-glass.com.mx\/"},{"@type":"ListItem","position":2,"name":"Productos","item":"https:\/\/glass-glass.com.mx\/productos\/"},{"@type":"ListItem","position":3,"name":"ENVASE MULTIUSOS"}]},{"@type":"WebSite","@id":"https:\/\/glass-glass.com.mx\/#website","url":"https:\/\/glass-glass.com.mx\/","name":"Glass &amp; Glass","description":"360\u00b0 de pureza","potentialAction":[{"@type":"SearchAction","target":{"@type":"EntryPoint","urlTemplate":"https:\/\/glass-glass.com.mx\/?s={search_term_string}"},"query-input":{"@type":"PropertyValueSpecification","valueRequired":true,"valueName":"search_term_string"}}],"inLanguage":"en-US"}]}},"_links":{"self":[{"href":"https:\/\/glass-glass.com.mx\/en\/wp-json\/wp\/v2\/product\/16421","targetHints":{"allow":["GET"]}}],"collection":[{"href":"https:\/\/glass-glass.com.mx\/en\/wp-json\/wp\/v2\/product"}],"about":[{"href":"https:\/\/glass-glass.com.mx\/en\/wp-json\/wp\/v2\/types\/product"}],"version-history":[{"count":5,"href":"https:\/\/glass-glass.com.mx\/en\/wp-json\/wp\/v2\/product\/16421\/revisions"}],"predecessor-version":[{"id":17752,"href":"https:\/\/glass-glass.com.mx\/en\/wp-json\/wp\/v2\/product\/16421\/revisions\/17752"}],"wp:featuredmedia":[{"embeddable":true,"href":"https:\/\/glass-glass.com.mx\/en\/wp-json\/wp\/v2\/media\/17747"}],"wp:attachment":[{"href":"https:\/\/glass-glass.com.mx\/en\/wp-json\/wp\/v2\/media?parent=16421"}],"wp:term":[{"taxonomy":"product_brand","embeddable":true,"href":"https:\/\/glass-glass.com.mx\/en\/wp-json\/wp\/v2\/product_brand?post=16421"},{"taxonomy":"product_cat","embeddable":true,"href":"https:\/\/glass-glass.com.mx\/en\/wp-json\/wp\/v2\/product_cat?post=16421"},{"taxonomy":"product_tag","embeddable":true,"href":"https:\/\/glass-glass.com.mx\/en\/wp-json\/wp\/v2\/product_tag?post=16421"}],"curies":[{"name":"wp","href":"https:\/\/api.w.org\/{rel}","templated":true}]}}