{"id":16385,"date":"2023-08-30T13:27:22","date_gmt":"2023-08-30T19:27:22","guid":{"rendered":"https:\/\/glass-glass.com.mx\/?post_type=product&#038;p=16385"},"modified":"2024-01-04T19:44:22","modified_gmt":"2024-01-05T01:44:22","slug":"tarro-liso","status":"publish","type":"product","link":"https:\/\/glass-glass.com.mx\/en\/hogar-y-cristaleria\/tarros\/tarro-liso\/","title":{"rendered":"SMOOTH JAR"},"content":{"rendered":"<p><img decoding=\"async\" class=\"alignnone size-full\" src=\"https:\/\/glass-glass.com.mx\/wp-content\/uploads\/2023\/08\/GGTARRO0002-sketch.jpg\" \/><\/p>","protected":false},"excerpt":{"rendered":"<p>400 ml jar with thread.<\/p>\n<p><b>Style:<\/b> This is cylindrical jar with a standard size, perfect for storing jellies and sauces. 100% crystalline. Its smooth surface makes it easy to label.<\/p>\n<p><b>Ideal Use:<\/b> Heat resistant. Also ideal as a present filled with candies, snacks and other such articles. Compatible with R.70.450.405 threads for plastic or metal lids.<br \/>\nHighly recommended for its use in coffee shops, gift-shops, bakeries and restaurants.<\/p>\n<p><b>Additional features:<\/b> Thanks to its exclusive Glass &amp; Glass formula it\u2019s lead free and recyclable. It doesn\u2019t retain smells nor flavors even after long periods of exposure.<\/p>\n<p><b>Manageability:<\/b> Deliveries can be made in cardboard boxes containing 20 pieces each, or in pallets with up to 1,920 units.<\/p>","protected":false},"featured_media":17565,"template":"","meta":{"_joinchat":[]},"product_brand":[],"product_cat":[127],"product_tag":[],"class_list":{"0":"post-16385","1":"product","2":"type-product","3":"status-publish","4":"has-post-thumbnail","6":"product_cat-tarros","7":"pa_capacidad-ml-400-ml","8":"pa_capacidad-onzas-13-53-oz","10":"first","11":"instock","12":"shipping-taxable","13":"product-type-simple"},"yoast_head":"<!-- This site is optimized with the Yoast SEO plugin v23.6 - https:\/\/yoast.com\/wordpress\/plugins\/seo\/ -->\n<title>TARRO LISO - Glass &amp; Glass<\/title>\n<meta name=\"robots\" content=\"index, follow, max-snippet:-1, max-image-preview:large, max-video-preview:-1\" \/>\n<link rel=\"canonical\" href=\"https:\/\/glass-glass.com.mx\/en\/hogar-y-cristaleria\/tarros\/tarro-liso\/\" \/>\n<meta property=\"og:locale\" content=\"en_US\" \/>\n<meta property=\"og:type\" content=\"article\" \/>\n<meta property=\"og:title\" content=\"TARRO LISO - Glass &amp; Glass\" \/>\n<meta property=\"og:description\" content=\"Tarro 400ml con rosca.  Estilo: El tarro liso es un tarro cil\u00edndrico, de tama\u00f1o est\u00e1ndar que es perfecto como envase de mermeladas y salsas. 100% cristalino, tiene una capacidad de 400 ml. Su \u00e1rea es lisa por lo que el etiquetado es pr\u00e1ctico. Su estilo es moderno y sencillo.  Uso Ideal: El tarro liso de 400 ml es resistente a altas temperaturas. Es ideal como contenedor y un excelente detalle con dulces, botanas o art\u00edculos; es compatible con rosca R.70.450.405 para tapas de pl\u00e1stico o metal. Con tapa, es ideal para transportar productos. Es recomendado para cafeter\u00edas, tiendas, restaurantes y negocios.  Caracter\u00edsticas Adicionales: Gracias a la formulaci\u00f3n exclusiva de vidrio de Glass &amp; Glass, es libre de plomo y reciclable. No retiene olores ni sabores.  Maniobrabilidad: Desarrollado en Glass &amp; Glass, el tarro liso es pr\u00e1ctico y f\u00e1cil de lavar, almacenar y maniobrar. Es entregado en tarimas de 1,920 piezas, distribuidos en cajas con 20 piezas.\" \/>\n<meta property=\"og:url\" content=\"https:\/\/glass-glass.com.mx\/en\/hogar-y-cristaleria\/tarros\/tarro-liso\/\" \/>\n<meta property=\"og:site_name\" content=\"Glass &amp; Glass\" \/>\n<meta property=\"article:modified_time\" content=\"2024-01-05T01:44:22+00:00\" \/>\n<meta property=\"og:image\" content=\"https:\/\/glass-glass.com.mx\/wp-content\/uploads\/2023\/08\/GGTARRO0002.jpg\" \/>\n\t<meta property=\"og:image:width\" content=\"700\" \/>\n\t<meta property=\"og:image:height\" content=\"700\" \/>\n\t<meta property=\"og:image:type\" content=\"image\/jpeg\" \/>\n<meta name=\"twitter:card\" content=\"summary_large_image\" \/>\n<meta name=\"twitter:label1\" content=\"Est. reading time\" \/>\n\t<meta name=\"twitter:data1\" content=\"1 minute\" \/>\n<script type=\"application\/ld+json\" class=\"yoast-schema-graph\">{\"@context\":\"https:\/\/schema.org\",\"@graph\":[{\"@type\":\"WebPage\",\"@id\":\"https:\/\/glass-glass.com.mx\/hogar-y-cristaleria\/tarros\/tarro-liso\/\",\"url\":\"https:\/\/glass-glass.com.mx\/hogar-y-cristaleria\/tarros\/tarro-liso\/\",\"name\":\"TARRO LISO - Glass &amp; Glass\",\"isPartOf\":{\"@id\":\"https:\/\/glass-glass.com.mx\/#website\"},\"primaryImageOfPage\":{\"@id\":\"https:\/\/glass-glass.com.mx\/hogar-y-cristaleria\/tarros\/tarro-liso\/#primaryimage\"},\"image\":{\"@id\":\"https:\/\/glass-glass.com.mx\/hogar-y-cristaleria\/tarros\/tarro-liso\/#primaryimage\"},\"thumbnailUrl\":\"https:\/\/glass-glass.com.mx\/wp-content\/uploads\/2023\/08\/GGTARRO0002.jpg\",\"datePublished\":\"2023-08-30T19:27:22+00:00\",\"dateModified\":\"2024-01-05T01:44:22+00:00\",\"breadcrumb\":{\"@id\":\"https:\/\/glass-glass.com.mx\/hogar-y-cristaleria\/tarros\/tarro-liso\/#breadcrumb\"},\"inLanguage\":\"en-US\",\"potentialAction\":[{\"@type\":\"ReadAction\",\"target\":[\"https:\/\/glass-glass.com.mx\/hogar-y-cristaleria\/tarros\/tarro-liso\/\"]}]},{\"@type\":\"ImageObject\",\"inLanguage\":\"en-US\",\"@id\":\"https:\/\/glass-glass.com.mx\/hogar-y-cristaleria\/tarros\/tarro-liso\/#primaryimage\",\"url\":\"https:\/\/glass-glass.com.mx\/wp-content\/uploads\/2023\/08\/GGTARRO0002.jpg\",\"contentUrl\":\"https:\/\/glass-glass.com.mx\/wp-content\/uploads\/2023\/08\/GGTARRO0002.jpg\",\"width\":700,\"height\":700,\"caption\":\"TARRO LISO\"},{\"@type\":\"BreadcrumbList\",\"@id\":\"https:\/\/glass-glass.com.mx\/hogar-y-cristaleria\/tarros\/tarro-liso\/#breadcrumb\",\"itemListElement\":[{\"@type\":\"ListItem\",\"position\":1,\"name\":\"Inicio\",\"item\":\"https:\/\/glass-glass.com.mx\/\"},{\"@type\":\"ListItem\",\"position\":2,\"name\":\"Productos\",\"item\":\"https:\/\/glass-glass.com.mx\/productos\/\"},{\"@type\":\"ListItem\",\"position\":3,\"name\":\"TARRO LISO\"}]},{\"@type\":\"WebSite\",\"@id\":\"https:\/\/glass-glass.com.mx\/#website\",\"url\":\"https:\/\/glass-glass.com.mx\/\",\"name\":\"Glass &amp; Glass\",\"description\":\"360\u00b0 de pureza\",\"potentialAction\":[{\"@type\":\"SearchAction\",\"target\":{\"@type\":\"EntryPoint\",\"urlTemplate\":\"https:\/\/glass-glass.com.mx\/?s={search_term_string}\"},\"query-input\":{\"@type\":\"PropertyValueSpecification\",\"valueRequired\":true,\"valueName\":\"search_term_string\"}}],\"inLanguage\":\"en-US\"}]}<\/script>\n<!-- \/ Yoast SEO plugin. -->","yoast_head_json":{"title":"TARRO LISO - Glass &amp; Glass","robots":{"index":"index","follow":"follow","max-snippet":"max-snippet:-1","max-image-preview":"max-image-preview:large","max-video-preview":"max-video-preview:-1"},"canonical":"https:\/\/glass-glass.com.mx\/en\/hogar-y-cristaleria\/tarros\/tarro-liso\/","og_locale":"en_US","og_type":"article","og_title":"TARRO LISO - Glass &amp; Glass","og_description":"Tarro 400ml con rosca.  Estilo: El tarro liso es un tarro cil\u00edndrico, de tama\u00f1o est\u00e1ndar que es perfecto como envase de mermeladas y salsas. 100% cristalino, tiene una capacidad de 400 ml. Su \u00e1rea es lisa por lo que el etiquetado es pr\u00e1ctico. Su estilo es moderno y sencillo.  Uso Ideal: El tarro liso de 400 ml es resistente a altas temperaturas. Es ideal como contenedor y un excelente detalle con dulces, botanas o art\u00edculos; es compatible con rosca R.70.450.405 para tapas de pl\u00e1stico o metal. Con tapa, es ideal para transportar productos. Es recomendado para cafeter\u00edas, tiendas, restaurantes y negocios.  Caracter\u00edsticas Adicionales: Gracias a la formulaci\u00f3n exclusiva de vidrio de Glass &amp; Glass, es libre de plomo y reciclable. No retiene olores ni sabores.  Maniobrabilidad: Desarrollado en Glass &amp; Glass, el tarro liso es pr\u00e1ctico y f\u00e1cil de lavar, almacenar y maniobrar. Es entregado en tarimas de 1,920 piezas, distribuidos en cajas con 20 piezas.","og_url":"https:\/\/glass-glass.com.mx\/en\/hogar-y-cristaleria\/tarros\/tarro-liso\/","og_site_name":"Glass &amp; Glass","article_modified_time":"2024-01-05T01:44:22+00:00","og_image":[{"width":700,"height":700,"url":"https:\/\/glass-glass.com.mx\/wp-content\/uploads\/2023\/08\/GGTARRO0002.jpg","type":"image\/jpeg"}],"twitter_card":"summary_large_image","twitter_misc":{"Est. reading time":"1 minute"},"schema":{"@context":"https:\/\/schema.org","@graph":[{"@type":"WebPage","@id":"https:\/\/glass-glass.com.mx\/hogar-y-cristaleria\/tarros\/tarro-liso\/","url":"https:\/\/glass-glass.com.mx\/hogar-y-cristaleria\/tarros\/tarro-liso\/","name":"TARRO LISO - Glass &amp; Glass","isPartOf":{"@id":"https:\/\/glass-glass.com.mx\/#website"},"primaryImageOfPage":{"@id":"https:\/\/glass-glass.com.mx\/hogar-y-cristaleria\/tarros\/tarro-liso\/#primaryimage"},"image":{"@id":"https:\/\/glass-glass.com.mx\/hogar-y-cristaleria\/tarros\/tarro-liso\/#primaryimage"},"thumbnailUrl":"https:\/\/glass-glass.com.mx\/wp-content\/uploads\/2023\/08\/GGTARRO0002.jpg","datePublished":"2023-08-30T19:27:22+00:00","dateModified":"2024-01-05T01:44:22+00:00","breadcrumb":{"@id":"https:\/\/glass-glass.com.mx\/hogar-y-cristaleria\/tarros\/tarro-liso\/#breadcrumb"},"inLanguage":"en-US","potentialAction":[{"@type":"ReadAction","target":["https:\/\/glass-glass.com.mx\/hogar-y-cristaleria\/tarros\/tarro-liso\/"]}]},{"@type":"ImageObject","inLanguage":"en-US","@id":"https:\/\/glass-glass.com.mx\/hogar-y-cristaleria\/tarros\/tarro-liso\/#primaryimage","url":"https:\/\/glass-glass.com.mx\/wp-content\/uploads\/2023\/08\/GGTARRO0002.jpg","contentUrl":"https:\/\/glass-glass.com.mx\/wp-content\/uploads\/2023\/08\/GGTARRO0002.jpg","width":700,"height":700,"caption":"TARRO LISO"},{"@type":"BreadcrumbList","@id":"https:\/\/glass-glass.com.mx\/hogar-y-cristaleria\/tarros\/tarro-liso\/#breadcrumb","itemListElement":[{"@type":"ListItem","position":1,"name":"Inicio","item":"https:\/\/glass-glass.com.mx\/"},{"@type":"ListItem","position":2,"name":"Productos","item":"https:\/\/glass-glass.com.mx\/productos\/"},{"@type":"ListItem","position":3,"name":"TARRO LISO"}]},{"@type":"WebSite","@id":"https:\/\/glass-glass.com.mx\/#website","url":"https:\/\/glass-glass.com.mx\/","name":"Glass &amp; Glass","description":"360\u00b0 de pureza","potentialAction":[{"@type":"SearchAction","target":{"@type":"EntryPoint","urlTemplate":"https:\/\/glass-glass.com.mx\/?s={search_term_string}"},"query-input":{"@type":"PropertyValueSpecification","valueRequired":true,"valueName":"search_term_string"}}],"inLanguage":"en-US"}]}},"_links":{"self":[{"href":"https:\/\/glass-glass.com.mx\/en\/wp-json\/wp\/v2\/product\/16385","targetHints":{"allow":["GET"]}}],"collection":[{"href":"https:\/\/glass-glass.com.mx\/en\/wp-json\/wp\/v2\/product"}],"about":[{"href":"https:\/\/glass-glass.com.mx\/en\/wp-json\/wp\/v2\/types\/product"}],"version-history":[{"count":5,"href":"https:\/\/glass-glass.com.mx\/en\/wp-json\/wp\/v2\/product\/16385\/revisions"}],"predecessor-version":[{"id":17564,"href":"https:\/\/glass-glass.com.mx\/en\/wp-json\/wp\/v2\/product\/16385\/revisions\/17564"}],"wp:featuredmedia":[{"embeddable":true,"href":"https:\/\/glass-glass.com.mx\/en\/wp-json\/wp\/v2\/media\/17565"}],"wp:attachment":[{"href":"https:\/\/glass-glass.com.mx\/en\/wp-json\/wp\/v2\/media?parent=16385"}],"wp:term":[{"taxonomy":"product_brand","embeddable":true,"href":"https:\/\/glass-glass.com.mx\/en\/wp-json\/wp\/v2\/product_brand?post=16385"},{"taxonomy":"product_cat","embeddable":true,"href":"https:\/\/glass-glass.com.mx\/en\/wp-json\/wp\/v2\/product_cat?post=16385"},{"taxonomy":"product_tag","embeddable":true,"href":"https:\/\/glass-glass.com.mx\/en\/wp-json\/wp\/v2\/product_tag?post=16385"}],"curies":[{"name":"wp","href":"https:\/\/api.w.org\/{rel}","templated":true}]}}