{"id":16384,"date":"2023-08-30T13:27:22","date_gmt":"2023-08-30T19:27:22","guid":{"rendered":"https:\/\/glass-glass.com.mx\/?post_type=product&#038;p=16384"},"modified":"2024-01-04T19:14:22","modified_gmt":"2024-01-05T01:14:22","slug":"tarro-kriska-liso","status":"publish","type":"product","link":"https:\/\/glass-glass.com.mx\/en\/hogar-y-cristaleria\/tarros\/tarro-kriska-liso\/","title":{"rendered":"SMOOTH KRISKA JAR"},"content":{"rendered":"<p><img decoding=\"async\" class=\"alignnone size-full\" src=\"https:\/\/glass-glass.com.mx\/wp-content\/uploads\/2023\/08\/GGTARRO0003-sketch.jpg\" \/><\/p>","protected":false},"excerpt":{"rendered":"<p>Small jar with thread.<\/p>\n<p><b>Style:<\/b> The Kriska jar is cylindrical, smooth and small, perfect for storing jellies or sauces. With a 200 ml capacity and 100% crystalline finish. Easy to label thanks to its smooth surface.<\/p>\n<p><b>Ideal Use:<\/b> This jar is simply practical in terms of its use and dimensions. Ideal as a present or in the kitchen, so as to store candies, snacks and any other small article; compatible with the R.70.450.405 thread according to the international standard denomination for plastic or metal lids.<br \/>\nHighly recommended for its use in coffee shops, gift-shops, bakeries and restaurants.<\/p>\n<p><b>Additional features:<\/b> Thanks to its exclusive Glass &amp; Glass formula it\u2019s lead free and recyclable. It doesn\u2019t retain smells nor flavors even after long periods of exposure.<\/p>\n<p><b>Manageability:<\/b> Deliveries can be made in cardboard boxes containing 24 pieces each, for up to 2,600 units per pallet.<\/p>","protected":false},"featured_media":17549,"template":"","meta":{"_joinchat":[]},"product_brand":[],"product_cat":[127],"product_tag":[],"class_list":{"0":"post-16384","1":"product","2":"type-product","3":"status-publish","4":"has-post-thumbnail","6":"product_cat-tarros","7":"pa_capacidad-ml-200-ml","8":"pa_capacidad-onzas-6-76-oz","10":"first","11":"instock","12":"shipping-taxable","13":"product-type-simple"},"yoast_head":"<!-- This site is optimized with the Yoast SEO plugin v23.6 - https:\/\/yoast.com\/wordpress\/plugins\/seo\/ -->\n<title>TARRO KRISKA LISO - Glass &amp; Glass<\/title>\n<meta name=\"robots\" content=\"index, follow, max-snippet:-1, max-image-preview:large, max-video-preview:-1\" \/>\n<link rel=\"canonical\" href=\"https:\/\/glass-glass.com.mx\/en\/hogar-y-cristaleria\/tarros\/tarro-kriska-liso\/\" \/>\n<meta property=\"og:locale\" content=\"en_US\" \/>\n<meta property=\"og:type\" content=\"article\" \/>\n<meta property=\"og:title\" content=\"TARRO KRISKA LISO - Glass &amp; Glass\" \/>\n<meta property=\"og:description\" content=\"Tarro peque\u00f1o con rosca.  Estilo: El tarro Kriska es un tarro cil\u00edndrico, liso y no muy grande que es perfecto como envase para mermeladas y salsas. 100% cristalino, tiene una capacidad de 200ml. Su \u00e1rea es lisa por lo que el etiquetado es sencillo. Su estilo es moderno y sencillo.  Uso Ideal: El tarro Kriska es un producto pr\u00e1ctico en capacidades y dimensiones. Es ideal como contenedor y un excelente detalle con dulces, botanas o art\u00edculos; es compatible con rosca R.70.450.405 para tapas de pl\u00e1stico o metal. Con tapa, es ideal para transportar productos. Es recomendado para cafeter\u00edas, tiendas, restaurantes y negocios.  Caracter\u00edsticas Adicionales: Gracias a la formulaci\u00f3n exclusiva de vidrio de Glass &amp; Glass, es libre de plomo y reciclable. No retiene olores ni sabores.  Maniobrabilidad: Desarrollado en Glass &amp; Glass, el tarro Kriska liso es pr\u00e1ctico y f\u00e1cil de lavar, almacenar y maniobrar. Es entregado en tarimas de 2,600 piezas, distribuidos en cajas con 24 piezas.\" \/>\n<meta property=\"og:url\" content=\"https:\/\/glass-glass.com.mx\/en\/hogar-y-cristaleria\/tarros\/tarro-kriska-liso\/\" \/>\n<meta property=\"og:site_name\" content=\"Glass &amp; Glass\" \/>\n<meta property=\"article:modified_time\" content=\"2024-01-05T01:14:22+00:00\" \/>\n<meta property=\"og:image\" content=\"https:\/\/glass-glass.com.mx\/wp-content\/uploads\/2023\/08\/GGTARRO0003.jpg\" \/>\n\t<meta property=\"og:image:width\" content=\"700\" \/>\n\t<meta property=\"og:image:height\" content=\"700\" \/>\n\t<meta property=\"og:image:type\" content=\"image\/jpeg\" \/>\n<meta name=\"twitter:card\" content=\"summary_large_image\" \/>\n<meta name=\"twitter:label1\" content=\"Est. reading time\" \/>\n\t<meta name=\"twitter:data1\" content=\"1 minute\" \/>\n<script type=\"application\/ld+json\" class=\"yoast-schema-graph\">{\"@context\":\"https:\/\/schema.org\",\"@graph\":[{\"@type\":\"WebPage\",\"@id\":\"https:\/\/glass-glass.com.mx\/hogar-y-cristaleria\/tarros\/tarro-kriska-liso\/\",\"url\":\"https:\/\/glass-glass.com.mx\/hogar-y-cristaleria\/tarros\/tarro-kriska-liso\/\",\"name\":\"TARRO KRISKA LISO - Glass &amp; Glass\",\"isPartOf\":{\"@id\":\"https:\/\/glass-glass.com.mx\/#website\"},\"primaryImageOfPage\":{\"@id\":\"https:\/\/glass-glass.com.mx\/hogar-y-cristaleria\/tarros\/tarro-kriska-liso\/#primaryimage\"},\"image\":{\"@id\":\"https:\/\/glass-glass.com.mx\/hogar-y-cristaleria\/tarros\/tarro-kriska-liso\/#primaryimage\"},\"thumbnailUrl\":\"https:\/\/glass-glass.com.mx\/wp-content\/uploads\/2023\/08\/GGTARRO0003.jpg\",\"datePublished\":\"2023-08-30T19:27:22+00:00\",\"dateModified\":\"2024-01-05T01:14:22+00:00\",\"breadcrumb\":{\"@id\":\"https:\/\/glass-glass.com.mx\/hogar-y-cristaleria\/tarros\/tarro-kriska-liso\/#breadcrumb\"},\"inLanguage\":\"en-US\",\"potentialAction\":[{\"@type\":\"ReadAction\",\"target\":[\"https:\/\/glass-glass.com.mx\/hogar-y-cristaleria\/tarros\/tarro-kriska-liso\/\"]}]},{\"@type\":\"ImageObject\",\"inLanguage\":\"en-US\",\"@id\":\"https:\/\/glass-glass.com.mx\/hogar-y-cristaleria\/tarros\/tarro-kriska-liso\/#primaryimage\",\"url\":\"https:\/\/glass-glass.com.mx\/wp-content\/uploads\/2023\/08\/GGTARRO0003.jpg\",\"contentUrl\":\"https:\/\/glass-glass.com.mx\/wp-content\/uploads\/2023\/08\/GGTARRO0003.jpg\",\"width\":700,\"height\":700,\"caption\":\"TARRO KRISKA LISO\"},{\"@type\":\"BreadcrumbList\",\"@id\":\"https:\/\/glass-glass.com.mx\/hogar-y-cristaleria\/tarros\/tarro-kriska-liso\/#breadcrumb\",\"itemListElement\":[{\"@type\":\"ListItem\",\"position\":1,\"name\":\"Inicio\",\"item\":\"https:\/\/glass-glass.com.mx\/\"},{\"@type\":\"ListItem\",\"position\":2,\"name\":\"Productos\",\"item\":\"https:\/\/glass-glass.com.mx\/productos\/\"},{\"@type\":\"ListItem\",\"position\":3,\"name\":\"TARRO KRISKA LISO\"}]},{\"@type\":\"WebSite\",\"@id\":\"https:\/\/glass-glass.com.mx\/#website\",\"url\":\"https:\/\/glass-glass.com.mx\/\",\"name\":\"Glass &amp; Glass\",\"description\":\"360\u00b0 de pureza\",\"potentialAction\":[{\"@type\":\"SearchAction\",\"target\":{\"@type\":\"EntryPoint\",\"urlTemplate\":\"https:\/\/glass-glass.com.mx\/?s={search_term_string}\"},\"query-input\":{\"@type\":\"PropertyValueSpecification\",\"valueRequired\":true,\"valueName\":\"search_term_string\"}}],\"inLanguage\":\"en-US\"}]}<\/script>\n<!-- \/ Yoast SEO plugin. -->","yoast_head_json":{"title":"TARRO KRISKA LISO - Glass &amp; Glass","robots":{"index":"index","follow":"follow","max-snippet":"max-snippet:-1","max-image-preview":"max-image-preview:large","max-video-preview":"max-video-preview:-1"},"canonical":"https:\/\/glass-glass.com.mx\/en\/hogar-y-cristaleria\/tarros\/tarro-kriska-liso\/","og_locale":"en_US","og_type":"article","og_title":"TARRO KRISKA LISO - Glass &amp; Glass","og_description":"Tarro peque\u00f1o con rosca.  Estilo: El tarro Kriska es un tarro cil\u00edndrico, liso y no muy grande que es perfecto como envase para mermeladas y salsas. 100% cristalino, tiene una capacidad de 200ml. Su \u00e1rea es lisa por lo que el etiquetado es sencillo. Su estilo es moderno y sencillo.  Uso Ideal: El tarro Kriska es un producto pr\u00e1ctico en capacidades y dimensiones. Es ideal como contenedor y un excelente detalle con dulces, botanas o art\u00edculos; es compatible con rosca R.70.450.405 para tapas de pl\u00e1stico o metal. Con tapa, es ideal para transportar productos. Es recomendado para cafeter\u00edas, tiendas, restaurantes y negocios.  Caracter\u00edsticas Adicionales: Gracias a la formulaci\u00f3n exclusiva de vidrio de Glass &amp; Glass, es libre de plomo y reciclable. No retiene olores ni sabores.  Maniobrabilidad: Desarrollado en Glass &amp; Glass, el tarro Kriska liso es pr\u00e1ctico y f\u00e1cil de lavar, almacenar y maniobrar. Es entregado en tarimas de 2,600 piezas, distribuidos en cajas con 24 piezas.","og_url":"https:\/\/glass-glass.com.mx\/en\/hogar-y-cristaleria\/tarros\/tarro-kriska-liso\/","og_site_name":"Glass &amp; Glass","article_modified_time":"2024-01-05T01:14:22+00:00","og_image":[{"width":700,"height":700,"url":"https:\/\/glass-glass.com.mx\/wp-content\/uploads\/2023\/08\/GGTARRO0003.jpg","type":"image\/jpeg"}],"twitter_card":"summary_large_image","twitter_misc":{"Est. reading time":"1 minute"},"schema":{"@context":"https:\/\/schema.org","@graph":[{"@type":"WebPage","@id":"https:\/\/glass-glass.com.mx\/hogar-y-cristaleria\/tarros\/tarro-kriska-liso\/","url":"https:\/\/glass-glass.com.mx\/hogar-y-cristaleria\/tarros\/tarro-kriska-liso\/","name":"TARRO KRISKA LISO - Glass &amp; Glass","isPartOf":{"@id":"https:\/\/glass-glass.com.mx\/#website"},"primaryImageOfPage":{"@id":"https:\/\/glass-glass.com.mx\/hogar-y-cristaleria\/tarros\/tarro-kriska-liso\/#primaryimage"},"image":{"@id":"https:\/\/glass-glass.com.mx\/hogar-y-cristaleria\/tarros\/tarro-kriska-liso\/#primaryimage"},"thumbnailUrl":"https:\/\/glass-glass.com.mx\/wp-content\/uploads\/2023\/08\/GGTARRO0003.jpg","datePublished":"2023-08-30T19:27:22+00:00","dateModified":"2024-01-05T01:14:22+00:00","breadcrumb":{"@id":"https:\/\/glass-glass.com.mx\/hogar-y-cristaleria\/tarros\/tarro-kriska-liso\/#breadcrumb"},"inLanguage":"en-US","potentialAction":[{"@type":"ReadAction","target":["https:\/\/glass-glass.com.mx\/hogar-y-cristaleria\/tarros\/tarro-kriska-liso\/"]}]},{"@type":"ImageObject","inLanguage":"en-US","@id":"https:\/\/glass-glass.com.mx\/hogar-y-cristaleria\/tarros\/tarro-kriska-liso\/#primaryimage","url":"https:\/\/glass-glass.com.mx\/wp-content\/uploads\/2023\/08\/GGTARRO0003.jpg","contentUrl":"https:\/\/glass-glass.com.mx\/wp-content\/uploads\/2023\/08\/GGTARRO0003.jpg","width":700,"height":700,"caption":"TARRO KRISKA LISO"},{"@type":"BreadcrumbList","@id":"https:\/\/glass-glass.com.mx\/hogar-y-cristaleria\/tarros\/tarro-kriska-liso\/#breadcrumb","itemListElement":[{"@type":"ListItem","position":1,"name":"Inicio","item":"https:\/\/glass-glass.com.mx\/"},{"@type":"ListItem","position":2,"name":"Productos","item":"https:\/\/glass-glass.com.mx\/productos\/"},{"@type":"ListItem","position":3,"name":"TARRO KRISKA LISO"}]},{"@type":"WebSite","@id":"https:\/\/glass-glass.com.mx\/#website","url":"https:\/\/glass-glass.com.mx\/","name":"Glass &amp; Glass","description":"360\u00b0 de pureza","potentialAction":[{"@type":"SearchAction","target":{"@type":"EntryPoint","urlTemplate":"https:\/\/glass-glass.com.mx\/?s={search_term_string}"},"query-input":{"@type":"PropertyValueSpecification","valueRequired":true,"valueName":"search_term_string"}}],"inLanguage":"en-US"}]}},"_links":{"self":[{"href":"https:\/\/glass-glass.com.mx\/en\/wp-json\/wp\/v2\/product\/16384","targetHints":{"allow":["GET"]}}],"collection":[{"href":"https:\/\/glass-glass.com.mx\/en\/wp-json\/wp\/v2\/product"}],"about":[{"href":"https:\/\/glass-glass.com.mx\/en\/wp-json\/wp\/v2\/types\/product"}],"version-history":[{"count":5,"href":"https:\/\/glass-glass.com.mx\/en\/wp-json\/wp\/v2\/product\/16384\/revisions"}],"predecessor-version":[{"id":17547,"href":"https:\/\/glass-glass.com.mx\/en\/wp-json\/wp\/v2\/product\/16384\/revisions\/17547"}],"wp:featuredmedia":[{"embeddable":true,"href":"https:\/\/glass-glass.com.mx\/en\/wp-json\/wp\/v2\/media\/17549"}],"wp:attachment":[{"href":"https:\/\/glass-glass.com.mx\/en\/wp-json\/wp\/v2\/media?parent=16384"}],"wp:term":[{"taxonomy":"product_brand","embeddable":true,"href":"https:\/\/glass-glass.com.mx\/en\/wp-json\/wp\/v2\/product_brand?post=16384"},{"taxonomy":"product_cat","embeddable":true,"href":"https:\/\/glass-glass.com.mx\/en\/wp-json\/wp\/v2\/product_cat?post=16384"},{"taxonomy":"product_tag","embeddable":true,"href":"https:\/\/glass-glass.com.mx\/en\/wp-json\/wp\/v2\/product_tag?post=16384"}],"curies":[{"name":"wp","href":"https:\/\/api.w.org\/{rel}","templated":true}]}}