{"id":16382,"date":"2023-08-30T13:27:22","date_gmt":"2023-08-30T19:27:22","guid":{"rendered":"https:\/\/glass-glass.com.mx\/?post_type=product&#038;p=16382"},"modified":"2024-01-04T19:05:52","modified_gmt":"2024-01-05T01:05:52","slug":"tarro-liso-con-asa","status":"publish","type":"product","link":"https:\/\/glass-glass.com.mx\/en\/hogar-y-cristaleria\/tarros\/tarro-liso-con-asa\/","title":{"rendered":"SMOOTH JAR WITH HANDLE"},"content":{"rendered":"<p><img decoding=\"async\" class=\"alignnone size-full\" src=\"https:\/\/glass-glass.com.mx\/wp-content\/uploads\/2023\/08\/GGTARRO0011-sketch.jpg\" \/><\/p>","protected":false},"excerpt":{"rendered":"<p>Tarro liso 380 ml con asa y rosca.<\/p>\n<p><b>Style:<\/b> Its comfortable handle and ergonomics are a good match to the considerable capacity of 380 ml.<\/p>\n<p><b>Ideal Use:<\/b> Perfect for serving cold drinks, like frappes and smoothies. Also good as a gift and to carry anything from place to place thanks to its compatibility with threaded lids.<\/p>\n<p><b>Additional features:<\/b> Compatible with lids of various materials, as long as the lid is an R 70.450.405 according to the international standard denomination. Lead free and recyclable.<\/p>\n<p><b>Manageability:<\/b> Deliveries can be made in 48 cardboard boxes pallets, with up to 1,152 units per pallet.<\/p>","protected":false},"featured_media":17537,"template":"","meta":{"_joinchat":[]},"product_brand":[],"product_cat":[127],"product_tag":[],"class_list":{"0":"post-16382","1":"product","2":"type-product","3":"status-publish","4":"has-post-thumbnail","6":"product_cat-tarros","7":"pa_capacidad-ml-380-ml","8":"pa_capacidad-onzas-12-85-oz","10":"first","11":"instock","12":"shipping-taxable","13":"product-type-simple"},"yoast_head":"<!-- This site is optimized with the Yoast SEO plugin v23.6 - https:\/\/yoast.com\/wordpress\/plugins\/seo\/ -->\n<title>TARRO LISO CON ASA - Glass &amp; Glass<\/title>\n<meta name=\"robots\" content=\"index, follow, max-snippet:-1, max-image-preview:large, max-video-preview:-1\" \/>\n<link rel=\"canonical\" href=\"https:\/\/glass-glass.com.mx\/en\/hogar-y-cristaleria\/tarros\/tarro-liso-con-asa\/\" \/>\n<meta property=\"og:locale\" content=\"en_US\" \/>\n<meta property=\"og:type\" content=\"article\" \/>\n<meta property=\"og:title\" content=\"TARRO LISO CON ASA - Glass &amp; Glass\" \/>\n<meta property=\"og:description\" content=\"Tarro liso 380 ml con asa y rosca.  Estilo: La versi\u00f3n cl\u00e1sica de tarro con asa de Glass &amp; Glass. 100% cristalino, tiene una capacidad de 380ml. Su asa es c\u00f3moda y ergon\u00f3mica para tomarlo.  Uso Ideal: El tarro con asa es perfecto para mantener las bebidas fr\u00edas como frappes y smoothies o para usar como contenedor. Aunque es una tendencia en cafeter\u00edas y caterings es ideal como detalle, regalo, y para transportar cosas por su compatibilidad de rosca para tapas. Es funcional como envase para mermeladas, salsas y dulces.  Caracter\u00edsticas Adicionales: Es apto para tapas de todos los materiales. Su corona es para rosca R 70.450.405 de acuerdo a tablas internacionales. Gracias a la formulaci\u00f3n exclusiva de vidrio de Glass &amp; Glass, es libre de plomo y reciclable.  Maniobrabilidad: Desarrollado en Glass &amp; Glass, el tarro liso con asa es pr\u00e1ctico y f\u00e1cil de lavar, almacenar y maniobrar. Es entregado en tarimas de 1,152 piezas, distribuidos en 48 cajas.\" \/>\n<meta property=\"og:url\" content=\"https:\/\/glass-glass.com.mx\/en\/hogar-y-cristaleria\/tarros\/tarro-liso-con-asa\/\" \/>\n<meta property=\"og:site_name\" content=\"Glass &amp; Glass\" \/>\n<meta property=\"article:modified_time\" content=\"2024-01-05T01:05:52+00:00\" \/>\n<meta property=\"og:image\" content=\"https:\/\/glass-glass.com.mx\/wp-content\/uploads\/2023\/08\/GGTARRO0011-1.jpg\" \/>\n\t<meta property=\"og:image:width\" content=\"700\" \/>\n\t<meta property=\"og:image:height\" content=\"700\" \/>\n\t<meta property=\"og:image:type\" content=\"image\/jpeg\" \/>\n<meta name=\"twitter:card\" content=\"summary_large_image\" \/>\n<meta name=\"twitter:label1\" content=\"Est. reading time\" \/>\n\t<meta name=\"twitter:data1\" content=\"1 minute\" \/>\n<script type=\"application\/ld+json\" class=\"yoast-schema-graph\">{\"@context\":\"https:\/\/schema.org\",\"@graph\":[{\"@type\":\"WebPage\",\"@id\":\"https:\/\/glass-glass.com.mx\/hogar-y-cristaleria\/tarros\/tarro-liso-con-asa\/\",\"url\":\"https:\/\/glass-glass.com.mx\/hogar-y-cristaleria\/tarros\/tarro-liso-con-asa\/\",\"name\":\"TARRO LISO CON ASA - Glass &amp; Glass\",\"isPartOf\":{\"@id\":\"https:\/\/glass-glass.com.mx\/#website\"},\"primaryImageOfPage\":{\"@id\":\"https:\/\/glass-glass.com.mx\/hogar-y-cristaleria\/tarros\/tarro-liso-con-asa\/#primaryimage\"},\"image\":{\"@id\":\"https:\/\/glass-glass.com.mx\/hogar-y-cristaleria\/tarros\/tarro-liso-con-asa\/#primaryimage\"},\"thumbnailUrl\":\"https:\/\/glass-glass.com.mx\/wp-content\/uploads\/2023\/08\/GGTARRO0011-1.jpg\",\"datePublished\":\"2023-08-30T19:27:22+00:00\",\"dateModified\":\"2024-01-05T01:05:52+00:00\",\"breadcrumb\":{\"@id\":\"https:\/\/glass-glass.com.mx\/hogar-y-cristaleria\/tarros\/tarro-liso-con-asa\/#breadcrumb\"},\"inLanguage\":\"en-US\",\"potentialAction\":[{\"@type\":\"ReadAction\",\"target\":[\"https:\/\/glass-glass.com.mx\/hogar-y-cristaleria\/tarros\/tarro-liso-con-asa\/\"]}]},{\"@type\":\"ImageObject\",\"inLanguage\":\"en-US\",\"@id\":\"https:\/\/glass-glass.com.mx\/hogar-y-cristaleria\/tarros\/tarro-liso-con-asa\/#primaryimage\",\"url\":\"https:\/\/glass-glass.com.mx\/wp-content\/uploads\/2023\/08\/GGTARRO0011-1.jpg\",\"contentUrl\":\"https:\/\/glass-glass.com.mx\/wp-content\/uploads\/2023\/08\/GGTARRO0011-1.jpg\",\"width\":700,\"height\":700,\"caption\":\"TARRO LISO CON ASA\"},{\"@type\":\"BreadcrumbList\",\"@id\":\"https:\/\/glass-glass.com.mx\/hogar-y-cristaleria\/tarros\/tarro-liso-con-asa\/#breadcrumb\",\"itemListElement\":[{\"@type\":\"ListItem\",\"position\":1,\"name\":\"Inicio\",\"item\":\"https:\/\/glass-glass.com.mx\/\"},{\"@type\":\"ListItem\",\"position\":2,\"name\":\"Productos\",\"item\":\"https:\/\/glass-glass.com.mx\/productos\/\"},{\"@type\":\"ListItem\",\"position\":3,\"name\":\"TARRO LISO CON ASA\"}]},{\"@type\":\"WebSite\",\"@id\":\"https:\/\/glass-glass.com.mx\/#website\",\"url\":\"https:\/\/glass-glass.com.mx\/\",\"name\":\"Glass &amp; Glass\",\"description\":\"360\u00b0 de pureza\",\"potentialAction\":[{\"@type\":\"SearchAction\",\"target\":{\"@type\":\"EntryPoint\",\"urlTemplate\":\"https:\/\/glass-glass.com.mx\/?s={search_term_string}\"},\"query-input\":{\"@type\":\"PropertyValueSpecification\",\"valueRequired\":true,\"valueName\":\"search_term_string\"}}],\"inLanguage\":\"en-US\"}]}<\/script>\n<!-- \/ Yoast SEO plugin. -->","yoast_head_json":{"title":"TARRO LISO CON ASA - Glass &amp; Glass","robots":{"index":"index","follow":"follow","max-snippet":"max-snippet:-1","max-image-preview":"max-image-preview:large","max-video-preview":"max-video-preview:-1"},"canonical":"https:\/\/glass-glass.com.mx\/en\/hogar-y-cristaleria\/tarros\/tarro-liso-con-asa\/","og_locale":"en_US","og_type":"article","og_title":"TARRO LISO CON ASA - Glass &amp; Glass","og_description":"Tarro liso 380 ml con asa y rosca.  Estilo: La versi\u00f3n cl\u00e1sica de tarro con asa de Glass &amp; Glass. 100% cristalino, tiene una capacidad de 380ml. Su asa es c\u00f3moda y ergon\u00f3mica para tomarlo.  Uso Ideal: El tarro con asa es perfecto para mantener las bebidas fr\u00edas como frappes y smoothies o para usar como contenedor. Aunque es una tendencia en cafeter\u00edas y caterings es ideal como detalle, regalo, y para transportar cosas por su compatibilidad de rosca para tapas. Es funcional como envase para mermeladas, salsas y dulces.  Caracter\u00edsticas Adicionales: Es apto para tapas de todos los materiales. Su corona es para rosca R 70.450.405 de acuerdo a tablas internacionales. Gracias a la formulaci\u00f3n exclusiva de vidrio de Glass &amp; Glass, es libre de plomo y reciclable.  Maniobrabilidad: Desarrollado en Glass &amp; Glass, el tarro liso con asa es pr\u00e1ctico y f\u00e1cil de lavar, almacenar y maniobrar. Es entregado en tarimas de 1,152 piezas, distribuidos en 48 cajas.","og_url":"https:\/\/glass-glass.com.mx\/en\/hogar-y-cristaleria\/tarros\/tarro-liso-con-asa\/","og_site_name":"Glass &amp; Glass","article_modified_time":"2024-01-05T01:05:52+00:00","og_image":[{"width":700,"height":700,"url":"https:\/\/glass-glass.com.mx\/wp-content\/uploads\/2023\/08\/GGTARRO0011-1.jpg","type":"image\/jpeg"}],"twitter_card":"summary_large_image","twitter_misc":{"Est. reading time":"1 minute"},"schema":{"@context":"https:\/\/schema.org","@graph":[{"@type":"WebPage","@id":"https:\/\/glass-glass.com.mx\/hogar-y-cristaleria\/tarros\/tarro-liso-con-asa\/","url":"https:\/\/glass-glass.com.mx\/hogar-y-cristaleria\/tarros\/tarro-liso-con-asa\/","name":"TARRO LISO CON ASA - Glass &amp; Glass","isPartOf":{"@id":"https:\/\/glass-glass.com.mx\/#website"},"primaryImageOfPage":{"@id":"https:\/\/glass-glass.com.mx\/hogar-y-cristaleria\/tarros\/tarro-liso-con-asa\/#primaryimage"},"image":{"@id":"https:\/\/glass-glass.com.mx\/hogar-y-cristaleria\/tarros\/tarro-liso-con-asa\/#primaryimage"},"thumbnailUrl":"https:\/\/glass-glass.com.mx\/wp-content\/uploads\/2023\/08\/GGTARRO0011-1.jpg","datePublished":"2023-08-30T19:27:22+00:00","dateModified":"2024-01-05T01:05:52+00:00","breadcrumb":{"@id":"https:\/\/glass-glass.com.mx\/hogar-y-cristaleria\/tarros\/tarro-liso-con-asa\/#breadcrumb"},"inLanguage":"en-US","potentialAction":[{"@type":"ReadAction","target":["https:\/\/glass-glass.com.mx\/hogar-y-cristaleria\/tarros\/tarro-liso-con-asa\/"]}]},{"@type":"ImageObject","inLanguage":"en-US","@id":"https:\/\/glass-glass.com.mx\/hogar-y-cristaleria\/tarros\/tarro-liso-con-asa\/#primaryimage","url":"https:\/\/glass-glass.com.mx\/wp-content\/uploads\/2023\/08\/GGTARRO0011-1.jpg","contentUrl":"https:\/\/glass-glass.com.mx\/wp-content\/uploads\/2023\/08\/GGTARRO0011-1.jpg","width":700,"height":700,"caption":"TARRO LISO CON ASA"},{"@type":"BreadcrumbList","@id":"https:\/\/glass-glass.com.mx\/hogar-y-cristaleria\/tarros\/tarro-liso-con-asa\/#breadcrumb","itemListElement":[{"@type":"ListItem","position":1,"name":"Inicio","item":"https:\/\/glass-glass.com.mx\/"},{"@type":"ListItem","position":2,"name":"Productos","item":"https:\/\/glass-glass.com.mx\/productos\/"},{"@type":"ListItem","position":3,"name":"TARRO LISO CON ASA"}]},{"@type":"WebSite","@id":"https:\/\/glass-glass.com.mx\/#website","url":"https:\/\/glass-glass.com.mx\/","name":"Glass &amp; Glass","description":"360\u00b0 de pureza","potentialAction":[{"@type":"SearchAction","target":{"@type":"EntryPoint","urlTemplate":"https:\/\/glass-glass.com.mx\/?s={search_term_string}"},"query-input":{"@type":"PropertyValueSpecification","valueRequired":true,"valueName":"search_term_string"}}],"inLanguage":"en-US"}]}},"_links":{"self":[{"href":"https:\/\/glass-glass.com.mx\/en\/wp-json\/wp\/v2\/product\/16382","targetHints":{"allow":["GET"]}}],"collection":[{"href":"https:\/\/glass-glass.com.mx\/en\/wp-json\/wp\/v2\/product"}],"about":[{"href":"https:\/\/glass-glass.com.mx\/en\/wp-json\/wp\/v2\/types\/product"}],"version-history":[{"count":4,"href":"https:\/\/glass-glass.com.mx\/en\/wp-json\/wp\/v2\/product\/16382\/revisions"}],"predecessor-version":[{"id":17541,"href":"https:\/\/glass-glass.com.mx\/en\/wp-json\/wp\/v2\/product\/16382\/revisions\/17541"}],"wp:featuredmedia":[{"embeddable":true,"href":"https:\/\/glass-glass.com.mx\/en\/wp-json\/wp\/v2\/media\/17537"}],"wp:attachment":[{"href":"https:\/\/glass-glass.com.mx\/en\/wp-json\/wp\/v2\/media?parent=16382"}],"wp:term":[{"taxonomy":"product_brand","embeddable":true,"href":"https:\/\/glass-glass.com.mx\/en\/wp-json\/wp\/v2\/product_brand?post=16382"},{"taxonomy":"product_cat","embeddable":true,"href":"https:\/\/glass-glass.com.mx\/en\/wp-json\/wp\/v2\/product_cat?post=16382"},{"taxonomy":"product_tag","embeddable":true,"href":"https:\/\/glass-glass.com.mx\/en\/wp-json\/wp\/v2\/product_tag?post=16382"}],"curies":[{"name":"wp","href":"https:\/\/api.w.org\/{rel}","templated":true}]}}