{"id":16375,"date":"2023-08-30T13:27:22","date_gmt":"2023-08-30T19:27:22","guid":{"rendered":"https:\/\/glass-glass.com.mx\/?post_type=product&#038;p=16375"},"modified":"2023-10-03T22:43:54","modified_gmt":"2023-10-04T04:43:54","slug":"old-fashion-points-verde-turquesa","status":"publish","type":"product","link":"https:\/\/glass-glass.com.mx\/en\/hogar-y-cristaleria\/vasos\/old-fashion\/old-fashion-points-verde-turquesa\/","title":{"rendered":"OLD FASHION POINTS TURQUOISE GREEN"},"content":{"rendered":"<p><img class='alignnone size-full' src='https:\/\/glass-glass.com.mx\/wp-content\/uploads\/2023\/08\/GFRITACA005-sketch.jpg' \/><\/p>","protected":false},"excerpt":{"rendered":"<p>Short, dotted, turquoise green, crystal glass.<\/p>\n<p><b>Style:<\/b> The classic glass is now adorned with modern circles that texturize it alongside a turquoise green color, making it a contemporaneous version of the traditional design. Its conical shape and wide mouth, on par with the decorative circles make this an attractive and versatile piece. <\/p>\n<p><b>Ideal Use:<\/b> Perfect for serving drinks, desserts and other entries. Preferred, but not exclusively, by the restaurant and events sectors; it\u2019s easy to clean and handle, heat-resistant and lead free.<br \/>\nRecommended for any table setting, from serving water to serving alcoholic drinks, it won\u2019t fail.<\/p>\n<p><b>Additional features:<\/b> With a captivating texture and shape, it allows for a comfortable drinking experience, resistant, elegant and sophisticated, perfectly integrated in any setting and customizable through serigraphy. <\/p>\n<p><b>Manageability:<\/b> Packed in practical cardboard boxes, makes distribution, storage and transport processes faster, rendering it the best bet for any event. Orders can be delivered in 121 box pallets, for a total of 1,452 units. <\/p>","protected":false},"featured_media":16225,"template":"","meta":{"_joinchat":[]},"product_brand":[],"product_cat":[99],"product_tag":[],"class_list":{"0":"post-16375","1":"product","2":"type-product","3":"status-publish","4":"has-post-thumbnail","6":"product_cat-old-fashion","7":"pa_capacidad-ml-350-ml","8":"pa_capacidad-onzas-11-83-oz","10":"first","11":"instock","12":"shipping-taxable","13":"product-type-simple"},"yoast_head":"<!-- This site is optimized with the Yoast SEO plugin v23.6 - https:\/\/yoast.com\/wordpress\/plugins\/seo\/ -->\n<title>OLD FASHION POINTS VERDE TURQUESA - Glass &amp; Glass<\/title>\n<meta name=\"robots\" content=\"index, follow, max-snippet:-1, max-image-preview:large, max-video-preview:-1\" \/>\n<link rel=\"canonical\" href=\"https:\/\/glass-glass.com.mx\/en\/hogar-y-cristaleria\/vasos\/old-fashion\/old-fashion-points-verde-turquesa\/\" \/>\n<meta property=\"og:locale\" content=\"en_US\" \/>\n<meta property=\"og:type\" content=\"article\" \/>\n<meta property=\"og:title\" content=\"OLD FASHION POINTS VERDE TURQUESA - Glass &amp; Glass\" \/>\n<meta property=\"og:description\" content=\"Vaso corto de vidrio verde turquesa con c\u00edrculos Estilo: El cl\u00e1sico vaso old fashion, decorado con modernos c\u00edrculos que texturizan el vaso en color verde turquesa. Una versi\u00f3n actual y contempor\u00e1nea de dise\u00f1o para el cl\u00e1sico de la mixolog\u00eda y cocteler\u00eda. Su forma c\u00f3nica y de boca ancha, a la par del decorado, hacen de esta pieza un vaso atractivo y vers\u00e1til.  Uso Ideal: Este modelo, es perfecto para bebidas y la presentaci\u00f3n de postres y entradas. Preferido por el sector de restaurantes, banquetes, eventos e incluso destinado para el sector de hogar, es un vaso c\u00f3modo, ergon\u00f3mico, vers\u00e1til y amigable. Es f\u00e1cil de lavar, resistente a temperaturas y libre de plomo. Se recomienda para el montaje de cualquier mesa, es admirable incluso como vaso de agua y un protagonista a la hora de servir tragos. Caracter\u00edsticas Adicionales: Tiene una llamativa textura, su forma lo hace ergon\u00f3mico ergon\u00f3mico y proporciona un buen agarre, con un fondo elegante y sofisticado, se integra perfectamente en cualquier ambiente adem\u00e1s de ser personalizable con serigraf\u00eda. El proceso frita de Glass &amp; Glass hace que el old fashion points verde turquesa no pierda su color con el uso, ya que el vidrio obtiene su tonalidad durante su fabricaci\u00f3n.  Maniobrabilidad: Empaquetado en 121 cajas, la entrega de tarima del vaso old fashion points contiene 1452 piezas. Su almacenamiento, distribuci\u00f3n y transporte, es seguro y pr\u00e1ctico. Una vez desempacados son ideales para apilar.\" \/>\n<meta property=\"og:url\" content=\"https:\/\/glass-glass.com.mx\/en\/hogar-y-cristaleria\/vasos\/old-fashion\/old-fashion-points-verde-turquesa\/\" \/>\n<meta property=\"og:site_name\" content=\"Glass &amp; Glass\" \/>\n<meta property=\"article:modified_time\" content=\"2023-10-04T04:43:54+00:00\" \/>\n<meta property=\"og:image\" content=\"https:\/\/glass-glass.com.mx\/wp-content\/uploads\/2023\/08\/GFRITACA005.jpg\" \/>\n\t<meta property=\"og:image:width\" content=\"800\" \/>\n\t<meta property=\"og:image:height\" content=\"800\" \/>\n\t<meta property=\"og:image:type\" content=\"image\/jpeg\" \/>\n<meta name=\"twitter:card\" content=\"summary_large_image\" \/>\n<script type=\"application\/ld+json\" class=\"yoast-schema-graph\">{\"@context\":\"https:\/\/schema.org\",\"@graph\":[{\"@type\":\"WebPage\",\"@id\":\"https:\/\/glass-glass.com.mx\/hogar-y-cristaleria\/vasos\/old-fashion\/old-fashion-points-verde-turquesa\/\",\"url\":\"https:\/\/glass-glass.com.mx\/hogar-y-cristaleria\/vasos\/old-fashion\/old-fashion-points-verde-turquesa\/\",\"name\":\"OLD FASHION POINTS VERDE TURQUESA - Glass &amp; Glass\",\"isPartOf\":{\"@id\":\"https:\/\/glass-glass.com.mx\/#website\"},\"primaryImageOfPage\":{\"@id\":\"https:\/\/glass-glass.com.mx\/hogar-y-cristaleria\/vasos\/old-fashion\/old-fashion-points-verde-turquesa\/#primaryimage\"},\"image\":{\"@id\":\"https:\/\/glass-glass.com.mx\/hogar-y-cristaleria\/vasos\/old-fashion\/old-fashion-points-verde-turquesa\/#primaryimage\"},\"thumbnailUrl\":\"https:\/\/glass-glass.com.mx\/wp-content\/uploads\/2023\/08\/GFRITACA005.jpg\",\"datePublished\":\"2023-08-30T19:27:22+00:00\",\"dateModified\":\"2023-10-04T04:43:54+00:00\",\"breadcrumb\":{\"@id\":\"https:\/\/glass-glass.com.mx\/hogar-y-cristaleria\/vasos\/old-fashion\/old-fashion-points-verde-turquesa\/#breadcrumb\"},\"inLanguage\":\"en-US\",\"potentialAction\":[{\"@type\":\"ReadAction\",\"target\":[\"https:\/\/glass-glass.com.mx\/hogar-y-cristaleria\/vasos\/old-fashion\/old-fashion-points-verde-turquesa\/\"]}]},{\"@type\":\"ImageObject\",\"inLanguage\":\"en-US\",\"@id\":\"https:\/\/glass-glass.com.mx\/hogar-y-cristaleria\/vasos\/old-fashion\/old-fashion-points-verde-turquesa\/#primaryimage\",\"url\":\"https:\/\/glass-glass.com.mx\/wp-content\/uploads\/2023\/08\/GFRITACA005.jpg\",\"contentUrl\":\"https:\/\/glass-glass.com.mx\/wp-content\/uploads\/2023\/08\/GFRITACA005.jpg\",\"width\":800,\"height\":800,\"caption\":\"VASO OLD FASHION POINTS VERDE TURQUESA\"},{\"@type\":\"BreadcrumbList\",\"@id\":\"https:\/\/glass-glass.com.mx\/hogar-y-cristaleria\/vasos\/old-fashion\/old-fashion-points-verde-turquesa\/#breadcrumb\",\"itemListElement\":[{\"@type\":\"ListItem\",\"position\":1,\"name\":\"Inicio\",\"item\":\"https:\/\/glass-glass.com.mx\/\"},{\"@type\":\"ListItem\",\"position\":2,\"name\":\"Productos\",\"item\":\"https:\/\/glass-glass.com.mx\/productos\/\"},{\"@type\":\"ListItem\",\"position\":3,\"name\":\"OLD FASHION POINTS VERDE TURQUESA\"}]},{\"@type\":\"WebSite\",\"@id\":\"https:\/\/glass-glass.com.mx\/#website\",\"url\":\"https:\/\/glass-glass.com.mx\/\",\"name\":\"Glass &amp; Glass\",\"description\":\"360\u00b0 de pureza\",\"potentialAction\":[{\"@type\":\"SearchAction\",\"target\":{\"@type\":\"EntryPoint\",\"urlTemplate\":\"https:\/\/glass-glass.com.mx\/?s={search_term_string}\"},\"query-input\":{\"@type\":\"PropertyValueSpecification\",\"valueRequired\":true,\"valueName\":\"search_term_string\"}}],\"inLanguage\":\"en-US\"}]}<\/script>\n<!-- \/ Yoast SEO plugin. -->","yoast_head_json":{"title":"OLD FASHION POINTS VERDE TURQUESA - Glass &amp; Glass","robots":{"index":"index","follow":"follow","max-snippet":"max-snippet:-1","max-image-preview":"max-image-preview:large","max-video-preview":"max-video-preview:-1"},"canonical":"https:\/\/glass-glass.com.mx\/en\/hogar-y-cristaleria\/vasos\/old-fashion\/old-fashion-points-verde-turquesa\/","og_locale":"en_US","og_type":"article","og_title":"OLD FASHION POINTS VERDE TURQUESA - Glass &amp; Glass","og_description":"Vaso corto de vidrio verde turquesa con c\u00edrculos Estilo: El cl\u00e1sico vaso old fashion, decorado con modernos c\u00edrculos que texturizan el vaso en color verde turquesa. Una versi\u00f3n actual y contempor\u00e1nea de dise\u00f1o para el cl\u00e1sico de la mixolog\u00eda y cocteler\u00eda. Su forma c\u00f3nica y de boca ancha, a la par del decorado, hacen de esta pieza un vaso atractivo y vers\u00e1til.  Uso Ideal: Este modelo, es perfecto para bebidas y la presentaci\u00f3n de postres y entradas. Preferido por el sector de restaurantes, banquetes, eventos e incluso destinado para el sector de hogar, es un vaso c\u00f3modo, ergon\u00f3mico, vers\u00e1til y amigable. Es f\u00e1cil de lavar, resistente a temperaturas y libre de plomo. Se recomienda para el montaje de cualquier mesa, es admirable incluso como vaso de agua y un protagonista a la hora de servir tragos. Caracter\u00edsticas Adicionales: Tiene una llamativa textura, su forma lo hace ergon\u00f3mico ergon\u00f3mico y proporciona un buen agarre, con un fondo elegante y sofisticado, se integra perfectamente en cualquier ambiente adem\u00e1s de ser personalizable con serigraf\u00eda. El proceso frita de Glass & Glass hace que el old fashion points verde turquesa no pierda su color con el uso, ya que el vidrio obtiene su tonalidad durante su fabricaci\u00f3n.  Maniobrabilidad: Empaquetado en 121 cajas, la entrega de tarima del vaso old fashion points contiene 1452 piezas. Su almacenamiento, distribuci\u00f3n y transporte, es seguro y pr\u00e1ctico. Una vez desempacados son ideales para apilar.","og_url":"https:\/\/glass-glass.com.mx\/en\/hogar-y-cristaleria\/vasos\/old-fashion\/old-fashion-points-verde-turquesa\/","og_site_name":"Glass &amp; Glass","article_modified_time":"2023-10-04T04:43:54+00:00","og_image":[{"width":800,"height":800,"url":"https:\/\/glass-glass.com.mx\/wp-content\/uploads\/2023\/08\/GFRITACA005.jpg","type":"image\/jpeg"}],"twitter_card":"summary_large_image","schema":{"@context":"https:\/\/schema.org","@graph":[{"@type":"WebPage","@id":"https:\/\/glass-glass.com.mx\/hogar-y-cristaleria\/vasos\/old-fashion\/old-fashion-points-verde-turquesa\/","url":"https:\/\/glass-glass.com.mx\/hogar-y-cristaleria\/vasos\/old-fashion\/old-fashion-points-verde-turquesa\/","name":"OLD FASHION POINTS VERDE TURQUESA - Glass &amp; Glass","isPartOf":{"@id":"https:\/\/glass-glass.com.mx\/#website"},"primaryImageOfPage":{"@id":"https:\/\/glass-glass.com.mx\/hogar-y-cristaleria\/vasos\/old-fashion\/old-fashion-points-verde-turquesa\/#primaryimage"},"image":{"@id":"https:\/\/glass-glass.com.mx\/hogar-y-cristaleria\/vasos\/old-fashion\/old-fashion-points-verde-turquesa\/#primaryimage"},"thumbnailUrl":"https:\/\/glass-glass.com.mx\/wp-content\/uploads\/2023\/08\/GFRITACA005.jpg","datePublished":"2023-08-30T19:27:22+00:00","dateModified":"2023-10-04T04:43:54+00:00","breadcrumb":{"@id":"https:\/\/glass-glass.com.mx\/hogar-y-cristaleria\/vasos\/old-fashion\/old-fashion-points-verde-turquesa\/#breadcrumb"},"inLanguage":"en-US","potentialAction":[{"@type":"ReadAction","target":["https:\/\/glass-glass.com.mx\/hogar-y-cristaleria\/vasos\/old-fashion\/old-fashion-points-verde-turquesa\/"]}]},{"@type":"ImageObject","inLanguage":"en-US","@id":"https:\/\/glass-glass.com.mx\/hogar-y-cristaleria\/vasos\/old-fashion\/old-fashion-points-verde-turquesa\/#primaryimage","url":"https:\/\/glass-glass.com.mx\/wp-content\/uploads\/2023\/08\/GFRITACA005.jpg","contentUrl":"https:\/\/glass-glass.com.mx\/wp-content\/uploads\/2023\/08\/GFRITACA005.jpg","width":800,"height":800,"caption":"VASO OLD FASHION POINTS VERDE TURQUESA"},{"@type":"BreadcrumbList","@id":"https:\/\/glass-glass.com.mx\/hogar-y-cristaleria\/vasos\/old-fashion\/old-fashion-points-verde-turquesa\/#breadcrumb","itemListElement":[{"@type":"ListItem","position":1,"name":"Inicio","item":"https:\/\/glass-glass.com.mx\/"},{"@type":"ListItem","position":2,"name":"Productos","item":"https:\/\/glass-glass.com.mx\/productos\/"},{"@type":"ListItem","position":3,"name":"OLD FASHION POINTS VERDE TURQUESA"}]},{"@type":"WebSite","@id":"https:\/\/glass-glass.com.mx\/#website","url":"https:\/\/glass-glass.com.mx\/","name":"Glass &amp; Glass","description":"360\u00b0 de pureza","potentialAction":[{"@type":"SearchAction","target":{"@type":"EntryPoint","urlTemplate":"https:\/\/glass-glass.com.mx\/?s={search_term_string}"},"query-input":{"@type":"PropertyValueSpecification","valueRequired":true,"valueName":"search_term_string"}}],"inLanguage":"en-US"}]}},"_links":{"self":[{"href":"https:\/\/glass-glass.com.mx\/en\/wp-json\/wp\/v2\/product\/16375","targetHints":{"allow":["GET"]}}],"collection":[{"href":"https:\/\/glass-glass.com.mx\/en\/wp-json\/wp\/v2\/product"}],"about":[{"href":"https:\/\/glass-glass.com.mx\/en\/wp-json\/wp\/v2\/types\/product"}],"version-history":[{"count":3,"href":"https:\/\/glass-glass.com.mx\/en\/wp-json\/wp\/v2\/product\/16375\/revisions"}],"predecessor-version":[{"id":16773,"href":"https:\/\/glass-glass.com.mx\/en\/wp-json\/wp\/v2\/product\/16375\/revisions\/16773"}],"wp:featuredmedia":[{"embeddable":true,"href":"https:\/\/glass-glass.com.mx\/en\/wp-json\/wp\/v2\/media\/16225"}],"wp:attachment":[{"href":"https:\/\/glass-glass.com.mx\/en\/wp-json\/wp\/v2\/media?parent=16375"}],"wp:term":[{"taxonomy":"product_brand","embeddable":true,"href":"https:\/\/glass-glass.com.mx\/en\/wp-json\/wp\/v2\/product_brand?post=16375"},{"taxonomy":"product_cat","embeddable":true,"href":"https:\/\/glass-glass.com.mx\/en\/wp-json\/wp\/v2\/product_cat?post=16375"},{"taxonomy":"product_tag","embeddable":true,"href":"https:\/\/glass-glass.com.mx\/en\/wp-json\/wp\/v2\/product_tag?post=16375"}],"curies":[{"name":"wp","href":"https:\/\/api.w.org\/{rel}","templated":true}]}}