{"id":16372,"date":"2023-08-30T13:27:21","date_gmt":"2023-08-30T19:27:21","guid":{"rendered":"https:\/\/glass-glass.com.mx\/?post_type=product&#038;p=16372"},"modified":"2023-10-03T22:43:54","modified_gmt":"2023-10-04T04:43:54","slug":"old-fashion-liso-azul-cielo","status":"publish","type":"product","link":"https:\/\/glass-glass.com.mx\/en\/hogar-y-cristaleria\/vasos\/old-fashion\/old-fashion-liso-azul-cielo\/","title":{"rendered":"OLD FASHION LIGHT BLUE"},"content":{"rendered":"<p><img class='alignnone size-full' src='https:\/\/glass-glass.com.mx\/wp-content\/uploads\/2023\/08\/GFRITACA004-sketch.jpg' \/><\/p>","protected":false},"excerpt":{"rendered":"<p>A masterpiece of contemporary design and a classic for any bartender, it recomits to its original minimalist beginnings. Its conical shape and wide mouth make this already famed and renowned piece very attractive.<\/p>\n<p><b>Style:<\/b> Un cl\u00e1sico para cualquier barra y mix\u00f3logo, a la vista una obra maestra del dise\u00f1o contempor\u00e1neo. El vaso old fashion liso azul cielo de Glass &#038; Glass retoma los principios del dise\u00f1o minimalistas y de tendencia. Su forma c\u00f3nica y de boca ancha, hacen de esta pieza un vaso atractivo y vers\u00e1til.<br \/>\nIts conical shape and wide mouth make this already famed and renowned piece very attractive. <\/p>\n<p><b>Ideal Use:<\/b> Recommended for any table setting, from the most casual of gatherings to the more sophisticated events. As good at holding water as it is at presenting a cocktail. Indispensable in the hotel, restaurant, event and housing sectors. Also good at holding aromatic candles. <\/p>\n<p><b>Additional features:<\/b> Ergonomic, lead-free, very resistant and with an elegant and sophisticated bottom. Can be customized through the process of serigraphy. Our coloring process guarantees an ever fresh blue color.<\/p>\n<p><b>Manageability:<\/b> Packed in practical cardboard boxes, makes distribution, storage and transport processes faster, rendering it the best bet for any event. Orders can be delivered in 121 box pallets, for a total of 1,452 units. <\/p>","protected":false},"featured_media":16217,"template":"","meta":{"_joinchat":[]},"product_brand":[],"product_cat":[99],"product_tag":[],"class_list":{"0":"post-16372","1":"product","2":"type-product","3":"status-publish","4":"has-post-thumbnail","6":"product_cat-old-fashion","7":"pa_capacidad-ml-350-ml","8":"pa_capacidad-onzas-11-83-oz","10":"first","11":"instock","12":"shipping-taxable","13":"product-type-simple"},"yoast_head":"<!-- This site is optimized with the Yoast SEO plugin v23.6 - https:\/\/yoast.com\/wordpress\/plugins\/seo\/ -->\n<title>OLD FASHION LISO AZUL CIELO - Glass &amp; Glass<\/title>\n<meta name=\"robots\" content=\"index, follow, max-snippet:-1, max-image-preview:large, max-video-preview:-1\" \/>\n<link rel=\"canonical\" href=\"https:\/\/glass-glass.com.mx\/en\/hogar-y-cristaleria\/vasos\/old-fashion\/old-fashion-liso-azul-cielo\/\" \/>\n<meta property=\"og:locale\" content=\"en_US\" \/>\n<meta property=\"og:type\" content=\"article\" \/>\n<meta property=\"og:title\" content=\"OLD FASHION LISO AZUL CIELO - Glass &amp; Glass\" \/>\n<meta property=\"og:description\" content=\"Vaso corto de vidrio azul cielo Estilo: Un cl\u00e1sico para cualquier barra y mix\u00f3logo, a la vista una obra maestra del dise\u00f1o contempor\u00e1neo. El vaso old fashion liso azul cielo de Glass &amp; Glass retoma los principios del dise\u00f1o minimalistas y de tendencia. Su forma c\u00f3nica y de boca ancha, hacen de esta pieza un vaso atractivo y vers\u00e1til. Es altamente popular, memorable y reconocido.  Uso Ideal: Se recomienda para el montaje de cualquier mesa, desde lo m\u00e1s casual hasta lo m\u00e1s sofisticado. El vaso old fashion azul cielo es perfecto para acompa\u00f1ar copas como vaso de agua o ser el protagonista con alg\u00fan c\u00f3ctel. Se destaca su uso en el sector hotelero, de banquetes, eventos y para l\u00ednea del hogar. Este modelo es tambi\u00e9n ideal para velas arom\u00e1ticas.  Caracter\u00edsticas Adicionales: Ergon\u00f3mico, libre de plomo, muy resistente y con un fondo elegante y sofisticado, se integra perfectamente en cualquier ambiente adem\u00e1s de ser personalizable con serigraf\u00eda. El proceso frita de Glass &amp; Glass hace que el old fashion azul cielo no pierda su color con el uso, ya que el vidrio obtiene su tonalidad durante su fabricaci\u00f3n. Maniobrabilidad: Empaquetado en 121 cajas, la entrega de tarima del vaso old fashion contiene 1452 piezas. Su almacenamiento, distribuci\u00f3n y transporte, es seguro y pr\u00e1ctico.\" \/>\n<meta property=\"og:url\" content=\"https:\/\/glass-glass.com.mx\/en\/hogar-y-cristaleria\/vasos\/old-fashion\/old-fashion-liso-azul-cielo\/\" \/>\n<meta property=\"og:site_name\" content=\"Glass &amp; Glass\" \/>\n<meta property=\"article:modified_time\" content=\"2023-10-04T04:43:54+00:00\" \/>\n<meta property=\"og:image\" content=\"https:\/\/glass-glass.com.mx\/wp-content\/uploads\/2023\/08\/GFRITACA004.jpg\" \/>\n\t<meta property=\"og:image:width\" content=\"800\" \/>\n\t<meta property=\"og:image:height\" content=\"800\" \/>\n\t<meta property=\"og:image:type\" content=\"image\/jpeg\" \/>\n<meta name=\"twitter:card\" content=\"summary_large_image\" \/>\n<script type=\"application\/ld+json\" class=\"yoast-schema-graph\">{\"@context\":\"https:\/\/schema.org\",\"@graph\":[{\"@type\":\"WebPage\",\"@id\":\"https:\/\/glass-glass.com.mx\/hogar-y-cristaleria\/vasos\/old-fashion\/old-fashion-liso-azul-cielo\/\",\"url\":\"https:\/\/glass-glass.com.mx\/hogar-y-cristaleria\/vasos\/old-fashion\/old-fashion-liso-azul-cielo\/\",\"name\":\"OLD FASHION LISO AZUL CIELO - Glass &amp; Glass\",\"isPartOf\":{\"@id\":\"https:\/\/glass-glass.com.mx\/#website\"},\"primaryImageOfPage\":{\"@id\":\"https:\/\/glass-glass.com.mx\/hogar-y-cristaleria\/vasos\/old-fashion\/old-fashion-liso-azul-cielo\/#primaryimage\"},\"image\":{\"@id\":\"https:\/\/glass-glass.com.mx\/hogar-y-cristaleria\/vasos\/old-fashion\/old-fashion-liso-azul-cielo\/#primaryimage\"},\"thumbnailUrl\":\"https:\/\/glass-glass.com.mx\/wp-content\/uploads\/2023\/08\/GFRITACA004.jpg\",\"datePublished\":\"2023-08-30T19:27:21+00:00\",\"dateModified\":\"2023-10-04T04:43:54+00:00\",\"breadcrumb\":{\"@id\":\"https:\/\/glass-glass.com.mx\/hogar-y-cristaleria\/vasos\/old-fashion\/old-fashion-liso-azul-cielo\/#breadcrumb\"},\"inLanguage\":\"en-US\",\"potentialAction\":[{\"@type\":\"ReadAction\",\"target\":[\"https:\/\/glass-glass.com.mx\/hogar-y-cristaleria\/vasos\/old-fashion\/old-fashion-liso-azul-cielo\/\"]}]},{\"@type\":\"ImageObject\",\"inLanguage\":\"en-US\",\"@id\":\"https:\/\/glass-glass.com.mx\/hogar-y-cristaleria\/vasos\/old-fashion\/old-fashion-liso-azul-cielo\/#primaryimage\",\"url\":\"https:\/\/glass-glass.com.mx\/wp-content\/uploads\/2023\/08\/GFRITACA004.jpg\",\"contentUrl\":\"https:\/\/glass-glass.com.mx\/wp-content\/uploads\/2023\/08\/GFRITACA004.jpg\",\"width\":800,\"height\":800,\"caption\":\"VASO OLD FASHION LISO AZUL CIELO\"},{\"@type\":\"BreadcrumbList\",\"@id\":\"https:\/\/glass-glass.com.mx\/hogar-y-cristaleria\/vasos\/old-fashion\/old-fashion-liso-azul-cielo\/#breadcrumb\",\"itemListElement\":[{\"@type\":\"ListItem\",\"position\":1,\"name\":\"Inicio\",\"item\":\"https:\/\/glass-glass.com.mx\/\"},{\"@type\":\"ListItem\",\"position\":2,\"name\":\"Productos\",\"item\":\"https:\/\/glass-glass.com.mx\/productos\/\"},{\"@type\":\"ListItem\",\"position\":3,\"name\":\"OLD FASHION LISO AZUL CIELO\"}]},{\"@type\":\"WebSite\",\"@id\":\"https:\/\/glass-glass.com.mx\/#website\",\"url\":\"https:\/\/glass-glass.com.mx\/\",\"name\":\"Glass &amp; Glass\",\"description\":\"360\u00b0 de pureza\",\"potentialAction\":[{\"@type\":\"SearchAction\",\"target\":{\"@type\":\"EntryPoint\",\"urlTemplate\":\"https:\/\/glass-glass.com.mx\/?s={search_term_string}\"},\"query-input\":{\"@type\":\"PropertyValueSpecification\",\"valueRequired\":true,\"valueName\":\"search_term_string\"}}],\"inLanguage\":\"en-US\"}]}<\/script>\n<!-- \/ Yoast SEO plugin. -->","yoast_head_json":{"title":"OLD FASHION LISO AZUL CIELO - Glass &amp; Glass","robots":{"index":"index","follow":"follow","max-snippet":"max-snippet:-1","max-image-preview":"max-image-preview:large","max-video-preview":"max-video-preview:-1"},"canonical":"https:\/\/glass-glass.com.mx\/en\/hogar-y-cristaleria\/vasos\/old-fashion\/old-fashion-liso-azul-cielo\/","og_locale":"en_US","og_type":"article","og_title":"OLD FASHION LISO AZUL CIELO - Glass &amp; Glass","og_description":"Vaso corto de vidrio azul cielo Estilo: Un cl\u00e1sico para cualquier barra y mix\u00f3logo, a la vista una obra maestra del dise\u00f1o contempor\u00e1neo. El vaso old fashion liso azul cielo de Glass & Glass retoma los principios del dise\u00f1o minimalistas y de tendencia. Su forma c\u00f3nica y de boca ancha, hacen de esta pieza un vaso atractivo y vers\u00e1til. Es altamente popular, memorable y reconocido.  Uso Ideal: Se recomienda para el montaje de cualquier mesa, desde lo m\u00e1s casual hasta lo m\u00e1s sofisticado. El vaso old fashion azul cielo es perfecto para acompa\u00f1ar copas como vaso de agua o ser el protagonista con alg\u00fan c\u00f3ctel. Se destaca su uso en el sector hotelero, de banquetes, eventos y para l\u00ednea del hogar. Este modelo es tambi\u00e9n ideal para velas arom\u00e1ticas.  Caracter\u00edsticas Adicionales: Ergon\u00f3mico, libre de plomo, muy resistente y con un fondo elegante y sofisticado, se integra perfectamente en cualquier ambiente adem\u00e1s de ser personalizable con serigraf\u00eda. El proceso frita de Glass & Glass hace que el old fashion azul cielo no pierda su color con el uso, ya que el vidrio obtiene su tonalidad durante su fabricaci\u00f3n. Maniobrabilidad: Empaquetado en 121 cajas, la entrega de tarima del vaso old fashion contiene 1452 piezas. Su almacenamiento, distribuci\u00f3n y transporte, es seguro y pr\u00e1ctico.","og_url":"https:\/\/glass-glass.com.mx\/en\/hogar-y-cristaleria\/vasos\/old-fashion\/old-fashion-liso-azul-cielo\/","og_site_name":"Glass &amp; Glass","article_modified_time":"2023-10-04T04:43:54+00:00","og_image":[{"width":800,"height":800,"url":"https:\/\/glass-glass.com.mx\/wp-content\/uploads\/2023\/08\/GFRITACA004.jpg","type":"image\/jpeg"}],"twitter_card":"summary_large_image","schema":{"@context":"https:\/\/schema.org","@graph":[{"@type":"WebPage","@id":"https:\/\/glass-glass.com.mx\/hogar-y-cristaleria\/vasos\/old-fashion\/old-fashion-liso-azul-cielo\/","url":"https:\/\/glass-glass.com.mx\/hogar-y-cristaleria\/vasos\/old-fashion\/old-fashion-liso-azul-cielo\/","name":"OLD FASHION LISO AZUL CIELO - Glass &amp; Glass","isPartOf":{"@id":"https:\/\/glass-glass.com.mx\/#website"},"primaryImageOfPage":{"@id":"https:\/\/glass-glass.com.mx\/hogar-y-cristaleria\/vasos\/old-fashion\/old-fashion-liso-azul-cielo\/#primaryimage"},"image":{"@id":"https:\/\/glass-glass.com.mx\/hogar-y-cristaleria\/vasos\/old-fashion\/old-fashion-liso-azul-cielo\/#primaryimage"},"thumbnailUrl":"https:\/\/glass-glass.com.mx\/wp-content\/uploads\/2023\/08\/GFRITACA004.jpg","datePublished":"2023-08-30T19:27:21+00:00","dateModified":"2023-10-04T04:43:54+00:00","breadcrumb":{"@id":"https:\/\/glass-glass.com.mx\/hogar-y-cristaleria\/vasos\/old-fashion\/old-fashion-liso-azul-cielo\/#breadcrumb"},"inLanguage":"en-US","potentialAction":[{"@type":"ReadAction","target":["https:\/\/glass-glass.com.mx\/hogar-y-cristaleria\/vasos\/old-fashion\/old-fashion-liso-azul-cielo\/"]}]},{"@type":"ImageObject","inLanguage":"en-US","@id":"https:\/\/glass-glass.com.mx\/hogar-y-cristaleria\/vasos\/old-fashion\/old-fashion-liso-azul-cielo\/#primaryimage","url":"https:\/\/glass-glass.com.mx\/wp-content\/uploads\/2023\/08\/GFRITACA004.jpg","contentUrl":"https:\/\/glass-glass.com.mx\/wp-content\/uploads\/2023\/08\/GFRITACA004.jpg","width":800,"height":800,"caption":"VASO OLD FASHION LISO AZUL CIELO"},{"@type":"BreadcrumbList","@id":"https:\/\/glass-glass.com.mx\/hogar-y-cristaleria\/vasos\/old-fashion\/old-fashion-liso-azul-cielo\/#breadcrumb","itemListElement":[{"@type":"ListItem","position":1,"name":"Inicio","item":"https:\/\/glass-glass.com.mx\/"},{"@type":"ListItem","position":2,"name":"Productos","item":"https:\/\/glass-glass.com.mx\/productos\/"},{"@type":"ListItem","position":3,"name":"OLD FASHION LISO AZUL CIELO"}]},{"@type":"WebSite","@id":"https:\/\/glass-glass.com.mx\/#website","url":"https:\/\/glass-glass.com.mx\/","name":"Glass &amp; Glass","description":"360\u00b0 de pureza","potentialAction":[{"@type":"SearchAction","target":{"@type":"EntryPoint","urlTemplate":"https:\/\/glass-glass.com.mx\/?s={search_term_string}"},"query-input":{"@type":"PropertyValueSpecification","valueRequired":true,"valueName":"search_term_string"}}],"inLanguage":"en-US"}]}},"_links":{"self":[{"href":"https:\/\/glass-glass.com.mx\/en\/wp-json\/wp\/v2\/product\/16372","targetHints":{"allow":["GET"]}}],"collection":[{"href":"https:\/\/glass-glass.com.mx\/en\/wp-json\/wp\/v2\/product"}],"about":[{"href":"https:\/\/glass-glass.com.mx\/en\/wp-json\/wp\/v2\/types\/product"}],"version-history":[{"count":3,"href":"https:\/\/glass-glass.com.mx\/en\/wp-json\/wp\/v2\/product\/16372\/revisions"}],"predecessor-version":[{"id":16767,"href":"https:\/\/glass-glass.com.mx\/en\/wp-json\/wp\/v2\/product\/16372\/revisions\/16767"}],"wp:featuredmedia":[{"embeddable":true,"href":"https:\/\/glass-glass.com.mx\/en\/wp-json\/wp\/v2\/media\/16217"}],"wp:attachment":[{"href":"https:\/\/glass-glass.com.mx\/en\/wp-json\/wp\/v2\/media?parent=16372"}],"wp:term":[{"taxonomy":"product_brand","embeddable":true,"href":"https:\/\/glass-glass.com.mx\/en\/wp-json\/wp\/v2\/product_brand?post=16372"},{"taxonomy":"product_cat","embeddable":true,"href":"https:\/\/glass-glass.com.mx\/en\/wp-json\/wp\/v2\/product_cat?post=16372"},{"taxonomy":"product_tag","embeddable":true,"href":"https:\/\/glass-glass.com.mx\/en\/wp-json\/wp\/v2\/product_tag?post=16372"}],"curies":[{"name":"wp","href":"https:\/\/api.w.org\/{rel}","templated":true}]}}