{"id":16371,"date":"2023-08-30T13:27:21","date_gmt":"2023-08-30T19:27:21","guid":{"rendered":"https:\/\/glass-glass.com.mx\/?post_type=product&#038;p=16371"},"modified":"2023-10-03T22:43:55","modified_gmt":"2023-10-04T04:43:55","slug":"old-fashion-lineas-verticales-azul-jiram","status":"publish","type":"product","link":"https:\/\/glass-glass.com.mx\/en\/hogar-y-cristaleria\/vasos\/old-fashion\/old-fashion-lineas-verticales-azul-jiram\/","title":{"rendered":"OLD FASHION JIRAM BLUE WITH VERTICAL LINES"},"content":{"rendered":"<p><img class='alignnone size-full' src='https:\/\/glass-glass.com.mx\/wp-content\/uploads\/2023\/08\/GFRITACA011-sketch.jpg' \/><\/p>","protected":false},"excerpt":{"rendered":"<p>Short, jiram blue glass with a vertical inside texture. <\/p>\n<p><b>Style:<\/b> This design is indispensable in our old fashion glass collection, one of the most successful models throughout the years. A vertical engraving decorates this stained, sober piece, which at the same time is its most attractive feature, the one that makes it timeless. <\/p>\n<p><b>Ideal Use:<\/b> It finds its place in every bar, hotel, restaurant and event. Preferred by bartenders, it also takes part in the serving of desserts and entries. 100% crystalline and lead free. Well suited for any table setting. Friendly, ergonomic and comfortable piece because of its wide mouth. Making it easy to clean and stock.<br \/>\n<b>Additional features:<\/b> Its sober vertical lines can adorn any table setting and complements anything in it. Thanks to our exclusive coloring process, we can guarantee an ever fresh and lasting color. From serving water to serving alcoholic drinks, it won\u2019t fail. <\/p>\n<p><b>Manageability:<\/b> Packed in practical cardboard boxes, makes distribution, storage and transport processes faster, rendering it the best bet for any event. Orders can be delivered in 121 box pallets, for a total of 1,452 units.<\/p>","protected":false},"featured_media":16231,"template":"","meta":{"_joinchat":[]},"product_brand":[],"product_cat":[99],"product_tag":[],"class_list":{"0":"post-16371","1":"product","2":"type-product","3":"status-publish","4":"has-post-thumbnail","6":"product_cat-old-fashion","7":"pa_capacidad-ml-350-ml","8":"pa_capacidad-onzas-11-83-oz","10":"first","11":"instock","12":"shipping-taxable","13":"product-type-simple"},"yoast_head":"<!-- This site is optimized with the Yoast SEO plugin v23.6 - https:\/\/yoast.com\/wordpress\/plugins\/seo\/ -->\n<title>OLD FASHION LINEAS VERTICALES AZUL JIRAM - Glass &amp; Glass<\/title>\n<meta name=\"robots\" content=\"index, follow, max-snippet:-1, max-image-preview:large, max-video-preview:-1\" \/>\n<link rel=\"canonical\" href=\"https:\/\/glass-glass.com.mx\/en\/hogar-y-cristaleria\/vasos\/old-fashion\/old-fashion-lineas-verticales-azul-jiram\/\" \/>\n<meta property=\"og:locale\" content=\"en_US\" \/>\n<meta property=\"og:type\" content=\"article\" \/>\n<meta property=\"og:title\" content=\"OLD FASHION LINEAS VERTICALES AZUL JIRAM - Glass &amp; Glass\" \/>\n<meta property=\"og:description\" content=\"Vaso corto azul jiram con grabado interior vertical  Estilo: Un dise\u00f1o indispensable en la colecci\u00f3n de vasos old fashion de Glass &amp; Glass, uno de los modelos m\u00e1s exitosos a lo largo de los a\u00f1os. Un patr\u00f3n de grabado en vertical en color azul jiram distingue este sobrio modelo de vaso corto. La textura de este modelo old fashion lo convierte en una versi\u00f3n atemporal y atractiva.  Uso Ideal: Este modelo, es ideal para bares, hoteles, restaurantes, eventos y banquetes. Preferido para bebidas de autor, mixolog\u00eda y cocteler\u00eda, tambi\u00e9n toma terreno en la presentaci\u00f3n de postres y entradas. Es un vaso c\u00f3modo por su boca ancha, ergon\u00f3mico y vers\u00e1til. Es f\u00e1cil de lavar, resistente a temperaturas y libre de plomo. Caracter\u00edsticas Adicionales: Su sobria textura de l\u00edneas verticales y su color azul jiram, viste cualquier montaje de mesas y complementa de manera interesante lo que en \u00e9l se presente. Se destaca incluso como vaso de agua y es un protagonista si de presentar cocteler\u00eda se trata. El proceso frita de Glass &amp; Glass hace que el old fashion lineas verticales azul jiram no pierda su color con el uso, ya que el vidrio obtiene su tonalidad durante su fabricaci\u00f3n.  Maniobrabilidad: El vaso old fashion l\u00edneas verticales azul jiram de Glass &amp; Glass es entregado en tarimas de 1452 piezas. Los vasos est\u00e1n empacados en cajas de cart\u00f3n, que facilita el control de inventario, distribuci\u00f3n, almacenamiento y transporte. Empaquetado en 121 cajas. Una vez desempacados son ideales para apilar.\" \/>\n<meta property=\"og:url\" content=\"https:\/\/glass-glass.com.mx\/en\/hogar-y-cristaleria\/vasos\/old-fashion\/old-fashion-lineas-verticales-azul-jiram\/\" \/>\n<meta property=\"og:site_name\" content=\"Glass &amp; Glass\" \/>\n<meta property=\"article:modified_time\" content=\"2023-10-04T04:43:55+00:00\" \/>\n<meta property=\"og:image\" content=\"https:\/\/glass-glass.com.mx\/wp-content\/uploads\/2023\/08\/GFRITACA011.jpg\" \/>\n\t<meta property=\"og:image:width\" content=\"800\" \/>\n\t<meta property=\"og:image:height\" content=\"800\" \/>\n\t<meta property=\"og:image:type\" content=\"image\/jpeg\" \/>\n<meta name=\"twitter:card\" content=\"summary_large_image\" \/>\n<script type=\"application\/ld+json\" class=\"yoast-schema-graph\">{\"@context\":\"https:\/\/schema.org\",\"@graph\":[{\"@type\":\"WebPage\",\"@id\":\"https:\/\/glass-glass.com.mx\/hogar-y-cristaleria\/vasos\/old-fashion\/old-fashion-lineas-verticales-azul-jiram\/\",\"url\":\"https:\/\/glass-glass.com.mx\/hogar-y-cristaleria\/vasos\/old-fashion\/old-fashion-lineas-verticales-azul-jiram\/\",\"name\":\"OLD FASHION LINEAS VERTICALES AZUL JIRAM - Glass &amp; Glass\",\"isPartOf\":{\"@id\":\"https:\/\/glass-glass.com.mx\/#website\"},\"primaryImageOfPage\":{\"@id\":\"https:\/\/glass-glass.com.mx\/hogar-y-cristaleria\/vasos\/old-fashion\/old-fashion-lineas-verticales-azul-jiram\/#primaryimage\"},\"image\":{\"@id\":\"https:\/\/glass-glass.com.mx\/hogar-y-cristaleria\/vasos\/old-fashion\/old-fashion-lineas-verticales-azul-jiram\/#primaryimage\"},\"thumbnailUrl\":\"https:\/\/glass-glass.com.mx\/wp-content\/uploads\/2023\/08\/GFRITACA011.jpg\",\"datePublished\":\"2023-08-30T19:27:21+00:00\",\"dateModified\":\"2023-10-04T04:43:55+00:00\",\"breadcrumb\":{\"@id\":\"https:\/\/glass-glass.com.mx\/hogar-y-cristaleria\/vasos\/old-fashion\/old-fashion-lineas-verticales-azul-jiram\/#breadcrumb\"},\"inLanguage\":\"en-US\",\"potentialAction\":[{\"@type\":\"ReadAction\",\"target\":[\"https:\/\/glass-glass.com.mx\/hogar-y-cristaleria\/vasos\/old-fashion\/old-fashion-lineas-verticales-azul-jiram\/\"]}]},{\"@type\":\"ImageObject\",\"inLanguage\":\"en-US\",\"@id\":\"https:\/\/glass-glass.com.mx\/hogar-y-cristaleria\/vasos\/old-fashion\/old-fashion-lineas-verticales-azul-jiram\/#primaryimage\",\"url\":\"https:\/\/glass-glass.com.mx\/wp-content\/uploads\/2023\/08\/GFRITACA011.jpg\",\"contentUrl\":\"https:\/\/glass-glass.com.mx\/wp-content\/uploads\/2023\/08\/GFRITACA011.jpg\",\"width\":800,\"height\":800,\"caption\":\"VASO OLD FASHION LINEAS VERTICALES AZUL JIRAM\"},{\"@type\":\"BreadcrumbList\",\"@id\":\"https:\/\/glass-glass.com.mx\/hogar-y-cristaleria\/vasos\/old-fashion\/old-fashion-lineas-verticales-azul-jiram\/#breadcrumb\",\"itemListElement\":[{\"@type\":\"ListItem\",\"position\":1,\"name\":\"Inicio\",\"item\":\"https:\/\/glass-glass.com.mx\/\"},{\"@type\":\"ListItem\",\"position\":2,\"name\":\"Productos\",\"item\":\"https:\/\/glass-glass.com.mx\/productos\/\"},{\"@type\":\"ListItem\",\"position\":3,\"name\":\"OLD FASHION LINEAS VERTICALES AZUL JIRAM\"}]},{\"@type\":\"WebSite\",\"@id\":\"https:\/\/glass-glass.com.mx\/#website\",\"url\":\"https:\/\/glass-glass.com.mx\/\",\"name\":\"Glass &amp; Glass\",\"description\":\"360\u00b0 de pureza\",\"potentialAction\":[{\"@type\":\"SearchAction\",\"target\":{\"@type\":\"EntryPoint\",\"urlTemplate\":\"https:\/\/glass-glass.com.mx\/?s={search_term_string}\"},\"query-input\":{\"@type\":\"PropertyValueSpecification\",\"valueRequired\":true,\"valueName\":\"search_term_string\"}}],\"inLanguage\":\"en-US\"}]}<\/script>\n<!-- \/ Yoast SEO plugin. -->","yoast_head_json":{"title":"OLD FASHION LINEAS VERTICALES AZUL JIRAM - Glass &amp; Glass","robots":{"index":"index","follow":"follow","max-snippet":"max-snippet:-1","max-image-preview":"max-image-preview:large","max-video-preview":"max-video-preview:-1"},"canonical":"https:\/\/glass-glass.com.mx\/en\/hogar-y-cristaleria\/vasos\/old-fashion\/old-fashion-lineas-verticales-azul-jiram\/","og_locale":"en_US","og_type":"article","og_title":"OLD FASHION LINEAS VERTICALES AZUL JIRAM - Glass &amp; Glass","og_description":"Vaso corto azul jiram con grabado interior vertical  Estilo: Un dise\u00f1o indispensable en la colecci\u00f3n de vasos old fashion de Glass & Glass, uno de los modelos m\u00e1s exitosos a lo largo de los a\u00f1os. Un patr\u00f3n de grabado en vertical en color azul jiram distingue este sobrio modelo de vaso corto. La textura de este modelo old fashion lo convierte en una versi\u00f3n atemporal y atractiva.  Uso Ideal: Este modelo, es ideal para bares, hoteles, restaurantes, eventos y banquetes. Preferido para bebidas de autor, mixolog\u00eda y cocteler\u00eda, tambi\u00e9n toma terreno en la presentaci\u00f3n de postres y entradas. Es un vaso c\u00f3modo por su boca ancha, ergon\u00f3mico y vers\u00e1til. Es f\u00e1cil de lavar, resistente a temperaturas y libre de plomo. Caracter\u00edsticas Adicionales: Su sobria textura de l\u00edneas verticales y su color azul jiram, viste cualquier montaje de mesas y complementa de manera interesante lo que en \u00e9l se presente. Se destaca incluso como vaso de agua y es un protagonista si de presentar cocteler\u00eda se trata. El proceso frita de Glass & Glass hace que el old fashion lineas verticales azul jiram no pierda su color con el uso, ya que el vidrio obtiene su tonalidad durante su fabricaci\u00f3n.  Maniobrabilidad: El vaso old fashion l\u00edneas verticales azul jiram de Glass & Glass es entregado en tarimas de 1452 piezas. Los vasos est\u00e1n empacados en cajas de cart\u00f3n, que facilita el control de inventario, distribuci\u00f3n, almacenamiento y transporte. Empaquetado en 121 cajas. Una vez desempacados son ideales para apilar.","og_url":"https:\/\/glass-glass.com.mx\/en\/hogar-y-cristaleria\/vasos\/old-fashion\/old-fashion-lineas-verticales-azul-jiram\/","og_site_name":"Glass &amp; Glass","article_modified_time":"2023-10-04T04:43:55+00:00","og_image":[{"width":800,"height":800,"url":"https:\/\/glass-glass.com.mx\/wp-content\/uploads\/2023\/08\/GFRITACA011.jpg","type":"image\/jpeg"}],"twitter_card":"summary_large_image","schema":{"@context":"https:\/\/schema.org","@graph":[{"@type":"WebPage","@id":"https:\/\/glass-glass.com.mx\/hogar-y-cristaleria\/vasos\/old-fashion\/old-fashion-lineas-verticales-azul-jiram\/","url":"https:\/\/glass-glass.com.mx\/hogar-y-cristaleria\/vasos\/old-fashion\/old-fashion-lineas-verticales-azul-jiram\/","name":"OLD FASHION LINEAS VERTICALES AZUL JIRAM - Glass &amp; Glass","isPartOf":{"@id":"https:\/\/glass-glass.com.mx\/#website"},"primaryImageOfPage":{"@id":"https:\/\/glass-glass.com.mx\/hogar-y-cristaleria\/vasos\/old-fashion\/old-fashion-lineas-verticales-azul-jiram\/#primaryimage"},"image":{"@id":"https:\/\/glass-glass.com.mx\/hogar-y-cristaleria\/vasos\/old-fashion\/old-fashion-lineas-verticales-azul-jiram\/#primaryimage"},"thumbnailUrl":"https:\/\/glass-glass.com.mx\/wp-content\/uploads\/2023\/08\/GFRITACA011.jpg","datePublished":"2023-08-30T19:27:21+00:00","dateModified":"2023-10-04T04:43:55+00:00","breadcrumb":{"@id":"https:\/\/glass-glass.com.mx\/hogar-y-cristaleria\/vasos\/old-fashion\/old-fashion-lineas-verticales-azul-jiram\/#breadcrumb"},"inLanguage":"en-US","potentialAction":[{"@type":"ReadAction","target":["https:\/\/glass-glass.com.mx\/hogar-y-cristaleria\/vasos\/old-fashion\/old-fashion-lineas-verticales-azul-jiram\/"]}]},{"@type":"ImageObject","inLanguage":"en-US","@id":"https:\/\/glass-glass.com.mx\/hogar-y-cristaleria\/vasos\/old-fashion\/old-fashion-lineas-verticales-azul-jiram\/#primaryimage","url":"https:\/\/glass-glass.com.mx\/wp-content\/uploads\/2023\/08\/GFRITACA011.jpg","contentUrl":"https:\/\/glass-glass.com.mx\/wp-content\/uploads\/2023\/08\/GFRITACA011.jpg","width":800,"height":800,"caption":"VASO OLD FASHION LINEAS VERTICALES AZUL JIRAM"},{"@type":"BreadcrumbList","@id":"https:\/\/glass-glass.com.mx\/hogar-y-cristaleria\/vasos\/old-fashion\/old-fashion-lineas-verticales-azul-jiram\/#breadcrumb","itemListElement":[{"@type":"ListItem","position":1,"name":"Inicio","item":"https:\/\/glass-glass.com.mx\/"},{"@type":"ListItem","position":2,"name":"Productos","item":"https:\/\/glass-glass.com.mx\/productos\/"},{"@type":"ListItem","position":3,"name":"OLD FASHION LINEAS VERTICALES AZUL JIRAM"}]},{"@type":"WebSite","@id":"https:\/\/glass-glass.com.mx\/#website","url":"https:\/\/glass-glass.com.mx\/","name":"Glass &amp; Glass","description":"360\u00b0 de pureza","potentialAction":[{"@type":"SearchAction","target":{"@type":"EntryPoint","urlTemplate":"https:\/\/glass-glass.com.mx\/?s={search_term_string}"},"query-input":{"@type":"PropertyValueSpecification","valueRequired":true,"valueName":"search_term_string"}}],"inLanguage":"en-US"}]}},"_links":{"self":[{"href":"https:\/\/glass-glass.com.mx\/en\/wp-json\/wp\/v2\/product\/16371","targetHints":{"allow":["GET"]}}],"collection":[{"href":"https:\/\/glass-glass.com.mx\/en\/wp-json\/wp\/v2\/product"}],"about":[{"href":"https:\/\/glass-glass.com.mx\/en\/wp-json\/wp\/v2\/types\/product"}],"version-history":[{"count":3,"href":"https:\/\/glass-glass.com.mx\/en\/wp-json\/wp\/v2\/product\/16371\/revisions"}],"predecessor-version":[{"id":16782,"href":"https:\/\/glass-glass.com.mx\/en\/wp-json\/wp\/v2\/product\/16371\/revisions\/16782"}],"wp:featuredmedia":[{"embeddable":true,"href":"https:\/\/glass-glass.com.mx\/en\/wp-json\/wp\/v2\/media\/16231"}],"wp:attachment":[{"href":"https:\/\/glass-glass.com.mx\/en\/wp-json\/wp\/v2\/media?parent=16371"}],"wp:term":[{"taxonomy":"product_brand","embeddable":true,"href":"https:\/\/glass-glass.com.mx\/en\/wp-json\/wp\/v2\/product_brand?post=16371"},{"taxonomy":"product_cat","embeddable":true,"href":"https:\/\/glass-glass.com.mx\/en\/wp-json\/wp\/v2\/product_cat?post=16371"},{"taxonomy":"product_tag","embeddable":true,"href":"https:\/\/glass-glass.com.mx\/en\/wp-json\/wp\/v2\/product_tag?post=16371"}],"curies":[{"name":"wp","href":"https:\/\/api.w.org\/{rel}","templated":true}]}}