{"id":16337,"date":"2023-08-30T13:27:18","date_gmt":"2023-08-30T19:27:18","guid":{"rendered":"https:\/\/glass-glass.com.mx\/?post_type=product&#038;p=16337"},"modified":"2024-01-04T20:47:04","modified_gmt":"2024-01-05T02:47:04","slug":"old-fashion-orbit","status":"publish","type":"product","link":"https:\/\/glass-glass.com.mx\/en\/hogar-y-cristaleria\/vasos\/old-fashion\/old-fashion-orbit\/","title":{"rendered":"OLD FASHION ORBIT"},"content":{"rendered":"<p><img decoding=\"async\" class=\"alignnone size-full\" src=\"https:\/\/glass-glass.com.mx\/wp-content\/uploads\/2023\/08\/GCVACA025-sketch.jpg\" \/><\/p>","protected":false},"excerpt":{"rendered":"<p>Short, wavy glass.<\/p>\n<p><b>Style:<\/b> Amongst our old fashion glass collection, this is the most eccentric model, with an irregular wave pattern enveloping it.<\/p>\n<p><b>Ideal Use:<\/b> This model is best placed in bars, restaurants, events and banquets. Preferred by bartenders, it also takes part in the serving of desserts and entries. 100% crystalline and lead free.<br \/>\nWell suited for any table setting. Friendly, ergonomic and comfortable piece, making it easy to clean and stock.<\/p>\n<p><b>Additional features:<\/b> Its hypnotic wavy texture, adorns and complements every drink or food in which it\u2019s served. From serving water to serving alcoholic drinks, it won\u2019t fail.<\/p>\n<p><b>Manageability:<\/b> Packed in practical cardboard boxes, makes distribution, storage and transport processes faster, rendering it the best bet for any event. Orders can be delivered in 121 box pallets, for a total of 1,452 units.<\/p>","protected":false},"featured_media":17597,"template":"","meta":{"_joinchat":[]},"product_brand":[],"product_cat":[99],"product_tag":[],"class_list":{"0":"post-16337","1":"product","2":"type-product","3":"status-publish","4":"has-post-thumbnail","6":"product_cat-old-fashion","7":"pa_capacidad-ml-350-ml","8":"pa_capacidad-onzas-11-83-oz","10":"first","11":"instock","12":"shipping-taxable","13":"product-type-simple"},"yoast_head":"<!-- This site is optimized with the Yoast SEO plugin v23.6 - https:\/\/yoast.com\/wordpress\/plugins\/seo\/ -->\n<title>OLD FASHION ORBIT - Glass &amp; Glass<\/title>\n<meta name=\"robots\" content=\"index, follow, max-snippet:-1, max-image-preview:large, max-video-preview:-1\" \/>\n<link rel=\"canonical\" href=\"https:\/\/glass-glass.com.mx\/en\/hogar-y-cristaleria\/vasos\/old-fashion\/old-fashion-orbit\/\" \/>\n<meta property=\"og:locale\" content=\"en_US\" \/>\n<meta property=\"og:type\" content=\"article\" \/>\n<meta property=\"og:title\" content=\"OLD FASHION ORBIT - Glass &amp; Glass\" \/>\n<meta property=\"og:description\" content=\"Vaso con textura de ondas chico  Estilo: Dentro de la colecci\u00f3n de vasos old fashion de Glass &amp; Glass, este es el modelo m\u00e1s exc\u00e9ntrico. Un patr\u00f3n irregular de ondas envuelve el cl\u00e1sico modelo de vaso corto. La textura hace de esta variante de vaso old fashion una versi\u00f3n contempor\u00e1nea y atractiva.  Uso Ideal: Este modelo, es ideal para bares, hoteles, restaurantes, eventos y banquetes. Preferido para bebidas de autor, mixolog\u00eda y cocteler\u00eda, tambi\u00e9n toma terreno en la presentaci\u00f3n de postres y entradas. 100% cristalino, se recomienda para el montaje de cualquier mesa. Es un vaso c\u00f3modo, ergon\u00f3mico, vers\u00e1til y amigable. Es f\u00e1cil de apilar, lavar, resistente al cambio de temperaturas y libre de plomo.  Caracter\u00edsticas Adicionales: Su hipn\u00f3tica textura de ondas, viste cualquier montaje de mesas y complementa de manera interesante lo que \u00e9l se presente. Es ergon\u00f3mico, acompa\u00f1a bien a copas como vaso de agua y es el protagonista para servir tragos.  Maniobrabilidad: El vaso old fashion orbit de Glass &amp; Glass es entregado en tarimas de 1452 piezas. Los vasos est\u00e1n empacados en cajas de cart\u00f3n, que facilita el control de inventario, distribuci\u00f3n, almacenamiento y transporte. Empaquetado en 121 cajas. Una vez desempacados son ideales para apilar.\" \/>\n<meta property=\"og:url\" content=\"https:\/\/glass-glass.com.mx\/en\/hogar-y-cristaleria\/vasos\/old-fashion\/old-fashion-orbit\/\" \/>\n<meta property=\"og:site_name\" content=\"Glass &amp; Glass\" \/>\n<meta property=\"article:modified_time\" content=\"2024-01-05T02:47:04+00:00\" \/>\n<meta property=\"og:image\" content=\"https:\/\/glass-glass.com.mx\/wp-content\/uploads\/2023\/08\/GCVACA025.jpg\" \/>\n\t<meta property=\"og:image:width\" content=\"700\" \/>\n\t<meta property=\"og:image:height\" content=\"700\" \/>\n\t<meta property=\"og:image:type\" content=\"image\/jpeg\" \/>\n<meta name=\"twitter:card\" content=\"summary_large_image\" \/>\n<meta name=\"twitter:label1\" content=\"Est. reading time\" \/>\n\t<meta name=\"twitter:data1\" content=\"1 minute\" \/>\n<script type=\"application\/ld+json\" class=\"yoast-schema-graph\">{\"@context\":\"https:\/\/schema.org\",\"@graph\":[{\"@type\":\"WebPage\",\"@id\":\"https:\/\/glass-glass.com.mx\/hogar-y-cristaleria\/vasos\/old-fashion\/old-fashion-orbit\/\",\"url\":\"https:\/\/glass-glass.com.mx\/hogar-y-cristaleria\/vasos\/old-fashion\/old-fashion-orbit\/\",\"name\":\"OLD FASHION ORBIT - Glass &amp; Glass\",\"isPartOf\":{\"@id\":\"https:\/\/glass-glass.com.mx\/#website\"},\"primaryImageOfPage\":{\"@id\":\"https:\/\/glass-glass.com.mx\/hogar-y-cristaleria\/vasos\/old-fashion\/old-fashion-orbit\/#primaryimage\"},\"image\":{\"@id\":\"https:\/\/glass-glass.com.mx\/hogar-y-cristaleria\/vasos\/old-fashion\/old-fashion-orbit\/#primaryimage\"},\"thumbnailUrl\":\"https:\/\/glass-glass.com.mx\/wp-content\/uploads\/2023\/08\/GCVACA025.jpg\",\"datePublished\":\"2023-08-30T19:27:18+00:00\",\"dateModified\":\"2024-01-05T02:47:04+00:00\",\"breadcrumb\":{\"@id\":\"https:\/\/glass-glass.com.mx\/hogar-y-cristaleria\/vasos\/old-fashion\/old-fashion-orbit\/#breadcrumb\"},\"inLanguage\":\"en-US\",\"potentialAction\":[{\"@type\":\"ReadAction\",\"target\":[\"https:\/\/glass-glass.com.mx\/hogar-y-cristaleria\/vasos\/old-fashion\/old-fashion-orbit\/\"]}]},{\"@type\":\"ImageObject\",\"inLanguage\":\"en-US\",\"@id\":\"https:\/\/glass-glass.com.mx\/hogar-y-cristaleria\/vasos\/old-fashion\/old-fashion-orbit\/#primaryimage\",\"url\":\"https:\/\/glass-glass.com.mx\/wp-content\/uploads\/2023\/08\/GCVACA025.jpg\",\"contentUrl\":\"https:\/\/glass-glass.com.mx\/wp-content\/uploads\/2023\/08\/GCVACA025.jpg\",\"width\":700,\"height\":700,\"caption\":\"VASO OLD FASHION ORBIT\"},{\"@type\":\"BreadcrumbList\",\"@id\":\"https:\/\/glass-glass.com.mx\/hogar-y-cristaleria\/vasos\/old-fashion\/old-fashion-orbit\/#breadcrumb\",\"itemListElement\":[{\"@type\":\"ListItem\",\"position\":1,\"name\":\"Inicio\",\"item\":\"https:\/\/glass-glass.com.mx\/\"},{\"@type\":\"ListItem\",\"position\":2,\"name\":\"Productos\",\"item\":\"https:\/\/glass-glass.com.mx\/productos\/\"},{\"@type\":\"ListItem\",\"position\":3,\"name\":\"OLD FASHION ORBIT\"}]},{\"@type\":\"WebSite\",\"@id\":\"https:\/\/glass-glass.com.mx\/#website\",\"url\":\"https:\/\/glass-glass.com.mx\/\",\"name\":\"Glass &amp; Glass\",\"description\":\"360\u00b0 de pureza\",\"potentialAction\":[{\"@type\":\"SearchAction\",\"target\":{\"@type\":\"EntryPoint\",\"urlTemplate\":\"https:\/\/glass-glass.com.mx\/?s={search_term_string}\"},\"query-input\":{\"@type\":\"PropertyValueSpecification\",\"valueRequired\":true,\"valueName\":\"search_term_string\"}}],\"inLanguage\":\"en-US\"}]}<\/script>\n<!-- \/ Yoast SEO plugin. -->","yoast_head_json":{"title":"OLD FASHION ORBIT - Glass &amp; Glass","robots":{"index":"index","follow":"follow","max-snippet":"max-snippet:-1","max-image-preview":"max-image-preview:large","max-video-preview":"max-video-preview:-1"},"canonical":"https:\/\/glass-glass.com.mx\/en\/hogar-y-cristaleria\/vasos\/old-fashion\/old-fashion-orbit\/","og_locale":"en_US","og_type":"article","og_title":"OLD FASHION ORBIT - Glass &amp; Glass","og_description":"Vaso con textura de ondas chico  Estilo: Dentro de la colecci\u00f3n de vasos old fashion de Glass &amp; Glass, este es el modelo m\u00e1s exc\u00e9ntrico. Un patr\u00f3n irregular de ondas envuelve el cl\u00e1sico modelo de vaso corto. La textura hace de esta variante de vaso old fashion una versi\u00f3n contempor\u00e1nea y atractiva.  Uso Ideal: Este modelo, es ideal para bares, hoteles, restaurantes, eventos y banquetes. Preferido para bebidas de autor, mixolog\u00eda y cocteler\u00eda, tambi\u00e9n toma terreno en la presentaci\u00f3n de postres y entradas. 100% cristalino, se recomienda para el montaje de cualquier mesa. Es un vaso c\u00f3modo, ergon\u00f3mico, vers\u00e1til y amigable. Es f\u00e1cil de apilar, lavar, resistente al cambio de temperaturas y libre de plomo.  Caracter\u00edsticas Adicionales: Su hipn\u00f3tica textura de ondas, viste cualquier montaje de mesas y complementa de manera interesante lo que \u00e9l se presente. Es ergon\u00f3mico, acompa\u00f1a bien a copas como vaso de agua y es el protagonista para servir tragos.  Maniobrabilidad: El vaso old fashion orbit de Glass &amp; Glass es entregado en tarimas de 1452 piezas. Los vasos est\u00e1n empacados en cajas de cart\u00f3n, que facilita el control de inventario, distribuci\u00f3n, almacenamiento y transporte. Empaquetado en 121 cajas. Una vez desempacados son ideales para apilar.","og_url":"https:\/\/glass-glass.com.mx\/en\/hogar-y-cristaleria\/vasos\/old-fashion\/old-fashion-orbit\/","og_site_name":"Glass &amp; Glass","article_modified_time":"2024-01-05T02:47:04+00:00","og_image":[{"width":700,"height":700,"url":"https:\/\/glass-glass.com.mx\/wp-content\/uploads\/2023\/08\/GCVACA025.jpg","type":"image\/jpeg"}],"twitter_card":"summary_large_image","twitter_misc":{"Est. reading time":"1 minute"},"schema":{"@context":"https:\/\/schema.org","@graph":[{"@type":"WebPage","@id":"https:\/\/glass-glass.com.mx\/hogar-y-cristaleria\/vasos\/old-fashion\/old-fashion-orbit\/","url":"https:\/\/glass-glass.com.mx\/hogar-y-cristaleria\/vasos\/old-fashion\/old-fashion-orbit\/","name":"OLD FASHION ORBIT - Glass &amp; Glass","isPartOf":{"@id":"https:\/\/glass-glass.com.mx\/#website"},"primaryImageOfPage":{"@id":"https:\/\/glass-glass.com.mx\/hogar-y-cristaleria\/vasos\/old-fashion\/old-fashion-orbit\/#primaryimage"},"image":{"@id":"https:\/\/glass-glass.com.mx\/hogar-y-cristaleria\/vasos\/old-fashion\/old-fashion-orbit\/#primaryimage"},"thumbnailUrl":"https:\/\/glass-glass.com.mx\/wp-content\/uploads\/2023\/08\/GCVACA025.jpg","datePublished":"2023-08-30T19:27:18+00:00","dateModified":"2024-01-05T02:47:04+00:00","breadcrumb":{"@id":"https:\/\/glass-glass.com.mx\/hogar-y-cristaleria\/vasos\/old-fashion\/old-fashion-orbit\/#breadcrumb"},"inLanguage":"en-US","potentialAction":[{"@type":"ReadAction","target":["https:\/\/glass-glass.com.mx\/hogar-y-cristaleria\/vasos\/old-fashion\/old-fashion-orbit\/"]}]},{"@type":"ImageObject","inLanguage":"en-US","@id":"https:\/\/glass-glass.com.mx\/hogar-y-cristaleria\/vasos\/old-fashion\/old-fashion-orbit\/#primaryimage","url":"https:\/\/glass-glass.com.mx\/wp-content\/uploads\/2023\/08\/GCVACA025.jpg","contentUrl":"https:\/\/glass-glass.com.mx\/wp-content\/uploads\/2023\/08\/GCVACA025.jpg","width":700,"height":700,"caption":"VASO OLD FASHION ORBIT"},{"@type":"BreadcrumbList","@id":"https:\/\/glass-glass.com.mx\/hogar-y-cristaleria\/vasos\/old-fashion\/old-fashion-orbit\/#breadcrumb","itemListElement":[{"@type":"ListItem","position":1,"name":"Inicio","item":"https:\/\/glass-glass.com.mx\/"},{"@type":"ListItem","position":2,"name":"Productos","item":"https:\/\/glass-glass.com.mx\/productos\/"},{"@type":"ListItem","position":3,"name":"OLD FASHION ORBIT"}]},{"@type":"WebSite","@id":"https:\/\/glass-glass.com.mx\/#website","url":"https:\/\/glass-glass.com.mx\/","name":"Glass &amp; Glass","description":"360\u00b0 de pureza","potentialAction":[{"@type":"SearchAction","target":{"@type":"EntryPoint","urlTemplate":"https:\/\/glass-glass.com.mx\/?s={search_term_string}"},"query-input":{"@type":"PropertyValueSpecification","valueRequired":true,"valueName":"search_term_string"}}],"inLanguage":"en-US"}]}},"_links":{"self":[{"href":"https:\/\/glass-glass.com.mx\/en\/wp-json\/wp\/v2\/product\/16337","targetHints":{"allow":["GET"]}}],"collection":[{"href":"https:\/\/glass-glass.com.mx\/en\/wp-json\/wp\/v2\/product"}],"about":[{"href":"https:\/\/glass-glass.com.mx\/en\/wp-json\/wp\/v2\/types\/product"}],"version-history":[{"count":6,"href":"https:\/\/glass-glass.com.mx\/en\/wp-json\/wp\/v2\/product\/16337\/revisions"}],"predecessor-version":[{"id":17602,"href":"https:\/\/glass-glass.com.mx\/en\/wp-json\/wp\/v2\/product\/16337\/revisions\/17602"}],"wp:featuredmedia":[{"embeddable":true,"href":"https:\/\/glass-glass.com.mx\/en\/wp-json\/wp\/v2\/media\/17597"}],"wp:attachment":[{"href":"https:\/\/glass-glass.com.mx\/en\/wp-json\/wp\/v2\/media?parent=16337"}],"wp:term":[{"taxonomy":"product_brand","embeddable":true,"href":"https:\/\/glass-glass.com.mx\/en\/wp-json\/wp\/v2\/product_brand?post=16337"},{"taxonomy":"product_cat","embeddable":true,"href":"https:\/\/glass-glass.com.mx\/en\/wp-json\/wp\/v2\/product_cat?post=16337"},{"taxonomy":"product_tag","embeddable":true,"href":"https:\/\/glass-glass.com.mx\/en\/wp-json\/wp\/v2\/product_tag?post=16337"}],"curies":[{"name":"wp","href":"https:\/\/api.w.org\/{rel}","templated":true}]}}