{"id":16323,"date":"2023-08-30T13:27:17","date_gmt":"2023-08-30T19:27:17","guid":{"rendered":"https:\/\/glass-glass.com.mx\/?post_type=product&#038;p=16323"},"modified":"2024-01-04T23:25:27","modified_gmt":"2024-01-05T05:25:27","slug":"limonero","status":"publish","type":"product","link":"https:\/\/glass-glass.com.mx\/en\/hogar-y-cristaleria\/vasos\/limoneros\/limonero\/","title":{"rendered":"LIMONERO"},"content":{"rendered":"<p><img fetchpriority=\"high\" decoding=\"async\" class=\"alignnone size-full wp-image-16708\" src=\"https:\/\/glass-glass.com.mx\/wp-content\/uploads\/2023\/08\/LIMONERO_LINEAS-sketch.jpg\" alt=\"\" width=\"259\" height=\"203\" srcset=\"https:\/\/glass-glass.com.mx\/wp-content\/uploads\/2023\/08\/LIMONERO_LINEAS-sketch.jpg 259w, https:\/\/glass-glass.com.mx\/wp-content\/uploads\/2023\/08\/LIMONERO_LINEAS-sketch-120x94.jpg 120w\" sizes=\"(max-width: 259px) 100vw, 259px\" \/><\/p>","protected":false},"excerpt":{"rendered":"<p>Tall textured conical glass.<\/p>\n<p><b>Style:<\/b> Its conical shape can immediately take the user\u2019s mind towards serving drinks and candle holders. With a linear texture, this glass is inherently ergonomic and easy to manipulate.<\/p>\n<p>Optimal use: Completely crystalline and highly resistant towards heat. Good at serving beer, coffee, milkshakes or any other fresh beverages. 100% lead-free and flavor-preserving.<\/p>\n<p><b>Additional features:<\/b> Maximum transparency thanks to our exclusive formula, granting it a crystalline finish.<\/p>\n<p><b>Manageability:<\/b> Packed in practical cardboard boxes, makes distribution, storage and transport processes faster, rendering it the best bet for any event. Orders can be delivered in 20 piece boxes or in 1,920 piece pallets for large deliveries.<\/p>","protected":false},"featured_media":17722,"template":"","meta":{"_joinchat":[]},"product_brand":[],"product_cat":[97],"product_tag":[],"class_list":{"0":"post-16323","1":"product","2":"type-product","3":"status-publish","4":"has-post-thumbnail","6":"product_cat-limoneros","7":"pa_capacidad-ml-320-ml","8":"pa_capacidad-onzas-10-82-oz","10":"first","11":"instock","12":"shipping-taxable","13":"product-type-simple"},"yoast_head":"<!-- This site is optimized with the Yoast SEO plugin v23.6 - https:\/\/yoast.com\/wordpress\/plugins\/seo\/ -->\n<title>LIMONERO - Glass &amp; Glass<\/title>\n<meta name=\"robots\" content=\"index, follow, max-snippet:-1, max-image-preview:large, max-video-preview:-1\" \/>\n<link rel=\"canonical\" href=\"https:\/\/glass-glass.com.mx\/en\/hogar-y-cristaleria\/vasos\/limoneros\/limonero\/\" \/>\n<meta property=\"og:locale\" content=\"en_US\" \/>\n<meta property=\"og:type\" content=\"article\" \/>\n<meta property=\"og:title\" content=\"LIMONERO - Glass &amp; Glass\" \/>\n<meta property=\"og:description\" content=\"Vaso c\u00f3nico alto con textura  Estilo: El vaso limonero de Glass &amp; Glass presenta una forma c\u00f3nica que lo pone en la mente del consumidor en la categor\u00eda de veladoras y bebidas. Con una textura a l\u00edneas, el vaso limonero se convierte en un modelo ergon\u00f3mico y f\u00e1cil de maniobrar.  Uso sugerido: El vaso limonero, es completamente cristalino y por su resistencia es altamente recomendable para veladoras. Sus usos se extienden al consumo de bebidas o como contenedor de alimentos. Puede usarse como vaso cervecero, vaso cafetero, vaso de malteadas, as\u00ed como para aguas frescas. Es 100% libre de plomo y la formulaci\u00f3n del vidrio ayuda a preservar los sabores de manera intacta.  Caracter\u00edsticas Adicionales: El vaso limonero es ideal para uso diario y puede ser reusado despu\u00e9s de su uso primario como veladora. Como fabricantes de vasos, Glass &amp; Glass se asegura de la m\u00e1xima transparencia, obtenida por la formulaci\u00f3n exclusiva y con un terminado completamente cristalino.  Maniobrabilidad: El vaso limonero de Glass &amp; Glass es empaquetado en cajas de cart\u00f3n, cada una con 20 vasos; facilitando la distribuci\u00f3n, almacenamiento y transporte, siendo ideal para grandes pedidos. La entrega del vaso limonero es en tarimas de 1,920 piezas.\" \/>\n<meta property=\"og:url\" content=\"https:\/\/glass-glass.com.mx\/en\/hogar-y-cristaleria\/vasos\/limoneros\/limonero\/\" \/>\n<meta property=\"og:site_name\" content=\"Glass &amp; Glass\" \/>\n<meta property=\"article:modified_time\" content=\"2024-01-05T05:25:27+00:00\" \/>\n<meta property=\"og:image\" content=\"https:\/\/glass-glass.com.mx\/wp-content\/uploads\/2023\/08\/GCVACA001.jpg\" \/>\n\t<meta property=\"og:image:width\" content=\"700\" \/>\n\t<meta property=\"og:image:height\" content=\"700\" \/>\n\t<meta property=\"og:image:type\" content=\"image\/jpeg\" \/>\n<meta name=\"twitter:card\" content=\"summary_large_image\" \/>\n<meta name=\"twitter:label1\" content=\"Est. reading time\" \/>\n\t<meta name=\"twitter:data1\" content=\"1 minute\" \/>\n<script type=\"application\/ld+json\" class=\"yoast-schema-graph\">{\"@context\":\"https:\/\/schema.org\",\"@graph\":[{\"@type\":\"WebPage\",\"@id\":\"https:\/\/glass-glass.com.mx\/hogar-y-cristaleria\/vasos\/limoneros\/limonero\/\",\"url\":\"https:\/\/glass-glass.com.mx\/hogar-y-cristaleria\/vasos\/limoneros\/limonero\/\",\"name\":\"LIMONERO - Glass &amp; Glass\",\"isPartOf\":{\"@id\":\"https:\/\/glass-glass.com.mx\/#website\"},\"primaryImageOfPage\":{\"@id\":\"https:\/\/glass-glass.com.mx\/hogar-y-cristaleria\/vasos\/limoneros\/limonero\/#primaryimage\"},\"image\":{\"@id\":\"https:\/\/glass-glass.com.mx\/hogar-y-cristaleria\/vasos\/limoneros\/limonero\/#primaryimage\"},\"thumbnailUrl\":\"https:\/\/glass-glass.com.mx\/wp-content\/uploads\/2023\/08\/GCVACA001.jpg\",\"datePublished\":\"2023-08-30T19:27:17+00:00\",\"dateModified\":\"2024-01-05T05:25:27+00:00\",\"breadcrumb\":{\"@id\":\"https:\/\/glass-glass.com.mx\/hogar-y-cristaleria\/vasos\/limoneros\/limonero\/#breadcrumb\"},\"inLanguage\":\"en-US\",\"potentialAction\":[{\"@type\":\"ReadAction\",\"target\":[\"https:\/\/glass-glass.com.mx\/hogar-y-cristaleria\/vasos\/limoneros\/limonero\/\"]}]},{\"@type\":\"ImageObject\",\"inLanguage\":\"en-US\",\"@id\":\"https:\/\/glass-glass.com.mx\/hogar-y-cristaleria\/vasos\/limoneros\/limonero\/#primaryimage\",\"url\":\"https:\/\/glass-glass.com.mx\/wp-content\/uploads\/2023\/08\/GCVACA001.jpg\",\"contentUrl\":\"https:\/\/glass-glass.com.mx\/wp-content\/uploads\/2023\/08\/GCVACA001.jpg\",\"width\":700,\"height\":700,\"caption\":\"LIMONERO\"},{\"@type\":\"BreadcrumbList\",\"@id\":\"https:\/\/glass-glass.com.mx\/hogar-y-cristaleria\/vasos\/limoneros\/limonero\/#breadcrumb\",\"itemListElement\":[{\"@type\":\"ListItem\",\"position\":1,\"name\":\"Inicio\",\"item\":\"https:\/\/glass-glass.com.mx\/\"},{\"@type\":\"ListItem\",\"position\":2,\"name\":\"Productos\",\"item\":\"https:\/\/glass-glass.com.mx\/productos\/\"},{\"@type\":\"ListItem\",\"position\":3,\"name\":\"LIMONERO\"}]},{\"@type\":\"WebSite\",\"@id\":\"https:\/\/glass-glass.com.mx\/#website\",\"url\":\"https:\/\/glass-glass.com.mx\/\",\"name\":\"Glass &amp; Glass\",\"description\":\"360\u00b0 de pureza\",\"potentialAction\":[{\"@type\":\"SearchAction\",\"target\":{\"@type\":\"EntryPoint\",\"urlTemplate\":\"https:\/\/glass-glass.com.mx\/?s={search_term_string}\"},\"query-input\":{\"@type\":\"PropertyValueSpecification\",\"valueRequired\":true,\"valueName\":\"search_term_string\"}}],\"inLanguage\":\"en-US\"}]}<\/script>\n<!-- \/ Yoast SEO plugin. -->","yoast_head_json":{"title":"LIMONERO - Glass &amp; Glass","robots":{"index":"index","follow":"follow","max-snippet":"max-snippet:-1","max-image-preview":"max-image-preview:large","max-video-preview":"max-video-preview:-1"},"canonical":"https:\/\/glass-glass.com.mx\/en\/hogar-y-cristaleria\/vasos\/limoneros\/limonero\/","og_locale":"en_US","og_type":"article","og_title":"LIMONERO - Glass &amp; Glass","og_description":"Vaso c\u00f3nico alto con textura  Estilo: El vaso limonero de Glass &amp; Glass presenta una forma c\u00f3nica que lo pone en la mente del consumidor en la categor\u00eda de veladoras y bebidas. Con una textura a l\u00edneas, el vaso limonero se convierte en un modelo ergon\u00f3mico y f\u00e1cil de maniobrar.  Uso sugerido: El vaso limonero, es completamente cristalino y por su resistencia es altamente recomendable para veladoras. Sus usos se extienden al consumo de bebidas o como contenedor de alimentos. Puede usarse como vaso cervecero, vaso cafetero, vaso de malteadas, as\u00ed como para aguas frescas. Es 100% libre de plomo y la formulaci\u00f3n del vidrio ayuda a preservar los sabores de manera intacta.  Caracter\u00edsticas Adicionales: El vaso limonero es ideal para uso diario y puede ser reusado despu\u00e9s de su uso primario como veladora. Como fabricantes de vasos, Glass &amp; Glass se asegura de la m\u00e1xima transparencia, obtenida por la formulaci\u00f3n exclusiva y con un terminado completamente cristalino.  Maniobrabilidad: El vaso limonero de Glass &amp; Glass es empaquetado en cajas de cart\u00f3n, cada una con 20 vasos; facilitando la distribuci\u00f3n, almacenamiento y transporte, siendo ideal para grandes pedidos. La entrega del vaso limonero es en tarimas de 1,920 piezas.","og_url":"https:\/\/glass-glass.com.mx\/en\/hogar-y-cristaleria\/vasos\/limoneros\/limonero\/","og_site_name":"Glass &amp; Glass","article_modified_time":"2024-01-05T05:25:27+00:00","og_image":[{"width":700,"height":700,"url":"https:\/\/glass-glass.com.mx\/wp-content\/uploads\/2023\/08\/GCVACA001.jpg","type":"image\/jpeg"}],"twitter_card":"summary_large_image","twitter_misc":{"Est. reading time":"1 minute"},"schema":{"@context":"https:\/\/schema.org","@graph":[{"@type":"WebPage","@id":"https:\/\/glass-glass.com.mx\/hogar-y-cristaleria\/vasos\/limoneros\/limonero\/","url":"https:\/\/glass-glass.com.mx\/hogar-y-cristaleria\/vasos\/limoneros\/limonero\/","name":"LIMONERO - Glass &amp; Glass","isPartOf":{"@id":"https:\/\/glass-glass.com.mx\/#website"},"primaryImageOfPage":{"@id":"https:\/\/glass-glass.com.mx\/hogar-y-cristaleria\/vasos\/limoneros\/limonero\/#primaryimage"},"image":{"@id":"https:\/\/glass-glass.com.mx\/hogar-y-cristaleria\/vasos\/limoneros\/limonero\/#primaryimage"},"thumbnailUrl":"https:\/\/glass-glass.com.mx\/wp-content\/uploads\/2023\/08\/GCVACA001.jpg","datePublished":"2023-08-30T19:27:17+00:00","dateModified":"2024-01-05T05:25:27+00:00","breadcrumb":{"@id":"https:\/\/glass-glass.com.mx\/hogar-y-cristaleria\/vasos\/limoneros\/limonero\/#breadcrumb"},"inLanguage":"en-US","potentialAction":[{"@type":"ReadAction","target":["https:\/\/glass-glass.com.mx\/hogar-y-cristaleria\/vasos\/limoneros\/limonero\/"]}]},{"@type":"ImageObject","inLanguage":"en-US","@id":"https:\/\/glass-glass.com.mx\/hogar-y-cristaleria\/vasos\/limoneros\/limonero\/#primaryimage","url":"https:\/\/glass-glass.com.mx\/wp-content\/uploads\/2023\/08\/GCVACA001.jpg","contentUrl":"https:\/\/glass-glass.com.mx\/wp-content\/uploads\/2023\/08\/GCVACA001.jpg","width":700,"height":700,"caption":"LIMONERO"},{"@type":"BreadcrumbList","@id":"https:\/\/glass-glass.com.mx\/hogar-y-cristaleria\/vasos\/limoneros\/limonero\/#breadcrumb","itemListElement":[{"@type":"ListItem","position":1,"name":"Inicio","item":"https:\/\/glass-glass.com.mx\/"},{"@type":"ListItem","position":2,"name":"Productos","item":"https:\/\/glass-glass.com.mx\/productos\/"},{"@type":"ListItem","position":3,"name":"LIMONERO"}]},{"@type":"WebSite","@id":"https:\/\/glass-glass.com.mx\/#website","url":"https:\/\/glass-glass.com.mx\/","name":"Glass &amp; Glass","description":"360\u00b0 de pureza","potentialAction":[{"@type":"SearchAction","target":{"@type":"EntryPoint","urlTemplate":"https:\/\/glass-glass.com.mx\/?s={search_term_string}"},"query-input":{"@type":"PropertyValueSpecification","valueRequired":true,"valueName":"search_term_string"}}],"inLanguage":"en-US"}]}},"_links":{"self":[{"href":"https:\/\/glass-glass.com.mx\/en\/wp-json\/wp\/v2\/product\/16323","targetHints":{"allow":["GET"]}}],"collection":[{"href":"https:\/\/glass-glass.com.mx\/en\/wp-json\/wp\/v2\/product"}],"about":[{"href":"https:\/\/glass-glass.com.mx\/en\/wp-json\/wp\/v2\/types\/product"}],"version-history":[{"count":6,"href":"https:\/\/glass-glass.com.mx\/en\/wp-json\/wp\/v2\/product\/16323\/revisions"}],"predecessor-version":[{"id":17727,"href":"https:\/\/glass-glass.com.mx\/en\/wp-json\/wp\/v2\/product\/16323\/revisions\/17727"}],"wp:featuredmedia":[{"embeddable":true,"href":"https:\/\/glass-glass.com.mx\/en\/wp-json\/wp\/v2\/media\/17722"}],"wp:attachment":[{"href":"https:\/\/glass-glass.com.mx\/en\/wp-json\/wp\/v2\/media?parent=16323"}],"wp:term":[{"taxonomy":"product_brand","embeddable":true,"href":"https:\/\/glass-glass.com.mx\/en\/wp-json\/wp\/v2\/product_brand?post=16323"},{"taxonomy":"product_cat","embeddable":true,"href":"https:\/\/glass-glass.com.mx\/en\/wp-json\/wp\/v2\/product_cat?post=16323"},{"taxonomy":"product_tag","embeddable":true,"href":"https:\/\/glass-glass.com.mx\/en\/wp-json\/wp\/v2\/product_tag?post=16323"}],"curies":[{"name":"wp","href":"https:\/\/api.w.org\/{rel}","templated":true}]}}