{"id":16322,"date":"2023-08-30T13:27:17","date_gmt":"2023-08-30T19:27:17","guid":{"rendered":"https:\/\/glass-glass.com.mx\/?post_type=product&#038;p=16322"},"modified":"2024-01-04T20:52:23","modified_gmt":"2024-01-05T02:52:23","slug":"old-fashion-lineas-verticales","status":"publish","type":"product","link":"https:\/\/glass-glass.com.mx\/en\/hogar-y-cristaleria\/vasos\/old-fashion\/old-fashion-lineas-verticales\/","title":{"rendered":"OLD FASHION VERTICAL LINES"},"content":{"rendered":"<p><img decoding=\"async\" class=\"alignnone size-full\" src=\"https:\/\/glass-glass.com.mx\/wp-content\/uploads\/2023\/08\/GCVACA032-sketch.jpg\" \/><\/p>","protected":false},"excerpt":{"rendered":"<p>Short, glass with a vertical inside texture.<\/p>\n<p><b>Style:<\/b> An emblem of our old fashion glasses, one of the most popular designs throughout the years. A vertical engraving pattern distinguishes this iconic short glass model, making it truly timeless and ever attractive.<\/p>\n<p><b>Ideal Use:<\/b> This model is best placed in bars, restaurants, events and banquets. Preferred by bartenders, it also takes part in the serving of desserts and entries. 100% crystalline and lead free.<br \/>\nWell suited for any table setting. Friendly, ergonomic and comfortable piece because of its wide mouth. Making it easy to clean and stock.<\/p>\n<p><b>Additional features:<\/b> Its sober vertical lines can adorn any table setting and complements anything in it.  From serving water to serving alcoholic drinks, it won\u2019t fail.<\/p>\n<p><b>Manageability:<\/b> Packed in practical cardboard boxes, makes distribution, storage and transport processes faster, rendering it the best bet for any event. Orders can be delivered in 121 box pallets, for a total of 1,452 units.<\/p>","protected":false},"featured_media":17603,"template":"","meta":{"_joinchat":[]},"product_brand":[],"product_cat":[99],"product_tag":[],"class_list":{"0":"post-16322","1":"product","2":"type-product","3":"status-publish","4":"has-post-thumbnail","6":"product_cat-old-fashion","7":"pa_capacidad-ml-350-ml","8":"pa_capacidad-onzas-11-83-oz","10":"first","11":"instock","12":"shipping-taxable","13":"product-type-simple"},"yoast_head":"<!-- This site is optimized with the Yoast SEO plugin v23.6 - https:\/\/yoast.com\/wordpress\/plugins\/seo\/ -->\n<title>OLD FASHION LINEAS VERTICALES - Glass &amp; Glass<\/title>\n<meta name=\"robots\" content=\"index, follow, max-snippet:-1, max-image-preview:large, max-video-preview:-1\" \/>\n<link rel=\"canonical\" href=\"https:\/\/glass-glass.com.mx\/en\/hogar-y-cristaleria\/vasos\/old-fashion\/old-fashion-lineas-verticales\/\" \/>\n<meta property=\"og:locale\" content=\"en_US\" \/>\n<meta property=\"og:type\" content=\"article\" \/>\n<meta property=\"og:title\" content=\"OLD FASHION LINEAS VERTICALES - Glass &amp; Glass\" \/>\n<meta property=\"og:description\" content=\"Vaso corto con grabado interior vertical  Estilo: Un emblema de la colecci\u00f3n de vasos old fashion de Glass &amp; Glass, uno de los dise\u00f1os m\u00e1s populares a lo largo de los a\u00f1os. Un patr\u00f3n de grabado en vertical distingue este cl\u00e1sico modelo de vaso corto. La textura de esta variante de vaso old fashion una versi\u00f3n atemporal y atractiva.  Uso Ideal: Este modelo, es ideal para bares, hoteles, restaurantes, eventos y banquetes. Preferido para bebidas de autor, mixolog\u00eda y cocteler\u00eda, tambi\u00e9n toma terreno en la presentaci\u00f3n de postres y entradas. 100% cristalino, se recomienda para el montaje de cualquier mesa. Es un vaso c\u00f3modo por su boca ancha, ergon\u00f3mico y vers\u00e1til. Es f\u00e1cil de lavar, resistente a temperaturas y libre de plomo.  Caracter\u00edsticas Adicionales: Su sobria textura de l\u00edneas verticales, viste cualquier montaje de mesas y complementa de manera interesante lo que en \u00e9l se presente. Es ergon\u00f3mico, se destaca incluso como vaso de agua y es un protagonista si de presentar cocteler\u00eda se trata.  Maniobrabilidad: El vaso old fashion l\u00edneas verticales de Glass &amp; Glass es entregado en tarimas de 1452 piezas. Los vasos est\u00e1n empacados en cajas de cart\u00f3n, que facilita el control de inventario, distribuci\u00f3n, almacenamiento y transporte. Empaquetado en 121 cajas. Una vez desempacados son ideales para apilar.\" \/>\n<meta property=\"og:url\" content=\"https:\/\/glass-glass.com.mx\/en\/hogar-y-cristaleria\/vasos\/old-fashion\/old-fashion-lineas-verticales\/\" \/>\n<meta property=\"og:site_name\" content=\"Glass &amp; Glass\" \/>\n<meta property=\"article:modified_time\" content=\"2024-01-05T02:52:23+00:00\" \/>\n<meta property=\"og:image\" content=\"https:\/\/glass-glass.com.mx\/wp-content\/uploads\/2023\/08\/GCVACA032.jpg\" \/>\n\t<meta property=\"og:image:width\" content=\"700\" \/>\n\t<meta property=\"og:image:height\" content=\"700\" \/>\n\t<meta property=\"og:image:type\" content=\"image\/jpeg\" \/>\n<meta name=\"twitter:card\" content=\"summary_large_image\" \/>\n<meta name=\"twitter:label1\" content=\"Est. reading time\" \/>\n\t<meta name=\"twitter:data1\" content=\"1 minute\" \/>\n<script type=\"application\/ld+json\" class=\"yoast-schema-graph\">{\"@context\":\"https:\/\/schema.org\",\"@graph\":[{\"@type\":\"WebPage\",\"@id\":\"https:\/\/glass-glass.com.mx\/hogar-y-cristaleria\/vasos\/old-fashion\/old-fashion-lineas-verticales\/\",\"url\":\"https:\/\/glass-glass.com.mx\/hogar-y-cristaleria\/vasos\/old-fashion\/old-fashion-lineas-verticales\/\",\"name\":\"OLD FASHION LINEAS VERTICALES - Glass &amp; Glass\",\"isPartOf\":{\"@id\":\"https:\/\/glass-glass.com.mx\/#website\"},\"primaryImageOfPage\":{\"@id\":\"https:\/\/glass-glass.com.mx\/hogar-y-cristaleria\/vasos\/old-fashion\/old-fashion-lineas-verticales\/#primaryimage\"},\"image\":{\"@id\":\"https:\/\/glass-glass.com.mx\/hogar-y-cristaleria\/vasos\/old-fashion\/old-fashion-lineas-verticales\/#primaryimage\"},\"thumbnailUrl\":\"https:\/\/glass-glass.com.mx\/wp-content\/uploads\/2023\/08\/GCVACA032.jpg\",\"datePublished\":\"2023-08-30T19:27:17+00:00\",\"dateModified\":\"2024-01-05T02:52:23+00:00\",\"breadcrumb\":{\"@id\":\"https:\/\/glass-glass.com.mx\/hogar-y-cristaleria\/vasos\/old-fashion\/old-fashion-lineas-verticales\/#breadcrumb\"},\"inLanguage\":\"en-US\",\"potentialAction\":[{\"@type\":\"ReadAction\",\"target\":[\"https:\/\/glass-glass.com.mx\/hogar-y-cristaleria\/vasos\/old-fashion\/old-fashion-lineas-verticales\/\"]}]},{\"@type\":\"ImageObject\",\"inLanguage\":\"en-US\",\"@id\":\"https:\/\/glass-glass.com.mx\/hogar-y-cristaleria\/vasos\/old-fashion\/old-fashion-lineas-verticales\/#primaryimage\",\"url\":\"https:\/\/glass-glass.com.mx\/wp-content\/uploads\/2023\/08\/GCVACA032.jpg\",\"contentUrl\":\"https:\/\/glass-glass.com.mx\/wp-content\/uploads\/2023\/08\/GCVACA032.jpg\",\"width\":700,\"height\":700,\"caption\":\"VASO OLD FASHION LINEAS VERTICALES\"},{\"@type\":\"BreadcrumbList\",\"@id\":\"https:\/\/glass-glass.com.mx\/hogar-y-cristaleria\/vasos\/old-fashion\/old-fashion-lineas-verticales\/#breadcrumb\",\"itemListElement\":[{\"@type\":\"ListItem\",\"position\":1,\"name\":\"Inicio\",\"item\":\"https:\/\/glass-glass.com.mx\/\"},{\"@type\":\"ListItem\",\"position\":2,\"name\":\"Productos\",\"item\":\"https:\/\/glass-glass.com.mx\/productos\/\"},{\"@type\":\"ListItem\",\"position\":3,\"name\":\"OLD FASHION LINEAS VERTICALES\"}]},{\"@type\":\"WebSite\",\"@id\":\"https:\/\/glass-glass.com.mx\/#website\",\"url\":\"https:\/\/glass-glass.com.mx\/\",\"name\":\"Glass &amp; Glass\",\"description\":\"360\u00b0 de pureza\",\"potentialAction\":[{\"@type\":\"SearchAction\",\"target\":{\"@type\":\"EntryPoint\",\"urlTemplate\":\"https:\/\/glass-glass.com.mx\/?s={search_term_string}\"},\"query-input\":{\"@type\":\"PropertyValueSpecification\",\"valueRequired\":true,\"valueName\":\"search_term_string\"}}],\"inLanguage\":\"en-US\"}]}<\/script>\n<!-- \/ Yoast SEO plugin. -->","yoast_head_json":{"title":"OLD FASHION LINEAS VERTICALES - Glass &amp; Glass","robots":{"index":"index","follow":"follow","max-snippet":"max-snippet:-1","max-image-preview":"max-image-preview:large","max-video-preview":"max-video-preview:-1"},"canonical":"https:\/\/glass-glass.com.mx\/en\/hogar-y-cristaleria\/vasos\/old-fashion\/old-fashion-lineas-verticales\/","og_locale":"en_US","og_type":"article","og_title":"OLD FASHION LINEAS VERTICALES - Glass &amp; Glass","og_description":"Vaso corto con grabado interior vertical  Estilo: Un emblema de la colecci\u00f3n de vasos old fashion de Glass &amp; Glass, uno de los dise\u00f1os m\u00e1s populares a lo largo de los a\u00f1os. Un patr\u00f3n de grabado en vertical distingue este cl\u00e1sico modelo de vaso corto. La textura de esta variante de vaso old fashion una versi\u00f3n atemporal y atractiva.  Uso Ideal: Este modelo, es ideal para bares, hoteles, restaurantes, eventos y banquetes. Preferido para bebidas de autor, mixolog\u00eda y cocteler\u00eda, tambi\u00e9n toma terreno en la presentaci\u00f3n de postres y entradas. 100% cristalino, se recomienda para el montaje de cualquier mesa. Es un vaso c\u00f3modo por su boca ancha, ergon\u00f3mico y vers\u00e1til. Es f\u00e1cil de lavar, resistente a temperaturas y libre de plomo.  Caracter\u00edsticas Adicionales: Su sobria textura de l\u00edneas verticales, viste cualquier montaje de mesas y complementa de manera interesante lo que en \u00e9l se presente. Es ergon\u00f3mico, se destaca incluso como vaso de agua y es un protagonista si de presentar cocteler\u00eda se trata.  Maniobrabilidad: El vaso old fashion l\u00edneas verticales de Glass &amp; Glass es entregado en tarimas de 1452 piezas. Los vasos est\u00e1n empacados en cajas de cart\u00f3n, que facilita el control de inventario, distribuci\u00f3n, almacenamiento y transporte. Empaquetado en 121 cajas. Una vez desempacados son ideales para apilar.","og_url":"https:\/\/glass-glass.com.mx\/en\/hogar-y-cristaleria\/vasos\/old-fashion\/old-fashion-lineas-verticales\/","og_site_name":"Glass &amp; Glass","article_modified_time":"2024-01-05T02:52:23+00:00","og_image":[{"width":700,"height":700,"url":"https:\/\/glass-glass.com.mx\/wp-content\/uploads\/2023\/08\/GCVACA032.jpg","type":"image\/jpeg"}],"twitter_card":"summary_large_image","twitter_misc":{"Est. reading time":"1 minute"},"schema":{"@context":"https:\/\/schema.org","@graph":[{"@type":"WebPage","@id":"https:\/\/glass-glass.com.mx\/hogar-y-cristaleria\/vasos\/old-fashion\/old-fashion-lineas-verticales\/","url":"https:\/\/glass-glass.com.mx\/hogar-y-cristaleria\/vasos\/old-fashion\/old-fashion-lineas-verticales\/","name":"OLD FASHION LINEAS VERTICALES - Glass &amp; Glass","isPartOf":{"@id":"https:\/\/glass-glass.com.mx\/#website"},"primaryImageOfPage":{"@id":"https:\/\/glass-glass.com.mx\/hogar-y-cristaleria\/vasos\/old-fashion\/old-fashion-lineas-verticales\/#primaryimage"},"image":{"@id":"https:\/\/glass-glass.com.mx\/hogar-y-cristaleria\/vasos\/old-fashion\/old-fashion-lineas-verticales\/#primaryimage"},"thumbnailUrl":"https:\/\/glass-glass.com.mx\/wp-content\/uploads\/2023\/08\/GCVACA032.jpg","datePublished":"2023-08-30T19:27:17+00:00","dateModified":"2024-01-05T02:52:23+00:00","breadcrumb":{"@id":"https:\/\/glass-glass.com.mx\/hogar-y-cristaleria\/vasos\/old-fashion\/old-fashion-lineas-verticales\/#breadcrumb"},"inLanguage":"en-US","potentialAction":[{"@type":"ReadAction","target":["https:\/\/glass-glass.com.mx\/hogar-y-cristaleria\/vasos\/old-fashion\/old-fashion-lineas-verticales\/"]}]},{"@type":"ImageObject","inLanguage":"en-US","@id":"https:\/\/glass-glass.com.mx\/hogar-y-cristaleria\/vasos\/old-fashion\/old-fashion-lineas-verticales\/#primaryimage","url":"https:\/\/glass-glass.com.mx\/wp-content\/uploads\/2023\/08\/GCVACA032.jpg","contentUrl":"https:\/\/glass-glass.com.mx\/wp-content\/uploads\/2023\/08\/GCVACA032.jpg","width":700,"height":700,"caption":"VASO OLD FASHION LINEAS VERTICALES"},{"@type":"BreadcrumbList","@id":"https:\/\/glass-glass.com.mx\/hogar-y-cristaleria\/vasos\/old-fashion\/old-fashion-lineas-verticales\/#breadcrumb","itemListElement":[{"@type":"ListItem","position":1,"name":"Inicio","item":"https:\/\/glass-glass.com.mx\/"},{"@type":"ListItem","position":2,"name":"Productos","item":"https:\/\/glass-glass.com.mx\/productos\/"},{"@type":"ListItem","position":3,"name":"OLD FASHION LINEAS VERTICALES"}]},{"@type":"WebSite","@id":"https:\/\/glass-glass.com.mx\/#website","url":"https:\/\/glass-glass.com.mx\/","name":"Glass &amp; Glass","description":"360\u00b0 de pureza","potentialAction":[{"@type":"SearchAction","target":{"@type":"EntryPoint","urlTemplate":"https:\/\/glass-glass.com.mx\/?s={search_term_string}"},"query-input":{"@type":"PropertyValueSpecification","valueRequired":true,"valueName":"search_term_string"}}],"inLanguage":"en-US"}]}},"_links":{"self":[{"href":"https:\/\/glass-glass.com.mx\/en\/wp-json\/wp\/v2\/product\/16322","targetHints":{"allow":["GET"]}}],"collection":[{"href":"https:\/\/glass-glass.com.mx\/en\/wp-json\/wp\/v2\/product"}],"about":[{"href":"https:\/\/glass-glass.com.mx\/en\/wp-json\/wp\/v2\/types\/product"}],"version-history":[{"count":4,"href":"https:\/\/glass-glass.com.mx\/en\/wp-json\/wp\/v2\/product\/16322\/revisions"}],"predecessor-version":[{"id":17608,"href":"https:\/\/glass-glass.com.mx\/en\/wp-json\/wp\/v2\/product\/16322\/revisions\/17608"}],"wp:featuredmedia":[{"embeddable":true,"href":"https:\/\/glass-glass.com.mx\/en\/wp-json\/wp\/v2\/media\/17603"}],"wp:attachment":[{"href":"https:\/\/glass-glass.com.mx\/en\/wp-json\/wp\/v2\/media?parent=16322"}],"wp:term":[{"taxonomy":"product_brand","embeddable":true,"href":"https:\/\/glass-glass.com.mx\/en\/wp-json\/wp\/v2\/product_brand?post=16322"},{"taxonomy":"product_cat","embeddable":true,"href":"https:\/\/glass-glass.com.mx\/en\/wp-json\/wp\/v2\/product_cat?post=16322"},{"taxonomy":"product_tag","embeddable":true,"href":"https:\/\/glass-glass.com.mx\/en\/wp-json\/wp\/v2\/product_tag?post=16322"}],"curies":[{"name":"wp","href":"https:\/\/api.w.org\/{rel}","templated":true}]}}