{"id":16321,"date":"2023-08-30T13:27:17","date_gmt":"2023-08-30T19:27:17","guid":{"rendered":"https:\/\/glass-glass.com.mx\/?post_type=product&#038;p=16321"},"modified":"2023-10-03T22:43:54","modified_gmt":"2023-10-04T04:43:54","slug":"limonero-rosa","status":"publish","type":"product","link":"https:\/\/glass-glass.com.mx\/en\/hogar-y-cristaleria\/vasos\/limoneros\/limonero-rosa\/","title":{"rendered":"PINK LIMONERO"},"content":{"rendered":"<p><img fetchpriority=\"high\" decoding=\"async\" class=\"alignnone size-full wp-image-16708\" src=\"https:\/\/glass-glass.com.mx\/wp-content\/uploads\/2023\/08\/LIMONERO_LINEAS-sketch.jpg\" alt=\"\" width=\"259\" height=\"203\" srcset=\"https:\/\/glass-glass.com.mx\/wp-content\/uploads\/2023\/08\/LIMONERO_LINEAS-sketch.jpg 259w, https:\/\/glass-glass.com.mx\/wp-content\/uploads\/2023\/08\/LIMONERO_LINEAS-sketch-120x94.jpg 120w\" sizes=\"(max-width: 259px) 100vw, 259px\" \/><\/p>","protected":false},"excerpt":{"rendered":"<p>Pink limonero.<\/p>\n<p><b>Style:<\/b> Unmistakable conical shape and great color make this piece a wonderful candle-holder or a regular glass for serving drinks. With a linear texture, this glass is inherently ergonomic and easy to manipulate. <\/p>\n<p>Optimal use: Completely crystalline and highly resistant towards heat, thus perfect as candle-holder. Good at serving beer, coffee, milkshakes or any other fresh beverages. 100% lead-free and flavor-preserving. <\/p>\n<p><b>Additional features:<\/b> Maximum transparency and resistance, thanks to our exclusive formula and coloring process it\u2019ll remain crystalline and ever colorful. <\/p>\n<p><b>Manageability:<\/b> Packed in practical cardboard boxes, makes distribution, storage and transport processes faster, rendering it the best bet for any event. Orders can be delivered in 20 piece boxes or in 1,920 piece pallets for large deliveries. <\/p>","protected":false},"featured_media":16181,"template":"","meta":{"_joinchat":[]},"product_brand":[],"product_cat":[97],"product_tag":[],"class_list":{"0":"post-16321","1":"product","2":"type-product","3":"status-publish","4":"has-post-thumbnail","6":"product_cat-limoneros","7":"pa_capacidad-ml-320-ml","8":"pa_capacidad-onzas-10-82-oz","10":"first","11":"instock","12":"shipping-taxable","13":"product-type-simple"},"yoast_head":"<!-- This site is optimized with the Yoast SEO plugin v23.6 - https:\/\/yoast.com\/wordpress\/plugins\/seo\/ -->\n<title>LIMONERO ROSA - Glass &amp; Glass<\/title>\n<meta name=\"robots\" content=\"index, follow, max-snippet:-1, max-image-preview:large, max-video-preview:-1\" \/>\n<link rel=\"canonical\" href=\"https:\/\/glass-glass.com.mx\/en\/hogar-y-cristaleria\/vasos\/limoneros\/limonero-rosa\/\" \/>\n<meta property=\"og:locale\" content=\"en_US\" \/>\n<meta property=\"og:type\" content=\"article\" \/>\n<meta property=\"og:title\" content=\"LIMONERO ROSA - Glass &amp; Glass\" \/>\n<meta property=\"og:description\" content=\"Vaso c\u00f3nico alto rosa con textura  Estilo: El vaso limonero de Glass &amp; Glass en su tonalidad rosada en su inconfundible forma c\u00f3nica posicionado en la mente del consumidor en la categor\u00eda de veladoras y bebidas. Con una textura a l\u00edneas, el vaso limonero rosa se convierte en un modelo ergon\u00f3mico y f\u00e1cil de maniobrar.  Uso sugerido: El vaso limonero rosa, por su gran durabilidad es altamente recomendable para veladoras. Sus usos se extienden al consumo de bebidas o como contenedor de alimentos. Puede usarse como vaso cervecero, vaso cafetero, vaso de malteadas, as\u00ed como para jugos y aguas frescas. Es 100% libre de plomo y la formulaci\u00f3n del vidrio ayuda a preservar los sabores de manera intacta.  Caracter\u00edsticas Adicionales: El vaso limonero rosa es ideal para uso diario y puede ser reusado despu\u00e9s de su uso primario como veladora. El proceso frita de Glass &amp; Glass hace que el vaso limonero no pierda su color rosa con el uso, ya que el vidrio obtiene su color durante su fabricaci\u00f3n.  Maniobrabilidad: El vaso limonero rosa de Glass &amp; Glass es empaquetado en cajas de cart\u00f3n, cada una con 20 vasos; facilitando la distribuci\u00f3n, almacenamiento y transporte, siendo ideal para grandes pedidos. La entrega del vaso limonero es en tarimas de 1,920 piezas.\" \/>\n<meta property=\"og:url\" content=\"https:\/\/glass-glass.com.mx\/en\/hogar-y-cristaleria\/vasos\/limoneros\/limonero-rosa\/\" \/>\n<meta property=\"og:site_name\" content=\"Glass &amp; Glass\" \/>\n<meta property=\"article:modified_time\" content=\"2023-10-04T04:43:54+00:00\" \/>\n<meta property=\"og:image\" content=\"https:\/\/glass-glass.com.mx\/wp-content\/uploads\/2023\/08\/GCVACA062FRITA06.jpg\" \/>\n\t<meta property=\"og:image:width\" content=\"800\" \/>\n\t<meta property=\"og:image:height\" content=\"800\" \/>\n\t<meta property=\"og:image:type\" content=\"image\/jpeg\" \/>\n<meta name=\"twitter:card\" content=\"summary_large_image\" \/>\n<meta name=\"twitter:label1\" content=\"Est. reading time\" \/>\n\t<meta name=\"twitter:data1\" content=\"1 minute\" \/>\n<script type=\"application\/ld+json\" class=\"yoast-schema-graph\">{\"@context\":\"https:\/\/schema.org\",\"@graph\":[{\"@type\":\"WebPage\",\"@id\":\"https:\/\/glass-glass.com.mx\/hogar-y-cristaleria\/vasos\/limoneros\/limonero-rosa\/\",\"url\":\"https:\/\/glass-glass.com.mx\/hogar-y-cristaleria\/vasos\/limoneros\/limonero-rosa\/\",\"name\":\"LIMONERO ROSA - Glass &amp; Glass\",\"isPartOf\":{\"@id\":\"https:\/\/glass-glass.com.mx\/#website\"},\"primaryImageOfPage\":{\"@id\":\"https:\/\/glass-glass.com.mx\/hogar-y-cristaleria\/vasos\/limoneros\/limonero-rosa\/#primaryimage\"},\"image\":{\"@id\":\"https:\/\/glass-glass.com.mx\/hogar-y-cristaleria\/vasos\/limoneros\/limonero-rosa\/#primaryimage\"},\"thumbnailUrl\":\"https:\/\/glass-glass.com.mx\/wp-content\/uploads\/2023\/08\/GCVACA062FRITA06.jpg\",\"datePublished\":\"2023-08-30T19:27:17+00:00\",\"dateModified\":\"2023-10-04T04:43:54+00:00\",\"breadcrumb\":{\"@id\":\"https:\/\/glass-glass.com.mx\/hogar-y-cristaleria\/vasos\/limoneros\/limonero-rosa\/#breadcrumb\"},\"inLanguage\":\"en-US\",\"potentialAction\":[{\"@type\":\"ReadAction\",\"target\":[\"https:\/\/glass-glass.com.mx\/hogar-y-cristaleria\/vasos\/limoneros\/limonero-rosa\/\"]}]},{\"@type\":\"ImageObject\",\"inLanguage\":\"en-US\",\"@id\":\"https:\/\/glass-glass.com.mx\/hogar-y-cristaleria\/vasos\/limoneros\/limonero-rosa\/#primaryimage\",\"url\":\"https:\/\/glass-glass.com.mx\/wp-content\/uploads\/2023\/08\/GCVACA062FRITA06.jpg\",\"contentUrl\":\"https:\/\/glass-glass.com.mx\/wp-content\/uploads\/2023\/08\/GCVACA062FRITA06.jpg\",\"width\":800,\"height\":800,\"caption\":\"LIMONERO ROSA\"},{\"@type\":\"BreadcrumbList\",\"@id\":\"https:\/\/glass-glass.com.mx\/hogar-y-cristaleria\/vasos\/limoneros\/limonero-rosa\/#breadcrumb\",\"itemListElement\":[{\"@type\":\"ListItem\",\"position\":1,\"name\":\"Inicio\",\"item\":\"https:\/\/glass-glass.com.mx\/\"},{\"@type\":\"ListItem\",\"position\":2,\"name\":\"Productos\",\"item\":\"https:\/\/glass-glass.com.mx\/productos\/\"},{\"@type\":\"ListItem\",\"position\":3,\"name\":\"LIMONERO ROSA\"}]},{\"@type\":\"WebSite\",\"@id\":\"https:\/\/glass-glass.com.mx\/#website\",\"url\":\"https:\/\/glass-glass.com.mx\/\",\"name\":\"Glass &amp; Glass\",\"description\":\"360\u00b0 de pureza\",\"potentialAction\":[{\"@type\":\"SearchAction\",\"target\":{\"@type\":\"EntryPoint\",\"urlTemplate\":\"https:\/\/glass-glass.com.mx\/?s={search_term_string}\"},\"query-input\":{\"@type\":\"PropertyValueSpecification\",\"valueRequired\":true,\"valueName\":\"search_term_string\"}}],\"inLanguage\":\"en-US\"}]}<\/script>\n<!-- \/ Yoast SEO plugin. -->","yoast_head_json":{"title":"LIMONERO ROSA - Glass &amp; Glass","robots":{"index":"index","follow":"follow","max-snippet":"max-snippet:-1","max-image-preview":"max-image-preview:large","max-video-preview":"max-video-preview:-1"},"canonical":"https:\/\/glass-glass.com.mx\/en\/hogar-y-cristaleria\/vasos\/limoneros\/limonero-rosa\/","og_locale":"en_US","og_type":"article","og_title":"LIMONERO ROSA - Glass &amp; Glass","og_description":"Vaso c\u00f3nico alto rosa con textura  Estilo: El vaso limonero de Glass & Glass en su tonalidad rosada en su inconfundible forma c\u00f3nica posicionado en la mente del consumidor en la categor\u00eda de veladoras y bebidas. Con una textura a l\u00edneas, el vaso limonero rosa se convierte en un modelo ergon\u00f3mico y f\u00e1cil de maniobrar.  Uso sugerido: El vaso limonero rosa, por su gran durabilidad es altamente recomendable para veladoras. Sus usos se extienden al consumo de bebidas o como contenedor de alimentos. Puede usarse como vaso cervecero, vaso cafetero, vaso de malteadas, as\u00ed como para jugos y aguas frescas. Es 100% libre de plomo y la formulaci\u00f3n del vidrio ayuda a preservar los sabores de manera intacta.  Caracter\u00edsticas Adicionales: El vaso limonero rosa es ideal para uso diario y puede ser reusado despu\u00e9s de su uso primario como veladora. El proceso frita de Glass & Glass hace que el vaso limonero no pierda su color rosa con el uso, ya que el vidrio obtiene su color durante su fabricaci\u00f3n.  Maniobrabilidad: El vaso limonero rosa de Glass & Glass es empaquetado en cajas de cart\u00f3n, cada una con 20 vasos; facilitando la distribuci\u00f3n, almacenamiento y transporte, siendo ideal para grandes pedidos. La entrega del vaso limonero es en tarimas de 1,920 piezas.","og_url":"https:\/\/glass-glass.com.mx\/en\/hogar-y-cristaleria\/vasos\/limoneros\/limonero-rosa\/","og_site_name":"Glass &amp; Glass","article_modified_time":"2023-10-04T04:43:54+00:00","og_image":[{"width":800,"height":800,"url":"https:\/\/glass-glass.com.mx\/wp-content\/uploads\/2023\/08\/GCVACA062FRITA06.jpg","type":"image\/jpeg"}],"twitter_card":"summary_large_image","twitter_misc":{"Est. reading time":"1 minute"},"schema":{"@context":"https:\/\/schema.org","@graph":[{"@type":"WebPage","@id":"https:\/\/glass-glass.com.mx\/hogar-y-cristaleria\/vasos\/limoneros\/limonero-rosa\/","url":"https:\/\/glass-glass.com.mx\/hogar-y-cristaleria\/vasos\/limoneros\/limonero-rosa\/","name":"LIMONERO ROSA - Glass &amp; Glass","isPartOf":{"@id":"https:\/\/glass-glass.com.mx\/#website"},"primaryImageOfPage":{"@id":"https:\/\/glass-glass.com.mx\/hogar-y-cristaleria\/vasos\/limoneros\/limonero-rosa\/#primaryimage"},"image":{"@id":"https:\/\/glass-glass.com.mx\/hogar-y-cristaleria\/vasos\/limoneros\/limonero-rosa\/#primaryimage"},"thumbnailUrl":"https:\/\/glass-glass.com.mx\/wp-content\/uploads\/2023\/08\/GCVACA062FRITA06.jpg","datePublished":"2023-08-30T19:27:17+00:00","dateModified":"2023-10-04T04:43:54+00:00","breadcrumb":{"@id":"https:\/\/glass-glass.com.mx\/hogar-y-cristaleria\/vasos\/limoneros\/limonero-rosa\/#breadcrumb"},"inLanguage":"en-US","potentialAction":[{"@type":"ReadAction","target":["https:\/\/glass-glass.com.mx\/hogar-y-cristaleria\/vasos\/limoneros\/limonero-rosa\/"]}]},{"@type":"ImageObject","inLanguage":"en-US","@id":"https:\/\/glass-glass.com.mx\/hogar-y-cristaleria\/vasos\/limoneros\/limonero-rosa\/#primaryimage","url":"https:\/\/glass-glass.com.mx\/wp-content\/uploads\/2023\/08\/GCVACA062FRITA06.jpg","contentUrl":"https:\/\/glass-glass.com.mx\/wp-content\/uploads\/2023\/08\/GCVACA062FRITA06.jpg","width":800,"height":800,"caption":"LIMONERO ROSA"},{"@type":"BreadcrumbList","@id":"https:\/\/glass-glass.com.mx\/hogar-y-cristaleria\/vasos\/limoneros\/limonero-rosa\/#breadcrumb","itemListElement":[{"@type":"ListItem","position":1,"name":"Inicio","item":"https:\/\/glass-glass.com.mx\/"},{"@type":"ListItem","position":2,"name":"Productos","item":"https:\/\/glass-glass.com.mx\/productos\/"},{"@type":"ListItem","position":3,"name":"LIMONERO ROSA"}]},{"@type":"WebSite","@id":"https:\/\/glass-glass.com.mx\/#website","url":"https:\/\/glass-glass.com.mx\/","name":"Glass &amp; Glass","description":"360\u00b0 de pureza","potentialAction":[{"@type":"SearchAction","target":{"@type":"EntryPoint","urlTemplate":"https:\/\/glass-glass.com.mx\/?s={search_term_string}"},"query-input":{"@type":"PropertyValueSpecification","valueRequired":true,"valueName":"search_term_string"}}],"inLanguage":"en-US"}]}},"_links":{"self":[{"href":"https:\/\/glass-glass.com.mx\/en\/wp-json\/wp\/v2\/product\/16321","targetHints":{"allow":["GET"]}}],"collection":[{"href":"https:\/\/glass-glass.com.mx\/en\/wp-json\/wp\/v2\/product"}],"about":[{"href":"https:\/\/glass-glass.com.mx\/en\/wp-json\/wp\/v2\/types\/product"}],"version-history":[{"count":4,"href":"https:\/\/glass-glass.com.mx\/en\/wp-json\/wp\/v2\/product\/16321\/revisions"}],"predecessor-version":[{"id":16762,"href":"https:\/\/glass-glass.com.mx\/en\/wp-json\/wp\/v2\/product\/16321\/revisions\/16762"}],"wp:featuredmedia":[{"embeddable":true,"href":"https:\/\/glass-glass.com.mx\/en\/wp-json\/wp\/v2\/media\/16181"}],"wp:attachment":[{"href":"https:\/\/glass-glass.com.mx\/en\/wp-json\/wp\/v2\/media?parent=16321"}],"wp:term":[{"taxonomy":"product_brand","embeddable":true,"href":"https:\/\/glass-glass.com.mx\/en\/wp-json\/wp\/v2\/product_brand?post=16321"},{"taxonomy":"product_cat","embeddable":true,"href":"https:\/\/glass-glass.com.mx\/en\/wp-json\/wp\/v2\/product_cat?post=16321"},{"taxonomy":"product_tag","embeddable":true,"href":"https:\/\/glass-glass.com.mx\/en\/wp-json\/wp\/v2\/product_tag?post=16321"}],"curies":[{"name":"wp","href":"https:\/\/api.w.org\/{rel}","templated":true}]}}