{"id":16317,"date":"2023-08-30T13:27:17","date_gmt":"2023-08-30T19:27:17","guid":{"rendered":"https:\/\/glass-glass.com.mx\/?post_type=product&#038;p=16317"},"modified":"2024-01-04T12:04:09","modified_gmt":"2024-01-04T18:04:09","slug":"tequilero-1-oz","status":"publish","type":"product","link":"https:\/\/glass-glass.com.mx\/en\/hogar-y-cristaleria\/vasos\/tequileros\/tequilero-1-oz\/","title":{"rendered":"TEQUILERO 1 oz"},"content":{"rendered":"<p><img decoding=\"async\" class=\"alignnone size-full\" src=\"https:\/\/glass-glass.com.mx\/wp-content\/uploads\/2023\/08\/GCVACA041-sketch.jpg\" \/><\/p>","protected":false},"excerpt":{"rendered":"<p>Conical tequilero (1 oz).<\/p>\n<p><b>Style:<\/b> Classic, timeless and unmistakable cylinder design. The smallest of its kind in Glass &amp; Glass.<\/p>\n<p><b>Ideal Use:<\/b> Although it has been conceived to serve bars and other environments, this can also be handy in the serving of any liquor.<\/p>\n<p><b>Additional features:<\/b> Recyclable, highly resistant, completely crystalline and lead-free.<\/p>\n<p><b>Manageability:<\/b> Packed in practical cardboard boxes, makes distribution, storage and transport processes faster, rendering it the best bet for any event. Orders are delivered in 7, 500 unit pallets.<\/p>","protected":false},"featured_media":17441,"template":"","meta":{"_joinchat":[]},"product_brand":[],"product_cat":[96],"product_tag":[],"class_list":{"0":"post-16317","1":"product","2":"type-product","3":"status-publish","4":"has-post-thumbnail","6":"product_cat-tequileros","7":"pa_capacidad-ml-30-ml","8":"pa_capacidad-onzas-1-01-oz","10":"first","11":"instock","12":"shipping-taxable","13":"product-type-simple"},"yoast_head":"<!-- This site is optimized with the Yoast SEO plugin v23.6 - https:\/\/yoast.com\/wordpress\/plugins\/seo\/ -->\n<title>TEQUILERO 1 oz - Glass &amp; Glass<\/title>\n<meta name=\"robots\" content=\"index, follow, max-snippet:-1, max-image-preview:large, max-video-preview:-1\" \/>\n<link rel=\"canonical\" href=\"https:\/\/glass-glass.com.mx\/en\/hogar-y-cristaleria\/vasos\/tequileros\/tequilero-1-oz\/\" \/>\n<meta property=\"og:locale\" content=\"en_US\" \/>\n<meta property=\"og:type\" content=\"article\" \/>\n<meta property=\"og:title\" content=\"TEQUILERO 1 oz - Glass &amp; Glass\" \/>\n<meta property=\"og:description\" content=\"Tequilero c\u00f3nico para 1 oz.  Estilo: En un cl\u00e1sico dise\u00f1o atemporal de forma cil\u00edndrica y recta, es la medida m\u00e1s peque\u00f1a dentro de la l\u00ednea de los tequileros de Glass &amp; Glass. Es 100% cristalino, lo que complementa la experiencia para destilados y licores.  Uso Ideal: Si bien su uso por excelencia es en bares, barras y cantinas, el tequilero de 1 oz. puede tambi\u00e9n usarse para presentaciones gastron\u00f3micas y culinarias por su atractiva vista.  Caracter\u00edsticas Adicionales: Es 100% libre de plomo y reciclable adem\u00e1s de ser altamente resistente. Cuenta con la m\u00e1xima transparencia, obtenida por la formulaci\u00f3n exclusiva de vidrio de Glass &amp; Glass. Tiene una recarga de vidrio que extiende su vida \u00fatil.  Maniobrabilidad: La entrega de un pedido de los tequileros de 1 oz es de una tarima con 7500 piezas, divididas en cajas de cart\u00f3n que protegen y hacen c\u00f3modo su almacenamiento, movilidad y distribuci\u00f3n.\" \/>\n<meta property=\"og:url\" content=\"https:\/\/glass-glass.com.mx\/en\/hogar-y-cristaleria\/vasos\/tequileros\/tequilero-1-oz\/\" \/>\n<meta property=\"og:site_name\" content=\"Glass &amp; Glass\" \/>\n<meta property=\"article:modified_time\" content=\"2024-01-04T18:04:09+00:00\" \/>\n<meta property=\"og:image\" content=\"https:\/\/glass-glass.com.mx\/wp-content\/uploads\/2023\/08\/GCVACA041-1.jpg\" \/>\n\t<meta property=\"og:image:width\" content=\"700\" \/>\n\t<meta property=\"og:image:height\" content=\"700\" \/>\n\t<meta property=\"og:image:type\" content=\"image\/jpeg\" \/>\n<meta name=\"twitter:card\" content=\"summary_large_image\" \/>\n<meta name=\"twitter:label1\" content=\"Est. reading time\" \/>\n\t<meta name=\"twitter:data1\" content=\"1 minute\" \/>\n<script type=\"application\/ld+json\" class=\"yoast-schema-graph\">{\"@context\":\"https:\/\/schema.org\",\"@graph\":[{\"@type\":\"WebPage\",\"@id\":\"https:\/\/glass-glass.com.mx\/hogar-y-cristaleria\/vasos\/tequileros\/tequilero-1-oz\/\",\"url\":\"https:\/\/glass-glass.com.mx\/hogar-y-cristaleria\/vasos\/tequileros\/tequilero-1-oz\/\",\"name\":\"TEQUILERO 1 oz - Glass &amp; Glass\",\"isPartOf\":{\"@id\":\"https:\/\/glass-glass.com.mx\/#website\"},\"primaryImageOfPage\":{\"@id\":\"https:\/\/glass-glass.com.mx\/hogar-y-cristaleria\/vasos\/tequileros\/tequilero-1-oz\/#primaryimage\"},\"image\":{\"@id\":\"https:\/\/glass-glass.com.mx\/hogar-y-cristaleria\/vasos\/tequileros\/tequilero-1-oz\/#primaryimage\"},\"thumbnailUrl\":\"https:\/\/glass-glass.com.mx\/wp-content\/uploads\/2023\/08\/GCVACA041-1.jpg\",\"datePublished\":\"2023-08-30T19:27:17+00:00\",\"dateModified\":\"2024-01-04T18:04:09+00:00\",\"breadcrumb\":{\"@id\":\"https:\/\/glass-glass.com.mx\/hogar-y-cristaleria\/vasos\/tequileros\/tequilero-1-oz\/#breadcrumb\"},\"inLanguage\":\"en-US\",\"potentialAction\":[{\"@type\":\"ReadAction\",\"target\":[\"https:\/\/glass-glass.com.mx\/hogar-y-cristaleria\/vasos\/tequileros\/tequilero-1-oz\/\"]}]},{\"@type\":\"ImageObject\",\"inLanguage\":\"en-US\",\"@id\":\"https:\/\/glass-glass.com.mx\/hogar-y-cristaleria\/vasos\/tequileros\/tequilero-1-oz\/#primaryimage\",\"url\":\"https:\/\/glass-glass.com.mx\/wp-content\/uploads\/2023\/08\/GCVACA041-1.jpg\",\"contentUrl\":\"https:\/\/glass-glass.com.mx\/wp-content\/uploads\/2023\/08\/GCVACA041-1.jpg\",\"width\":700,\"height\":700,\"caption\":\"VASO TEQUILERO 1 oz\"},{\"@type\":\"BreadcrumbList\",\"@id\":\"https:\/\/glass-glass.com.mx\/hogar-y-cristaleria\/vasos\/tequileros\/tequilero-1-oz\/#breadcrumb\",\"itemListElement\":[{\"@type\":\"ListItem\",\"position\":1,\"name\":\"Inicio\",\"item\":\"https:\/\/glass-glass.com.mx\/\"},{\"@type\":\"ListItem\",\"position\":2,\"name\":\"Productos\",\"item\":\"https:\/\/glass-glass.com.mx\/productos\/\"},{\"@type\":\"ListItem\",\"position\":3,\"name\":\"TEQUILERO 1 oz\"}]},{\"@type\":\"WebSite\",\"@id\":\"https:\/\/glass-glass.com.mx\/#website\",\"url\":\"https:\/\/glass-glass.com.mx\/\",\"name\":\"Glass &amp; Glass\",\"description\":\"360\u00b0 de pureza\",\"potentialAction\":[{\"@type\":\"SearchAction\",\"target\":{\"@type\":\"EntryPoint\",\"urlTemplate\":\"https:\/\/glass-glass.com.mx\/?s={search_term_string}\"},\"query-input\":{\"@type\":\"PropertyValueSpecification\",\"valueRequired\":true,\"valueName\":\"search_term_string\"}}],\"inLanguage\":\"en-US\"}]}<\/script>\n<!-- \/ Yoast SEO plugin. -->","yoast_head_json":{"title":"TEQUILERO 1 oz - Glass &amp; Glass","robots":{"index":"index","follow":"follow","max-snippet":"max-snippet:-1","max-image-preview":"max-image-preview:large","max-video-preview":"max-video-preview:-1"},"canonical":"https:\/\/glass-glass.com.mx\/en\/hogar-y-cristaleria\/vasos\/tequileros\/tequilero-1-oz\/","og_locale":"en_US","og_type":"article","og_title":"TEQUILERO 1 oz - Glass &amp; Glass","og_description":"Tequilero c\u00f3nico para 1 oz.  Estilo: En un cl\u00e1sico dise\u00f1o atemporal de forma cil\u00edndrica y recta, es la medida m\u00e1s peque\u00f1a dentro de la l\u00ednea de los tequileros de Glass &amp; Glass. Es 100% cristalino, lo que complementa la experiencia para destilados y licores.  Uso Ideal: Si bien su uso por excelencia es en bares, barras y cantinas, el tequilero de 1 oz. puede tambi\u00e9n usarse para presentaciones gastron\u00f3micas y culinarias por su atractiva vista.  Caracter\u00edsticas Adicionales: Es 100% libre de plomo y reciclable adem\u00e1s de ser altamente resistente. Cuenta con la m\u00e1xima transparencia, obtenida por la formulaci\u00f3n exclusiva de vidrio de Glass &amp; Glass. Tiene una recarga de vidrio que extiende su vida \u00fatil.  Maniobrabilidad: La entrega de un pedido de los tequileros de 1 oz es de una tarima con 7500 piezas, divididas en cajas de cart\u00f3n que protegen y hacen c\u00f3modo su almacenamiento, movilidad y distribuci\u00f3n.","og_url":"https:\/\/glass-glass.com.mx\/en\/hogar-y-cristaleria\/vasos\/tequileros\/tequilero-1-oz\/","og_site_name":"Glass &amp; Glass","article_modified_time":"2024-01-04T18:04:09+00:00","og_image":[{"width":700,"height":700,"url":"https:\/\/glass-glass.com.mx\/wp-content\/uploads\/2023\/08\/GCVACA041-1.jpg","type":"image\/jpeg"}],"twitter_card":"summary_large_image","twitter_misc":{"Est. reading time":"1 minute"},"schema":{"@context":"https:\/\/schema.org","@graph":[{"@type":"WebPage","@id":"https:\/\/glass-glass.com.mx\/hogar-y-cristaleria\/vasos\/tequileros\/tequilero-1-oz\/","url":"https:\/\/glass-glass.com.mx\/hogar-y-cristaleria\/vasos\/tequileros\/tequilero-1-oz\/","name":"TEQUILERO 1 oz - Glass &amp; Glass","isPartOf":{"@id":"https:\/\/glass-glass.com.mx\/#website"},"primaryImageOfPage":{"@id":"https:\/\/glass-glass.com.mx\/hogar-y-cristaleria\/vasos\/tequileros\/tequilero-1-oz\/#primaryimage"},"image":{"@id":"https:\/\/glass-glass.com.mx\/hogar-y-cristaleria\/vasos\/tequileros\/tequilero-1-oz\/#primaryimage"},"thumbnailUrl":"https:\/\/glass-glass.com.mx\/wp-content\/uploads\/2023\/08\/GCVACA041-1.jpg","datePublished":"2023-08-30T19:27:17+00:00","dateModified":"2024-01-04T18:04:09+00:00","breadcrumb":{"@id":"https:\/\/glass-glass.com.mx\/hogar-y-cristaleria\/vasos\/tequileros\/tequilero-1-oz\/#breadcrumb"},"inLanguage":"en-US","potentialAction":[{"@type":"ReadAction","target":["https:\/\/glass-glass.com.mx\/hogar-y-cristaleria\/vasos\/tequileros\/tequilero-1-oz\/"]}]},{"@type":"ImageObject","inLanguage":"en-US","@id":"https:\/\/glass-glass.com.mx\/hogar-y-cristaleria\/vasos\/tequileros\/tequilero-1-oz\/#primaryimage","url":"https:\/\/glass-glass.com.mx\/wp-content\/uploads\/2023\/08\/GCVACA041-1.jpg","contentUrl":"https:\/\/glass-glass.com.mx\/wp-content\/uploads\/2023\/08\/GCVACA041-1.jpg","width":700,"height":700,"caption":"VASO TEQUILERO 1 oz"},{"@type":"BreadcrumbList","@id":"https:\/\/glass-glass.com.mx\/hogar-y-cristaleria\/vasos\/tequileros\/tequilero-1-oz\/#breadcrumb","itemListElement":[{"@type":"ListItem","position":1,"name":"Inicio","item":"https:\/\/glass-glass.com.mx\/"},{"@type":"ListItem","position":2,"name":"Productos","item":"https:\/\/glass-glass.com.mx\/productos\/"},{"@type":"ListItem","position":3,"name":"TEQUILERO 1 oz"}]},{"@type":"WebSite","@id":"https:\/\/glass-glass.com.mx\/#website","url":"https:\/\/glass-glass.com.mx\/","name":"Glass &amp; Glass","description":"360\u00b0 de pureza","potentialAction":[{"@type":"SearchAction","target":{"@type":"EntryPoint","urlTemplate":"https:\/\/glass-glass.com.mx\/?s={search_term_string}"},"query-input":{"@type":"PropertyValueSpecification","valueRequired":true,"valueName":"search_term_string"}}],"inLanguage":"en-US"}]}},"_links":{"self":[{"href":"https:\/\/glass-glass.com.mx\/en\/wp-json\/wp\/v2\/product\/16317","targetHints":{"allow":["GET"]}}],"collection":[{"href":"https:\/\/glass-glass.com.mx\/en\/wp-json\/wp\/v2\/product"}],"about":[{"href":"https:\/\/glass-glass.com.mx\/en\/wp-json\/wp\/v2\/types\/product"}],"version-history":[{"count":6,"href":"https:\/\/glass-glass.com.mx\/en\/wp-json\/wp\/v2\/product\/16317\/revisions"}],"predecessor-version":[{"id":17445,"href":"https:\/\/glass-glass.com.mx\/en\/wp-json\/wp\/v2\/product\/16317\/revisions\/17445"}],"wp:featuredmedia":[{"embeddable":true,"href":"https:\/\/glass-glass.com.mx\/en\/wp-json\/wp\/v2\/media\/17441"}],"wp:attachment":[{"href":"https:\/\/glass-glass.com.mx\/en\/wp-json\/wp\/v2\/media?parent=16317"}],"wp:term":[{"taxonomy":"product_brand","embeddable":true,"href":"https:\/\/glass-glass.com.mx\/en\/wp-json\/wp\/v2\/product_brand?post=16317"},{"taxonomy":"product_cat","embeddable":true,"href":"https:\/\/glass-glass.com.mx\/en\/wp-json\/wp\/v2\/product_cat?post=16317"},{"taxonomy":"product_tag","embeddable":true,"href":"https:\/\/glass-glass.com.mx\/en\/wp-json\/wp\/v2\/product_tag?post=16317"}],"curies":[{"name":"wp","href":"https:\/\/api.w.org\/{rel}","templated":true}]}}