{"id":16316,"date":"2023-08-30T13:27:17","date_gmt":"2023-08-30T19:27:17","guid":{"rendered":"https:\/\/glass-glass.com.mx\/?post_type=product&#038;p=16316"},"modified":"2024-01-04T13:24:01","modified_gmt":"2024-01-04T19:24:01","slug":"elite-45-ml","status":"publish","type":"product","link":"https:\/\/glass-glass.com.mx\/en\/hogar-y-cristaleria\/vasos\/tequileros\/elite-45-ml\/","title":{"rendered":"ELITE 45 ml"},"content":{"rendered":"<p><img decoding=\"async\" class=\"alignnone size-full\" src=\"https:\/\/glass-glass.com.mx\/wp-content\/uploads\/2023\/08\/GCVACA009-sketch.jpg\" \/><\/p>","protected":false},"excerpt":{"rendered":"<p>Sophisticated glass-footed caballito (tequilero).<\/p>\n<p><b>Style:<\/b> This is the most glamorous caballito for the world of shots. Its design is clean, smooth, elegant and sophisticated. Totally crystalline, with a thicker footing that enhances the smell of drinks and distillates.<\/p>\n<p><b>Ideal Use:<\/b> Perfect for banquets, restaurants, bars and at the hands of any bartender, allowing for the comfortable quantity of 1.5 oz of liquid to be served. Good for the presentation for any drink, sauce or dessert.<\/p>\n<p><b>Additional features:<\/b> 100% crystalline due to its exclusive Glass &amp; Glass formula, lead free and recyclable. Its strong glass gotting will also guarantee an extended useful life.<\/p>\n<p><b>Manageability:<\/b> Packed in practical cardboard boxes, makes distribution, storage and transport processes faster, rendering it the best bet for any event. Orders are delivered in 4, 320 unit pallets distributed in 120 boxes.<\/p>","protected":false},"featured_media":17457,"template":"","meta":{"_joinchat":[]},"product_brand":[],"product_cat":[96],"product_tag":[],"class_list":{"0":"post-16316","1":"product","2":"type-product","3":"status-publish","4":"has-post-thumbnail","6":"product_cat-tequileros","7":"pa_capacidad-ml-45-ml","8":"pa_capacidad-onzas-1-52-oz","10":"first","11":"instock","12":"shipping-taxable","13":"product-type-simple"},"yoast_head":"<!-- This site is optimized with the Yoast SEO plugin v23.6 - https:\/\/yoast.com\/wordpress\/plugins\/seo\/ -->\n<title>ELITE 45 ml - Glass &amp; Glass<\/title>\n<meta name=\"robots\" content=\"index, follow, max-snippet:-1, max-image-preview:large, max-video-preview:-1\" \/>\n<link rel=\"canonical\" href=\"https:\/\/glass-glass.com.mx\/en\/hogar-y-cristaleria\/vasos\/tequileros\/elite-45-ml\/\" \/>\n<meta property=\"og:locale\" content=\"en_US\" \/>\n<meta property=\"og:type\" content=\"article\" \/>\n<meta property=\"og:title\" content=\"ELITE 45 ml - Glass &amp; Glass\" \/>\n<meta property=\"og:description\" content=\"Sofisticado caballito con recarga de vidrio  Estilo: Este caballito es la versi\u00f3n m\u00e1s glamorosa de Glass &amp; Glass para el mundo de shots. Su dise\u00f1o es limpio, liso, elegante y sofisticado. Es totalmente cristalino, y su base m\u00e1s gruesa exalta las propiedades de color de destilados y bebidas.  Uso Ideal: El caballito \u00e9lite de 45 ml es perfecto para banquetes, restaurantes, bares, cantinas y barras con mixolog\u00eda de autor, permitiendo la amigable medida de 1.5 oz de contenido. Su uso en restaurantes, hoteles y banquetes no es poco com\u00fan, al utilizarse para entradas, postres y salsas.  Caracter\u00edsticas Adicionales: Gracias a la formulaci\u00f3n exclusiva de vidrio de Glass &amp; Glass, es 100% cristalino, libre de plomo y reciclable. Tiene una recarga de vidrio que extiende su vida \u00fatil y aporta su caracter\u00edstica distinci\u00f3n.  Maniobrabilidad: Desarrollado en Glass &amp; Glass, el caballito elite es pr\u00e1ctico y f\u00e1cil de lavar, almacenar y maniobrar. Puede ser reciclado en su totalidad. Es entregado en tarimas de 4,320 piezas, distribuidos en 120 cajas.\" \/>\n<meta property=\"og:url\" content=\"https:\/\/glass-glass.com.mx\/en\/hogar-y-cristaleria\/vasos\/tequileros\/elite-45-ml\/\" \/>\n<meta property=\"og:site_name\" content=\"Glass &amp; Glass\" \/>\n<meta property=\"article:modified_time\" content=\"2024-01-04T19:24:01+00:00\" \/>\n<meta property=\"og:image\" content=\"https:\/\/glass-glass.com.mx\/wp-content\/uploads\/2023\/08\/GCVACA009.jpg\" \/>\n\t<meta property=\"og:image:width\" content=\"700\" \/>\n\t<meta property=\"og:image:height\" content=\"700\" \/>\n\t<meta property=\"og:image:type\" content=\"image\/jpeg\" \/>\n<meta name=\"twitter:card\" content=\"summary_large_image\" \/>\n<meta name=\"twitter:label1\" content=\"Est. reading time\" \/>\n\t<meta name=\"twitter:data1\" content=\"1 minute\" \/>\n<script type=\"application\/ld+json\" class=\"yoast-schema-graph\">{\"@context\":\"https:\/\/schema.org\",\"@graph\":[{\"@type\":\"WebPage\",\"@id\":\"https:\/\/glass-glass.com.mx\/hogar-y-cristaleria\/vasos\/tequileros\/elite-45-ml\/\",\"url\":\"https:\/\/glass-glass.com.mx\/hogar-y-cristaleria\/vasos\/tequileros\/elite-45-ml\/\",\"name\":\"ELITE 45 ml - Glass &amp; Glass\",\"isPartOf\":{\"@id\":\"https:\/\/glass-glass.com.mx\/#website\"},\"primaryImageOfPage\":{\"@id\":\"https:\/\/glass-glass.com.mx\/hogar-y-cristaleria\/vasos\/tequileros\/elite-45-ml\/#primaryimage\"},\"image\":{\"@id\":\"https:\/\/glass-glass.com.mx\/hogar-y-cristaleria\/vasos\/tequileros\/elite-45-ml\/#primaryimage\"},\"thumbnailUrl\":\"https:\/\/glass-glass.com.mx\/wp-content\/uploads\/2023\/08\/GCVACA009.jpg\",\"datePublished\":\"2023-08-30T19:27:17+00:00\",\"dateModified\":\"2024-01-04T19:24:01+00:00\",\"breadcrumb\":{\"@id\":\"https:\/\/glass-glass.com.mx\/hogar-y-cristaleria\/vasos\/tequileros\/elite-45-ml\/#breadcrumb\"},\"inLanguage\":\"en-US\",\"potentialAction\":[{\"@type\":\"ReadAction\",\"target\":[\"https:\/\/glass-glass.com.mx\/hogar-y-cristaleria\/vasos\/tequileros\/elite-45-ml\/\"]}]},{\"@type\":\"ImageObject\",\"inLanguage\":\"en-US\",\"@id\":\"https:\/\/glass-glass.com.mx\/hogar-y-cristaleria\/vasos\/tequileros\/elite-45-ml\/#primaryimage\",\"url\":\"https:\/\/glass-glass.com.mx\/wp-content\/uploads\/2023\/08\/GCVACA009.jpg\",\"contentUrl\":\"https:\/\/glass-glass.com.mx\/wp-content\/uploads\/2023\/08\/GCVACA009.jpg\",\"width\":700,\"height\":700,\"caption\":\"VASO ELITE 45 ml\"},{\"@type\":\"BreadcrumbList\",\"@id\":\"https:\/\/glass-glass.com.mx\/hogar-y-cristaleria\/vasos\/tequileros\/elite-45-ml\/#breadcrumb\",\"itemListElement\":[{\"@type\":\"ListItem\",\"position\":1,\"name\":\"Inicio\",\"item\":\"https:\/\/glass-glass.com.mx\/\"},{\"@type\":\"ListItem\",\"position\":2,\"name\":\"Productos\",\"item\":\"https:\/\/glass-glass.com.mx\/productos\/\"},{\"@type\":\"ListItem\",\"position\":3,\"name\":\"ELITE 45 ml\"}]},{\"@type\":\"WebSite\",\"@id\":\"https:\/\/glass-glass.com.mx\/#website\",\"url\":\"https:\/\/glass-glass.com.mx\/\",\"name\":\"Glass &amp; Glass\",\"description\":\"360\u00b0 de pureza\",\"potentialAction\":[{\"@type\":\"SearchAction\",\"target\":{\"@type\":\"EntryPoint\",\"urlTemplate\":\"https:\/\/glass-glass.com.mx\/?s={search_term_string}\"},\"query-input\":{\"@type\":\"PropertyValueSpecification\",\"valueRequired\":true,\"valueName\":\"search_term_string\"}}],\"inLanguage\":\"en-US\"}]}<\/script>\n<!-- \/ Yoast SEO plugin. -->","yoast_head_json":{"title":"ELITE 45 ml - Glass &amp; Glass","robots":{"index":"index","follow":"follow","max-snippet":"max-snippet:-1","max-image-preview":"max-image-preview:large","max-video-preview":"max-video-preview:-1"},"canonical":"https:\/\/glass-glass.com.mx\/en\/hogar-y-cristaleria\/vasos\/tequileros\/elite-45-ml\/","og_locale":"en_US","og_type":"article","og_title":"ELITE 45 ml - Glass &amp; Glass","og_description":"Sofisticado caballito con recarga de vidrio  Estilo: Este caballito es la versi\u00f3n m\u00e1s glamorosa de Glass &amp; Glass para el mundo de shots. Su dise\u00f1o es limpio, liso, elegante y sofisticado. Es totalmente cristalino, y su base m\u00e1s gruesa exalta las propiedades de color de destilados y bebidas.  Uso Ideal: El caballito \u00e9lite de 45 ml es perfecto para banquetes, restaurantes, bares, cantinas y barras con mixolog\u00eda de autor, permitiendo la amigable medida de 1.5 oz de contenido. Su uso en restaurantes, hoteles y banquetes no es poco com\u00fan, al utilizarse para entradas, postres y salsas.  Caracter\u00edsticas Adicionales: Gracias a la formulaci\u00f3n exclusiva de vidrio de Glass &amp; Glass, es 100% cristalino, libre de plomo y reciclable. Tiene una recarga de vidrio que extiende su vida \u00fatil y aporta su caracter\u00edstica distinci\u00f3n.  Maniobrabilidad: Desarrollado en Glass &amp; Glass, el caballito elite es pr\u00e1ctico y f\u00e1cil de lavar, almacenar y maniobrar. Puede ser reciclado en su totalidad. Es entregado en tarimas de 4,320 piezas, distribuidos en 120 cajas.","og_url":"https:\/\/glass-glass.com.mx\/en\/hogar-y-cristaleria\/vasos\/tequileros\/elite-45-ml\/","og_site_name":"Glass &amp; Glass","article_modified_time":"2024-01-04T19:24:01+00:00","og_image":[{"width":700,"height":700,"url":"https:\/\/glass-glass.com.mx\/wp-content\/uploads\/2023\/08\/GCVACA009.jpg","type":"image\/jpeg"}],"twitter_card":"summary_large_image","twitter_misc":{"Est. reading time":"1 minute"},"schema":{"@context":"https:\/\/schema.org","@graph":[{"@type":"WebPage","@id":"https:\/\/glass-glass.com.mx\/hogar-y-cristaleria\/vasos\/tequileros\/elite-45-ml\/","url":"https:\/\/glass-glass.com.mx\/hogar-y-cristaleria\/vasos\/tequileros\/elite-45-ml\/","name":"ELITE 45 ml - Glass &amp; Glass","isPartOf":{"@id":"https:\/\/glass-glass.com.mx\/#website"},"primaryImageOfPage":{"@id":"https:\/\/glass-glass.com.mx\/hogar-y-cristaleria\/vasos\/tequileros\/elite-45-ml\/#primaryimage"},"image":{"@id":"https:\/\/glass-glass.com.mx\/hogar-y-cristaleria\/vasos\/tequileros\/elite-45-ml\/#primaryimage"},"thumbnailUrl":"https:\/\/glass-glass.com.mx\/wp-content\/uploads\/2023\/08\/GCVACA009.jpg","datePublished":"2023-08-30T19:27:17+00:00","dateModified":"2024-01-04T19:24:01+00:00","breadcrumb":{"@id":"https:\/\/glass-glass.com.mx\/hogar-y-cristaleria\/vasos\/tequileros\/elite-45-ml\/#breadcrumb"},"inLanguage":"en-US","potentialAction":[{"@type":"ReadAction","target":["https:\/\/glass-glass.com.mx\/hogar-y-cristaleria\/vasos\/tequileros\/elite-45-ml\/"]}]},{"@type":"ImageObject","inLanguage":"en-US","@id":"https:\/\/glass-glass.com.mx\/hogar-y-cristaleria\/vasos\/tequileros\/elite-45-ml\/#primaryimage","url":"https:\/\/glass-glass.com.mx\/wp-content\/uploads\/2023\/08\/GCVACA009.jpg","contentUrl":"https:\/\/glass-glass.com.mx\/wp-content\/uploads\/2023\/08\/GCVACA009.jpg","width":700,"height":700,"caption":"VASO ELITE 45 ml"},{"@type":"BreadcrumbList","@id":"https:\/\/glass-glass.com.mx\/hogar-y-cristaleria\/vasos\/tequileros\/elite-45-ml\/#breadcrumb","itemListElement":[{"@type":"ListItem","position":1,"name":"Inicio","item":"https:\/\/glass-glass.com.mx\/"},{"@type":"ListItem","position":2,"name":"Productos","item":"https:\/\/glass-glass.com.mx\/productos\/"},{"@type":"ListItem","position":3,"name":"ELITE 45 ml"}]},{"@type":"WebSite","@id":"https:\/\/glass-glass.com.mx\/#website","url":"https:\/\/glass-glass.com.mx\/","name":"Glass &amp; Glass","description":"360\u00b0 de pureza","potentialAction":[{"@type":"SearchAction","target":{"@type":"EntryPoint","urlTemplate":"https:\/\/glass-glass.com.mx\/?s={search_term_string}"},"query-input":{"@type":"PropertyValueSpecification","valueRequired":true,"valueName":"search_term_string"}}],"inLanguage":"en-US"}]}},"_links":{"self":[{"href":"https:\/\/glass-glass.com.mx\/en\/wp-json\/wp\/v2\/product\/16316","targetHints":{"allow":["GET"]}}],"collection":[{"href":"https:\/\/glass-glass.com.mx\/en\/wp-json\/wp\/v2\/product"}],"about":[{"href":"https:\/\/glass-glass.com.mx\/en\/wp-json\/wp\/v2\/types\/product"}],"version-history":[{"count":5,"href":"https:\/\/glass-glass.com.mx\/en\/wp-json\/wp\/v2\/product\/16316\/revisions"}],"predecessor-version":[{"id":17458,"href":"https:\/\/glass-glass.com.mx\/en\/wp-json\/wp\/v2\/product\/16316\/revisions\/17458"}],"wp:featuredmedia":[{"embeddable":true,"href":"https:\/\/glass-glass.com.mx\/en\/wp-json\/wp\/v2\/media\/17457"}],"wp:attachment":[{"href":"https:\/\/glass-glass.com.mx\/en\/wp-json\/wp\/v2\/media?parent=16316"}],"wp:term":[{"taxonomy":"product_brand","embeddable":true,"href":"https:\/\/glass-glass.com.mx\/en\/wp-json\/wp\/v2\/product_brand?post=16316"},{"taxonomy":"product_cat","embeddable":true,"href":"https:\/\/glass-glass.com.mx\/en\/wp-json\/wp\/v2\/product_cat?post=16316"},{"taxonomy":"product_tag","embeddable":true,"href":"https:\/\/glass-glass.com.mx\/en\/wp-json\/wp\/v2\/product_tag?post=16316"}],"curies":[{"name":"wp","href":"https:\/\/api.w.org\/{rel}","templated":true}]}}