{"id":16315,"date":"2023-08-30T13:27:17","date_gmt":"2023-08-30T19:27:17","guid":{"rendered":"https:\/\/glass-glass.com.mx\/?post_type=product&#038;p=16315"},"modified":"2024-01-04T13:05:41","modified_gmt":"2024-01-04T19:05:41","slug":"cruz","status":"publish","type":"product","link":"https:\/\/glass-glass.com.mx\/en\/hogar-y-cristaleria\/vasos\/tequileros\/cruz\/","title":{"rendered":"CRUZ"},"content":{"rendered":"<p><img decoding=\"async\" class=\"alignnone size-full\" src=\"https:\/\/glass-glass.com.mx\/wp-content\/uploads\/2023\/08\/GCVACA011-sketch.jpg\" \/><\/p>","protected":false},"excerpt":{"rendered":"<p>Cruz, candle-holder or mezcalero (to serve mezcal).<\/p>\n<p><b>Style:<\/b> Designed as a tequilero, it\u2019s gained notoriety thanks to the recent rise of mezcal.<br \/>\nIts characteristic vertical lines will catch anyone\u2019s sight, be that because of a flame\u2019s brightness or because of the liquid it contains.<\/p>\n<p><b>Ideal Use:<\/b> Although its name might suggest otherwise, Glass &amp; Glass does not limit this piece\u2019s use to holding candles, it can also find a suitable place in any bar or table.<\/p>\n<p><b>Additional features:<\/b> The cruz\u2019s footing makes the piece wholly resistant. Lead-free and recyclable.<\/p>\n<p><b>Manageability:<\/b> Packed in practical cardboard boxes, makes distribution, storage and transport processes faster, rendering it the best bet for any event. Orders are delivered in 6, 240 unit pallets.<\/p>","protected":false},"featured_media":17451,"template":"","meta":{"_joinchat":[]},"product_brand":[],"product_cat":[96],"product_tag":[],"class_list":{"0":"post-16315","1":"product","2":"type-product","3":"status-publish","4":"has-post-thumbnail","6":"product_cat-tequileros","7":"pa_capacidad-ml-80-ml","8":"pa_capacidad-onzas-2-71-oz","10":"first","11":"instock","12":"shipping-taxable","13":"product-type-simple"},"yoast_head":"<!-- This site is optimized with the Yoast SEO plugin v23.6 - https:\/\/yoast.com\/wordpress\/plugins\/seo\/ -->\n<title>CRUZ - Glass &amp; Glass<\/title>\n<meta name=\"robots\" content=\"index, follow, max-snippet:-1, max-image-preview:large, max-video-preview:-1\" \/>\n<link rel=\"canonical\" href=\"https:\/\/glass-glass.com.mx\/en\/hogar-y-cristaleria\/vasos\/tequileros\/cruz\/\" \/>\n<meta property=\"og:locale\" content=\"en_US\" \/>\n<meta property=\"og:type\" content=\"article\" \/>\n<meta property=\"og:title\" content=\"CRUZ - Glass &amp; Glass\" \/>\n<meta property=\"og:description\" content=\"Vaso para veladora o mezcalero  Estilo: Dise\u00f1ado para usarse como tequilero, vaso para mezcal o veladora, el vaso cruz, es una pieza que ha tomado popularidad en los \u00faltimos a\u00f1os con el auge del mezcal. Sus caracter\u00edsticas l\u00edneas verticales, entretienen a la vista, ya sea con el brillo de una flama o para apreciar un destilado.  Uso Ideal: Glass &amp; Glass no limita el uso del modelo cruz al segmento de veladoras; por el contrario, es una medida c\u00f3moda y bien aceptada para bares y platillos. La calidad del vidrio, adem\u00e1s de su extraordinaria transparencia y resistencia, tolera el contraste de temperaturas y contin\u00faa como uno de los modelos l\u00edder para veladoras.  Caracter\u00edsticas Adicionales: En la base del vaso cruz, tiene una base que lo hace resistente. La formulaci\u00f3n del vidrio lo hace libre de plomo y reciclable; esta \u00faltima cualidad alineada a los valores ambientales de Glass &amp; Glass.  Maniobrabilidad: El vaso cruz es entregado por tarimas de 6240 piezas. Es ideal para grandes producciones, eventos y el servicio restaurantero.\" \/>\n<meta property=\"og:url\" content=\"https:\/\/glass-glass.com.mx\/en\/hogar-y-cristaleria\/vasos\/tequileros\/cruz\/\" \/>\n<meta property=\"og:site_name\" content=\"Glass &amp; Glass\" \/>\n<meta property=\"article:modified_time\" content=\"2024-01-04T19:05:41+00:00\" \/>\n<meta property=\"og:image\" content=\"https:\/\/glass-glass.com.mx\/wp-content\/uploads\/2023\/08\/GCVACA011.jpg\" \/>\n\t<meta property=\"og:image:width\" content=\"700\" \/>\n\t<meta property=\"og:image:height\" content=\"700\" \/>\n\t<meta property=\"og:image:type\" content=\"image\/jpeg\" \/>\n<meta name=\"twitter:card\" content=\"summary_large_image\" \/>\n<meta name=\"twitter:label1\" content=\"Est. reading time\" \/>\n\t<meta name=\"twitter:data1\" content=\"1 minute\" \/>\n<script type=\"application\/ld+json\" class=\"yoast-schema-graph\">{\"@context\":\"https:\/\/schema.org\",\"@graph\":[{\"@type\":\"WebPage\",\"@id\":\"https:\/\/glass-glass.com.mx\/hogar-y-cristaleria\/vasos\/tequileros\/cruz\/\",\"url\":\"https:\/\/glass-glass.com.mx\/hogar-y-cristaleria\/vasos\/tequileros\/cruz\/\",\"name\":\"CRUZ - Glass &amp; Glass\",\"isPartOf\":{\"@id\":\"https:\/\/glass-glass.com.mx\/#website\"},\"primaryImageOfPage\":{\"@id\":\"https:\/\/glass-glass.com.mx\/hogar-y-cristaleria\/vasos\/tequileros\/cruz\/#primaryimage\"},\"image\":{\"@id\":\"https:\/\/glass-glass.com.mx\/hogar-y-cristaleria\/vasos\/tequileros\/cruz\/#primaryimage\"},\"thumbnailUrl\":\"https:\/\/glass-glass.com.mx\/wp-content\/uploads\/2023\/08\/GCVACA011.jpg\",\"datePublished\":\"2023-08-30T19:27:17+00:00\",\"dateModified\":\"2024-01-04T19:05:41+00:00\",\"breadcrumb\":{\"@id\":\"https:\/\/glass-glass.com.mx\/hogar-y-cristaleria\/vasos\/tequileros\/cruz\/#breadcrumb\"},\"inLanguage\":\"en-US\",\"potentialAction\":[{\"@type\":\"ReadAction\",\"target\":[\"https:\/\/glass-glass.com.mx\/hogar-y-cristaleria\/vasos\/tequileros\/cruz\/\"]}]},{\"@type\":\"ImageObject\",\"inLanguage\":\"en-US\",\"@id\":\"https:\/\/glass-glass.com.mx\/hogar-y-cristaleria\/vasos\/tequileros\/cruz\/#primaryimage\",\"url\":\"https:\/\/glass-glass.com.mx\/wp-content\/uploads\/2023\/08\/GCVACA011.jpg\",\"contentUrl\":\"https:\/\/glass-glass.com.mx\/wp-content\/uploads\/2023\/08\/GCVACA011.jpg\",\"width\":700,\"height\":700,\"caption\":\"VASO CRUZ\"},{\"@type\":\"BreadcrumbList\",\"@id\":\"https:\/\/glass-glass.com.mx\/hogar-y-cristaleria\/vasos\/tequileros\/cruz\/#breadcrumb\",\"itemListElement\":[{\"@type\":\"ListItem\",\"position\":1,\"name\":\"Inicio\",\"item\":\"https:\/\/glass-glass.com.mx\/\"},{\"@type\":\"ListItem\",\"position\":2,\"name\":\"Productos\",\"item\":\"https:\/\/glass-glass.com.mx\/productos\/\"},{\"@type\":\"ListItem\",\"position\":3,\"name\":\"CRUZ\"}]},{\"@type\":\"WebSite\",\"@id\":\"https:\/\/glass-glass.com.mx\/#website\",\"url\":\"https:\/\/glass-glass.com.mx\/\",\"name\":\"Glass &amp; Glass\",\"description\":\"360\u00b0 de pureza\",\"potentialAction\":[{\"@type\":\"SearchAction\",\"target\":{\"@type\":\"EntryPoint\",\"urlTemplate\":\"https:\/\/glass-glass.com.mx\/?s={search_term_string}\"},\"query-input\":{\"@type\":\"PropertyValueSpecification\",\"valueRequired\":true,\"valueName\":\"search_term_string\"}}],\"inLanguage\":\"en-US\"}]}<\/script>\n<!-- \/ Yoast SEO plugin. -->","yoast_head_json":{"title":"CRUZ - Glass &amp; Glass","robots":{"index":"index","follow":"follow","max-snippet":"max-snippet:-1","max-image-preview":"max-image-preview:large","max-video-preview":"max-video-preview:-1"},"canonical":"https:\/\/glass-glass.com.mx\/en\/hogar-y-cristaleria\/vasos\/tequileros\/cruz\/","og_locale":"en_US","og_type":"article","og_title":"CRUZ - Glass &amp; Glass","og_description":"Vaso para veladora o mezcalero  Estilo: Dise\u00f1ado para usarse como tequilero, vaso para mezcal o veladora, el vaso cruz, es una pieza que ha tomado popularidad en los \u00faltimos a\u00f1os con el auge del mezcal. Sus caracter\u00edsticas l\u00edneas verticales, entretienen a la vista, ya sea con el brillo de una flama o para apreciar un destilado.  Uso Ideal: Glass &amp; Glass no limita el uso del modelo cruz al segmento de veladoras; por el contrario, es una medida c\u00f3moda y bien aceptada para bares y platillos. La calidad del vidrio, adem\u00e1s de su extraordinaria transparencia y resistencia, tolera el contraste de temperaturas y contin\u00faa como uno de los modelos l\u00edder para veladoras.  Caracter\u00edsticas Adicionales: En la base del vaso cruz, tiene una base que lo hace resistente. La formulaci\u00f3n del vidrio lo hace libre de plomo y reciclable; esta \u00faltima cualidad alineada a los valores ambientales de Glass &amp; Glass.  Maniobrabilidad: El vaso cruz es entregado por tarimas de 6240 piezas. Es ideal para grandes producciones, eventos y el servicio restaurantero.","og_url":"https:\/\/glass-glass.com.mx\/en\/hogar-y-cristaleria\/vasos\/tequileros\/cruz\/","og_site_name":"Glass &amp; Glass","article_modified_time":"2024-01-04T19:05:41+00:00","og_image":[{"width":700,"height":700,"url":"https:\/\/glass-glass.com.mx\/wp-content\/uploads\/2023\/08\/GCVACA011.jpg","type":"image\/jpeg"}],"twitter_card":"summary_large_image","twitter_misc":{"Est. reading time":"1 minute"},"schema":{"@context":"https:\/\/schema.org","@graph":[{"@type":"WebPage","@id":"https:\/\/glass-glass.com.mx\/hogar-y-cristaleria\/vasos\/tequileros\/cruz\/","url":"https:\/\/glass-glass.com.mx\/hogar-y-cristaleria\/vasos\/tequileros\/cruz\/","name":"CRUZ - Glass &amp; Glass","isPartOf":{"@id":"https:\/\/glass-glass.com.mx\/#website"},"primaryImageOfPage":{"@id":"https:\/\/glass-glass.com.mx\/hogar-y-cristaleria\/vasos\/tequileros\/cruz\/#primaryimage"},"image":{"@id":"https:\/\/glass-glass.com.mx\/hogar-y-cristaleria\/vasos\/tequileros\/cruz\/#primaryimage"},"thumbnailUrl":"https:\/\/glass-glass.com.mx\/wp-content\/uploads\/2023\/08\/GCVACA011.jpg","datePublished":"2023-08-30T19:27:17+00:00","dateModified":"2024-01-04T19:05:41+00:00","breadcrumb":{"@id":"https:\/\/glass-glass.com.mx\/hogar-y-cristaleria\/vasos\/tequileros\/cruz\/#breadcrumb"},"inLanguage":"en-US","potentialAction":[{"@type":"ReadAction","target":["https:\/\/glass-glass.com.mx\/hogar-y-cristaleria\/vasos\/tequileros\/cruz\/"]}]},{"@type":"ImageObject","inLanguage":"en-US","@id":"https:\/\/glass-glass.com.mx\/hogar-y-cristaleria\/vasos\/tequileros\/cruz\/#primaryimage","url":"https:\/\/glass-glass.com.mx\/wp-content\/uploads\/2023\/08\/GCVACA011.jpg","contentUrl":"https:\/\/glass-glass.com.mx\/wp-content\/uploads\/2023\/08\/GCVACA011.jpg","width":700,"height":700,"caption":"VASO CRUZ"},{"@type":"BreadcrumbList","@id":"https:\/\/glass-glass.com.mx\/hogar-y-cristaleria\/vasos\/tequileros\/cruz\/#breadcrumb","itemListElement":[{"@type":"ListItem","position":1,"name":"Inicio","item":"https:\/\/glass-glass.com.mx\/"},{"@type":"ListItem","position":2,"name":"Productos","item":"https:\/\/glass-glass.com.mx\/productos\/"},{"@type":"ListItem","position":3,"name":"CRUZ"}]},{"@type":"WebSite","@id":"https:\/\/glass-glass.com.mx\/#website","url":"https:\/\/glass-glass.com.mx\/","name":"Glass &amp; Glass","description":"360\u00b0 de pureza","potentialAction":[{"@type":"SearchAction","target":{"@type":"EntryPoint","urlTemplate":"https:\/\/glass-glass.com.mx\/?s={search_term_string}"},"query-input":{"@type":"PropertyValueSpecification","valueRequired":true,"valueName":"search_term_string"}}],"inLanguage":"en-US"}]}},"_links":{"self":[{"href":"https:\/\/glass-glass.com.mx\/en\/wp-json\/wp\/v2\/product\/16315","targetHints":{"allow":["GET"]}}],"collection":[{"href":"https:\/\/glass-glass.com.mx\/en\/wp-json\/wp\/v2\/product"}],"about":[{"href":"https:\/\/glass-glass.com.mx\/en\/wp-json\/wp\/v2\/types\/product"}],"version-history":[{"count":5,"href":"https:\/\/glass-glass.com.mx\/en\/wp-json\/wp\/v2\/product\/16315\/revisions"}],"predecessor-version":[{"id":17454,"href":"https:\/\/glass-glass.com.mx\/en\/wp-json\/wp\/v2\/product\/16315\/revisions\/17454"}],"wp:featuredmedia":[{"embeddable":true,"href":"https:\/\/glass-glass.com.mx\/en\/wp-json\/wp\/v2\/media\/17451"}],"wp:attachment":[{"href":"https:\/\/glass-glass.com.mx\/en\/wp-json\/wp\/v2\/media?parent=16315"}],"wp:term":[{"taxonomy":"product_brand","embeddable":true,"href":"https:\/\/glass-glass.com.mx\/en\/wp-json\/wp\/v2\/product_brand?post=16315"},{"taxonomy":"product_cat","embeddable":true,"href":"https:\/\/glass-glass.com.mx\/en\/wp-json\/wp\/v2\/product_cat?post=16315"},{"taxonomy":"product_tag","embeddable":true,"href":"https:\/\/glass-glass.com.mx\/en\/wp-json\/wp\/v2\/product_tag?post=16315"}],"curies":[{"name":"wp","href":"https:\/\/api.w.org\/{rel}","templated":true}]}}