{"id":16314,"date":"2023-08-30T13:27:17","date_gmt":"2023-08-30T19:27:17","guid":{"rendered":"https:\/\/glass-glass.com.mx\/?post_type=product&#038;p=16314"},"modified":"2023-10-03T22:43:52","modified_gmt":"2023-10-04T04:43:52","slug":"tequilero-1-5-oz","status":"publish","type":"product","link":"https:\/\/glass-glass.com.mx\/en\/hogar-y-cristaleria\/vasos\/tequileros\/tequilero-1-5-oz\/","title":{"rendered":"TEQUILERO 1.5 oz"},"content":{"rendered":"<p><img decoding=\"async\" class=\"alignnone size-full\" src=\"https:\/\/glass-glass.com.mx\/wp-content\/uploads\/2023\/08\/GCVACA043-sketch.jpg\" \/><\/p>","protected":false},"excerpt":{"rendered":"<p>Conical tequilero (1.5 oz). <\/p>\n<p><b>Style:<\/b> Simple yet attractive design, in a comfortable size, a classic from Glass &amp; Glass.\nSimple and modern design, right in the middle of a small and a large size glass. Renowned as a timeless Glass &amp; Glass piece. <\/p>\n<p><b>Ideal Use:<\/b> Outstanding for nightlife, great at serving any liquor. Also ideal as a souvenir and for serving desserts or any other small drink.<br \/>\nEl tequilero de 1.5 oz. puede tambi\u00e9n usarse como souvenir tur\u00edstico con cualquiera de nuestros acabados y decorados, as\u00ed como para presentaciones de platillos en banquetes, postres y desgustaciones<\/p>\n<p><b>Additional features:<\/b> A bulky glass footing guarantees a long life, its practical size makes it easy to handle and also grants comfortable quantities to be served.<br \/>\nSu formulaci\u00f3n es 100% libre de plomo y altamente resistente. <\/p>\n<p><b>Manageability:<\/b> Packed in practical cardboard boxes, makes distribution, storage and transport processes faster, rendering it the best bet for any event. Orders are delivered in 7,000 unit pallets. <\/p>","protected":false},"featured_media":16694,"template":"","meta":{"_joinchat":[]},"product_brand":[],"product_cat":[96],"product_tag":[],"class_list":{"0":"post-16314","1":"product","2":"type-product","3":"status-publish","4":"has-post-thumbnail","6":"product_cat-tequileros","7":"pa_capacidad-ml-42-ml","8":"pa_capacidad-onzas-1-5-oz","10":"first","11":"instock","12":"shipping-taxable","13":"product-type-simple"},"yoast_head":"<!-- This site is optimized with the Yoast SEO plugin v23.6 - https:\/\/yoast.com\/wordpress\/plugins\/seo\/ -->\n<title>TEQUILERO 1.5 oz - Glass &amp; Glass<\/title>\n<meta name=\"robots\" content=\"index, follow, max-snippet:-1, max-image-preview:large, max-video-preview:-1\" \/>\n<link rel=\"canonical\" href=\"https:\/\/glass-glass.com.mx\/en\/hogar-y-cristaleria\/vasos\/tequileros\/tequilero-1-5-oz\/\" \/>\n<meta property=\"og:locale\" content=\"en_US\" \/>\n<meta property=\"og:type\" content=\"article\" \/>\n<meta property=\"og:title\" content=\"TEQUILERO 1.5 oz - Glass &amp; Glass\" \/>\n<meta property=\"og:description\" content=\"Tequilero c\u00f3nico para 1.5 oz.  Estilo: Con un tama\u00f1o c\u00f3modo e intermedio entre onzas, se trata de un dise\u00f1o simple, sencillo y moderno. Es ya bien reconocido como un cl\u00e1sico atemporal de Glass &amp; Glass.  Uso Ideal: Es sobresaliente para eventos y la vida nocturna en bares, barras y cantinas. Es 100% cristalino, lo que complementa la experiencia para destilados y licores. El tequilero de 1.5 oz. puede tambi\u00e9n usarse como souvenir tur\u00edstico con cualquiera de nuestros acabados y decorados, as\u00ed como para presentaciones de platillos en banquetes, postres y desgustaciones  Caracter\u00edsticas Adicionales: Tiene una recarga de vidrio que extiende su vida \u00fatil. Es pr\u00e1ctico y f\u00e1cil de lavar. Su medida estandariza el consumo alcoh\u00f3lico en una unidad amigable. Su formulaci\u00f3n es 100% libre de plomo y altamente resistente.  Maniobrabilidad: El tequilero de 1.5 oz de m\u00e1xima transparencia es entregado en tarimas con 7000 piezas. Los vasos tequileros est\u00e1n empacados en cajas de cart\u00f3n, que facilita el control de inventario, distribuci\u00f3n, almacenamiento y transporte.\" \/>\n<meta property=\"og:url\" content=\"https:\/\/glass-glass.com.mx\/en\/hogar-y-cristaleria\/vasos\/tequileros\/tequilero-1-5-oz\/\" \/>\n<meta property=\"og:site_name\" content=\"Glass &amp; Glass\" \/>\n<meta property=\"article:modified_time\" content=\"2023-10-04T04:43:52+00:00\" \/>\n<meta property=\"og:image\" content=\"https:\/\/glass-glass.com.mx\/wp-content\/uploads\/2023\/08\/GCVACA043.jpg\" \/>\n\t<meta property=\"og:image:width\" content=\"800\" \/>\n\t<meta property=\"og:image:height\" content=\"800\" \/>\n\t<meta property=\"og:image:type\" content=\"image\/jpeg\" \/>\n<meta name=\"twitter:card\" content=\"summary_large_image\" \/>\n<meta name=\"twitter:label1\" content=\"Est. reading time\" \/>\n\t<meta name=\"twitter:data1\" content=\"1 minute\" \/>\n<script type=\"application\/ld+json\" class=\"yoast-schema-graph\">{\"@context\":\"https:\/\/schema.org\",\"@graph\":[{\"@type\":\"WebPage\",\"@id\":\"https:\/\/glass-glass.com.mx\/hogar-y-cristaleria\/vasos\/tequileros\/tequilero-1-5-oz\/\",\"url\":\"https:\/\/glass-glass.com.mx\/hogar-y-cristaleria\/vasos\/tequileros\/tequilero-1-5-oz\/\",\"name\":\"TEQUILERO 1.5 oz - Glass &amp; Glass\",\"isPartOf\":{\"@id\":\"https:\/\/glass-glass.com.mx\/#website\"},\"primaryImageOfPage\":{\"@id\":\"https:\/\/glass-glass.com.mx\/hogar-y-cristaleria\/vasos\/tequileros\/tequilero-1-5-oz\/#primaryimage\"},\"image\":{\"@id\":\"https:\/\/glass-glass.com.mx\/hogar-y-cristaleria\/vasos\/tequileros\/tequilero-1-5-oz\/#primaryimage\"},\"thumbnailUrl\":\"https:\/\/glass-glass.com.mx\/wp-content\/uploads\/2023\/08\/GCVACA043.jpg\",\"datePublished\":\"2023-08-30T19:27:17+00:00\",\"dateModified\":\"2023-10-04T04:43:52+00:00\",\"breadcrumb\":{\"@id\":\"https:\/\/glass-glass.com.mx\/hogar-y-cristaleria\/vasos\/tequileros\/tequilero-1-5-oz\/#breadcrumb\"},\"inLanguage\":\"en-US\",\"potentialAction\":[{\"@type\":\"ReadAction\",\"target\":[\"https:\/\/glass-glass.com.mx\/hogar-y-cristaleria\/vasos\/tequileros\/tequilero-1-5-oz\/\"]}]},{\"@type\":\"ImageObject\",\"inLanguage\":\"en-US\",\"@id\":\"https:\/\/glass-glass.com.mx\/hogar-y-cristaleria\/vasos\/tequileros\/tequilero-1-5-oz\/#primaryimage\",\"url\":\"https:\/\/glass-glass.com.mx\/wp-content\/uploads\/2023\/08\/GCVACA043.jpg\",\"contentUrl\":\"https:\/\/glass-glass.com.mx\/wp-content\/uploads\/2023\/08\/GCVACA043.jpg\",\"width\":800,\"height\":800,\"caption\":\"VASO TEQUILERO 1.5 oz\"},{\"@type\":\"BreadcrumbList\",\"@id\":\"https:\/\/glass-glass.com.mx\/hogar-y-cristaleria\/vasos\/tequileros\/tequilero-1-5-oz\/#breadcrumb\",\"itemListElement\":[{\"@type\":\"ListItem\",\"position\":1,\"name\":\"Inicio\",\"item\":\"https:\/\/glass-glass.com.mx\/\"},{\"@type\":\"ListItem\",\"position\":2,\"name\":\"Productos\",\"item\":\"https:\/\/glass-glass.com.mx\/productos\/\"},{\"@type\":\"ListItem\",\"position\":3,\"name\":\"TEQUILERO 1.5 oz\"}]},{\"@type\":\"WebSite\",\"@id\":\"https:\/\/glass-glass.com.mx\/#website\",\"url\":\"https:\/\/glass-glass.com.mx\/\",\"name\":\"Glass &amp; Glass\",\"description\":\"360\u00b0 de pureza\",\"potentialAction\":[{\"@type\":\"SearchAction\",\"target\":{\"@type\":\"EntryPoint\",\"urlTemplate\":\"https:\/\/glass-glass.com.mx\/?s={search_term_string}\"},\"query-input\":{\"@type\":\"PropertyValueSpecification\",\"valueRequired\":true,\"valueName\":\"search_term_string\"}}],\"inLanguage\":\"en-US\"}]}<\/script>\n<!-- \/ Yoast SEO plugin. -->","yoast_head_json":{"title":"TEQUILERO 1.5 oz - Glass &amp; Glass","robots":{"index":"index","follow":"follow","max-snippet":"max-snippet:-1","max-image-preview":"max-image-preview:large","max-video-preview":"max-video-preview:-1"},"canonical":"https:\/\/glass-glass.com.mx\/en\/hogar-y-cristaleria\/vasos\/tequileros\/tequilero-1-5-oz\/","og_locale":"en_US","og_type":"article","og_title":"TEQUILERO 1.5 oz - Glass &amp; Glass","og_description":"Tequilero c\u00f3nico para 1.5 oz.  Estilo: Con un tama\u00f1o c\u00f3modo e intermedio entre onzas, se trata de un dise\u00f1o simple, sencillo y moderno. Es ya bien reconocido como un cl\u00e1sico atemporal de Glass & Glass.  Uso Ideal: Es sobresaliente para eventos y la vida nocturna en bares, barras y cantinas. Es 100% cristalino, lo que complementa la experiencia para destilados y licores. El tequilero de 1.5 oz. puede tambi\u00e9n usarse como souvenir tur\u00edstico con cualquiera de nuestros acabados y decorados, as\u00ed como para presentaciones de platillos en banquetes, postres y desgustaciones  Caracter\u00edsticas Adicionales: Tiene una recarga de vidrio que extiende su vida \u00fatil. Es pr\u00e1ctico y f\u00e1cil de lavar. Su medida estandariza el consumo alcoh\u00f3lico en una unidad amigable. Su formulaci\u00f3n es 100% libre de plomo y altamente resistente.  Maniobrabilidad: El tequilero de 1.5 oz de m\u00e1xima transparencia es entregado en tarimas con 7000 piezas. Los vasos tequileros est\u00e1n empacados en cajas de cart\u00f3n, que facilita el control de inventario, distribuci\u00f3n, almacenamiento y transporte.","og_url":"https:\/\/glass-glass.com.mx\/en\/hogar-y-cristaleria\/vasos\/tequileros\/tequilero-1-5-oz\/","og_site_name":"Glass &amp; Glass","article_modified_time":"2023-10-04T04:43:52+00:00","og_image":[{"width":800,"height":800,"url":"https:\/\/glass-glass.com.mx\/wp-content\/uploads\/2023\/08\/GCVACA043.jpg","type":"image\/jpeg"}],"twitter_card":"summary_large_image","twitter_misc":{"Est. reading time":"1 minute"},"schema":{"@context":"https:\/\/schema.org","@graph":[{"@type":"WebPage","@id":"https:\/\/glass-glass.com.mx\/hogar-y-cristaleria\/vasos\/tequileros\/tequilero-1-5-oz\/","url":"https:\/\/glass-glass.com.mx\/hogar-y-cristaleria\/vasos\/tequileros\/tequilero-1-5-oz\/","name":"TEQUILERO 1.5 oz - Glass &amp; Glass","isPartOf":{"@id":"https:\/\/glass-glass.com.mx\/#website"},"primaryImageOfPage":{"@id":"https:\/\/glass-glass.com.mx\/hogar-y-cristaleria\/vasos\/tequileros\/tequilero-1-5-oz\/#primaryimage"},"image":{"@id":"https:\/\/glass-glass.com.mx\/hogar-y-cristaleria\/vasos\/tequileros\/tequilero-1-5-oz\/#primaryimage"},"thumbnailUrl":"https:\/\/glass-glass.com.mx\/wp-content\/uploads\/2023\/08\/GCVACA043.jpg","datePublished":"2023-08-30T19:27:17+00:00","dateModified":"2023-10-04T04:43:52+00:00","breadcrumb":{"@id":"https:\/\/glass-glass.com.mx\/hogar-y-cristaleria\/vasos\/tequileros\/tequilero-1-5-oz\/#breadcrumb"},"inLanguage":"en-US","potentialAction":[{"@type":"ReadAction","target":["https:\/\/glass-glass.com.mx\/hogar-y-cristaleria\/vasos\/tequileros\/tequilero-1-5-oz\/"]}]},{"@type":"ImageObject","inLanguage":"en-US","@id":"https:\/\/glass-glass.com.mx\/hogar-y-cristaleria\/vasos\/tequileros\/tequilero-1-5-oz\/#primaryimage","url":"https:\/\/glass-glass.com.mx\/wp-content\/uploads\/2023\/08\/GCVACA043.jpg","contentUrl":"https:\/\/glass-glass.com.mx\/wp-content\/uploads\/2023\/08\/GCVACA043.jpg","width":800,"height":800,"caption":"VASO TEQUILERO 1.5 oz"},{"@type":"BreadcrumbList","@id":"https:\/\/glass-glass.com.mx\/hogar-y-cristaleria\/vasos\/tequileros\/tequilero-1-5-oz\/#breadcrumb","itemListElement":[{"@type":"ListItem","position":1,"name":"Inicio","item":"https:\/\/glass-glass.com.mx\/"},{"@type":"ListItem","position":2,"name":"Productos","item":"https:\/\/glass-glass.com.mx\/productos\/"},{"@type":"ListItem","position":3,"name":"TEQUILERO 1.5 oz"}]},{"@type":"WebSite","@id":"https:\/\/glass-glass.com.mx\/#website","url":"https:\/\/glass-glass.com.mx\/","name":"Glass &amp; Glass","description":"360\u00b0 de pureza","potentialAction":[{"@type":"SearchAction","target":{"@type":"EntryPoint","urlTemplate":"https:\/\/glass-glass.com.mx\/?s={search_term_string}"},"query-input":{"@type":"PropertyValueSpecification","valueRequired":true,"valueName":"search_term_string"}}],"inLanguage":"en-US"}]}},"_links":{"self":[{"href":"https:\/\/glass-glass.com.mx\/en\/wp-json\/wp\/v2\/product\/16314","targetHints":{"allow":["GET"]}}],"collection":[{"href":"https:\/\/glass-glass.com.mx\/en\/wp-json\/wp\/v2\/product"}],"about":[{"href":"https:\/\/glass-glass.com.mx\/en\/wp-json\/wp\/v2\/types\/product"}],"version-history":[{"count":4,"href":"https:\/\/glass-glass.com.mx\/en\/wp-json\/wp\/v2\/product\/16314\/revisions"}],"predecessor-version":[{"id":16747,"href":"https:\/\/glass-glass.com.mx\/en\/wp-json\/wp\/v2\/product\/16314\/revisions\/16747"}],"wp:featuredmedia":[{"embeddable":true,"href":"https:\/\/glass-glass.com.mx\/en\/wp-json\/wp\/v2\/media\/16694"}],"wp:attachment":[{"href":"https:\/\/glass-glass.com.mx\/en\/wp-json\/wp\/v2\/media?parent=16314"}],"wp:term":[{"taxonomy":"product_brand","embeddable":true,"href":"https:\/\/glass-glass.com.mx\/en\/wp-json\/wp\/v2\/product_brand?post=16314"},{"taxonomy":"product_cat","embeddable":true,"href":"https:\/\/glass-glass.com.mx\/en\/wp-json\/wp\/v2\/product_cat?post=16314"},{"taxonomy":"product_tag","embeddable":true,"href":"https:\/\/glass-glass.com.mx\/en\/wp-json\/wp\/v2\/product_tag?post=16314"}],"curies":[{"name":"wp","href":"https:\/\/api.w.org\/{rel}","templated":true}]}}