{"id":16313,"date":"2023-08-30T13:27:17","date_gmt":"2023-08-30T19:27:17","guid":{"rendered":"https:\/\/glass-glass.com.mx\/?post_type=product&#038;p=16313"},"modified":"2024-01-04T12:58:38","modified_gmt":"2024-01-04T18:58:38","slug":"tequilero-2-oz","status":"publish","type":"product","link":"https:\/\/glass-glass.com.mx\/en\/hogar-y-cristaleria\/vasos\/tequileros\/tequilero-2-oz\/","title":{"rendered":"TEQUILERO 2 oz"},"content":{"rendered":"<p><img decoding=\"async\" class=\"alignnone size-full\" src=\"https:\/\/glass-glass.com.mx\/wp-content\/uploads\/2023\/08\/CEGCVACA0441-sketch.jpg\" \/><\/p>","protected":false},"excerpt":{"rendered":"<p>Conical tequilero (2 oz).<\/p>\n<p><b>Style:<\/b> This is the biggest conical tequilero Glass &amp; Glass offers, traditional and simple design. Its larger size and crystalline build allows for the right appreciation of its contents\u2019 colors, be them regular drinks or liquors.<\/p>\n<p><b>Ideal Use:<\/b> Perfect for bars, restaurants and banquets. Also a safe bet for caterings, due to its practical maneuverability and size.<\/p>\n<p><b>Additional features:<\/b> Lead-free, recyclable and 100% crystalline. Easy to store and clean. Good for standardized servings.<\/p>\n<p><b>Manageability:<\/b> Packed in practical cardboard boxes, makes distribution, storage and transport processes faster, rendering it the best bet for any event. Orders are delivered in 7, 000 unit pallets.<\/p>","protected":false},"featured_media":17446,"template":"","meta":{"_joinchat":[]},"product_brand":[],"product_cat":[96],"product_tag":[],"class_list":{"0":"post-16313","1":"product","2":"type-product","3":"status-publish","4":"has-post-thumbnail","6":"product_cat-tequileros","7":"pa_capacidad-ml-60-ml","8":"pa_capacidad-onzas-2-03-oz","10":"first","11":"instock","12":"shipping-taxable","13":"product-type-simple"},"yoast_head":"<!-- This site is optimized with the Yoast SEO plugin v23.6 - https:\/\/yoast.com\/wordpress\/plugins\/seo\/ -->\n<title>TEQUILERO 2 oz - Glass &amp; Glass<\/title>\n<meta name=\"robots\" content=\"index, follow, max-snippet:-1, max-image-preview:large, max-video-preview:-1\" \/>\n<link rel=\"canonical\" href=\"https:\/\/glass-glass.com.mx\/en\/hogar-y-cristaleria\/vasos\/tequileros\/tequilero-2-oz\/\" \/>\n<meta property=\"og:locale\" content=\"en_US\" \/>\n<meta property=\"og:type\" content=\"article\" \/>\n<meta property=\"og:title\" content=\"TEQUILERO 2 oz - Glass &amp; Glass\" \/>\n<meta property=\"og:description\" content=\"Tequilero de 2 oz.  Estilo: Este tequilero es la versi\u00f3n m\u00e1s grande de la l\u00ednea de Glass &amp; Glass dentro de la cl\u00e1sica y tradicional forma c\u00f3nica, lisa y simple. Es totalmente cristalino, lo que permite apreciar el color de destilados y bebidas.  Uso Ideal: El vaso tequilero de 2 onzas es perfecto para banquetes, restaurantes, bares, cantinas y barras con mixolog\u00eda de autor. Igualmente representa una gran apuesta para banquetereos y caterings al ser una c\u00f3moda opci\u00f3n y medida para entradas, postres y salsas. Tiene una recarga de vidrio que extiende su vida \u00fatil.  Caracter\u00edsticas Adicionales: Gracias a la formulaci\u00f3n exclusiva de vidrio de Glass &amp; Glass, es 100% cristalino, libre de plomo y reciclable. Es adem\u00e1s pr\u00e1ctico y f\u00e1cil de lavar, almacenar y maniobrar. Su medida estandariza el consumo de bebidas mientras es altamente resistente.  Maniobrabilidad: El tequilero de 2 oz de m\u00e1xima transparencia es entregado en tarimas de 7 mil piezas. Los vasos tequileros est\u00e1n empacados en cajas de cart\u00f3n, que facilita el control de inventario, distribuci\u00f3n, almacenamiento y transporte.\" \/>\n<meta property=\"og:url\" content=\"https:\/\/glass-glass.com.mx\/en\/hogar-y-cristaleria\/vasos\/tequileros\/tequilero-2-oz\/\" \/>\n<meta property=\"og:site_name\" content=\"Glass &amp; Glass\" \/>\n<meta property=\"article:modified_time\" content=\"2024-01-04T18:58:38+00:00\" \/>\n<meta property=\"og:image\" content=\"https:\/\/glass-glass.com.mx\/wp-content\/uploads\/2023\/08\/CEGCVACA044.jpg\" \/>\n\t<meta property=\"og:image:width\" content=\"700\" \/>\n\t<meta property=\"og:image:height\" content=\"700\" \/>\n\t<meta property=\"og:image:type\" content=\"image\/jpeg\" \/>\n<meta name=\"twitter:card\" content=\"summary_large_image\" \/>\n<meta name=\"twitter:label1\" content=\"Est. reading time\" \/>\n\t<meta name=\"twitter:data1\" content=\"1 minute\" \/>\n<script type=\"application\/ld+json\" class=\"yoast-schema-graph\">{\"@context\":\"https:\/\/schema.org\",\"@graph\":[{\"@type\":\"WebPage\",\"@id\":\"https:\/\/glass-glass.com.mx\/hogar-y-cristaleria\/vasos\/tequileros\/tequilero-2-oz\/\",\"url\":\"https:\/\/glass-glass.com.mx\/hogar-y-cristaleria\/vasos\/tequileros\/tequilero-2-oz\/\",\"name\":\"TEQUILERO 2 oz - Glass &amp; Glass\",\"isPartOf\":{\"@id\":\"https:\/\/glass-glass.com.mx\/#website\"},\"primaryImageOfPage\":{\"@id\":\"https:\/\/glass-glass.com.mx\/hogar-y-cristaleria\/vasos\/tequileros\/tequilero-2-oz\/#primaryimage\"},\"image\":{\"@id\":\"https:\/\/glass-glass.com.mx\/hogar-y-cristaleria\/vasos\/tequileros\/tequilero-2-oz\/#primaryimage\"},\"thumbnailUrl\":\"https:\/\/glass-glass.com.mx\/wp-content\/uploads\/2023\/08\/CEGCVACA044.jpg\",\"datePublished\":\"2023-08-30T19:27:17+00:00\",\"dateModified\":\"2024-01-04T18:58:38+00:00\",\"breadcrumb\":{\"@id\":\"https:\/\/glass-glass.com.mx\/hogar-y-cristaleria\/vasos\/tequileros\/tequilero-2-oz\/#breadcrumb\"},\"inLanguage\":\"en-US\",\"potentialAction\":[{\"@type\":\"ReadAction\",\"target\":[\"https:\/\/glass-glass.com.mx\/hogar-y-cristaleria\/vasos\/tequileros\/tequilero-2-oz\/\"]}]},{\"@type\":\"ImageObject\",\"inLanguage\":\"en-US\",\"@id\":\"https:\/\/glass-glass.com.mx\/hogar-y-cristaleria\/vasos\/tequileros\/tequilero-2-oz\/#primaryimage\",\"url\":\"https:\/\/glass-glass.com.mx\/wp-content\/uploads\/2023\/08\/CEGCVACA044.jpg\",\"contentUrl\":\"https:\/\/glass-glass.com.mx\/wp-content\/uploads\/2023\/08\/CEGCVACA044.jpg\",\"width\":700,\"height\":700,\"caption\":\"VASO TEQUILERO 2 oz\"},{\"@type\":\"BreadcrumbList\",\"@id\":\"https:\/\/glass-glass.com.mx\/hogar-y-cristaleria\/vasos\/tequileros\/tequilero-2-oz\/#breadcrumb\",\"itemListElement\":[{\"@type\":\"ListItem\",\"position\":1,\"name\":\"Inicio\",\"item\":\"https:\/\/glass-glass.com.mx\/\"},{\"@type\":\"ListItem\",\"position\":2,\"name\":\"Productos\",\"item\":\"https:\/\/glass-glass.com.mx\/productos\/\"},{\"@type\":\"ListItem\",\"position\":3,\"name\":\"TEQUILERO 2 oz\"}]},{\"@type\":\"WebSite\",\"@id\":\"https:\/\/glass-glass.com.mx\/#website\",\"url\":\"https:\/\/glass-glass.com.mx\/\",\"name\":\"Glass &amp; Glass\",\"description\":\"360\u00b0 de pureza\",\"potentialAction\":[{\"@type\":\"SearchAction\",\"target\":{\"@type\":\"EntryPoint\",\"urlTemplate\":\"https:\/\/glass-glass.com.mx\/?s={search_term_string}\"},\"query-input\":{\"@type\":\"PropertyValueSpecification\",\"valueRequired\":true,\"valueName\":\"search_term_string\"}}],\"inLanguage\":\"en-US\"}]}<\/script>\n<!-- \/ Yoast SEO plugin. -->","yoast_head_json":{"title":"TEQUILERO 2 oz - Glass &amp; Glass","robots":{"index":"index","follow":"follow","max-snippet":"max-snippet:-1","max-image-preview":"max-image-preview:large","max-video-preview":"max-video-preview:-1"},"canonical":"https:\/\/glass-glass.com.mx\/en\/hogar-y-cristaleria\/vasos\/tequileros\/tequilero-2-oz\/","og_locale":"en_US","og_type":"article","og_title":"TEQUILERO 2 oz - Glass &amp; Glass","og_description":"Tequilero de 2 oz.  Estilo: Este tequilero es la versi\u00f3n m\u00e1s grande de la l\u00ednea de Glass &amp; Glass dentro de la cl\u00e1sica y tradicional forma c\u00f3nica, lisa y simple. Es totalmente cristalino, lo que permite apreciar el color de destilados y bebidas.  Uso Ideal: El vaso tequilero de 2 onzas es perfecto para banquetes, restaurantes, bares, cantinas y barras con mixolog\u00eda de autor. Igualmente representa una gran apuesta para banquetereos y caterings al ser una c\u00f3moda opci\u00f3n y medida para entradas, postres y salsas. Tiene una recarga de vidrio que extiende su vida \u00fatil.  Caracter\u00edsticas Adicionales: Gracias a la formulaci\u00f3n exclusiva de vidrio de Glass &amp; Glass, es 100% cristalino, libre de plomo y reciclable. Es adem\u00e1s pr\u00e1ctico y f\u00e1cil de lavar, almacenar y maniobrar. Su medida estandariza el consumo de bebidas mientras es altamente resistente.  Maniobrabilidad: El tequilero de 2 oz de m\u00e1xima transparencia es entregado en tarimas de 7 mil piezas. Los vasos tequileros est\u00e1n empacados en cajas de cart\u00f3n, que facilita el control de inventario, distribuci\u00f3n, almacenamiento y transporte.","og_url":"https:\/\/glass-glass.com.mx\/en\/hogar-y-cristaleria\/vasos\/tequileros\/tequilero-2-oz\/","og_site_name":"Glass &amp; Glass","article_modified_time":"2024-01-04T18:58:38+00:00","og_image":[{"width":700,"height":700,"url":"https:\/\/glass-glass.com.mx\/wp-content\/uploads\/2023\/08\/CEGCVACA044.jpg","type":"image\/jpeg"}],"twitter_card":"summary_large_image","twitter_misc":{"Est. reading time":"1 minute"},"schema":{"@context":"https:\/\/schema.org","@graph":[{"@type":"WebPage","@id":"https:\/\/glass-glass.com.mx\/hogar-y-cristaleria\/vasos\/tequileros\/tequilero-2-oz\/","url":"https:\/\/glass-glass.com.mx\/hogar-y-cristaleria\/vasos\/tequileros\/tequilero-2-oz\/","name":"TEQUILERO 2 oz - Glass &amp; Glass","isPartOf":{"@id":"https:\/\/glass-glass.com.mx\/#website"},"primaryImageOfPage":{"@id":"https:\/\/glass-glass.com.mx\/hogar-y-cristaleria\/vasos\/tequileros\/tequilero-2-oz\/#primaryimage"},"image":{"@id":"https:\/\/glass-glass.com.mx\/hogar-y-cristaleria\/vasos\/tequileros\/tequilero-2-oz\/#primaryimage"},"thumbnailUrl":"https:\/\/glass-glass.com.mx\/wp-content\/uploads\/2023\/08\/CEGCVACA044.jpg","datePublished":"2023-08-30T19:27:17+00:00","dateModified":"2024-01-04T18:58:38+00:00","breadcrumb":{"@id":"https:\/\/glass-glass.com.mx\/hogar-y-cristaleria\/vasos\/tequileros\/tequilero-2-oz\/#breadcrumb"},"inLanguage":"en-US","potentialAction":[{"@type":"ReadAction","target":["https:\/\/glass-glass.com.mx\/hogar-y-cristaleria\/vasos\/tequileros\/tequilero-2-oz\/"]}]},{"@type":"ImageObject","inLanguage":"en-US","@id":"https:\/\/glass-glass.com.mx\/hogar-y-cristaleria\/vasos\/tequileros\/tequilero-2-oz\/#primaryimage","url":"https:\/\/glass-glass.com.mx\/wp-content\/uploads\/2023\/08\/CEGCVACA044.jpg","contentUrl":"https:\/\/glass-glass.com.mx\/wp-content\/uploads\/2023\/08\/CEGCVACA044.jpg","width":700,"height":700,"caption":"VASO TEQUILERO 2 oz"},{"@type":"BreadcrumbList","@id":"https:\/\/glass-glass.com.mx\/hogar-y-cristaleria\/vasos\/tequileros\/tequilero-2-oz\/#breadcrumb","itemListElement":[{"@type":"ListItem","position":1,"name":"Inicio","item":"https:\/\/glass-glass.com.mx\/"},{"@type":"ListItem","position":2,"name":"Productos","item":"https:\/\/glass-glass.com.mx\/productos\/"},{"@type":"ListItem","position":3,"name":"TEQUILERO 2 oz"}]},{"@type":"WebSite","@id":"https:\/\/glass-glass.com.mx\/#website","url":"https:\/\/glass-glass.com.mx\/","name":"Glass &amp; Glass","description":"360\u00b0 de pureza","potentialAction":[{"@type":"SearchAction","target":{"@type":"EntryPoint","urlTemplate":"https:\/\/glass-glass.com.mx\/?s={search_term_string}"},"query-input":{"@type":"PropertyValueSpecification","valueRequired":true,"valueName":"search_term_string"}}],"inLanguage":"en-US"}]}},"_links":{"self":[{"href":"https:\/\/glass-glass.com.mx\/en\/wp-json\/wp\/v2\/product\/16313","targetHints":{"allow":["GET"]}}],"collection":[{"href":"https:\/\/glass-glass.com.mx\/en\/wp-json\/wp\/v2\/product"}],"about":[{"href":"https:\/\/glass-glass.com.mx\/en\/wp-json\/wp\/v2\/types\/product"}],"version-history":[{"count":5,"href":"https:\/\/glass-glass.com.mx\/en\/wp-json\/wp\/v2\/product\/16313\/revisions"}],"predecessor-version":[{"id":17450,"href":"https:\/\/glass-glass.com.mx\/en\/wp-json\/wp\/v2\/product\/16313\/revisions\/17450"}],"wp:featuredmedia":[{"embeddable":true,"href":"https:\/\/glass-glass.com.mx\/en\/wp-json\/wp\/v2\/media\/17446"}],"wp:attachment":[{"href":"https:\/\/glass-glass.com.mx\/en\/wp-json\/wp\/v2\/media?parent=16313"}],"wp:term":[{"taxonomy":"product_brand","embeddable":true,"href":"https:\/\/glass-glass.com.mx\/en\/wp-json\/wp\/v2\/product_brand?post=16313"},{"taxonomy":"product_cat","embeddable":true,"href":"https:\/\/glass-glass.com.mx\/en\/wp-json\/wp\/v2\/product_cat?post=16313"},{"taxonomy":"product_tag","embeddable":true,"href":"https:\/\/glass-glass.com.mx\/en\/wp-json\/wp\/v2\/product_tag?post=16313"}],"curies":[{"name":"wp","href":"https:\/\/api.w.org\/{rel}","templated":true}]}}