{"id":16310,"date":"2023-08-30T13:27:17","date_gmt":"2023-08-30T19:27:17","guid":{"rendered":"https:\/\/glass-glass.com.mx\/?post_type=product&#038;p=16310"},"modified":"2024-01-04T22:14:55","modified_gmt":"2024-01-05T04:14:55","slug":"cervecero-liso-595-ml","status":"publish","type":"product","link":"https:\/\/glass-glass.com.mx\/en\/hogar-y-cristaleria\/vasos\/cervecero\/cervecero-liso-595-ml\/","title":{"rendered":"595ML SMOOTH BEER GLASS"},"content":{"rendered":"<p><img decoding=\"async\" class=\"alignnone size-full\" src=\"https:\/\/glass-glass.com.mx\/wp-content\/uploads\/2023\/08\/GCVACA012-sketch.jpg\" \/><\/p>","protected":false},"excerpt":{"rendered":"<p>Large beer glass with half a liter capacity.<\/p>\n<p><b>Style:<\/b> With a large capacity, this is perfect for serving beer and other such drinks. Its simple design guarantees an ergonomic and highly resistant build.<\/p>\n<p><b>Ideal Use:<\/b> Highly recommended for its use in bars, restaurants and hotels. Its wide mouth and strong footing make it perfect for prolonged use spans. allows for large quantities of ice, foam, cream or other decorations to be served on top of the drinks, be those hot or cold.<\/p>\n<p><b>Additional features:<\/b> 100% lead-free and recyclable, maximum transparency thanks to its exclusive Glass &amp; Glass fabrication process, this turns it into a great entries server.<\/p>\n<p><b>Manageability:<\/b> Packed in practical cardboard boxes, makes distribution, storage and transport processes easier. Orders can be delivered in pallets of stacked boxes, with a total of up to 1,452 units per delivery.<\/p>","protected":false},"featured_media":17641,"template":"","meta":{"_joinchat":[]},"product_brand":[],"product_cat":[126],"product_tag":[],"class_list":{"0":"post-16310","1":"product","2":"type-product","3":"status-publish","4":"has-post-thumbnail","6":"product_cat-cervecero","7":"pa_capacidad-ml-595-ml","8":"pa_capacidad-onzas-20-12-oz","10":"first","11":"instock","12":"shipping-taxable","13":"product-type-simple"},"yoast_head":"<!-- This site is optimized with the Yoast SEO plugin v23.6 - https:\/\/yoast.com\/wordpress\/plugins\/seo\/ -->\n<title>CERVECERO LISO 595 ML - Glass &amp; Glass<\/title>\n<meta name=\"robots\" content=\"index, follow, max-snippet:-1, max-image-preview:large, max-video-preview:-1\" \/>\n<link rel=\"canonical\" href=\"https:\/\/glass-glass.com.mx\/en\/hogar-y-cristaleria\/vasos\/cervecero\/cervecero-liso-595-ml\/\" \/>\n<meta property=\"og:locale\" content=\"en_US\" \/>\n<meta property=\"og:type\" content=\"article\" \/>\n<meta property=\"og:title\" content=\"CERVECERO LISO 595 ML - Glass &amp; Glass\" \/>\n<meta property=\"og:description\" content=\"Vaso cervecero grande para medio litro.  Estilo: Con capacidad para m\u00e1s de medio litro, el vaso cervecero liso es ideal para cerveza y bebidas largas. Su dise\u00f1o sencillo, se mantiene ergon\u00f3mico y resistente. Resulta agradable y f\u00e1cil de tomar por su base. Las paredes del vaso lo hacen resistente y cuenta con una recarga de vidrio para su mejor desempe\u00f1o.  Uso Ideal: El vaso cervecero de 595 ml es un modelo recomendado para restaurantes, bares, cantinas y hoteles. El modelo de boca ancha y base firme es perfecto para usos prolongados y manejo de l\u00edquidos. Su altura permite espacio para espuma, crema batida o adornos. Su tama\u00f1o de m\u00e1s de medio litro, es recomendado para c\u00f3cteles, bebidas con abundante hielo, malteadas, etc. El vaso cervecero puede usarse en bebidas heladas o bebidas calientes.  Caracter\u00edsticas Adicionales: Es 100% libre de plomo y reciclable adem\u00e1s de ser altamente resistente cuenta con la m\u00e1xima transparencia, obtenida por la formulaci\u00f3n exclusiva de vidrio de Glass &amp; Glass. Su terminado completamente cristalino es ideal para presentar bebidas.  Maniobrabilidad: El vaso cervecero grande de Glass &amp; Glass es entregado en tarimas de 1452 piezas. Los vasos est\u00e1n empacados en cajas de cart\u00f3n, que facilita el control de inventario, distribuci\u00f3n, almacenamiento y transporte.\" \/>\n<meta property=\"og:url\" content=\"https:\/\/glass-glass.com.mx\/en\/hogar-y-cristaleria\/vasos\/cervecero\/cervecero-liso-595-ml\/\" \/>\n<meta property=\"og:site_name\" content=\"Glass &amp; Glass\" \/>\n<meta property=\"article:modified_time\" content=\"2024-01-05T04:14:55+00:00\" \/>\n<meta property=\"og:image\" content=\"https:\/\/glass-glass.com.mx\/wp-content\/uploads\/2023\/08\/GCVACA012.jpg\" \/>\n\t<meta property=\"og:image:width\" content=\"700\" \/>\n\t<meta property=\"og:image:height\" content=\"700\" \/>\n\t<meta property=\"og:image:type\" content=\"image\/jpeg\" \/>\n<meta name=\"twitter:card\" content=\"summary_large_image\" \/>\n<meta name=\"twitter:label1\" content=\"Est. reading time\" \/>\n\t<meta name=\"twitter:data1\" content=\"1 minute\" \/>\n<script type=\"application\/ld+json\" class=\"yoast-schema-graph\">{\"@context\":\"https:\/\/schema.org\",\"@graph\":[{\"@type\":\"WebPage\",\"@id\":\"https:\/\/glass-glass.com.mx\/hogar-y-cristaleria\/vasos\/cervecero\/cervecero-liso-595-ml\/\",\"url\":\"https:\/\/glass-glass.com.mx\/hogar-y-cristaleria\/vasos\/cervecero\/cervecero-liso-595-ml\/\",\"name\":\"CERVECERO LISO 595 ML - Glass &amp; Glass\",\"isPartOf\":{\"@id\":\"https:\/\/glass-glass.com.mx\/#website\"},\"primaryImageOfPage\":{\"@id\":\"https:\/\/glass-glass.com.mx\/hogar-y-cristaleria\/vasos\/cervecero\/cervecero-liso-595-ml\/#primaryimage\"},\"image\":{\"@id\":\"https:\/\/glass-glass.com.mx\/hogar-y-cristaleria\/vasos\/cervecero\/cervecero-liso-595-ml\/#primaryimage\"},\"thumbnailUrl\":\"https:\/\/glass-glass.com.mx\/wp-content\/uploads\/2023\/08\/GCVACA012.jpg\",\"datePublished\":\"2023-08-30T19:27:17+00:00\",\"dateModified\":\"2024-01-05T04:14:55+00:00\",\"breadcrumb\":{\"@id\":\"https:\/\/glass-glass.com.mx\/hogar-y-cristaleria\/vasos\/cervecero\/cervecero-liso-595-ml\/#breadcrumb\"},\"inLanguage\":\"en-US\",\"potentialAction\":[{\"@type\":\"ReadAction\",\"target\":[\"https:\/\/glass-glass.com.mx\/hogar-y-cristaleria\/vasos\/cervecero\/cervecero-liso-595-ml\/\"]}]},{\"@type\":\"ImageObject\",\"inLanguage\":\"en-US\",\"@id\":\"https:\/\/glass-glass.com.mx\/hogar-y-cristaleria\/vasos\/cervecero\/cervecero-liso-595-ml\/#primaryimage\",\"url\":\"https:\/\/glass-glass.com.mx\/wp-content\/uploads\/2023\/08\/GCVACA012.jpg\",\"contentUrl\":\"https:\/\/glass-glass.com.mx\/wp-content\/uploads\/2023\/08\/GCVACA012.jpg\",\"width\":700,\"height\":700,\"caption\":\"VASO CERVECERO LISO 595 ML\"},{\"@type\":\"BreadcrumbList\",\"@id\":\"https:\/\/glass-glass.com.mx\/hogar-y-cristaleria\/vasos\/cervecero\/cervecero-liso-595-ml\/#breadcrumb\",\"itemListElement\":[{\"@type\":\"ListItem\",\"position\":1,\"name\":\"Inicio\",\"item\":\"https:\/\/glass-glass.com.mx\/\"},{\"@type\":\"ListItem\",\"position\":2,\"name\":\"Productos\",\"item\":\"https:\/\/glass-glass.com.mx\/productos\/\"},{\"@type\":\"ListItem\",\"position\":3,\"name\":\"CERVECERO LISO 595 ML\"}]},{\"@type\":\"WebSite\",\"@id\":\"https:\/\/glass-glass.com.mx\/#website\",\"url\":\"https:\/\/glass-glass.com.mx\/\",\"name\":\"Glass &amp; Glass\",\"description\":\"360\u00b0 de pureza\",\"potentialAction\":[{\"@type\":\"SearchAction\",\"target\":{\"@type\":\"EntryPoint\",\"urlTemplate\":\"https:\/\/glass-glass.com.mx\/?s={search_term_string}\"},\"query-input\":{\"@type\":\"PropertyValueSpecification\",\"valueRequired\":true,\"valueName\":\"search_term_string\"}}],\"inLanguage\":\"en-US\"}]}<\/script>\n<!-- \/ Yoast SEO plugin. -->","yoast_head_json":{"title":"CERVECERO LISO 595 ML - Glass &amp; Glass","robots":{"index":"index","follow":"follow","max-snippet":"max-snippet:-1","max-image-preview":"max-image-preview:large","max-video-preview":"max-video-preview:-1"},"canonical":"https:\/\/glass-glass.com.mx\/en\/hogar-y-cristaleria\/vasos\/cervecero\/cervecero-liso-595-ml\/","og_locale":"en_US","og_type":"article","og_title":"CERVECERO LISO 595 ML - Glass &amp; Glass","og_description":"Vaso cervecero grande para medio litro.  Estilo: Con capacidad para m\u00e1s de medio litro, el vaso cervecero liso es ideal para cerveza y bebidas largas. Su dise\u00f1o sencillo, se mantiene ergon\u00f3mico y resistente. Resulta agradable y f\u00e1cil de tomar por su base. Las paredes del vaso lo hacen resistente y cuenta con una recarga de vidrio para su mejor desempe\u00f1o.  Uso Ideal: El vaso cervecero de 595 ml es un modelo recomendado para restaurantes, bares, cantinas y hoteles. El modelo de boca ancha y base firme es perfecto para usos prolongados y manejo de l\u00edquidos. Su altura permite espacio para espuma, crema batida o adornos. Su tama\u00f1o de m\u00e1s de medio litro, es recomendado para c\u00f3cteles, bebidas con abundante hielo, malteadas, etc. El vaso cervecero puede usarse en bebidas heladas o bebidas calientes.  Caracter\u00edsticas Adicionales: Es 100% libre de plomo y reciclable adem\u00e1s de ser altamente resistente cuenta con la m\u00e1xima transparencia, obtenida por la formulaci\u00f3n exclusiva de vidrio de Glass &amp; Glass. Su terminado completamente cristalino es ideal para presentar bebidas.  Maniobrabilidad: El vaso cervecero grande de Glass &amp; Glass es entregado en tarimas de 1452 piezas. Los vasos est\u00e1n empacados en cajas de cart\u00f3n, que facilita el control de inventario, distribuci\u00f3n, almacenamiento y transporte.","og_url":"https:\/\/glass-glass.com.mx\/en\/hogar-y-cristaleria\/vasos\/cervecero\/cervecero-liso-595-ml\/","og_site_name":"Glass &amp; Glass","article_modified_time":"2024-01-05T04:14:55+00:00","og_image":[{"width":700,"height":700,"url":"https:\/\/glass-glass.com.mx\/wp-content\/uploads\/2023\/08\/GCVACA012.jpg","type":"image\/jpeg"}],"twitter_card":"summary_large_image","twitter_misc":{"Est. reading time":"1 minute"},"schema":{"@context":"https:\/\/schema.org","@graph":[{"@type":"WebPage","@id":"https:\/\/glass-glass.com.mx\/hogar-y-cristaleria\/vasos\/cervecero\/cervecero-liso-595-ml\/","url":"https:\/\/glass-glass.com.mx\/hogar-y-cristaleria\/vasos\/cervecero\/cervecero-liso-595-ml\/","name":"CERVECERO LISO 595 ML - Glass &amp; Glass","isPartOf":{"@id":"https:\/\/glass-glass.com.mx\/#website"},"primaryImageOfPage":{"@id":"https:\/\/glass-glass.com.mx\/hogar-y-cristaleria\/vasos\/cervecero\/cervecero-liso-595-ml\/#primaryimage"},"image":{"@id":"https:\/\/glass-glass.com.mx\/hogar-y-cristaleria\/vasos\/cervecero\/cervecero-liso-595-ml\/#primaryimage"},"thumbnailUrl":"https:\/\/glass-glass.com.mx\/wp-content\/uploads\/2023\/08\/GCVACA012.jpg","datePublished":"2023-08-30T19:27:17+00:00","dateModified":"2024-01-05T04:14:55+00:00","breadcrumb":{"@id":"https:\/\/glass-glass.com.mx\/hogar-y-cristaleria\/vasos\/cervecero\/cervecero-liso-595-ml\/#breadcrumb"},"inLanguage":"en-US","potentialAction":[{"@type":"ReadAction","target":["https:\/\/glass-glass.com.mx\/hogar-y-cristaleria\/vasos\/cervecero\/cervecero-liso-595-ml\/"]}]},{"@type":"ImageObject","inLanguage":"en-US","@id":"https:\/\/glass-glass.com.mx\/hogar-y-cristaleria\/vasos\/cervecero\/cervecero-liso-595-ml\/#primaryimage","url":"https:\/\/glass-glass.com.mx\/wp-content\/uploads\/2023\/08\/GCVACA012.jpg","contentUrl":"https:\/\/glass-glass.com.mx\/wp-content\/uploads\/2023\/08\/GCVACA012.jpg","width":700,"height":700,"caption":"VASO CERVECERO LISO 595 ML"},{"@type":"BreadcrumbList","@id":"https:\/\/glass-glass.com.mx\/hogar-y-cristaleria\/vasos\/cervecero\/cervecero-liso-595-ml\/#breadcrumb","itemListElement":[{"@type":"ListItem","position":1,"name":"Inicio","item":"https:\/\/glass-glass.com.mx\/"},{"@type":"ListItem","position":2,"name":"Productos","item":"https:\/\/glass-glass.com.mx\/productos\/"},{"@type":"ListItem","position":3,"name":"CERVECERO LISO 595 ML"}]},{"@type":"WebSite","@id":"https:\/\/glass-glass.com.mx\/#website","url":"https:\/\/glass-glass.com.mx\/","name":"Glass &amp; Glass","description":"360\u00b0 de pureza","potentialAction":[{"@type":"SearchAction","target":{"@type":"EntryPoint","urlTemplate":"https:\/\/glass-glass.com.mx\/?s={search_term_string}"},"query-input":{"@type":"PropertyValueSpecification","valueRequired":true,"valueName":"search_term_string"}}],"inLanguage":"en-US"}]}},"_links":{"self":[{"href":"https:\/\/glass-glass.com.mx\/en\/wp-json\/wp\/v2\/product\/16310","targetHints":{"allow":["GET"]}}],"collection":[{"href":"https:\/\/glass-glass.com.mx\/en\/wp-json\/wp\/v2\/product"}],"about":[{"href":"https:\/\/glass-glass.com.mx\/en\/wp-json\/wp\/v2\/types\/product"}],"version-history":[{"count":4,"href":"https:\/\/glass-glass.com.mx\/en\/wp-json\/wp\/v2\/product\/16310\/revisions"}],"predecessor-version":[{"id":17646,"href":"https:\/\/glass-glass.com.mx\/en\/wp-json\/wp\/v2\/product\/16310\/revisions\/17646"}],"wp:featuredmedia":[{"embeddable":true,"href":"https:\/\/glass-glass.com.mx\/en\/wp-json\/wp\/v2\/media\/17641"}],"wp:attachment":[{"href":"https:\/\/glass-glass.com.mx\/en\/wp-json\/wp\/v2\/media?parent=16310"}],"wp:term":[{"taxonomy":"product_brand","embeddable":true,"href":"https:\/\/glass-glass.com.mx\/en\/wp-json\/wp\/v2\/product_brand?post=16310"},{"taxonomy":"product_cat","embeddable":true,"href":"https:\/\/glass-glass.com.mx\/en\/wp-json\/wp\/v2\/product_cat?post=16310"},{"taxonomy":"product_tag","embeddable":true,"href":"https:\/\/glass-glass.com.mx\/en\/wp-json\/wp\/v2\/product_tag?post=16310"}],"curies":[{"name":"wp","href":"https:\/\/api.w.org\/{rel}","templated":true}]}}