{"id":16308,"date":"2023-08-30T13:27:17","date_gmt":"2023-08-30T19:27:17","guid":{"rendered":"https:\/\/glass-glass.com.mx\/?post_type=product&#038;p=16308"},"modified":"2024-10-28T10:49:26","modified_gmt":"2024-10-28T16:49:26","slug":"cervecero-liso-405-ml","status":"publish","type":"product","link":"https:\/\/glass-glass.com.mx\/en\/hogar-y-cristaleria\/vasos\/cervecero\/cervecero-liso-405-ml\/","title":{"rendered":"CERVECERO LISO 405 ML"},"content":{"rendered":"<p><img decoding=\"async\" class=\"alignnone size-full\" src=\"https:\/\/glass-glass.com.mx\/wp-content\/uploads\/2023\/08\/GCVACA005-sketch.jpg\" \/><\/p>","protected":false},"excerpt":{"rendered":"<p>Smooth, conical, beer glass.<\/p>\n<p><b>Style:<\/b> El vaso cervecero de 405 ml de Glass &amp; Glass es 100% cristalino y preserva la frescura y los sabores de toda bebida con una atractiva vista. Dise\u00f1o atemporal de forma c\u00f3nica que resalta la elegancia y sofisticaci\u00f3n.<\/p>\n<p><b>Ideal Use:<\/b> Of course, it\u2019s the perfect match for serving beer, but also juice, milkshakes and large cocktails. It does not alter flavor and allows for large quantities of ice, foam, cream or other decorations to be served on top of the drinks. Great any day of the week or special occasions.<\/p>\n<p><b>Additional features:<\/b> Completely recyclable, versatile, it can serve hot or cold drinks, resistant, easy to clean and notoriously transparent.<\/p>\n<p><b>Manageability:<\/b> La entrega del vaso cervecero liso de 405 ml es en tarimas de 1560 unidades. Empaquetado en cajas de cart\u00f3n, facilita la distribuci\u00f3n, almacenamiento y transporte, siendo ideal para grandes pedidos y eventos. Las cajas contienen 20 piezas, lo cual facilita su inventario.<\/p>","protected":false},"featured_media":17609,"template":"","meta":{"_joinchat":[]},"product_brand":[],"product_cat":[126],"product_tag":[],"class_list":{"0":"post-16308","1":"product","2":"type-product","3":"status-publish","4":"has-post-thumbnail","6":"product_cat-cervecero","7":"pa_capacidad-ml-405-ml","8":"pa_capacidad-onzas-13-69-oz","10":"first","11":"instock","12":"shipping-taxable","13":"product-type-simple"},"yoast_head":"<!-- This site is optimized with the Yoast SEO plugin v23.6 - https:\/\/yoast.com\/wordpress\/plugins\/seo\/ -->\n<title>CERVECERO LISO 405 ML - Glass &amp; Glass<\/title>\n<meta name=\"robots\" content=\"index, follow, max-snippet:-1, max-image-preview:large, max-video-preview:-1\" \/>\n<link rel=\"canonical\" href=\"https:\/\/glass-glass.com.mx\/en\/hogar-y-cristaleria\/vasos\/cervecero\/cervecero-liso-405-ml\/\" \/>\n<meta property=\"og:locale\" content=\"en_US\" \/>\n<meta property=\"og:type\" content=\"article\" \/>\n<meta property=\"og:title\" content=\"CERVECERO LISO 405 ML - Glass &amp; Glass\" \/>\n<meta property=\"og:description\" content=\"Vaso c\u00f3nico liso cervecero  Estilo: El vaso cervecero de 405 ml de Glass &amp; Glass es 100% cristalino y preserva la frescura y los sabores de toda bebida con una atractiva vista. Dise\u00f1o atemporal de forma c\u00f3nica que resalta la elegancia y sofisticaci\u00f3n.  Uso Ideal: Es ideal para bebidas, jugos, licuados y cocteler\u00eda, aunque su gran formato lo convierte en el predilecto para cerveza. No altera sabores y permite espacio para espuma o un alto contenido de hielo. Uno de los modelos de Glass &amp; Glass m\u00e1s compatibles para restaurantes, bares y hoteles. Ideal para uso diario o eventos especiales.  Caracter\u00edsticas Adicionales: El vidrio con el que son fabricados es 100% reciclable, puede usarse en bebidas heladas y bebidas calientes, resistente, f\u00e1cil de lavar y notoriamente transparente por la formulaci\u00f3n exclusiva de Glass &amp; Glass para un terminado completamente cristalino.  Maniobrabilidad: La entrega del vaso cervecero liso de 405 ml es en tarimas de 1560 unidades. Empaquetado en cajas de cart\u00f3n, facilita la distribuci\u00f3n, almacenamiento y transporte, siendo ideal para grandes pedidos y eventos. Las cajas contienen 20 piezas, lo cual facilita su inventario.\" \/>\n<meta property=\"og:url\" content=\"https:\/\/glass-glass.com.mx\/en\/hogar-y-cristaleria\/vasos\/cervecero\/cervecero-liso-405-ml\/\" \/>\n<meta property=\"og:site_name\" content=\"Glass &amp; Glass\" \/>\n<meta property=\"article:modified_time\" content=\"2024-10-28T16:49:26+00:00\" \/>\n<meta property=\"og:image\" content=\"https:\/\/glass-glass.com.mx\/wp-content\/uploads\/2023\/08\/GCVACA005.jpg\" \/>\n\t<meta property=\"og:image:width\" content=\"700\" \/>\n\t<meta property=\"og:image:height\" content=\"700\" \/>\n\t<meta property=\"og:image:type\" content=\"image\/jpeg\" \/>\n<meta name=\"twitter:card\" content=\"summary_large_image\" \/>\n<meta name=\"twitter:label1\" content=\"Est. reading time\" \/>\n\t<meta name=\"twitter:data1\" content=\"1 minute\" \/>\n<script type=\"application\/ld+json\" class=\"yoast-schema-graph\">{\"@context\":\"https:\/\/schema.org\",\"@graph\":[{\"@type\":\"WebPage\",\"@id\":\"https:\/\/glass-glass.com.mx\/hogar-y-cristaleria\/vasos\/cervecero\/cervecero-liso-405-ml\/\",\"url\":\"https:\/\/glass-glass.com.mx\/hogar-y-cristaleria\/vasos\/cervecero\/cervecero-liso-405-ml\/\",\"name\":\"CERVECERO LISO 405 ML - Glass &amp; Glass\",\"isPartOf\":{\"@id\":\"https:\/\/glass-glass.com.mx\/#website\"},\"primaryImageOfPage\":{\"@id\":\"https:\/\/glass-glass.com.mx\/hogar-y-cristaleria\/vasos\/cervecero\/cervecero-liso-405-ml\/#primaryimage\"},\"image\":{\"@id\":\"https:\/\/glass-glass.com.mx\/hogar-y-cristaleria\/vasos\/cervecero\/cervecero-liso-405-ml\/#primaryimage\"},\"thumbnailUrl\":\"https:\/\/glass-glass.com.mx\/wp-content\/uploads\/2023\/08\/GCVACA005.jpg\",\"datePublished\":\"2023-08-30T19:27:17+00:00\",\"dateModified\":\"2024-10-28T16:49:26+00:00\",\"breadcrumb\":{\"@id\":\"https:\/\/glass-glass.com.mx\/hogar-y-cristaleria\/vasos\/cervecero\/cervecero-liso-405-ml\/#breadcrumb\"},\"inLanguage\":\"en-US\",\"potentialAction\":[{\"@type\":\"ReadAction\",\"target\":[\"https:\/\/glass-glass.com.mx\/hogar-y-cristaleria\/vasos\/cervecero\/cervecero-liso-405-ml\/\"]}]},{\"@type\":\"ImageObject\",\"inLanguage\":\"en-US\",\"@id\":\"https:\/\/glass-glass.com.mx\/hogar-y-cristaleria\/vasos\/cervecero\/cervecero-liso-405-ml\/#primaryimage\",\"url\":\"https:\/\/glass-glass.com.mx\/wp-content\/uploads\/2023\/08\/GCVACA005.jpg\",\"contentUrl\":\"https:\/\/glass-glass.com.mx\/wp-content\/uploads\/2023\/08\/GCVACA005.jpg\",\"width\":700,\"height\":700,\"caption\":\"VASO CERVECERO LISO 415 ML\"},{\"@type\":\"BreadcrumbList\",\"@id\":\"https:\/\/glass-glass.com.mx\/hogar-y-cristaleria\/vasos\/cervecero\/cervecero-liso-405-ml\/#breadcrumb\",\"itemListElement\":[{\"@type\":\"ListItem\",\"position\":1,\"name\":\"Inicio\",\"item\":\"https:\/\/glass-glass.com.mx\/\"},{\"@type\":\"ListItem\",\"position\":2,\"name\":\"Productos\",\"item\":\"https:\/\/glass-glass.com.mx\/productos\/\"},{\"@type\":\"ListItem\",\"position\":3,\"name\":\"CERVECERO LISO 405 ML\"}]},{\"@type\":\"WebSite\",\"@id\":\"https:\/\/glass-glass.com.mx\/#website\",\"url\":\"https:\/\/glass-glass.com.mx\/\",\"name\":\"Glass &amp; Glass\",\"description\":\"360\u00b0 de pureza\",\"potentialAction\":[{\"@type\":\"SearchAction\",\"target\":{\"@type\":\"EntryPoint\",\"urlTemplate\":\"https:\/\/glass-glass.com.mx\/?s={search_term_string}\"},\"query-input\":{\"@type\":\"PropertyValueSpecification\",\"valueRequired\":true,\"valueName\":\"search_term_string\"}}],\"inLanguage\":\"en-US\"}]}<\/script>\n<!-- \/ Yoast SEO plugin. -->","yoast_head_json":{"title":"CERVECERO LISO 405 ML - Glass &amp; Glass","robots":{"index":"index","follow":"follow","max-snippet":"max-snippet:-1","max-image-preview":"max-image-preview:large","max-video-preview":"max-video-preview:-1"},"canonical":"https:\/\/glass-glass.com.mx\/en\/hogar-y-cristaleria\/vasos\/cervecero\/cervecero-liso-405-ml\/","og_locale":"en_US","og_type":"article","og_title":"CERVECERO LISO 405 ML - Glass &amp; Glass","og_description":"Vaso c\u00f3nico liso cervecero  Estilo: El vaso cervecero de 405 ml de Glass &amp; Glass es 100% cristalino y preserva la frescura y los sabores de toda bebida con una atractiva vista. Dise\u00f1o atemporal de forma c\u00f3nica que resalta la elegancia y sofisticaci\u00f3n.  Uso Ideal: Es ideal para bebidas, jugos, licuados y cocteler\u00eda, aunque su gran formato lo convierte en el predilecto para cerveza. No altera sabores y permite espacio para espuma o un alto contenido de hielo. Uno de los modelos de Glass &amp; Glass m\u00e1s compatibles para restaurantes, bares y hoteles. Ideal para uso diario o eventos especiales.  Caracter\u00edsticas Adicionales: El vidrio con el que son fabricados es 100% reciclable, puede usarse en bebidas heladas y bebidas calientes, resistente, f\u00e1cil de lavar y notoriamente transparente por la formulaci\u00f3n exclusiva de Glass &amp; Glass para un terminado completamente cristalino.  Maniobrabilidad: La entrega del vaso cervecero liso de 405 ml es en tarimas de 1560 unidades. Empaquetado en cajas de cart\u00f3n, facilita la distribuci\u00f3n, almacenamiento y transporte, siendo ideal para grandes pedidos y eventos. Las cajas contienen 20 piezas, lo cual facilita su inventario.","og_url":"https:\/\/glass-glass.com.mx\/en\/hogar-y-cristaleria\/vasos\/cervecero\/cervecero-liso-405-ml\/","og_site_name":"Glass &amp; Glass","article_modified_time":"2024-10-28T16:49:26+00:00","og_image":[{"width":700,"height":700,"url":"https:\/\/glass-glass.com.mx\/wp-content\/uploads\/2023\/08\/GCVACA005.jpg","type":"image\/jpeg"}],"twitter_card":"summary_large_image","twitter_misc":{"Est. reading time":"1 minute"},"schema":{"@context":"https:\/\/schema.org","@graph":[{"@type":"WebPage","@id":"https:\/\/glass-glass.com.mx\/hogar-y-cristaleria\/vasos\/cervecero\/cervecero-liso-405-ml\/","url":"https:\/\/glass-glass.com.mx\/hogar-y-cristaleria\/vasos\/cervecero\/cervecero-liso-405-ml\/","name":"CERVECERO LISO 405 ML - Glass &amp; Glass","isPartOf":{"@id":"https:\/\/glass-glass.com.mx\/#website"},"primaryImageOfPage":{"@id":"https:\/\/glass-glass.com.mx\/hogar-y-cristaleria\/vasos\/cervecero\/cervecero-liso-405-ml\/#primaryimage"},"image":{"@id":"https:\/\/glass-glass.com.mx\/hogar-y-cristaleria\/vasos\/cervecero\/cervecero-liso-405-ml\/#primaryimage"},"thumbnailUrl":"https:\/\/glass-glass.com.mx\/wp-content\/uploads\/2023\/08\/GCVACA005.jpg","datePublished":"2023-08-30T19:27:17+00:00","dateModified":"2024-10-28T16:49:26+00:00","breadcrumb":{"@id":"https:\/\/glass-glass.com.mx\/hogar-y-cristaleria\/vasos\/cervecero\/cervecero-liso-405-ml\/#breadcrumb"},"inLanguage":"en-US","potentialAction":[{"@type":"ReadAction","target":["https:\/\/glass-glass.com.mx\/hogar-y-cristaleria\/vasos\/cervecero\/cervecero-liso-405-ml\/"]}]},{"@type":"ImageObject","inLanguage":"en-US","@id":"https:\/\/glass-glass.com.mx\/hogar-y-cristaleria\/vasos\/cervecero\/cervecero-liso-405-ml\/#primaryimage","url":"https:\/\/glass-glass.com.mx\/wp-content\/uploads\/2023\/08\/GCVACA005.jpg","contentUrl":"https:\/\/glass-glass.com.mx\/wp-content\/uploads\/2023\/08\/GCVACA005.jpg","width":700,"height":700,"caption":"VASO CERVECERO LISO 415 ML"},{"@type":"BreadcrumbList","@id":"https:\/\/glass-glass.com.mx\/hogar-y-cristaleria\/vasos\/cervecero\/cervecero-liso-405-ml\/#breadcrumb","itemListElement":[{"@type":"ListItem","position":1,"name":"Inicio","item":"https:\/\/glass-glass.com.mx\/"},{"@type":"ListItem","position":2,"name":"Productos","item":"https:\/\/glass-glass.com.mx\/productos\/"},{"@type":"ListItem","position":3,"name":"CERVECERO LISO 405 ML"}]},{"@type":"WebSite","@id":"https:\/\/glass-glass.com.mx\/#website","url":"https:\/\/glass-glass.com.mx\/","name":"Glass &amp; Glass","description":"360\u00b0 de pureza","potentialAction":[{"@type":"SearchAction","target":{"@type":"EntryPoint","urlTemplate":"https:\/\/glass-glass.com.mx\/?s={search_term_string}"},"query-input":{"@type":"PropertyValueSpecification","valueRequired":true,"valueName":"search_term_string"}}],"inLanguage":"en-US"}]}},"_links":{"self":[{"href":"https:\/\/glass-glass.com.mx\/en\/wp-json\/wp\/v2\/product\/16308","targetHints":{"allow":["GET"]}}],"collection":[{"href":"https:\/\/glass-glass.com.mx\/en\/wp-json\/wp\/v2\/product"}],"about":[{"href":"https:\/\/glass-glass.com.mx\/en\/wp-json\/wp\/v2\/types\/product"}],"version-history":[{"count":7,"href":"https:\/\/glass-glass.com.mx\/en\/wp-json\/wp\/v2\/product\/16308\/revisions"}],"predecessor-version":[{"id":18441,"href":"https:\/\/glass-glass.com.mx\/en\/wp-json\/wp\/v2\/product\/16308\/revisions\/18441"}],"wp:featuredmedia":[{"embeddable":true,"href":"https:\/\/glass-glass.com.mx\/en\/wp-json\/wp\/v2\/media\/17609"}],"wp:attachment":[{"href":"https:\/\/glass-glass.com.mx\/en\/wp-json\/wp\/v2\/media?parent=16308"}],"wp:term":[{"taxonomy":"product_brand","embeddable":true,"href":"https:\/\/glass-glass.com.mx\/en\/wp-json\/wp\/v2\/product_brand?post=16308"},{"taxonomy":"product_cat","embeddable":true,"href":"https:\/\/glass-glass.com.mx\/en\/wp-json\/wp\/v2\/product_cat?post=16308"},{"taxonomy":"product_tag","embeddable":true,"href":"https:\/\/glass-glass.com.mx\/en\/wp-json\/wp\/v2\/product_tag?post=16308"}],"curies":[{"name":"wp","href":"https:\/\/api.w.org\/{rel}","templated":true}]}}