{"id":16303,"date":"2023-08-30T13:27:16","date_gmt":"2023-08-30T19:27:16","guid":{"rendered":"https:\/\/glass-glass.com.mx\/?post_type=product&#038;p=16303"},"modified":"2024-01-04T22:39:37","modified_gmt":"2024-01-05T04:39:37","slug":"conico-orbit-315-ml","status":"publish","type":"product","link":"https:\/\/glass-glass.com.mx\/en\/hogar-y-cristaleria\/vasos\/vaso-conico\/conico-orbit-315-ml\/","title":{"rendered":"315 ML CONICAL ORBIT"},"content":{"rendered":"<p><img decoding=\"async\" class=\"alignnone size-full\" src=\"https:\/\/glass-glass.com.mx\/wp-content\/uploads\/2023\/09\/GCVACA030-sketch.jpg\" \/><\/p>","protected":false},"excerpt":{"rendered":"<p>Vaso c\u00f3nico ondulado Glass &amp; Glass<\/p>\n<p><b>Style:<\/b> The friendly conical orbit glass enjoys an ergonomic shape alongside a sophisticated and daring design, which is just what is needed for any banquet, party and\/or event, be that in a restaurant or a hotel, a house or a VIP gathering.<\/p>\n<p><b>Ideal Use:<\/b> Perfect for any and all drinks, which are decorated and preserved by it, thus a great choice for cocktails.<\/p>\n<p><b>Additional features:<\/b> 100% lead-free and crystalline finish, heat and freeze resistant.<\/p>\n<p><b>Manageability:<\/b> Packed in practical cardboard boxes, makes distribution, storage and transport processes faster, rendering it the best bet for any event. Orders are delivered in 2,240 unit pallets.<\/p>","protected":false},"featured_media":17672,"template":"","meta":{"_joinchat":[]},"product_brand":[],"product_cat":[95],"product_tag":[],"class_list":{"0":"post-16303","1":"product","2":"type-product","3":"status-publish","4":"has-post-thumbnail","6":"product_cat-vaso-conico","7":"pa_capacidad-ml-315-ml","8":"pa_capacidad-onzas-10-65-oz","10":"first","11":"instock","12":"shipping-taxable","13":"product-type-simple"},"yoast_head":"<!-- This site is optimized with the Yoast SEO plugin v23.6 - https:\/\/yoast.com\/wordpress\/plugins\/seo\/ -->\n<title>C\u00d3NICO ORBIT 315 ML - Glass &amp; Glass<\/title>\n<meta name=\"robots\" content=\"index, follow, max-snippet:-1, max-image-preview:large, max-video-preview:-1\" \/>\n<link rel=\"canonical\" href=\"https:\/\/glass-glass.com.mx\/en\/hogar-y-cristaleria\/vasos\/vaso-conico\/conico-orbit-315-ml\/\" \/>\n<meta property=\"og:locale\" content=\"en_US\" \/>\n<meta property=\"og:type\" content=\"article\" \/>\n<meta property=\"og:title\" content=\"C\u00d3NICO ORBIT 315 ML - Glass &amp; Glass\" \/>\n<meta property=\"og:description\" content=\"Vaso c\u00f3nico ondulado Glass &amp; Glass  Estilo: El vaso c\u00f3nico orbit tiene una forma ergon\u00f3mica y amigable, cubierto de un dise\u00f1o novedoso y atrevido. Un dise\u00f1o elegante y sofisticado para eventos, fiestas, banquetes, restaurantes y hoteles. Perfecto para una variedad de bebidas y ocasiones, desde reuniones informales hasta eventos de alta gama.  Uso Ideal: El vaso c\u00f3nico orbit de Glass &amp; Glass es perfecto para toda la gama de bebidas. Los l\u00edquidos se decoran con su interesante patr\u00f3n y preservan su frescura. El dise\u00f1o de esta textura torna interesante la presentaci\u00f3n de cocteles y mixolog\u00eda.  Caracter\u00edsticas Adicionales: Es 100% libre de plomo y con acabado cristalino. La frescura y los sabores se preservan de manera intacta. Es resistente a bebidas calientes y bebidas o postres fr\u00edos.  Maniobrabilidad: El vaso c\u00f3nico orbit de Glass &amp; Glass es empaquetado en cajas de cart\u00f3n, facilitando la distribuci\u00f3n, almacenamiento y transporte, siendo ideal para grandes pedidos y eventos. La entrega del vaso c\u00f3nico orbit es en tarimas de 2,240 unidades.\" \/>\n<meta property=\"og:url\" content=\"https:\/\/glass-glass.com.mx\/en\/hogar-y-cristaleria\/vasos\/vaso-conico\/conico-orbit-315-ml\/\" \/>\n<meta property=\"og:site_name\" content=\"Glass &amp; Glass\" \/>\n<meta property=\"article:modified_time\" content=\"2024-01-05T04:39:37+00:00\" \/>\n<meta property=\"og:image\" content=\"https:\/\/glass-glass.com.mx\/wp-content\/uploads\/2023\/08\/GCVACA030.jpg\" \/>\n\t<meta property=\"og:image:width\" content=\"700\" \/>\n\t<meta property=\"og:image:height\" content=\"700\" \/>\n\t<meta property=\"og:image:type\" content=\"image\/jpeg\" \/>\n<meta name=\"twitter:card\" content=\"summary_large_image\" \/>\n<meta name=\"twitter:label1\" content=\"Est. reading time\" \/>\n\t<meta name=\"twitter:data1\" content=\"1 minute\" \/>\n<script type=\"application\/ld+json\" class=\"yoast-schema-graph\">{\"@context\":\"https:\/\/schema.org\",\"@graph\":[{\"@type\":\"WebPage\",\"@id\":\"https:\/\/glass-glass.com.mx\/hogar-y-cristaleria\/vasos\/vaso-conico\/conico-orbit-315-ml\/\",\"url\":\"https:\/\/glass-glass.com.mx\/hogar-y-cristaleria\/vasos\/vaso-conico\/conico-orbit-315-ml\/\",\"name\":\"C\u00d3NICO ORBIT 315 ML - Glass &amp; Glass\",\"isPartOf\":{\"@id\":\"https:\/\/glass-glass.com.mx\/#website\"},\"primaryImageOfPage\":{\"@id\":\"https:\/\/glass-glass.com.mx\/hogar-y-cristaleria\/vasos\/vaso-conico\/conico-orbit-315-ml\/#primaryimage\"},\"image\":{\"@id\":\"https:\/\/glass-glass.com.mx\/hogar-y-cristaleria\/vasos\/vaso-conico\/conico-orbit-315-ml\/#primaryimage\"},\"thumbnailUrl\":\"https:\/\/glass-glass.com.mx\/wp-content\/uploads\/2023\/08\/GCVACA030.jpg\",\"datePublished\":\"2023-08-30T19:27:16+00:00\",\"dateModified\":\"2024-01-05T04:39:37+00:00\",\"breadcrumb\":{\"@id\":\"https:\/\/glass-glass.com.mx\/hogar-y-cristaleria\/vasos\/vaso-conico\/conico-orbit-315-ml\/#breadcrumb\"},\"inLanguage\":\"en-US\",\"potentialAction\":[{\"@type\":\"ReadAction\",\"target\":[\"https:\/\/glass-glass.com.mx\/hogar-y-cristaleria\/vasos\/vaso-conico\/conico-orbit-315-ml\/\"]}]},{\"@type\":\"ImageObject\",\"inLanguage\":\"en-US\",\"@id\":\"https:\/\/glass-glass.com.mx\/hogar-y-cristaleria\/vasos\/vaso-conico\/conico-orbit-315-ml\/#primaryimage\",\"url\":\"https:\/\/glass-glass.com.mx\/wp-content\/uploads\/2023\/08\/GCVACA030.jpg\",\"contentUrl\":\"https:\/\/glass-glass.com.mx\/wp-content\/uploads\/2023\/08\/GCVACA030.jpg\",\"width\":700,\"height\":700,\"caption\":\"VASO C\u00d3NICO ORBIT 315 ML\"},{\"@type\":\"BreadcrumbList\",\"@id\":\"https:\/\/glass-glass.com.mx\/hogar-y-cristaleria\/vasos\/vaso-conico\/conico-orbit-315-ml\/#breadcrumb\",\"itemListElement\":[{\"@type\":\"ListItem\",\"position\":1,\"name\":\"Inicio\",\"item\":\"https:\/\/glass-glass.com.mx\/\"},{\"@type\":\"ListItem\",\"position\":2,\"name\":\"Productos\",\"item\":\"https:\/\/glass-glass.com.mx\/productos\/\"},{\"@type\":\"ListItem\",\"position\":3,\"name\":\"C\u00d3NICO ORBIT 315 ML\"}]},{\"@type\":\"WebSite\",\"@id\":\"https:\/\/glass-glass.com.mx\/#website\",\"url\":\"https:\/\/glass-glass.com.mx\/\",\"name\":\"Glass &amp; Glass\",\"description\":\"360\u00b0 de pureza\",\"potentialAction\":[{\"@type\":\"SearchAction\",\"target\":{\"@type\":\"EntryPoint\",\"urlTemplate\":\"https:\/\/glass-glass.com.mx\/?s={search_term_string}\"},\"query-input\":{\"@type\":\"PropertyValueSpecification\",\"valueRequired\":true,\"valueName\":\"search_term_string\"}}],\"inLanguage\":\"en-US\"}]}<\/script>\n<!-- \/ Yoast SEO plugin. -->","yoast_head_json":{"title":"C\u00d3NICO ORBIT 315 ML - Glass &amp; Glass","robots":{"index":"index","follow":"follow","max-snippet":"max-snippet:-1","max-image-preview":"max-image-preview:large","max-video-preview":"max-video-preview:-1"},"canonical":"https:\/\/glass-glass.com.mx\/en\/hogar-y-cristaleria\/vasos\/vaso-conico\/conico-orbit-315-ml\/","og_locale":"en_US","og_type":"article","og_title":"C\u00d3NICO ORBIT 315 ML - Glass &amp; Glass","og_description":"Vaso c\u00f3nico ondulado Glass &amp; Glass  Estilo: El vaso c\u00f3nico orbit tiene una forma ergon\u00f3mica y amigable, cubierto de un dise\u00f1o novedoso y atrevido. Un dise\u00f1o elegante y sofisticado para eventos, fiestas, banquetes, restaurantes y hoteles. Perfecto para una variedad de bebidas y ocasiones, desde reuniones informales hasta eventos de alta gama.  Uso Ideal: El vaso c\u00f3nico orbit de Glass &amp; Glass es perfecto para toda la gama de bebidas. Los l\u00edquidos se decoran con su interesante patr\u00f3n y preservan su frescura. El dise\u00f1o de esta textura torna interesante la presentaci\u00f3n de cocteles y mixolog\u00eda.  Caracter\u00edsticas Adicionales: Es 100% libre de plomo y con acabado cristalino. La frescura y los sabores se preservan de manera intacta. Es resistente a bebidas calientes y bebidas o postres fr\u00edos.  Maniobrabilidad: El vaso c\u00f3nico orbit de Glass &amp; Glass es empaquetado en cajas de cart\u00f3n, facilitando la distribuci\u00f3n, almacenamiento y transporte, siendo ideal para grandes pedidos y eventos. La entrega del vaso c\u00f3nico orbit es en tarimas de 2,240 unidades.","og_url":"https:\/\/glass-glass.com.mx\/en\/hogar-y-cristaleria\/vasos\/vaso-conico\/conico-orbit-315-ml\/","og_site_name":"Glass &amp; Glass","article_modified_time":"2024-01-05T04:39:37+00:00","og_image":[{"width":700,"height":700,"url":"https:\/\/glass-glass.com.mx\/wp-content\/uploads\/2023\/08\/GCVACA030.jpg","type":"image\/jpeg"}],"twitter_card":"summary_large_image","twitter_misc":{"Est. reading time":"1 minute"},"schema":{"@context":"https:\/\/schema.org","@graph":[{"@type":"WebPage","@id":"https:\/\/glass-glass.com.mx\/hogar-y-cristaleria\/vasos\/vaso-conico\/conico-orbit-315-ml\/","url":"https:\/\/glass-glass.com.mx\/hogar-y-cristaleria\/vasos\/vaso-conico\/conico-orbit-315-ml\/","name":"C\u00d3NICO ORBIT 315 ML - Glass &amp; Glass","isPartOf":{"@id":"https:\/\/glass-glass.com.mx\/#website"},"primaryImageOfPage":{"@id":"https:\/\/glass-glass.com.mx\/hogar-y-cristaleria\/vasos\/vaso-conico\/conico-orbit-315-ml\/#primaryimage"},"image":{"@id":"https:\/\/glass-glass.com.mx\/hogar-y-cristaleria\/vasos\/vaso-conico\/conico-orbit-315-ml\/#primaryimage"},"thumbnailUrl":"https:\/\/glass-glass.com.mx\/wp-content\/uploads\/2023\/08\/GCVACA030.jpg","datePublished":"2023-08-30T19:27:16+00:00","dateModified":"2024-01-05T04:39:37+00:00","breadcrumb":{"@id":"https:\/\/glass-glass.com.mx\/hogar-y-cristaleria\/vasos\/vaso-conico\/conico-orbit-315-ml\/#breadcrumb"},"inLanguage":"en-US","potentialAction":[{"@type":"ReadAction","target":["https:\/\/glass-glass.com.mx\/hogar-y-cristaleria\/vasos\/vaso-conico\/conico-orbit-315-ml\/"]}]},{"@type":"ImageObject","inLanguage":"en-US","@id":"https:\/\/glass-glass.com.mx\/hogar-y-cristaleria\/vasos\/vaso-conico\/conico-orbit-315-ml\/#primaryimage","url":"https:\/\/glass-glass.com.mx\/wp-content\/uploads\/2023\/08\/GCVACA030.jpg","contentUrl":"https:\/\/glass-glass.com.mx\/wp-content\/uploads\/2023\/08\/GCVACA030.jpg","width":700,"height":700,"caption":"VASO C\u00d3NICO ORBIT 315 ML"},{"@type":"BreadcrumbList","@id":"https:\/\/glass-glass.com.mx\/hogar-y-cristaleria\/vasos\/vaso-conico\/conico-orbit-315-ml\/#breadcrumb","itemListElement":[{"@type":"ListItem","position":1,"name":"Inicio","item":"https:\/\/glass-glass.com.mx\/"},{"@type":"ListItem","position":2,"name":"Productos","item":"https:\/\/glass-glass.com.mx\/productos\/"},{"@type":"ListItem","position":3,"name":"C\u00d3NICO ORBIT 315 ML"}]},{"@type":"WebSite","@id":"https:\/\/glass-glass.com.mx\/#website","url":"https:\/\/glass-glass.com.mx\/","name":"Glass &amp; Glass","description":"360\u00b0 de pureza","potentialAction":[{"@type":"SearchAction","target":{"@type":"EntryPoint","urlTemplate":"https:\/\/glass-glass.com.mx\/?s={search_term_string}"},"query-input":{"@type":"PropertyValueSpecification","valueRequired":true,"valueName":"search_term_string"}}],"inLanguage":"en-US"}]}},"_links":{"self":[{"href":"https:\/\/glass-glass.com.mx\/en\/wp-json\/wp\/v2\/product\/16303","targetHints":{"allow":["GET"]}}],"collection":[{"href":"https:\/\/glass-glass.com.mx\/en\/wp-json\/wp\/v2\/product"}],"about":[{"href":"https:\/\/glass-glass.com.mx\/en\/wp-json\/wp\/v2\/types\/product"}],"version-history":[{"count":9,"href":"https:\/\/glass-glass.com.mx\/en\/wp-json\/wp\/v2\/product\/16303\/revisions"}],"predecessor-version":[{"id":17673,"href":"https:\/\/glass-glass.com.mx\/en\/wp-json\/wp\/v2\/product\/16303\/revisions\/17673"}],"wp:featuredmedia":[{"embeddable":true,"href":"https:\/\/glass-glass.com.mx\/en\/wp-json\/wp\/v2\/media\/17672"}],"wp:attachment":[{"href":"https:\/\/glass-glass.com.mx\/en\/wp-json\/wp\/v2\/media?parent=16303"}],"wp:term":[{"taxonomy":"product_brand","embeddable":true,"href":"https:\/\/glass-glass.com.mx\/en\/wp-json\/wp\/v2\/product_brand?post=16303"},{"taxonomy":"product_cat","embeddable":true,"href":"https:\/\/glass-glass.com.mx\/en\/wp-json\/wp\/v2\/product_cat?post=16303"},{"taxonomy":"product_tag","embeddable":true,"href":"https:\/\/glass-glass.com.mx\/en\/wp-json\/wp\/v2\/product_tag?post=16303"}],"curies":[{"name":"wp","href":"https:\/\/api.w.org\/{rel}","templated":true}]}}