{"id":16300,"date":"2023-08-30T13:27:16","date_gmt":"2023-08-30T19:27:16","guid":{"rendered":"https:\/\/glass-glass.com.mx\/?post_type=product&#038;p=16300"},"modified":"2024-01-04T22:36:57","modified_gmt":"2024-01-05T04:36:57","slug":"conico-315-ml","status":"publish","type":"product","link":"https:\/\/glass-glass.com.mx\/en\/hogar-y-cristaleria\/vasos\/vaso-conico\/conico-315-ml\/","title":{"rendered":"315 ML CONICAL"},"content":{"rendered":"<p><img decoding=\"async\" class=\"alignnone size-full\" src=\"https:\/\/glass-glass.com.mx\/wp-content\/uploads\/2023\/08\/GCVACA007-sketch.jpg\" \/><\/p>","protected":false},"excerpt":{"rendered":"<p>Vaso c\u00f3nico liso en su medida grande.<\/p>\n<p><b>Style:<\/b> The older brother of the conical glass enjoys all the benefits of its smaller version, a captivating style, freshness and a crystal clear build are its distinctives.<\/p>\n<p><b>Ideal Use:<\/b> Since it won\u2019t alter any flavors and enjoys a versatile build, it can fit in any setting, be that casual or exclusive.<\/p>\n<p><b>Additional features:<\/b> With the characteristic and exclusive Glass &amp; Glass, totally crystalline finish, is heat and freeze resistant and practical even after its long useful life has ended, since it also remains 100% recyclable.<\/p>\n<p><b>Manageability:<\/b> Packed in practical cardboard boxes, makes distribution, storage and transport processes faster, rendering it the best bet for any event. Orders are delivered in 2,240 unit pallets.<\/p>","protected":false},"featured_media":17667,"template":"","meta":{"_joinchat":[]},"product_brand":[],"product_cat":[95],"product_tag":[],"class_list":{"0":"post-16300","1":"product","2":"type-product","3":"status-publish","4":"has-post-thumbnail","6":"product_cat-vaso-conico","7":"pa_capacidad-ml-315-ml","8":"pa_capacidad-onzas-10-65-oz","10":"first","11":"instock","12":"shipping-taxable","13":"product-type-simple"},"yoast_head":"<!-- This site is optimized with the Yoast SEO plugin v23.6 - https:\/\/yoast.com\/wordpress\/plugins\/seo\/ -->\n<title>C\u00d3NICO 315 ML - Glass &amp; Glass<\/title>\n<meta name=\"robots\" content=\"index, follow, max-snippet:-1, max-image-preview:large, max-video-preview:-1\" \/>\n<link rel=\"canonical\" href=\"https:\/\/glass-glass.com.mx\/en\/hogar-y-cristaleria\/vasos\/vaso-conico\/conico-315-ml\/\" \/>\n<meta property=\"og:locale\" content=\"en_US\" \/>\n<meta property=\"og:type\" content=\"article\" \/>\n<meta property=\"og:title\" content=\"C\u00d3NICO 315 ML - Glass &amp; Glass\" \/>\n<meta property=\"og:description\" content=\"Vaso c\u00f3nico liso en su medida grande.  Estilo: El vaso c\u00f3nico grande de Glass &amp; Glass es 100% cristalino y preserva la frescura y los sabores de bebidas y alimentos con una atractiva vista. Dise\u00f1o atemporal de forma c\u00f3nica que resalta la elegancia y sofisticaci\u00f3n.  Uso Ideal: Es ideal para bebidas, jugos, licuados y cocteler\u00eda. No altera sabores y preserva la frescura de los l\u00edquidos. Uno de los modelos de Glass &amp; Glass m\u00e1s compatibles para restaurantes, bares, hoteles, banquetes y caterings. Ideal para uso diario o eventos especiales.  Caracter\u00edsticas Adicionales: El vidrio cristalino con el que son fabricados es 100% reciclable, resistente a bebidas calientes y heladas. El vaso c\u00f3nico de Glass &amp; Glass es resistente a altas temperaturas, muy duradero, y notoriamente transparente por la formulaci\u00f3n exclusiva de Glass &amp; Glass para un terminado completamente cristalino.  Maniobrabilidad: La entrega del vaso c\u00f3nico liso grande de 315 ml es en tarimas de 2,240 unidades. Empaquetado en cajas de cart\u00f3n, facilita la distribuci\u00f3n, almacenamiento y transporte, siendo ideal para grandes pedidos y eventos.\" \/>\n<meta property=\"og:url\" content=\"https:\/\/glass-glass.com.mx\/en\/hogar-y-cristaleria\/vasos\/vaso-conico\/conico-315-ml\/\" \/>\n<meta property=\"og:site_name\" content=\"Glass &amp; Glass\" \/>\n<meta property=\"article:modified_time\" content=\"2024-01-05T04:36:57+00:00\" \/>\n<meta property=\"og:image\" content=\"https:\/\/glass-glass.com.mx\/wp-content\/uploads\/2023\/08\/GCVACA007.jpg\" \/>\n\t<meta property=\"og:image:width\" content=\"700\" \/>\n\t<meta property=\"og:image:height\" content=\"700\" \/>\n\t<meta property=\"og:image:type\" content=\"image\/jpeg\" \/>\n<meta name=\"twitter:card\" content=\"summary_large_image\" \/>\n<meta name=\"twitter:label1\" content=\"Est. reading time\" \/>\n\t<meta name=\"twitter:data1\" content=\"1 minute\" \/>\n<script type=\"application\/ld+json\" class=\"yoast-schema-graph\">{\"@context\":\"https:\/\/schema.org\",\"@graph\":[{\"@type\":\"WebPage\",\"@id\":\"https:\/\/glass-glass.com.mx\/hogar-y-cristaleria\/vasos\/vaso-conico\/conico-315-ml\/\",\"url\":\"https:\/\/glass-glass.com.mx\/hogar-y-cristaleria\/vasos\/vaso-conico\/conico-315-ml\/\",\"name\":\"C\u00d3NICO 315 ML - Glass &amp; Glass\",\"isPartOf\":{\"@id\":\"https:\/\/glass-glass.com.mx\/#website\"},\"primaryImageOfPage\":{\"@id\":\"https:\/\/glass-glass.com.mx\/hogar-y-cristaleria\/vasos\/vaso-conico\/conico-315-ml\/#primaryimage\"},\"image\":{\"@id\":\"https:\/\/glass-glass.com.mx\/hogar-y-cristaleria\/vasos\/vaso-conico\/conico-315-ml\/#primaryimage\"},\"thumbnailUrl\":\"https:\/\/glass-glass.com.mx\/wp-content\/uploads\/2023\/08\/GCVACA007.jpg\",\"datePublished\":\"2023-08-30T19:27:16+00:00\",\"dateModified\":\"2024-01-05T04:36:57+00:00\",\"breadcrumb\":{\"@id\":\"https:\/\/glass-glass.com.mx\/hogar-y-cristaleria\/vasos\/vaso-conico\/conico-315-ml\/#breadcrumb\"},\"inLanguage\":\"en-US\",\"potentialAction\":[{\"@type\":\"ReadAction\",\"target\":[\"https:\/\/glass-glass.com.mx\/hogar-y-cristaleria\/vasos\/vaso-conico\/conico-315-ml\/\"]}]},{\"@type\":\"ImageObject\",\"inLanguage\":\"en-US\",\"@id\":\"https:\/\/glass-glass.com.mx\/hogar-y-cristaleria\/vasos\/vaso-conico\/conico-315-ml\/#primaryimage\",\"url\":\"https:\/\/glass-glass.com.mx\/wp-content\/uploads\/2023\/08\/GCVACA007.jpg\",\"contentUrl\":\"https:\/\/glass-glass.com.mx\/wp-content\/uploads\/2023\/08\/GCVACA007.jpg\",\"width\":700,\"height\":700,\"caption\":\"VASO C\u00d3NICO 315 ML\"},{\"@type\":\"BreadcrumbList\",\"@id\":\"https:\/\/glass-glass.com.mx\/hogar-y-cristaleria\/vasos\/vaso-conico\/conico-315-ml\/#breadcrumb\",\"itemListElement\":[{\"@type\":\"ListItem\",\"position\":1,\"name\":\"Inicio\",\"item\":\"https:\/\/glass-glass.com.mx\/\"},{\"@type\":\"ListItem\",\"position\":2,\"name\":\"Productos\",\"item\":\"https:\/\/glass-glass.com.mx\/productos\/\"},{\"@type\":\"ListItem\",\"position\":3,\"name\":\"C\u00d3NICO 315 ML\"}]},{\"@type\":\"WebSite\",\"@id\":\"https:\/\/glass-glass.com.mx\/#website\",\"url\":\"https:\/\/glass-glass.com.mx\/\",\"name\":\"Glass &amp; Glass\",\"description\":\"360\u00b0 de pureza\",\"potentialAction\":[{\"@type\":\"SearchAction\",\"target\":{\"@type\":\"EntryPoint\",\"urlTemplate\":\"https:\/\/glass-glass.com.mx\/?s={search_term_string}\"},\"query-input\":{\"@type\":\"PropertyValueSpecification\",\"valueRequired\":true,\"valueName\":\"search_term_string\"}}],\"inLanguage\":\"en-US\"}]}<\/script>\n<!-- \/ Yoast SEO plugin. -->","yoast_head_json":{"title":"C\u00d3NICO 315 ML - Glass &amp; Glass","robots":{"index":"index","follow":"follow","max-snippet":"max-snippet:-1","max-image-preview":"max-image-preview:large","max-video-preview":"max-video-preview:-1"},"canonical":"https:\/\/glass-glass.com.mx\/en\/hogar-y-cristaleria\/vasos\/vaso-conico\/conico-315-ml\/","og_locale":"en_US","og_type":"article","og_title":"C\u00d3NICO 315 ML - Glass &amp; Glass","og_description":"Vaso c\u00f3nico liso en su medida grande.  Estilo: El vaso c\u00f3nico grande de Glass &amp; Glass es 100% cristalino y preserva la frescura y los sabores de bebidas y alimentos con una atractiva vista. Dise\u00f1o atemporal de forma c\u00f3nica que resalta la elegancia y sofisticaci\u00f3n.  Uso Ideal: Es ideal para bebidas, jugos, licuados y cocteler\u00eda. No altera sabores y preserva la frescura de los l\u00edquidos. Uno de los modelos de Glass &amp; Glass m\u00e1s compatibles para restaurantes, bares, hoteles, banquetes y caterings. Ideal para uso diario o eventos especiales.  Caracter\u00edsticas Adicionales: El vidrio cristalino con el que son fabricados es 100% reciclable, resistente a bebidas calientes y heladas. El vaso c\u00f3nico de Glass &amp; Glass es resistente a altas temperaturas, muy duradero, y notoriamente transparente por la formulaci\u00f3n exclusiva de Glass &amp; Glass para un terminado completamente cristalino.  Maniobrabilidad: La entrega del vaso c\u00f3nico liso grande de 315 ml es en tarimas de 2,240 unidades. Empaquetado en cajas de cart\u00f3n, facilita la distribuci\u00f3n, almacenamiento y transporte, siendo ideal para grandes pedidos y eventos.","og_url":"https:\/\/glass-glass.com.mx\/en\/hogar-y-cristaleria\/vasos\/vaso-conico\/conico-315-ml\/","og_site_name":"Glass &amp; Glass","article_modified_time":"2024-01-05T04:36:57+00:00","og_image":[{"width":700,"height":700,"url":"https:\/\/glass-glass.com.mx\/wp-content\/uploads\/2023\/08\/GCVACA007.jpg","type":"image\/jpeg"}],"twitter_card":"summary_large_image","twitter_misc":{"Est. reading time":"1 minute"},"schema":{"@context":"https:\/\/schema.org","@graph":[{"@type":"WebPage","@id":"https:\/\/glass-glass.com.mx\/hogar-y-cristaleria\/vasos\/vaso-conico\/conico-315-ml\/","url":"https:\/\/glass-glass.com.mx\/hogar-y-cristaleria\/vasos\/vaso-conico\/conico-315-ml\/","name":"C\u00d3NICO 315 ML - Glass &amp; Glass","isPartOf":{"@id":"https:\/\/glass-glass.com.mx\/#website"},"primaryImageOfPage":{"@id":"https:\/\/glass-glass.com.mx\/hogar-y-cristaleria\/vasos\/vaso-conico\/conico-315-ml\/#primaryimage"},"image":{"@id":"https:\/\/glass-glass.com.mx\/hogar-y-cristaleria\/vasos\/vaso-conico\/conico-315-ml\/#primaryimage"},"thumbnailUrl":"https:\/\/glass-glass.com.mx\/wp-content\/uploads\/2023\/08\/GCVACA007.jpg","datePublished":"2023-08-30T19:27:16+00:00","dateModified":"2024-01-05T04:36:57+00:00","breadcrumb":{"@id":"https:\/\/glass-glass.com.mx\/hogar-y-cristaleria\/vasos\/vaso-conico\/conico-315-ml\/#breadcrumb"},"inLanguage":"en-US","potentialAction":[{"@type":"ReadAction","target":["https:\/\/glass-glass.com.mx\/hogar-y-cristaleria\/vasos\/vaso-conico\/conico-315-ml\/"]}]},{"@type":"ImageObject","inLanguage":"en-US","@id":"https:\/\/glass-glass.com.mx\/hogar-y-cristaleria\/vasos\/vaso-conico\/conico-315-ml\/#primaryimage","url":"https:\/\/glass-glass.com.mx\/wp-content\/uploads\/2023\/08\/GCVACA007.jpg","contentUrl":"https:\/\/glass-glass.com.mx\/wp-content\/uploads\/2023\/08\/GCVACA007.jpg","width":700,"height":700,"caption":"VASO C\u00d3NICO 315 ML"},{"@type":"BreadcrumbList","@id":"https:\/\/glass-glass.com.mx\/hogar-y-cristaleria\/vasos\/vaso-conico\/conico-315-ml\/#breadcrumb","itemListElement":[{"@type":"ListItem","position":1,"name":"Inicio","item":"https:\/\/glass-glass.com.mx\/"},{"@type":"ListItem","position":2,"name":"Productos","item":"https:\/\/glass-glass.com.mx\/productos\/"},{"@type":"ListItem","position":3,"name":"C\u00d3NICO 315 ML"}]},{"@type":"WebSite","@id":"https:\/\/glass-glass.com.mx\/#website","url":"https:\/\/glass-glass.com.mx\/","name":"Glass &amp; Glass","description":"360\u00b0 de pureza","potentialAction":[{"@type":"SearchAction","target":{"@type":"EntryPoint","urlTemplate":"https:\/\/glass-glass.com.mx\/?s={search_term_string}"},"query-input":{"@type":"PropertyValueSpecification","valueRequired":true,"valueName":"search_term_string"}}],"inLanguage":"en-US"}]}},"_links":{"self":[{"href":"https:\/\/glass-glass.com.mx\/en\/wp-json\/wp\/v2\/product\/16300","targetHints":{"allow":["GET"]}}],"collection":[{"href":"https:\/\/glass-glass.com.mx\/en\/wp-json\/wp\/v2\/product"}],"about":[{"href":"https:\/\/glass-glass.com.mx\/en\/wp-json\/wp\/v2\/types\/product"}],"version-history":[{"count":5,"href":"https:\/\/glass-glass.com.mx\/en\/wp-json\/wp\/v2\/product\/16300\/revisions"}],"predecessor-version":[{"id":17671,"href":"https:\/\/glass-glass.com.mx\/en\/wp-json\/wp\/v2\/product\/16300\/revisions\/17671"}],"wp:featuredmedia":[{"embeddable":true,"href":"https:\/\/glass-glass.com.mx\/en\/wp-json\/wp\/v2\/media\/17667"}],"wp:attachment":[{"href":"https:\/\/glass-glass.com.mx\/en\/wp-json\/wp\/v2\/media?parent=16300"}],"wp:term":[{"taxonomy":"product_brand","embeddable":true,"href":"https:\/\/glass-glass.com.mx\/en\/wp-json\/wp\/v2\/product_brand?post=16300"},{"taxonomy":"product_cat","embeddable":true,"href":"https:\/\/glass-glass.com.mx\/en\/wp-json\/wp\/v2\/product_cat?post=16300"},{"taxonomy":"product_tag","embeddable":true,"href":"https:\/\/glass-glass.com.mx\/en\/wp-json\/wp\/v2\/product_tag?post=16300"}],"curies":[{"name":"wp","href":"https:\/\/api.w.org\/{rel}","templated":true}]}}