{"id":16103,"date":"2023-08-28T20:39:03","date_gmt":"2023-08-29T02:39:03","guid":{"rendered":"https:\/\/glass-glass.com.mx\/?post_type=product&#038;p=16103"},"modified":"2024-10-28T11:27:37","modified_gmt":"2024-10-28T17:27:37","slug":"cubero-swirl","status":"publish","type":"product","link":"https:\/\/glass-glass.com.mx\/en\/hogar-y-cristaleria\/vasos\/vaso-cubero\/cubero-swirl\/","title":{"rendered":"CUBERO SWIRL"},"content":{"rendered":"<p><img decoding=\"async\" class=\"alignnone size-full\" src=\"https:\/\/glass-glass.com.mx\/wp-content\/uploads\/2023\/08\/GCVACA019-sketch.jpg\" \/><\/p>","protected":false},"excerpt":{"rendered":"<p>Vaso cubero cubierto con dise\u00f1o a lineas.<\/p>\n<p><b>Style:<\/b> In Glass &amp; Glass we\u2019ve discovered the amazing combination that the swirls from the swirl glass and the elegance of the \u201ccubero\u201d glass can make, it has proved through its fame in the home sector.<\/p>\n<p><b>Ideal Use:<\/b> In Glass &amp; Glass we\u2019ve discovered the amazing combination that the swirls from the swirl glass and the elegance of the \u201ccubero\u201d glass can make, it has proved through its fame in the home sector.<\/p>\n<p><b>Additional features:<\/b> Lead-free, highly-resistant and ergonomic, it's a perfect match for every environment, bringing a special touch to every table setting.<\/p>\n<p><b>Manageability:<\/b> Packed in practical cardboard boxes, makes distribution, storage and transport processes faster, rendering it the best bet for any event. Orders are delivered in 2,240 unit pallets.<\/p>","protected":false},"featured_media":17497,"template":"","meta":{"_joinchat":[]},"product_brand":[],"product_cat":[77],"product_tag":[],"class_list":{"0":"post-16103","1":"product","2":"type-product","3":"status-publish","4":"has-post-thumbnail","6":"product_cat-vaso-cubero","7":"pa_capacidad-ml-293-ml","8":"pa_capacidad-onzas-9-90-oz","10":"first","11":"instock","12":"shipping-taxable","13":"product-type-simple"},"yoast_head":"<!-- This site is optimized with the Yoast SEO plugin v23.6 - https:\/\/yoast.com\/wordpress\/plugins\/seo\/ -->\n<title>CUBERO SWIRL - Glass &amp; Glass<\/title>\n<meta name=\"robots\" content=\"index, follow, max-snippet:-1, max-image-preview:large, max-video-preview:-1\" \/>\n<link rel=\"canonical\" href=\"https:\/\/glass-glass.com.mx\/en\/hogar-y-cristaleria\/vasos\/vaso-cubero\/cubero-swirl\/\" \/>\n<meta property=\"og:locale\" content=\"en_US\" \/>\n<meta property=\"og:type\" content=\"article\" \/>\n<meta property=\"og:title\" content=\"CUBERO SWIRL - Glass &amp; Glass\" \/>\n<meta property=\"og:description\" content=\"Vaso cubero cubierto con dise\u00f1o a lineas.  Estilo: En Glass &amp; Glass exploramos con las l\u00edneas en remolino para proporcionar un atractivo visual al vaso cubero. El vaso cubero swirl de Glass &amp; Glass es altamente popular, memorable y reconocido dentro del sector del hogar.  Uso Ideal: El vaso cubero swirl es perfecto para el sector hotelero, de banquetes, eventos y para l\u00ednea del hogar. Este modelo, cristalino e hipn\u00f3tico, es tambi\u00e9n ideal para veladoras.  Caracter\u00edsticas Adicionales: Ergon\u00f3mico, libre de plomo, muy resistente y con una recarga de vidrio que lo refuerza, se integra perfectamente en cualquier ambiente, agregando un toque a las mesas gracias a la textura de sus l\u00edneas en remolino swirl.  Maniobrabilidad: Empaquetado en cajas de cart\u00f3n, facilita la distribuci\u00f3n, almacenamiento y transporte, siendo ideal para grandes pedidos y eventos. La entrega del vaso cubero swirl es en tarimas de 2,240 unidades.\" \/>\n<meta property=\"og:url\" content=\"https:\/\/glass-glass.com.mx\/en\/hogar-y-cristaleria\/vasos\/vaso-cubero\/cubero-swirl\/\" \/>\n<meta property=\"og:site_name\" content=\"Glass &amp; Glass\" \/>\n<meta property=\"article:modified_time\" content=\"2024-10-28T17:27:37+00:00\" \/>\n<meta property=\"og:image\" content=\"https:\/\/glass-glass.com.mx\/wp-content\/uploads\/2023\/08\/GCVACA019-1.jpg\" \/>\n\t<meta property=\"og:image:width\" content=\"700\" \/>\n\t<meta property=\"og:image:height\" content=\"700\" \/>\n\t<meta property=\"og:image:type\" content=\"image\/jpeg\" \/>\n<meta name=\"twitter:card\" content=\"summary_large_image\" \/>\n<meta name=\"twitter:label1\" content=\"Est. reading time\" \/>\n\t<meta name=\"twitter:data1\" content=\"1 minute\" \/>\n<script type=\"application\/ld+json\" class=\"yoast-schema-graph\">{\"@context\":\"https:\/\/schema.org\",\"@graph\":[{\"@type\":\"WebPage\",\"@id\":\"https:\/\/glass-glass.com.mx\/hogar-y-cristaleria\/vasos\/vaso-cubero\/cubero-swirl\/\",\"url\":\"https:\/\/glass-glass.com.mx\/hogar-y-cristaleria\/vasos\/vaso-cubero\/cubero-swirl\/\",\"name\":\"CUBERO SWIRL - Glass &amp; Glass\",\"isPartOf\":{\"@id\":\"https:\/\/glass-glass.com.mx\/#website\"},\"primaryImageOfPage\":{\"@id\":\"https:\/\/glass-glass.com.mx\/hogar-y-cristaleria\/vasos\/vaso-cubero\/cubero-swirl\/#primaryimage\"},\"image\":{\"@id\":\"https:\/\/glass-glass.com.mx\/hogar-y-cristaleria\/vasos\/vaso-cubero\/cubero-swirl\/#primaryimage\"},\"thumbnailUrl\":\"https:\/\/glass-glass.com.mx\/wp-content\/uploads\/2023\/08\/GCVACA019-1.jpg\",\"datePublished\":\"2023-08-29T02:39:03+00:00\",\"dateModified\":\"2024-10-28T17:27:37+00:00\",\"breadcrumb\":{\"@id\":\"https:\/\/glass-glass.com.mx\/hogar-y-cristaleria\/vasos\/vaso-cubero\/cubero-swirl\/#breadcrumb\"},\"inLanguage\":\"en-US\",\"potentialAction\":[{\"@type\":\"ReadAction\",\"target\":[\"https:\/\/glass-glass.com.mx\/hogar-y-cristaleria\/vasos\/vaso-cubero\/cubero-swirl\/\"]}]},{\"@type\":\"ImageObject\",\"inLanguage\":\"en-US\",\"@id\":\"https:\/\/glass-glass.com.mx\/hogar-y-cristaleria\/vasos\/vaso-cubero\/cubero-swirl\/#primaryimage\",\"url\":\"https:\/\/glass-glass.com.mx\/wp-content\/uploads\/2023\/08\/GCVACA019-1.jpg\",\"contentUrl\":\"https:\/\/glass-glass.com.mx\/wp-content\/uploads\/2023\/08\/GCVACA019-1.jpg\",\"width\":700,\"height\":700,\"caption\":\"VASO CUBERO SWIRL\"},{\"@type\":\"BreadcrumbList\",\"@id\":\"https:\/\/glass-glass.com.mx\/hogar-y-cristaleria\/vasos\/vaso-cubero\/cubero-swirl\/#breadcrumb\",\"itemListElement\":[{\"@type\":\"ListItem\",\"position\":1,\"name\":\"Inicio\",\"item\":\"https:\/\/glass-glass.com.mx\/\"},{\"@type\":\"ListItem\",\"position\":2,\"name\":\"Productos\",\"item\":\"https:\/\/glass-glass.com.mx\/productos\/\"},{\"@type\":\"ListItem\",\"position\":3,\"name\":\"CUBERO SWIRL\"}]},{\"@type\":\"WebSite\",\"@id\":\"https:\/\/glass-glass.com.mx\/#website\",\"url\":\"https:\/\/glass-glass.com.mx\/\",\"name\":\"Glass &amp; Glass\",\"description\":\"360\u00b0 de pureza\",\"potentialAction\":[{\"@type\":\"SearchAction\",\"target\":{\"@type\":\"EntryPoint\",\"urlTemplate\":\"https:\/\/glass-glass.com.mx\/?s={search_term_string}\"},\"query-input\":{\"@type\":\"PropertyValueSpecification\",\"valueRequired\":true,\"valueName\":\"search_term_string\"}}],\"inLanguage\":\"en-US\"}]}<\/script>\n<!-- \/ Yoast SEO plugin. -->","yoast_head_json":{"title":"CUBERO SWIRL - Glass &amp; Glass","robots":{"index":"index","follow":"follow","max-snippet":"max-snippet:-1","max-image-preview":"max-image-preview:large","max-video-preview":"max-video-preview:-1"},"canonical":"https:\/\/glass-glass.com.mx\/en\/hogar-y-cristaleria\/vasos\/vaso-cubero\/cubero-swirl\/","og_locale":"en_US","og_type":"article","og_title":"CUBERO SWIRL - Glass &amp; Glass","og_description":"Vaso cubero cubierto con dise\u00f1o a lineas.  Estilo: En Glass &amp; Glass exploramos con las l\u00edneas en remolino para proporcionar un atractivo visual al vaso cubero. El vaso cubero swirl de Glass &amp; Glass es altamente popular, memorable y reconocido dentro del sector del hogar.  Uso Ideal: El vaso cubero swirl es perfecto para el sector hotelero, de banquetes, eventos y para l\u00ednea del hogar. Este modelo, cristalino e hipn\u00f3tico, es tambi\u00e9n ideal para veladoras.  Caracter\u00edsticas Adicionales: Ergon\u00f3mico, libre de plomo, muy resistente y con una recarga de vidrio que lo refuerza, se integra perfectamente en cualquier ambiente, agregando un toque a las mesas gracias a la textura de sus l\u00edneas en remolino swirl.  Maniobrabilidad: Empaquetado en cajas de cart\u00f3n, facilita la distribuci\u00f3n, almacenamiento y transporte, siendo ideal para grandes pedidos y eventos. La entrega del vaso cubero swirl es en tarimas de 2,240 unidades.","og_url":"https:\/\/glass-glass.com.mx\/en\/hogar-y-cristaleria\/vasos\/vaso-cubero\/cubero-swirl\/","og_site_name":"Glass &amp; Glass","article_modified_time":"2024-10-28T17:27:37+00:00","og_image":[{"width":700,"height":700,"url":"https:\/\/glass-glass.com.mx\/wp-content\/uploads\/2023\/08\/GCVACA019-1.jpg","type":"image\/jpeg"}],"twitter_card":"summary_large_image","twitter_misc":{"Est. reading time":"1 minute"},"schema":{"@context":"https:\/\/schema.org","@graph":[{"@type":"WebPage","@id":"https:\/\/glass-glass.com.mx\/hogar-y-cristaleria\/vasos\/vaso-cubero\/cubero-swirl\/","url":"https:\/\/glass-glass.com.mx\/hogar-y-cristaleria\/vasos\/vaso-cubero\/cubero-swirl\/","name":"CUBERO SWIRL - Glass &amp; Glass","isPartOf":{"@id":"https:\/\/glass-glass.com.mx\/#website"},"primaryImageOfPage":{"@id":"https:\/\/glass-glass.com.mx\/hogar-y-cristaleria\/vasos\/vaso-cubero\/cubero-swirl\/#primaryimage"},"image":{"@id":"https:\/\/glass-glass.com.mx\/hogar-y-cristaleria\/vasos\/vaso-cubero\/cubero-swirl\/#primaryimage"},"thumbnailUrl":"https:\/\/glass-glass.com.mx\/wp-content\/uploads\/2023\/08\/GCVACA019-1.jpg","datePublished":"2023-08-29T02:39:03+00:00","dateModified":"2024-10-28T17:27:37+00:00","breadcrumb":{"@id":"https:\/\/glass-glass.com.mx\/hogar-y-cristaleria\/vasos\/vaso-cubero\/cubero-swirl\/#breadcrumb"},"inLanguage":"en-US","potentialAction":[{"@type":"ReadAction","target":["https:\/\/glass-glass.com.mx\/hogar-y-cristaleria\/vasos\/vaso-cubero\/cubero-swirl\/"]}]},{"@type":"ImageObject","inLanguage":"en-US","@id":"https:\/\/glass-glass.com.mx\/hogar-y-cristaleria\/vasos\/vaso-cubero\/cubero-swirl\/#primaryimage","url":"https:\/\/glass-glass.com.mx\/wp-content\/uploads\/2023\/08\/GCVACA019-1.jpg","contentUrl":"https:\/\/glass-glass.com.mx\/wp-content\/uploads\/2023\/08\/GCVACA019-1.jpg","width":700,"height":700,"caption":"VASO CUBERO SWIRL"},{"@type":"BreadcrumbList","@id":"https:\/\/glass-glass.com.mx\/hogar-y-cristaleria\/vasos\/vaso-cubero\/cubero-swirl\/#breadcrumb","itemListElement":[{"@type":"ListItem","position":1,"name":"Inicio","item":"https:\/\/glass-glass.com.mx\/"},{"@type":"ListItem","position":2,"name":"Productos","item":"https:\/\/glass-glass.com.mx\/productos\/"},{"@type":"ListItem","position":3,"name":"CUBERO SWIRL"}]},{"@type":"WebSite","@id":"https:\/\/glass-glass.com.mx\/#website","url":"https:\/\/glass-glass.com.mx\/","name":"Glass &amp; Glass","description":"360\u00b0 de pureza","potentialAction":[{"@type":"SearchAction","target":{"@type":"EntryPoint","urlTemplate":"https:\/\/glass-glass.com.mx\/?s={search_term_string}"},"query-input":{"@type":"PropertyValueSpecification","valueRequired":true,"valueName":"search_term_string"}}],"inLanguage":"en-US"}]}},"_links":{"self":[{"href":"https:\/\/glass-glass.com.mx\/en\/wp-json\/wp\/v2\/product\/16103","targetHints":{"allow":["GET"]}}],"collection":[{"href":"https:\/\/glass-glass.com.mx\/en\/wp-json\/wp\/v2\/product"}],"about":[{"href":"https:\/\/glass-glass.com.mx\/en\/wp-json\/wp\/v2\/types\/product"}],"version-history":[{"count":5,"href":"https:\/\/glass-glass.com.mx\/en\/wp-json\/wp\/v2\/product\/16103\/revisions"}],"predecessor-version":[{"id":17501,"href":"https:\/\/glass-glass.com.mx\/en\/wp-json\/wp\/v2\/product\/16103\/revisions\/17501"}],"wp:featuredmedia":[{"embeddable":true,"href":"https:\/\/glass-glass.com.mx\/en\/wp-json\/wp\/v2\/media\/17497"}],"wp:attachment":[{"href":"https:\/\/glass-glass.com.mx\/en\/wp-json\/wp\/v2\/media?parent=16103"}],"wp:term":[{"taxonomy":"product_brand","embeddable":true,"href":"https:\/\/glass-glass.com.mx\/en\/wp-json\/wp\/v2\/product_brand?post=16103"},{"taxonomy":"product_cat","embeddable":true,"href":"https:\/\/glass-glass.com.mx\/en\/wp-json\/wp\/v2\/product_cat?post=16103"},{"taxonomy":"product_tag","embeddable":true,"href":"https:\/\/glass-glass.com.mx\/en\/wp-json\/wp\/v2\/product_tag?post=16103"}],"curies":[{"name":"wp","href":"https:\/\/api.w.org\/{rel}","templated":true}]}}