{"id":16083,"date":"2023-08-25T19:18:29","date_gmt":"2023-08-26T01:18:29","guid":{"rendered":"https:\/\/glass-glass.com.mx\/sin%20categor\u00eda\/cafetero-lineas-horizontales\/"},"modified":"2023-10-03T22:43:51","modified_gmt":"2023-10-04T04:43:51","slug":"cafetero-lineas-horizontales","status":"publish","type":"product","link":"https:\/\/glass-glass.com.mx\/en\/hogar-y-cristaleria\/vasos\/vaso-cafetero\/cafetero-lineas-horizontales\/","title":{"rendered":"COFFEE GLASS WITH HORIZONTAL LINES"},"content":{"rendered":"<p><img class='alignnone size-full' src='https:\/\/glass-glass.com.mx\/wp-content\/uploads\/2023\/08\/GCVACA017-sketch.jpg' \/><\/p>","protected":false},"excerpt":{"rendered":"<p>Coffee glass with horizontal lines<\/p>\n<p><b>Style:<\/b> Its well defined horizontal lines immediately entail a sophisticated and elegant character, that also invites our palates to enjoy its content in layers. <\/p>\n<p><b>Ideal Use:<\/b> Well-fitted for banquets or other events in the world of entertainment since it enjoys a multipurpose character. <\/p>\n<p><b>Additional features:<\/b> Having been built as a simple, bulky and heat-resistant element, this lead-free glass ensures a long useful and comfortable life. <\/p>\n<p><b>Manageability:<\/b> Packed in practical cardboard boxes, makes distribution, storage and transport processes faster, rendering it the best bet for any event. Orders are delivered in 2,000 unit pallets.<\/p>","protected":false},"featured_media":16078,"template":"","meta":{"_joinchat":[]},"product_brand":[],"product_cat":[87],"product_tag":[],"class_list":{"0":"post-16083","1":"product","2":"type-product","3":"status-publish","4":"has-post-thumbnail","6":"product_cat-vaso-cafetero","7":"pa_capacidad-ml-255-ml","8":"pa_capacidad-onzas-8-62-oz","10":"first","11":"instock","12":"shipping-taxable","13":"product-type-simple"},"yoast_head":"<!-- This site is optimized with the Yoast SEO plugin v23.6 - https:\/\/yoast.com\/wordpress\/plugins\/seo\/ -->\n<title>CAFETERO LINEAS HORIZONTALES - Glass &amp; Glass<\/title>\n<meta name=\"robots\" content=\"index, follow, max-snippet:-1, max-image-preview:large, max-video-preview:-1\" \/>\n<link rel=\"canonical\" href=\"https:\/\/glass-glass.com.mx\/en\/hogar-y-cristaleria\/vasos\/vaso-cafetero\/cafetero-lineas-horizontales\/\" \/>\n<meta property=\"og:locale\" content=\"en_US\" \/>\n<meta property=\"og:type\" content=\"article\" \/>\n<meta property=\"og:title\" content=\"CAFETERO LINEAS HORIZONTALES - Glass &amp; Glass\" \/>\n<meta property=\"og:description\" content=\"Vaso con l\u00edneas horizontales Glass &amp; Glass Estilo: Elegante y sofisticado con l\u00edneas horizontales bien definidas. El modelo de vaso cafetero de lineas horizontales resalta un acento c\u00e1lido y hogare\u00f1o. Sus trazos remiten a bebidas que se disfrutan por capas e invitan a descubrir su contenido en cada nivel.  Uso Ideal: Es ideal para alimentos y bebidas en banquetes, eventos, el sector hotelero y de entretenimiento. Este modelo de vaso cafetero de Glass &amp; Glass tiene m\u00e1s de un prop\u00f3sito de uso y puede implementarse para veladoras y otros usos secundarios.  Caracter\u00edsticas Adicionales: El vaso cafetero de l\u00edneas horizontales de Glass &amp; Glass es resistente a altas temperaturas, garantizando una vida \u00fatil prolongada, altamente duradero, libre de plomo, c\u00f3modo para tomar y de una medida estandar para disfrutar una bebida.  Maniobrabilidad: Empaquetado en cajas de cart\u00f3n, facilita la distribuci\u00f3n, almacenamiento y transporte, siendo ideal para grandes pedidos y eventos. La entrega del vaso cafetero de l\u00edneas horizontales es en tarimas de 2,000 unidades.\" \/>\n<meta property=\"og:url\" content=\"https:\/\/glass-glass.com.mx\/en\/hogar-y-cristaleria\/vasos\/vaso-cafetero\/cafetero-lineas-horizontales\/\" \/>\n<meta property=\"og:site_name\" content=\"Glass &amp; Glass\" \/>\n<meta property=\"article:modified_time\" content=\"2023-10-04T04:43:51+00:00\" \/>\n<meta property=\"og:image\" content=\"https:\/\/glass-glass.com.mx\/wp-content\/uploads\/2023\/08\/GCVACA017.jpg\" \/>\n\t<meta property=\"og:image:width\" content=\"800\" \/>\n\t<meta property=\"og:image:height\" content=\"800\" \/>\n\t<meta property=\"og:image:type\" content=\"image\/jpeg\" \/>\n<meta name=\"twitter:card\" content=\"summary_large_image\" \/>\n<script type=\"application\/ld+json\" class=\"yoast-schema-graph\">{\"@context\":\"https:\/\/schema.org\",\"@graph\":[{\"@type\":\"WebPage\",\"@id\":\"https:\/\/glass-glass.com.mx\/hogar-y-cristaleria\/vasos\/vaso-cafetero\/cafetero-lineas-horizontales\/\",\"url\":\"https:\/\/glass-glass.com.mx\/hogar-y-cristaleria\/vasos\/vaso-cafetero\/cafetero-lineas-horizontales\/\",\"name\":\"CAFETERO LINEAS HORIZONTALES - Glass &amp; Glass\",\"isPartOf\":{\"@id\":\"https:\/\/glass-glass.com.mx\/#website\"},\"primaryImageOfPage\":{\"@id\":\"https:\/\/glass-glass.com.mx\/hogar-y-cristaleria\/vasos\/vaso-cafetero\/cafetero-lineas-horizontales\/#primaryimage\"},\"image\":{\"@id\":\"https:\/\/glass-glass.com.mx\/hogar-y-cristaleria\/vasos\/vaso-cafetero\/cafetero-lineas-horizontales\/#primaryimage\"},\"thumbnailUrl\":\"https:\/\/glass-glass.com.mx\/wp-content\/uploads\/2023\/08\/GCVACA017.jpg\",\"datePublished\":\"2023-08-26T01:18:29+00:00\",\"dateModified\":\"2023-10-04T04:43:51+00:00\",\"breadcrumb\":{\"@id\":\"https:\/\/glass-glass.com.mx\/hogar-y-cristaleria\/vasos\/vaso-cafetero\/cafetero-lineas-horizontales\/#breadcrumb\"},\"inLanguage\":\"en-US\",\"potentialAction\":[{\"@type\":\"ReadAction\",\"target\":[\"https:\/\/glass-glass.com.mx\/hogar-y-cristaleria\/vasos\/vaso-cafetero\/cafetero-lineas-horizontales\/\"]}]},{\"@type\":\"ImageObject\",\"inLanguage\":\"en-US\",\"@id\":\"https:\/\/glass-glass.com.mx\/hogar-y-cristaleria\/vasos\/vaso-cafetero\/cafetero-lineas-horizontales\/#primaryimage\",\"url\":\"https:\/\/glass-glass.com.mx\/wp-content\/uploads\/2023\/08\/GCVACA017.jpg\",\"contentUrl\":\"https:\/\/glass-glass.com.mx\/wp-content\/uploads\/2023\/08\/GCVACA017.jpg\",\"width\":800,\"height\":800,\"caption\":\"VASO CAFETERO LINEAS HORIZONTALES\"},{\"@type\":\"BreadcrumbList\",\"@id\":\"https:\/\/glass-glass.com.mx\/hogar-y-cristaleria\/vasos\/vaso-cafetero\/cafetero-lineas-horizontales\/#breadcrumb\",\"itemListElement\":[{\"@type\":\"ListItem\",\"position\":1,\"name\":\"Inicio\",\"item\":\"https:\/\/glass-glass.com.mx\/\"},{\"@type\":\"ListItem\",\"position\":2,\"name\":\"Productos\",\"item\":\"https:\/\/glass-glass.com.mx\/productos\/\"},{\"@type\":\"ListItem\",\"position\":3,\"name\":\"CAFETERO LINEAS HORIZONTALES\"}]},{\"@type\":\"WebSite\",\"@id\":\"https:\/\/glass-glass.com.mx\/#website\",\"url\":\"https:\/\/glass-glass.com.mx\/\",\"name\":\"Glass &amp; Glass\",\"description\":\"360\u00b0 de pureza\",\"potentialAction\":[{\"@type\":\"SearchAction\",\"target\":{\"@type\":\"EntryPoint\",\"urlTemplate\":\"https:\/\/glass-glass.com.mx\/?s={search_term_string}\"},\"query-input\":{\"@type\":\"PropertyValueSpecification\",\"valueRequired\":true,\"valueName\":\"search_term_string\"}}],\"inLanguage\":\"en-US\"}]}<\/script>\n<!-- \/ Yoast SEO plugin. -->","yoast_head_json":{"title":"CAFETERO LINEAS HORIZONTALES - Glass &amp; Glass","robots":{"index":"index","follow":"follow","max-snippet":"max-snippet:-1","max-image-preview":"max-image-preview:large","max-video-preview":"max-video-preview:-1"},"canonical":"https:\/\/glass-glass.com.mx\/en\/hogar-y-cristaleria\/vasos\/vaso-cafetero\/cafetero-lineas-horizontales\/","og_locale":"en_US","og_type":"article","og_title":"CAFETERO LINEAS HORIZONTALES - Glass &amp; Glass","og_description":"Vaso con l\u00edneas horizontales Glass & Glass Estilo: Elegante y sofisticado con l\u00edneas horizontales bien definidas. El modelo de vaso cafetero de lineas horizontales resalta un acento c\u00e1lido y hogare\u00f1o. Sus trazos remiten a bebidas que se disfrutan por capas e invitan a descubrir su contenido en cada nivel.  Uso Ideal: Es ideal para alimentos y bebidas en banquetes, eventos, el sector hotelero y de entretenimiento. Este modelo de vaso cafetero de Glass & Glass tiene m\u00e1s de un prop\u00f3sito de uso y puede implementarse para veladoras y otros usos secundarios.  Caracter\u00edsticas Adicionales: El vaso cafetero de l\u00edneas horizontales de Glass & Glass es resistente a altas temperaturas, garantizando una vida \u00fatil prolongada, altamente duradero, libre de plomo, c\u00f3modo para tomar y de una medida estandar para disfrutar una bebida.  Maniobrabilidad: Empaquetado en cajas de cart\u00f3n, facilita la distribuci\u00f3n, almacenamiento y transporte, siendo ideal para grandes pedidos y eventos. La entrega del vaso cafetero de l\u00edneas horizontales es en tarimas de 2,000 unidades.","og_url":"https:\/\/glass-glass.com.mx\/en\/hogar-y-cristaleria\/vasos\/vaso-cafetero\/cafetero-lineas-horizontales\/","og_site_name":"Glass &amp; Glass","article_modified_time":"2023-10-04T04:43:51+00:00","og_image":[{"width":800,"height":800,"url":"https:\/\/glass-glass.com.mx\/wp-content\/uploads\/2023\/08\/GCVACA017.jpg","type":"image\/jpeg"}],"twitter_card":"summary_large_image","schema":{"@context":"https:\/\/schema.org","@graph":[{"@type":"WebPage","@id":"https:\/\/glass-glass.com.mx\/hogar-y-cristaleria\/vasos\/vaso-cafetero\/cafetero-lineas-horizontales\/","url":"https:\/\/glass-glass.com.mx\/hogar-y-cristaleria\/vasos\/vaso-cafetero\/cafetero-lineas-horizontales\/","name":"CAFETERO LINEAS HORIZONTALES - Glass &amp; Glass","isPartOf":{"@id":"https:\/\/glass-glass.com.mx\/#website"},"primaryImageOfPage":{"@id":"https:\/\/glass-glass.com.mx\/hogar-y-cristaleria\/vasos\/vaso-cafetero\/cafetero-lineas-horizontales\/#primaryimage"},"image":{"@id":"https:\/\/glass-glass.com.mx\/hogar-y-cristaleria\/vasos\/vaso-cafetero\/cafetero-lineas-horizontales\/#primaryimage"},"thumbnailUrl":"https:\/\/glass-glass.com.mx\/wp-content\/uploads\/2023\/08\/GCVACA017.jpg","datePublished":"2023-08-26T01:18:29+00:00","dateModified":"2023-10-04T04:43:51+00:00","breadcrumb":{"@id":"https:\/\/glass-glass.com.mx\/hogar-y-cristaleria\/vasos\/vaso-cafetero\/cafetero-lineas-horizontales\/#breadcrumb"},"inLanguage":"en-US","potentialAction":[{"@type":"ReadAction","target":["https:\/\/glass-glass.com.mx\/hogar-y-cristaleria\/vasos\/vaso-cafetero\/cafetero-lineas-horizontales\/"]}]},{"@type":"ImageObject","inLanguage":"en-US","@id":"https:\/\/glass-glass.com.mx\/hogar-y-cristaleria\/vasos\/vaso-cafetero\/cafetero-lineas-horizontales\/#primaryimage","url":"https:\/\/glass-glass.com.mx\/wp-content\/uploads\/2023\/08\/GCVACA017.jpg","contentUrl":"https:\/\/glass-glass.com.mx\/wp-content\/uploads\/2023\/08\/GCVACA017.jpg","width":800,"height":800,"caption":"VASO CAFETERO LINEAS HORIZONTALES"},{"@type":"BreadcrumbList","@id":"https:\/\/glass-glass.com.mx\/hogar-y-cristaleria\/vasos\/vaso-cafetero\/cafetero-lineas-horizontales\/#breadcrumb","itemListElement":[{"@type":"ListItem","position":1,"name":"Inicio","item":"https:\/\/glass-glass.com.mx\/"},{"@type":"ListItem","position":2,"name":"Productos","item":"https:\/\/glass-glass.com.mx\/productos\/"},{"@type":"ListItem","position":3,"name":"CAFETERO LINEAS HORIZONTALES"}]},{"@type":"WebSite","@id":"https:\/\/glass-glass.com.mx\/#website","url":"https:\/\/glass-glass.com.mx\/","name":"Glass &amp; Glass","description":"360\u00b0 de pureza","potentialAction":[{"@type":"SearchAction","target":{"@type":"EntryPoint","urlTemplate":"https:\/\/glass-glass.com.mx\/?s={search_term_string}"},"query-input":{"@type":"PropertyValueSpecification","valueRequired":true,"valueName":"search_term_string"}}],"inLanguage":"en-US"}]}},"_links":{"self":[{"href":"https:\/\/glass-glass.com.mx\/en\/wp-json\/wp\/v2\/product\/16083","targetHints":{"allow":["GET"]}}],"collection":[{"href":"https:\/\/glass-glass.com.mx\/en\/wp-json\/wp\/v2\/product"}],"about":[{"href":"https:\/\/glass-glass.com.mx\/en\/wp-json\/wp\/v2\/types\/product"}],"version-history":[{"count":3,"href":"https:\/\/glass-glass.com.mx\/en\/wp-json\/wp\/v2\/product\/16083\/revisions"}],"predecessor-version":[{"id":16731,"href":"https:\/\/glass-glass.com.mx\/en\/wp-json\/wp\/v2\/product\/16083\/revisions\/16731"}],"wp:featuredmedia":[{"embeddable":true,"href":"https:\/\/glass-glass.com.mx\/en\/wp-json\/wp\/v2\/media\/16078"}],"wp:attachment":[{"href":"https:\/\/glass-glass.com.mx\/en\/wp-json\/wp\/v2\/media?parent=16083"}],"wp:term":[{"taxonomy":"product_brand","embeddable":true,"href":"https:\/\/glass-glass.com.mx\/en\/wp-json\/wp\/v2\/product_brand?post=16083"},{"taxonomy":"product_cat","embeddable":true,"href":"https:\/\/glass-glass.com.mx\/en\/wp-json\/wp\/v2\/product_cat?post=16083"},{"taxonomy":"product_tag","embeddable":true,"href":"https:\/\/glass-glass.com.mx\/en\/wp-json\/wp\/v2\/product_tag?post=16083"}],"curies":[{"name":"wp","href":"https:\/\/api.w.org\/{rel}","templated":true}]}}