{"id":18313,"date":"2024-09-02T20:34:04","date_gmt":"2024-09-03T01:34:04","guid":{"rendered":"https:\/\/glass-glass.com.mx\/?page_id=18313"},"modified":"2024-09-26T14:31:29","modified_gmt":"2024-09-26T19:31:29","slug":"personalizacion","status":"publish","type":"page","link":"https:\/\/glass-glass.com.mx\/en\/personalizacion\/","title":{"rendered":"Customization"},"content":{"rendered":"<div data-elementor-type=\"wp-page\" data-elementor-id=\"18313\" class=\"elementor elementor-18313\">\n\t\t\t\t\t\t<section class=\"wd-negative-gap elementor-section elementor-top-section elementor-element elementor-element-e41b5d8 wd-section-stretch sinfondo-xs elementor-section-boxed elementor-section-height-default elementor-section-height-default\" data-id=\"e41b5d8\" data-element_type=\"section\" data-settings=\"{&quot;background_background&quot;:&quot;classic&quot;}\">\n\t\t\t\t\t\t\t<div class=\"elementor-background-overlay\"><\/div>\n\t\t\t\t\t\t\t<div class=\"elementor-container elementor-column-gap-default\">\n\t\t\t\t\t<div class=\"elementor-column elementor-col-100 elementor-top-column elementor-element elementor-element-8a5fd9c\" data-id=\"8a5fd9c\" data-element_type=\"column\">\n\t\t\t<div class=\"elementor-widget-wrap elementor-element-populated\">\n\t\t\t\t\t\t<section class=\"wd-negative-gap elementor-section elementor-inner-section elementor-element elementor-element-871f4bd elementor-section-boxed elementor-section-height-default elementor-section-height-default\" data-id=\"871f4bd\" data-element_type=\"section\">\n\t\t\t\t\t\t<div class=\"elementor-container elementor-column-gap-wider\">\n\t\t\t\t\t<div class=\"elementor-column elementor-col-100 elementor-inner-column elementor-element elementor-element-28019a4\" data-id=\"28019a4\" data-element_type=\"column\">\n\t\t\t<div class=\"elementor-widget-wrap elementor-element-populated\">\n\t\t\t\t\t\t<div class=\"elementor-element elementor-element-8f16044 elementor-invisible elementor-widget elementor-widget-heading\" data-id=\"8f16044\" data-element_type=\"widget\" data-settings=\"{&quot;_animation&quot;:&quot;fadeIn&quot;,&quot;_animation_delay&quot;:500}\" data-widget_type=\"heading.default\">\n\t\t\t\t<div class=\"elementor-widget-container\">\n\t\t\t<h2 class=\"elementor-heading-title elementor-size-default\">Customization<\/h2>\t\t<\/div>\n\t\t\t\t<\/div>\n\t\t\t\t<div class=\"elementor-element elementor-element-96e1832 elementor-widget elementor-widget-heading\" data-id=\"96e1832\" data-element_type=\"widget\" data-widget_type=\"heading.default\">\n\t\t\t\t<div class=\"elementor-widget-container\">\n\t\t\t<h2 class=\"elementor-heading-title elementor-size-default\">Transmite la identidad de tu marca de manera efectiva<\/h2>\t\t<\/div>\n\t\t\t\t<\/div>\n\t\t\t\t<div class=\"elementor-element elementor-element-5aca304 premium-svg-animated-yes elementor-widget elementor-widget-premium-svg-drawer\" data-id=\"5aca304\" data-element_type=\"widget\" data-settings=\"{&quot;animate_start_point&quot;:{&quot;unit&quot;:&quot;%&quot;,&quot;size&quot;:0,&quot;sizes&quot;:[]},&quot;scroll_action&quot;:&quot;viewport&quot;,&quot;animate_offset&quot;:{&quot;unit&quot;:&quot;%&quot;,&quot;size&quot;:50,&quot;sizes&quot;:[]},&quot;draw_speed&quot;:{&quot;unit&quot;:&quot;px&quot;,&quot;size&quot;:0.3,&quot;sizes&quot;:[]}}\" data-widget_type=\"premium-svg-drawer.default\">\n\t\t\t\t<div class=\"elementor-widget-container\">\n\t\t\t\r\n\t\t\t<div class=\"premium-svg-draw elementor-invisible\">\r\n\r\n\t\t\t\t\r\n\t\t\t\t\r\n\t\t\t\t\t\t\t\t\t\t<i id=\"premium-svg-icon-5aca304\" class=\"premium-svg-icon fas fa-chevron-down\" aria-hidden=\"true\" data-start=\"manual\"><\/i>\r\n\t\t\t\t\r\n\t\t\t\t\r\n\t\t\t<\/div>\r\n\r\n\t\t\t\t<\/div>\n\t\t\t\t<\/div>\n\t\t\t\t\t<\/div>\n\t\t<\/div>\n\t\t\t\t\t<\/div>\n\t\t<\/section>\n\t\t\t\t\t<\/div>\n\t\t<\/div>\n\t\t\t\t\t<\/div>\n\t\t<\/section>\n\t\t\t\t<section class=\"wd-negative-gap elementor-section elementor-top-section elementor-element elementor-element-1091d4d wd-section-stretch elementor-section-boxed elementor-section-height-default elementor-section-height-default\" data-id=\"1091d4d\" data-element_type=\"section\">\n\t\t\t\t\t\t<div class=\"elementor-container elementor-column-gap-default\">\n\t\t\t\t\t<div class=\"elementor-column elementor-col-100 elementor-top-column elementor-element elementor-element-23a060f\" data-id=\"23a060f\" data-element_type=\"column\">\n\t\t\t<div class=\"elementor-widget-wrap elementor-element-populated\">\n\t\t\t\t\t\t<div class=\"elementor-element elementor-element-f7ce995 wd-width-100 elementor-widget elementor-widget-wd_products\" data-id=\"f7ce995\" data-element_type=\"widget\" data-widget_type=\"wd_products.default\">\n\t\t\t\t<div class=\"elementor-widget-container\">\n\t\t\t\t\t\t\t\t<div class=\"wd-products-element\">\n\n\t\t\t\n\t\t\t\n\t\t\t\n\t\t\t\n\t\t\t<div class=\"products wd-products grid-columns-3 elements-grid wd-grid-g\" data-paged=\"1\" data-atts=\"{&quot;carousel_id&quot;:&quot;5000&quot;,&quot;speed&quot;:null,&quot;slides_per_view&quot;:null,&quot;slides_per_view_tablet&quot;:{&quot;size&quot;:&quot;&quot;},&quot;slides_per_view_mobile&quot;:{&quot;size&quot;:&quot;&quot;},&quot;wrap&quot;:null,&quot;loop&quot;:false,&quot;autoplay&quot;:null,&quot;autoheight&quot;:null,&quot;hide_pagination_control&quot;:null,&quot;hide_pagination_control_tablet&quot;:&quot;yes&quot;,&quot;hide_pagination_control_mobile&quot;:&quot;yes&quot;,&quot;dynamic_pagination_control&quot;:null,&quot;hide_prev_next_buttons&quot;:null,&quot;carousel_arrows_position&quot;:null,&quot;hide_scrollbar&quot;:null,&quot;hide_scrollbar_tablet&quot;:&quot;yes&quot;,&quot;hide_scrollbar_mobile&quot;:&quot;yes&quot;,&quot;scroll_per_page&quot;:null,&quot;dragEndSpeed&quot;:200,&quot;center_mode&quot;:null,&quot;custom_sizes&quot;:false,&quot;sliding_speed&quot;:false,&quot;animation&quot;:false,&quot;content_animation&quot;:false,&quot;post_type&quot;:&quot;product&quot;,&quot;slider&quot;:&quot;&quot;,&quot;library&quot;:&quot;&quot;,&quot;css&quot;:&quot;&quot;,&quot;effect&quot;:&quot;&quot;,&quot;spacing&quot;:&quot;&quot;,&quot;spacing_tablet&quot;:&quot;&quot;,&quot;spacing_mobile&quot;:&quot;&quot;,&quot;carousel_sync&quot;:null,&quot;sync_parent_id&quot;:null,&quot;sync_child_id&quot;:null,&quot;scroll_carousel_init&quot;:null,&quot;disable_overflow_carousel&quot;:null,&quot;element_title&quot;:&quot;&quot;,&quot;element_title_tag&quot;:&quot;h4&quot;,&quot;query_post_type&quot;:&quot;product&quot;,&quot;include&quot;:null,&quot;taxonomies&quot;:[&quot;197&quot;],&quot;offset&quot;:&quot;&quot;,&quot;orderby&quot;:&quot;title&quot;,&quot;query_type&quot;:&quot;OR&quot;,&quot;order&quot;:null,&quot;meta_key&quot;:null,&quot;exclude&quot;:&quot;&quot;,&quot;shop_tools&quot;:null,&quot;hide_out_of_stock&quot;:&quot;no&quot;,&quot;ajax_recently_viewed&quot;:null,&quot;layout&quot;:&quot;grid&quot;,&quot;pagination&quot;:&quot;&quot;,&quot;pagination_arrows_position&quot;:null,&quot;items_per_page&quot;:12,&quot;columns&quot;:{&quot;unit&quot;:&quot;px&quot;,&quot;size&quot;:3,&quot;sizes&quot;:[]},&quot;columns_tablet&quot;:{&quot;size&quot;:&quot;&quot;},&quot;columns_mobile&quot;:{&quot;size&quot;:&quot;&quot;},&quot;products_masonry&quot;:&quot;&quot;,&quot;products_different_sizes&quot;:&quot;&quot;,&quot;product_quantity&quot;:&quot;&quot;,&quot;product_hover&quot;:&quot;standard&quot;,&quot;sale_countdown&quot;:&quot;0&quot;,&quot;stretch_product&quot;:&quot;0&quot;,&quot;stretch_product_tablet&quot;:0,&quot;stretch_product_mobile&quot;:0,&quot;stock_progress_bar&quot;:&quot;0&quot;,&quot;highlighted_products&quot;:&quot;0&quot;,&quot;products_bordered_grid&quot;:&quot;0&quot;,&quot;products_bordered_grid_style&quot;:null,&quot;products_with_background&quot;:&quot;0&quot;,&quot;products_shadow&quot;:&quot;0&quot;,&quot;products_color_scheme&quot;:&quot;default&quot;,&quot;img_size&quot;:&quot;full&quot;,&quot;img_size_custom&quot;:null,&quot;grid_gallery&quot;:&quot;&quot;,&quot;grid_gallery_control&quot;:null,&quot;grid_gallery_enable_arrows&quot;:null,&quot;ajax_page&quot;:&quot;&quot;,&quot;force_not_ajax&quot;:&quot;no&quot;,&quot;lazy_loading&quot;:&quot;no&quot;,&quot;elementor&quot;:true,&quot;wrapper_classes&quot;:&quot;&quot;}\" data-source=\"shortcode\" data-columns=\"3\" data-grid-gallery=\"\" style=\"--wd-col-lg:3;--wd-col-md:3;--wd-col-sm:2;--wd-gap-lg:20px;--wd-gap-sm:10px;\">\n\t\t\n\t\t\t\t\t\t\t\t<div class=\"wd-product wd-hover-standard wd-col product-grid-item product type-product post-16052 status-publish instock product_cat-personalizados has-post-thumbnail sold-individually shipping-taxable purchasable product-type-variable\" data-loop=\"1\" data-id=\"16052\">\n\t\n\t\n<div class=\"product-wrapper\">\n\t<div class=\"product-element-top wd-quick-shop\">\n\t\t<a href=\"https:\/\/glass-glass.com.mx\/en\/personalizados\/licorera-genova-personalizada\/\" class=\"product-image-link\">\n\t\t\t<img fetchpriority=\"high\" decoding=\"async\" width=\"700\" height=\"700\" src=\"https:\/\/glass-glass.com.mx\/wp-content\/uploads\/2023\/10\/LIC0001-1.jpg\" class=\"attachment-full size-full\" alt=\"BOTELLA DE VINO LICORERA G\u00c9NOVA\" srcset=\"https:\/\/glass-glass.com.mx\/wp-content\/uploads\/2023\/10\/LIC0001-1.jpg 700w, https:\/\/glass-glass.com.mx\/wp-content\/uploads\/2023\/10\/LIC0001-1-300x300.jpg 300w, https:\/\/glass-glass.com.mx\/wp-content\/uploads\/2023\/10\/LIC0001-1-150x150.jpg 150w, https:\/\/glass-glass.com.mx\/wp-content\/uploads\/2023\/10\/LIC0001-1-430x430.jpg 430w, https:\/\/glass-glass.com.mx\/wp-content\/uploads\/2023\/10\/LIC0001-1-120x120.jpg 120w\" sizes=\"(max-width: 700px) 100vw, 700px\" \/>\t\t<\/a>\n\n\t\t\n\t\t<div class=\"wd-buttons wd-pos-r-t\">\n\t\t\t\t\t\t\t\t\t\t\t<div class=\"quick-view wd-action-btn wd-style-icon wd-quick-view-icon\">\n\t\t\t<a\n\t\t\t\thref=\"https:\/\/glass-glass.com.mx\/en\/personalizados\/licorera-genova-personalizada\/\"\n\t\t\t\tclass=\"open-quick-view quick-view-button\"\n\t\t\t\trel=\"nofollow\"\n\t\t\t\tdata-id=\"16052\"\n\t\t\t\t>Quick view<\/a>\n\t\t<\/div>\n\t\t\t\t\t\t\t<\/div>\n\t<\/div>\n\n\t\n\t\n\t<h3 class=\"wd-entities-title\"><a href=\"https:\/\/glass-glass.com.mx\/en\/personalizados\/licorera-genova-personalizada\/\">CUSTOMIZED GENOVA BOTTLE<\/a><\/h3>\n\t\t\t<div class=\"wd-product-cats\">\n\t\t\t<a href=\"https:\/\/glass-glass.com.mx\/en\/personalizados\/\" rel=\"tag\">Customized<\/a>\t\t<\/div>\n\t\t\t\t\n\t\n\t<span class=\"price\"><span class=\"woocommerce-Price-amount amount\"><bdi><span class=\"woocommerce-Price-currencySymbol\">&#36;<\/span>0.00<\/bdi><\/span><\/span>\n\n\t<div class=\"wd-add-btn wd-add-btn-replace\">\n\t\t\n\t\t<a href=\"https:\/\/glass-glass.com.mx\/en\/personalizados\/licorera-genova-personalizada\/\" aria-describedby=\"woocommerce_loop_add_to_cart_link_describedby_16052\" data-quantity=\"1\" class=\"button product_type_variable add_to_cart_button add-to-cart-loop\" data-product_id=\"16052\" data-product_sku=\"\" aria-label=\"Select options for \u201cLICORERA G\u00c9NOVA PERSONALIZADA\u201d\" rel=\"nofollow\" data-no-translation-aria-label=\"\"><span data-no-translation=\"\" data-trp-gettext=\"\">Select options<\/span><\/a>\t<span id=\"woocommerce_loop_add_to_cart_link_describedby_16052\" class=\"screen-reader-text\">\n\t\tThis product has multiple variants. The options may be chosen on the product page\t<\/span>\n\t<\/div>\n\n\t<a href=\"https:\/\/glass-glass.com.mx\/en\/personalizados\/licorera-genova-personalizada\/\" rel=\"nofollow\" class=\"button fpd-catalog-customize\" style=\"width: 100%; margin: 10px 0;\">Customize<\/a>\n\t\n\t\t<\/div>\n<\/div>\n\t\t\n\t\t\t\t<\/div>\n\t\n\t\t\n\t\t\n\t\t\t\t\t<\/div>\n\t\t\n\t\t\t\t<\/div>\n\t\t\t\t<\/div>\n\t\t\t\t\t<\/div>\n\t\t<\/div>\n\t\t\t\t\t<\/div>\n\t\t<\/section>\n\t\t\t\t<\/div>","protected":false},"excerpt":{"rendered":"<p>Personalizaci\u00f3n Transmite la identidad de tu marca de manera efectiva Quick view LICORERA G\u00c9NOVA PERSONALIZADA Personalizados &#36;0.00 Seleccionar opciones<\/p>","protected":false},"author":24,"featured_media":0,"parent":0,"menu_order":0,"comment_status":"closed","ping_status":"closed","template":"","meta":{"_joinchat":[],"footnotes":""},"class_list":["post-18313","page","type-page","status-publish","hentry"],"yoast_head":"<!-- This site is optimized with the Yoast SEO plugin v23.6 - https:\/\/yoast.com\/wordpress\/plugins\/seo\/ -->\n<title>Personalizaci\u00f3n - Glass &amp; Glass<\/title>\n<meta name=\"robots\" content=\"index, follow, max-snippet:-1, max-image-preview:large, max-video-preview:-1\" \/>\n<link rel=\"canonical\" href=\"https:\/\/glass-glass.com.mx\/en\/personalizacion\/\" \/>\n<meta property=\"og:locale\" content=\"en_US\" \/>\n<meta property=\"og:type\" content=\"article\" \/>\n<meta property=\"og:title\" content=\"Personalizaci\u00f3n - Glass &amp; Glass\" \/>\n<meta property=\"og:description\" content=\"Personalizaci\u00f3n Transmite la identidad de tu marca de manera efectiva Quick view LICORERA G\u00c9NOVA PERSONALIZADA Personalizados &#036;0.00 Seleccionar opciones\" \/>\n<meta property=\"og:url\" content=\"https:\/\/glass-glass.com.mx\/en\/personalizacion\/\" \/>\n<meta property=\"og:site_name\" content=\"Glass &amp; Glass\" \/>\n<meta property=\"article:modified_time\" content=\"2024-09-26T19:31:29+00:00\" \/>\n<meta property=\"og:image\" content=\"https:\/\/glass-glass.com.mx\/wp-content\/uploads\/2023\/10\/LIC0001-1.jpg\" \/>\n<meta name=\"twitter:card\" content=\"summary_large_image\" \/>\n<meta name=\"twitter:label1\" content=\"Est. reading time\" \/>\n\t<meta name=\"twitter:data1\" content=\"1 minute\" \/>\n<script type=\"application\/ld+json\" class=\"yoast-schema-graph\">{\"@context\":\"https:\/\/schema.org\",\"@graph\":[{\"@type\":\"WebPage\",\"@id\":\"https:\/\/glass-glass.com.mx\/personalizacion\/\",\"url\":\"https:\/\/glass-glass.com.mx\/personalizacion\/\",\"name\":\"Personalizaci\u00f3n - Glass &amp; Glass\",\"isPartOf\":{\"@id\":\"https:\/\/glass-glass.com.mx\/#website\"},\"primaryImageOfPage\":{\"@id\":\"https:\/\/glass-glass.com.mx\/personalizacion\/#primaryimage\"},\"image\":{\"@id\":\"https:\/\/glass-glass.com.mx\/personalizacion\/#primaryimage\"},\"thumbnailUrl\":\"https:\/\/glass-glass.com.mx\/wp-content\/uploads\/2023\/10\/LIC0001-1.jpg\",\"datePublished\":\"2024-09-03T01:34:04+00:00\",\"dateModified\":\"2024-09-26T19:31:29+00:00\",\"breadcrumb\":{\"@id\":\"https:\/\/glass-glass.com.mx\/personalizacion\/#breadcrumb\"},\"inLanguage\":\"en-US\",\"potentialAction\":[{\"@type\":\"ReadAction\",\"target\":[\"https:\/\/glass-glass.com.mx\/personalizacion\/\"]}]},{\"@type\":\"ImageObject\",\"inLanguage\":\"en-US\",\"@id\":\"https:\/\/glass-glass.com.mx\/personalizacion\/#primaryimage\",\"url\":\"https:\/\/glass-glass.com.mx\/wp-content\/uploads\/2023\/10\/LIC0001-1.jpg\",\"contentUrl\":\"https:\/\/glass-glass.com.mx\/wp-content\/uploads\/2023\/10\/LIC0001-1.jpg\"},{\"@type\":\"BreadcrumbList\",\"@id\":\"https:\/\/glass-glass.com.mx\/personalizacion\/#breadcrumb\",\"itemListElement\":[{\"@type\":\"ListItem\",\"position\":1,\"name\":\"Inicio\",\"item\":\"https:\/\/glass-glass.com.mx\/\"},{\"@type\":\"ListItem\",\"position\":2,\"name\":\"Personalizaci\u00f3n\"}]},{\"@type\":\"WebSite\",\"@id\":\"https:\/\/glass-glass.com.mx\/#website\",\"url\":\"https:\/\/glass-glass.com.mx\/\",\"name\":\"Glass &amp; Glass\",\"description\":\"360\u00b0 de pureza\",\"potentialAction\":[{\"@type\":\"SearchAction\",\"target\":{\"@type\":\"EntryPoint\",\"urlTemplate\":\"https:\/\/glass-glass.com.mx\/?s={search_term_string}\"},\"query-input\":{\"@type\":\"PropertyValueSpecification\",\"valueRequired\":true,\"valueName\":\"search_term_string\"}}],\"inLanguage\":\"en-US\"}]}<\/script>\n<!-- \/ Yoast SEO plugin. -->","yoast_head_json":{"title":"Personalizaci\u00f3n - Glass &amp; Glass","robots":{"index":"index","follow":"follow","max-snippet":"max-snippet:-1","max-image-preview":"max-image-preview:large","max-video-preview":"max-video-preview:-1"},"canonical":"https:\/\/glass-glass.com.mx\/en\/personalizacion\/","og_locale":"en_US","og_type":"article","og_title":"Personalizaci\u00f3n - Glass &amp; Glass","og_description":"Personalizaci\u00f3n Transmite la identidad de tu marca de manera efectiva Quick view LICORERA G\u00c9NOVA PERSONALIZADA Personalizados &#36;0.00 Seleccionar opciones","og_url":"https:\/\/glass-glass.com.mx\/en\/personalizacion\/","og_site_name":"Glass &amp; Glass","article_modified_time":"2024-09-26T19:31:29+00:00","og_image":[{"url":"https:\/\/glass-glass.com.mx\/wp-content\/uploads\/2023\/10\/LIC0001-1.jpg"}],"twitter_card":"summary_large_image","twitter_misc":{"Est. reading time":"1 minute"},"schema":{"@context":"https:\/\/schema.org","@graph":[{"@type":"WebPage","@id":"https:\/\/glass-glass.com.mx\/personalizacion\/","url":"https:\/\/glass-glass.com.mx\/personalizacion\/","name":"Personalizaci\u00f3n - Glass &amp; Glass","isPartOf":{"@id":"https:\/\/glass-glass.com.mx\/#website"},"primaryImageOfPage":{"@id":"https:\/\/glass-glass.com.mx\/personalizacion\/#primaryimage"},"image":{"@id":"https:\/\/glass-glass.com.mx\/personalizacion\/#primaryimage"},"thumbnailUrl":"https:\/\/glass-glass.com.mx\/wp-content\/uploads\/2023\/10\/LIC0001-1.jpg","datePublished":"2024-09-03T01:34:04+00:00","dateModified":"2024-09-26T19:31:29+00:00","breadcrumb":{"@id":"https:\/\/glass-glass.com.mx\/personalizacion\/#breadcrumb"},"inLanguage":"en-US","potentialAction":[{"@type":"ReadAction","target":["https:\/\/glass-glass.com.mx\/personalizacion\/"]}]},{"@type":"ImageObject","inLanguage":"en-US","@id":"https:\/\/glass-glass.com.mx\/personalizacion\/#primaryimage","url":"https:\/\/glass-glass.com.mx\/wp-content\/uploads\/2023\/10\/LIC0001-1.jpg","contentUrl":"https:\/\/glass-glass.com.mx\/wp-content\/uploads\/2023\/10\/LIC0001-1.jpg"},{"@type":"BreadcrumbList","@id":"https:\/\/glass-glass.com.mx\/personalizacion\/#breadcrumb","itemListElement":[{"@type":"ListItem","position":1,"name":"Inicio","item":"https:\/\/glass-glass.com.mx\/"},{"@type":"ListItem","position":2,"name":"Personalizaci\u00f3n"}]},{"@type":"WebSite","@id":"https:\/\/glass-glass.com.mx\/#website","url":"https:\/\/glass-glass.com.mx\/","name":"Glass &amp; Glass","description":"360\u00b0 de pureza","potentialAction":[{"@type":"SearchAction","target":{"@type":"EntryPoint","urlTemplate":"https:\/\/glass-glass.com.mx\/?s={search_term_string}"},"query-input":{"@type":"PropertyValueSpecification","valueRequired":true,"valueName":"search_term_string"}}],"inLanguage":"en-US"}]}},"_links":{"self":[{"href":"https:\/\/glass-glass.com.mx\/en\/wp-json\/wp\/v2\/pages\/18313","targetHints":{"allow":["GET"]}}],"collection":[{"href":"https:\/\/glass-glass.com.mx\/en\/wp-json\/wp\/v2\/pages"}],"about":[{"href":"https:\/\/glass-glass.com.mx\/en\/wp-json\/wp\/v2\/types\/page"}],"author":[{"embeddable":true,"href":"https:\/\/glass-glass.com.mx\/en\/wp-json\/wp\/v2\/users\/24"}],"replies":[{"embeddable":true,"href":"https:\/\/glass-glass.com.mx\/en\/wp-json\/wp\/v2\/comments?post=18313"}],"version-history":[{"count":16,"href":"https:\/\/glass-glass.com.mx\/en\/wp-json\/wp\/v2\/pages\/18313\/revisions"}],"predecessor-version":[{"id":18421,"href":"https:\/\/glass-glass.com.mx\/en\/wp-json\/wp\/v2\/pages\/18313\/revisions\/18421"}],"wp:attachment":[{"href":"https:\/\/glass-glass.com.mx\/en\/wp-json\/wp\/v2\/media?parent=18313"}],"curies":[{"name":"wp","href":"https:\/\/api.w.org\/{rel}","templated":true}]}}