{"id":17819,"date":"2024-03-11T14:59:20","date_gmt":"2024-03-11T20:59:20","guid":{"rendered":"https:\/\/glass-glass.com.mx\/?page_id=17819"},"modified":"2025-05-21T13:23:17","modified_gmt":"2025-05-21T18:23:17","slug":"centro-de-catalogos","status":"publish","type":"page","link":"https:\/\/glass-glass.com.mx\/en\/centro-de-catalogos\/","title":{"rendered":"Catalogue center"},"content":{"rendered":"<div data-elementor-type=\"wp-page\" data-elementor-id=\"17819\" class=\"elementor elementor-17819\">\n\t\t\t\t\t\t<section class=\"wd-negative-gap elementor-section elementor-top-section elementor-element elementor-element-b4cb090 wd-section-stretch elementor-section-boxed elementor-section-height-default elementor-section-height-default\" data-id=\"b4cb090\" data-element_type=\"section\">\n\t\t\t\t\t\t<div class=\"elementor-container elementor-column-gap-default\">\n\t\t\t\t\t<div class=\"elementor-column elementor-col-100 elementor-top-column elementor-element elementor-element-346ba1e\" data-id=\"346ba1e\" data-element_type=\"column\">\n\t\t\t<div class=\"elementor-widget-wrap elementor-element-populated\">\n\t\t\t\t\t\t<div class=\"elementor-element elementor-element-22dacf1 elementor-widget elementor-widget-heading\" data-id=\"22dacf1\" data-element_type=\"widget\" data-widget_type=\"heading.default\">\n\t\t\t\t<div class=\"elementor-widget-container\">\n\t\t\t<h2 class=\"elementor-heading-title elementor-size-default\">Catalogue center<\/h2>\t\t<\/div>\n\t\t\t\t<\/div>\n\t\t\t\t\t<\/div>\n\t\t<\/div>\n\t\t\t\t\t<\/div>\n\t\t<\/section>\n\t\t\t\t<section class=\"wd-negative-gap elementor-section elementor-top-section elementor-element elementor-element-9a00bbd wd-section-stretch elementor-section-boxed elementor-section-height-default elementor-section-height-default\" data-id=\"9a00bbd\" data-element_type=\"section\">\n\t\t\t\t\t\t<div class=\"elementor-container elementor-column-gap-default\">\n\t\t\t\t\t<div class=\"elementor-column elementor-col-100 elementor-top-column elementor-element elementor-element-245f821\" data-id=\"245f821\" data-element_type=\"column\">\n\t\t\t<div class=\"elementor-widget-wrap elementor-element-populated\">\n\t\t\t\t\t\t<div class=\"elementor-element elementor-element-d2f5aa0 elementor-widget elementor-widget-heading\" data-id=\"d2f5aa0\" data-element_type=\"widget\" data-widget_type=\"heading.default\">\n\t\t\t\t<div class=\"elementor-widget-container\">\n\t\t\t<h2 class=\"elementor-heading-title elementor-size-default\">Discover our products in different collections<\/h2>\t\t<\/div>\n\t\t\t\t<\/div>\n\t\t\t\t<section class=\"wd-negative-gap elementor-section elementor-inner-section elementor-element elementor-element-aaf0d13 elementor-section-boxed elementor-section-height-default elementor-section-height-default\" data-id=\"aaf0d13\" data-element_type=\"section\">\n\t\t\t\t\t\t<div class=\"elementor-container elementor-column-gap-wider\">\n\t\t\t\t\t<div class=\"elementor-column elementor-col-25 elementor-inner-column elementor-element elementor-element-72fa76b\" data-id=\"72fa76b\" data-element_type=\"column\">\n\t\t\t<div class=\"elementor-widget-wrap elementor-element-populated\">\n\t\t\t\t\t\t<div class=\"elementor-element elementor-element-d159def elementor-widget elementor-widget-wd_banner\" data-id=\"d159def\" data-element_type=\"widget\" data-widget_type=\"wd_banner.default\">\n\t\t\t\t<div class=\"elementor-widget-container\">\n\t\t\t\t\t<div class=\"promo-banner-wrapper\">\n\t\t\t<div class=\"promo-banner banner-mask banner-hover-none color-scheme-light banner-btn-size-default banner-btn-style-default with-btn banner-btn-position-static wd-with-link\">\n\t\t\t\t<div class=\"main-wrapp-img\">\n\t\t\t\t\t<div class=\"banner-image wd-without-height\">\n\t\t\t\t\t\t\t\t\t\t\t\t\t\t\t\t\t\t\t\t\t<img fetchpriority=\"high\" decoding=\"async\" width=\"333\" height=\"360\" src=\"https:\/\/glass-glass.com.mx\/wp-content\/uploads\/2023\/06\/hogar-cristaleria-home.jpg\" class=\"attachment-full size-full\" alt=\"\" srcset=\"https:\/\/glass-glass.com.mx\/wp-content\/uploads\/2023\/06\/hogar-cristaleria-home.jpg 333w, https:\/\/glass-glass.com.mx\/wp-content\/uploads\/2023\/06\/hogar-cristaleria-home-120x130.jpg 120w, https:\/\/glass-glass.com.mx\/wp-content\/uploads\/2023\/06\/hogar-cristaleria-home-278x300.jpg 278w\" sizes=\"(max-width: 333px) 100vw, 333px\" \/>\t\t\t\t\t\t\t\t\t\t\t\t\t\t\t\t\t\t<\/div>\n\t\t\t\t<\/div>\n\n\t\t\t\t<div class=\"wrapper-content-banner wd-fill wd-items-bottom wd-justify-left\">\n\t\t\t\t\t<div class=\"content-banner  text-left\">\n\t\t\t\t\t\t\n\t\t\t\t\t\t\t\t\t\t\t\t\t<h3 class=\"banner-title wd-fontsize-l\" data-elementor-setting-key=\"title\">\n\t\t\t\t\t\t\t\tHome and glassware\t\t\t\t\t\t\t<\/h3>\n\t\t\t\t\t\t\n\t\t\t\t\t\t\n\t\t\t\t\t\t\n\t\t\t\t\t\t\t\t\t\t\t\t\t<div class=\"banner-btn-wrapper\">\n\t\t\t\t\t\t\t\t\t\t<div class=\"wd-button-wrapper text-left\" >\n\t\t\t<a class=\"btn btn-style-default btn-style-semi-round btn-size-default btn-color-primary btn-icon-pos-right\"  href=\"https:\/\/glass-glass.com.mx\/wp-content\/uploads\/2024\/11\/CATALOGO_CRISTALERIA.pdf\" target=\"_blank\">\n\t\t\t\t<span class=\"wd-btn-text\" data-elementor-setting-key=\"text\">\n\t\t\t\t\tDownload\t\t\t\t<\/span>\n\n\t\t\t\t\t\t\t<\/a>\n\t\t<\/div>\n\t\t\t\t\t\t\t\t\t<\/div>\n\t\t\t\t\t\t\t\t\t\t\t<\/div>\n\t\t\t\t<\/div>\n\n\t\t\t\t\t\t\t\t\t<a href=\"https:\/\/glass-glass.com.mx\/wp-content\/uploads\/2024\/11\/CATALOGO_CRISTALERIA.pdf\" target=\"_blank\" class=\"wd-promo-banner-link wd-fill\" aria-label=\"Banner link\"><\/a>\n\t\t\t\t\t\t\t<\/div>\n\t\t<\/div>\n\t\t\t\t<\/div>\n\t\t\t\t<\/div>\n\t\t\t\t\t<\/div>\n\t\t<\/div>\n\t\t\t\t<div class=\"elementor-column elementor-col-25 elementor-inner-column elementor-element elementor-element-bfdad35\" data-id=\"bfdad35\" data-element_type=\"column\">\n\t\t\t<div class=\"elementor-widget-wrap elementor-element-populated\">\n\t\t\t\t\t\t<div class=\"elementor-element elementor-element-a669075 elementor-widget elementor-widget-wd_banner\" data-id=\"a669075\" data-element_type=\"widget\" data-widget_type=\"wd_banner.default\">\n\t\t\t\t<div class=\"elementor-widget-container\">\n\t\t\t\t\t<div class=\"promo-banner-wrapper\">\n\t\t\t<div class=\"promo-banner banner-mask banner-hover-none color-scheme-light banner-btn-size-default banner-btn-style-default with-btn banner-btn-position-static wd-with-link\">\n\t\t\t\t<div class=\"main-wrapp-img\">\n\t\t\t\t\t<div class=\"banner-image wd-without-height\">\n\t\t\t\t\t\t\t\t\t\t\t\t\t\t\t\t\t\t\t\t\t<img decoding=\"async\" width=\"333\" height=\"360\" src=\"https:\/\/glass-glass.com.mx\/wp-content\/uploads\/2023\/11\/vino-licores-home.jpg\" class=\"attachment-full size-full\" alt=\"\" srcset=\"https:\/\/glass-glass.com.mx\/wp-content\/uploads\/2023\/11\/vino-licores-home.jpg 333w, https:\/\/glass-glass.com.mx\/wp-content\/uploads\/2023\/11\/vino-licores-home-278x300.jpg 278w, https:\/\/glass-glass.com.mx\/wp-content\/uploads\/2023\/11\/vino-licores-home-120x130.jpg 120w\" sizes=\"(max-width: 333px) 100vw, 333px\" \/>\t\t\t\t\t\t\t\t\t\t\t\t\t\t\t\t\t\t<\/div>\n\t\t\t\t<\/div>\n\n\t\t\t\t<div class=\"wrapper-content-banner wd-fill wd-items-bottom wd-justify-left\">\n\t\t\t\t\t<div class=\"content-banner  text-left\">\n\t\t\t\t\t\t\n\t\t\t\t\t\t\t\t\t\t\t\t\t<h3 class=\"banner-title wd-fontsize-l\" data-elementor-setting-key=\"title\">\n\t\t\t\t\t\t\t\tWines and liquors\t\t\t\t\t\t\t<\/h3>\n\t\t\t\t\t\t\n\t\t\t\t\t\t\n\t\t\t\t\t\t\n\t\t\t\t\t\t\t\t\t\t\t\t\t<div class=\"banner-btn-wrapper\">\n\t\t\t\t\t\t\t\t\t\t<div class=\"wd-button-wrapper text-left\" >\n\t\t\t<a class=\"btn btn-style-default btn-style-semi-round btn-size-default btn-color-primary btn-icon-pos-right\"  href=\"https:\/\/glass-glass.com.mx\/wp-content\/uploads\/2025\/01\/catalogo_vinos_licores.pdf\" target=\"_blank\">\n\t\t\t\t<span class=\"wd-btn-text\" data-elementor-setting-key=\"text\">\n\t\t\t\t\tDownload\t\t\t\t<\/span>\n\n\t\t\t\t\t\t\t<\/a>\n\t\t<\/div>\n\t\t\t\t\t\t\t\t\t<\/div>\n\t\t\t\t\t\t\t\t\t\t\t<\/div>\n\t\t\t\t<\/div>\n\n\t\t\t\t\t\t\t\t\t<a href=\"https:\/\/glass-glass.com.mx\/wp-content\/uploads\/2025\/01\/catalogo_vinos_licores.pdf\" target=\"_blank\" class=\"wd-promo-banner-link wd-fill\" aria-label=\"Banner link\"><\/a>\n\t\t\t\t\t\t\t<\/div>\n\t\t<\/div>\n\t\t\t\t<\/div>\n\t\t\t\t<\/div>\n\t\t\t\t\t<\/div>\n\t\t<\/div>\n\t\t\t\t<div class=\"elementor-column elementor-col-25 elementor-inner-column elementor-element elementor-element-77beee3\" data-id=\"77beee3\" data-element_type=\"column\">\n\t\t\t<div class=\"elementor-widget-wrap elementor-element-populated\">\n\t\t\t\t\t\t<div class=\"elementor-element elementor-element-0bd64fb elementor-widget elementor-widget-wd_banner\" data-id=\"0bd64fb\" data-element_type=\"widget\" data-widget_type=\"wd_banner.default\">\n\t\t\t\t<div class=\"elementor-widget-container\">\n\t\t\t\t\t<div class=\"promo-banner-wrapper\">\n\t\t\t<div class=\"promo-banner banner-mask banner-hover-none color-scheme-light banner-btn-size-default banner-btn-style-default with-btn banner-btn-position-static wd-with-link\">\n\t\t\t\t<div class=\"main-wrapp-img\">\n\t\t\t\t\t<div class=\"banner-image wd-without-height\">\n\t\t\t\t\t\t\t\t\t\t\t\t\t\t\t\t\t\t\t\t\t<img decoding=\"async\" width=\"416\" height=\"450\" src=\"https:\/\/glass-glass.com.mx\/wp-content\/uploads\/2024\/03\/portada-perfumeria.jpg\" class=\"attachment-full size-full\" alt=\"\" srcset=\"https:\/\/glass-glass.com.mx\/wp-content\/uploads\/2024\/03\/portada-perfumeria.jpg 416w, https:\/\/glass-glass.com.mx\/wp-content\/uploads\/2024\/03\/portada-perfumeria-277x300.jpg 277w, https:\/\/glass-glass.com.mx\/wp-content\/uploads\/2024\/03\/portada-perfumeria-120x130.jpg 120w\" sizes=\"(max-width: 416px) 100vw, 416px\" \/>\t\t\t\t\t\t\t\t\t\t\t\t\t\t\t\t\t\t<\/div>\n\t\t\t\t<\/div>\n\n\t\t\t\t<div class=\"wrapper-content-banner wd-fill wd-items-bottom wd-justify-left\">\n\t\t\t\t\t<div class=\"content-banner  text-left\">\n\t\t\t\t\t\t\n\t\t\t\t\t\t\t\t\t\t\t\t\t<h3 class=\"banner-title wd-fontsize-l\" data-elementor-setting-key=\"title\">\n\t\t\t\t\t\t\t\tPerfumery\t\t\t\t\t\t\t<\/h3>\n\t\t\t\t\t\t\n\t\t\t\t\t\t\n\t\t\t\t\t\t\n\t\t\t\t\t\t\t\t\t\t\t\t\t<div class=\"banner-btn-wrapper\">\n\t\t\t\t\t\t\t\t\t\t<div class=\"wd-button-wrapper text-left\" >\n\t\t\t<a class=\"btn btn-style-default btn-style-semi-round btn-size-default btn-color-primary btn-icon-pos-right\"  href=\"https:\/\/glass-glass.com.mx\/wp-content\/uploads\/2025\/05\/Catalogo-Perfumeria-Cosmetica-V01.pdf\" target=\"_blank\">\n\t\t\t\t<span class=\"wd-btn-text\" data-elementor-setting-key=\"text\">\n\t\t\t\t\tDownload\t\t\t\t<\/span>\n\n\t\t\t\t\t\t\t<\/a>\n\t\t<\/div>\n\t\t\t\t\t\t\t\t\t<\/div>\n\t\t\t\t\t\t\t\t\t\t\t<\/div>\n\t\t\t\t<\/div>\n\n\t\t\t\t\t\t\t\t\t<a href=\"https:\/\/glass-glass.com.mx\/wp-content\/uploads\/2025\/05\/Catalogo-Perfumeria-Cosmetica-V01.pdf\" target=\"_blank\" class=\"wd-promo-banner-link wd-fill\" aria-label=\"Banner link\"><\/a>\n\t\t\t\t\t\t\t<\/div>\n\t\t<\/div>\n\t\t\t\t<\/div>\n\t\t\t\t<\/div>\n\t\t\t\t\t<\/div>\n\t\t<\/div>\n\t\t\t\t<div class=\"elementor-column elementor-col-25 elementor-inner-column elementor-element elementor-element-8af98d9\" data-id=\"8af98d9\" data-element_type=\"column\">\n\t\t\t<div class=\"elementor-widget-wrap elementor-element-populated\">\n\t\t\t\t\t\t<div class=\"elementor-element elementor-element-3a29326 elementor-widget elementor-widget-wd_banner\" data-id=\"3a29326\" data-element_type=\"widget\" data-widget_type=\"wd_banner.default\">\n\t\t\t\t<div class=\"elementor-widget-container\">\n\t\t\t\t\t<div class=\"promo-banner-wrapper\">\n\t\t\t<div class=\"promo-banner banner-mask banner-hover-none color-scheme-light banner-btn-size-default banner-btn-style-default with-btn banner-btn-position-static wd-with-link\">\n\t\t\t\t<div class=\"main-wrapp-img\">\n\t\t\t\t\t<div class=\"banner-image wd-without-height\">\n\t\t\t\t\t\t\t\t\t\t\t\t\t\t\t\t\t\t\t\t\t<img loading=\"lazy\" decoding=\"async\" width=\"416\" height=\"450\" src=\"https:\/\/glass-glass.com.mx\/wp-content\/uploads\/2024\/03\/velas_portada.jpg\" class=\"attachment-full size-full\" alt=\"\" srcset=\"https:\/\/glass-glass.com.mx\/wp-content\/uploads\/2024\/03\/velas_portada.jpg 416w, https:\/\/glass-glass.com.mx\/wp-content\/uploads\/2024\/03\/velas_portada-277x300.jpg 277w, https:\/\/glass-glass.com.mx\/wp-content\/uploads\/2024\/03\/velas_portada-120x130.jpg 120w\" sizes=\"(max-width: 416px) 100vw, 416px\" \/>\t\t\t\t\t\t\t\t\t\t\t\t\t\t\t\t\t\t<\/div>\n\t\t\t\t<\/div>\n\n\t\t\t\t<div class=\"wrapper-content-banner wd-fill wd-items-bottom wd-justify-left\">\n\t\t\t\t\t<div class=\"content-banner  text-left\">\n\t\t\t\t\t\t\n\t\t\t\t\t\t\t\t\t\t\t\t\t<h3 class=\"banner-title wd-fontsize-l\" data-elementor-setting-key=\"title\">\n\t\t\t\t\t\t\t\tCandles\t\t\t\t\t\t\t<\/h3>\n\t\t\t\t\t\t\n\t\t\t\t\t\t\n\t\t\t\t\t\t\n\t\t\t\t\t\t\t\t\t\t\t\t\t<div class=\"banner-btn-wrapper\">\n\t\t\t\t\t\t\t\t\t\t<div class=\"wd-button-wrapper text-left\" >\n\t\t\t<a class=\"btn btn-style-default btn-style-semi-round btn-size-default btn-color-primary btn-icon-pos-right\"  href=\"https:\/\/glass-glass.com.mx\/wp-content\/uploads\/2024\/03\/CATALOGO_VELAS.pdf\" target=\"_blank\">\n\t\t\t\t<span class=\"wd-btn-text\" data-elementor-setting-key=\"text\">\n\t\t\t\t\tDownload\t\t\t\t<\/span>\n\n\t\t\t\t\t\t\t<\/a>\n\t\t<\/div>\n\t\t\t\t\t\t\t\t\t<\/div>\n\t\t\t\t\t\t\t\t\t\t\t<\/div>\n\t\t\t\t<\/div>\n\n\t\t\t\t\t\t\t\t\t<a href=\"https:\/\/glass-glass.com.mx\/wp-content\/uploads\/2024\/03\/CATALOGO_VELAS.pdf\" target=\"_blank\" class=\"wd-promo-banner-link wd-fill\" aria-label=\"Banner link\"><\/a>\n\t\t\t\t\t\t\t<\/div>\n\t\t<\/div>\n\t\t\t\t<\/div>\n\t\t\t\t<\/div>\n\t\t\t\t\t<\/div>\n\t\t<\/div>\n\t\t\t\t\t<\/div>\n\t\t<\/section>\n\t\t\t\t\t<\/div>\n\t\t<\/div>\n\t\t\t\t\t<\/div>\n\t\t<\/section>\n\t\t\t\t<\/div>","protected":false},"excerpt":{"rendered":"<p>Centro de cat\u00e1logos Descubre nuestros productos dentro de nuestras diferentes colecciones. Hogar y cristaler\u00eda Descargar Vinos y licores Descargar Perfumer\u00eda<\/p>","protected":false},"author":24,"featured_media":0,"parent":0,"menu_order":0,"comment_status":"closed","ping_status":"closed","template":"","meta":{"_joinchat":[],"footnotes":""},"class_list":["post-17819","page","type-page","status-publish","hentry"],"yoast_head":"<!-- This site is optimized with the Yoast SEO plugin v23.6 - https:\/\/yoast.com\/wordpress\/plugins\/seo\/ -->\n<title>Centro de cat\u00e1logos - Glass &amp; Glass<\/title>\n<meta name=\"robots\" content=\"index, follow, max-snippet:-1, max-image-preview:large, max-video-preview:-1\" \/>\n<link rel=\"canonical\" href=\"https:\/\/glass-glass.com.mx\/en\/centro-de-catalogos\/\" \/>\n<meta property=\"og:locale\" content=\"en_US\" \/>\n<meta property=\"og:type\" content=\"article\" \/>\n<meta property=\"og:title\" content=\"Centro de cat\u00e1logos - Glass &amp; Glass\" \/>\n<meta property=\"og:description\" content=\"Centro de cat\u00e1logos Descubre nuestros productos dentro de nuestras diferentes colecciones. Hogar y cristaler\u00eda Descargar Vinos y licores Descargar Perfumer\u00eda\" \/>\n<meta property=\"og:url\" content=\"https:\/\/glass-glass.com.mx\/en\/centro-de-catalogos\/\" \/>\n<meta property=\"og:site_name\" content=\"Glass &amp; Glass\" \/>\n<meta property=\"article:modified_time\" content=\"2025-05-21T18:23:17+00:00\" \/>\n<meta property=\"og:image\" content=\"https:\/\/glass-glass.com.mx\/wp-content\/uploads\/2023\/06\/hogar-cristaleria-home.jpg\" \/>\n<meta name=\"twitter:card\" content=\"summary_large_image\" \/>\n<meta name=\"twitter:label1\" content=\"Est. reading time\" \/>\n\t<meta name=\"twitter:data1\" content=\"1 minute\" \/>\n<script type=\"application\/ld+json\" class=\"yoast-schema-graph\">{\"@context\":\"https:\/\/schema.org\",\"@graph\":[{\"@type\":\"WebPage\",\"@id\":\"https:\/\/glass-glass.com.mx\/centro-de-catalogos\/\",\"url\":\"https:\/\/glass-glass.com.mx\/centro-de-catalogos\/\",\"name\":\"Centro de cat\u00e1logos - Glass &amp; Glass\",\"isPartOf\":{\"@id\":\"https:\/\/glass-glass.com.mx\/#website\"},\"primaryImageOfPage\":{\"@id\":\"https:\/\/glass-glass.com.mx\/centro-de-catalogos\/#primaryimage\"},\"image\":{\"@id\":\"https:\/\/glass-glass.com.mx\/centro-de-catalogos\/#primaryimage\"},\"thumbnailUrl\":\"https:\/\/glass-glass.com.mx\/wp-content\/uploads\/2023\/06\/hogar-cristaleria-home.jpg\",\"datePublished\":\"2024-03-11T20:59:20+00:00\",\"dateModified\":\"2025-05-21T18:23:17+00:00\",\"breadcrumb\":{\"@id\":\"https:\/\/glass-glass.com.mx\/centro-de-catalogos\/#breadcrumb\"},\"inLanguage\":\"en-US\",\"potentialAction\":[{\"@type\":\"ReadAction\",\"target\":[\"https:\/\/glass-glass.com.mx\/centro-de-catalogos\/\"]}]},{\"@type\":\"ImageObject\",\"inLanguage\":\"en-US\",\"@id\":\"https:\/\/glass-glass.com.mx\/centro-de-catalogos\/#primaryimage\",\"url\":\"https:\/\/glass-glass.com.mx\/wp-content\/uploads\/2023\/06\/hogar-cristaleria-home.jpg\",\"contentUrl\":\"https:\/\/glass-glass.com.mx\/wp-content\/uploads\/2023\/06\/hogar-cristaleria-home.jpg\"},{\"@type\":\"BreadcrumbList\",\"@id\":\"https:\/\/glass-glass.com.mx\/centro-de-catalogos\/#breadcrumb\",\"itemListElement\":[{\"@type\":\"ListItem\",\"position\":1,\"name\":\"Inicio\",\"item\":\"https:\/\/glass-glass.com.mx\/\"},{\"@type\":\"ListItem\",\"position\":2,\"name\":\"Centro de cat\u00e1logos\"}]},{\"@type\":\"WebSite\",\"@id\":\"https:\/\/glass-glass.com.mx\/#website\",\"url\":\"https:\/\/glass-glass.com.mx\/\",\"name\":\"Glass &amp; Glass\",\"description\":\"360\u00b0 de pureza\",\"potentialAction\":[{\"@type\":\"SearchAction\",\"target\":{\"@type\":\"EntryPoint\",\"urlTemplate\":\"https:\/\/glass-glass.com.mx\/?s={search_term_string}\"},\"query-input\":{\"@type\":\"PropertyValueSpecification\",\"valueRequired\":true,\"valueName\":\"search_term_string\"}}],\"inLanguage\":\"en-US\"}]}<\/script>\n<!-- \/ Yoast SEO plugin. -->","yoast_head_json":{"title":"Centro de cat\u00e1logos - Glass &amp; Glass","robots":{"index":"index","follow":"follow","max-snippet":"max-snippet:-1","max-image-preview":"max-image-preview:large","max-video-preview":"max-video-preview:-1"},"canonical":"https:\/\/glass-glass.com.mx\/en\/centro-de-catalogos\/","og_locale":"en_US","og_type":"article","og_title":"Centro de cat\u00e1logos - Glass &amp; Glass","og_description":"Centro de cat\u00e1logos Descubre nuestros productos dentro de nuestras diferentes colecciones. Hogar y cristaler\u00eda Descargar Vinos y licores Descargar Perfumer\u00eda","og_url":"https:\/\/glass-glass.com.mx\/en\/centro-de-catalogos\/","og_site_name":"Glass &amp; Glass","article_modified_time":"2025-05-21T18:23:17+00:00","og_image":[{"url":"https:\/\/glass-glass.com.mx\/wp-content\/uploads\/2023\/06\/hogar-cristaleria-home.jpg"}],"twitter_card":"summary_large_image","twitter_misc":{"Est. reading time":"1 minute"},"schema":{"@context":"https:\/\/schema.org","@graph":[{"@type":"WebPage","@id":"https:\/\/glass-glass.com.mx\/centro-de-catalogos\/","url":"https:\/\/glass-glass.com.mx\/centro-de-catalogos\/","name":"Centro de cat\u00e1logos - Glass &amp; Glass","isPartOf":{"@id":"https:\/\/glass-glass.com.mx\/#website"},"primaryImageOfPage":{"@id":"https:\/\/glass-glass.com.mx\/centro-de-catalogos\/#primaryimage"},"image":{"@id":"https:\/\/glass-glass.com.mx\/centro-de-catalogos\/#primaryimage"},"thumbnailUrl":"https:\/\/glass-glass.com.mx\/wp-content\/uploads\/2023\/06\/hogar-cristaleria-home.jpg","datePublished":"2024-03-11T20:59:20+00:00","dateModified":"2025-05-21T18:23:17+00:00","breadcrumb":{"@id":"https:\/\/glass-glass.com.mx\/centro-de-catalogos\/#breadcrumb"},"inLanguage":"en-US","potentialAction":[{"@type":"ReadAction","target":["https:\/\/glass-glass.com.mx\/centro-de-catalogos\/"]}]},{"@type":"ImageObject","inLanguage":"en-US","@id":"https:\/\/glass-glass.com.mx\/centro-de-catalogos\/#primaryimage","url":"https:\/\/glass-glass.com.mx\/wp-content\/uploads\/2023\/06\/hogar-cristaleria-home.jpg","contentUrl":"https:\/\/glass-glass.com.mx\/wp-content\/uploads\/2023\/06\/hogar-cristaleria-home.jpg"},{"@type":"BreadcrumbList","@id":"https:\/\/glass-glass.com.mx\/centro-de-catalogos\/#breadcrumb","itemListElement":[{"@type":"ListItem","position":1,"name":"Inicio","item":"https:\/\/glass-glass.com.mx\/"},{"@type":"ListItem","position":2,"name":"Centro de cat\u00e1logos"}]},{"@type":"WebSite","@id":"https:\/\/glass-glass.com.mx\/#website","url":"https:\/\/glass-glass.com.mx\/","name":"Glass &amp; Glass","description":"360\u00b0 de pureza","potentialAction":[{"@type":"SearchAction","target":{"@type":"EntryPoint","urlTemplate":"https:\/\/glass-glass.com.mx\/?s={search_term_string}"},"query-input":{"@type":"PropertyValueSpecification","valueRequired":true,"valueName":"search_term_string"}}],"inLanguage":"en-US"}]}},"_links":{"self":[{"href":"https:\/\/glass-glass.com.mx\/en\/wp-json\/wp\/v2\/pages\/17819","targetHints":{"allow":["GET"]}}],"collection":[{"href":"https:\/\/glass-glass.com.mx\/en\/wp-json\/wp\/v2\/pages"}],"about":[{"href":"https:\/\/glass-glass.com.mx\/en\/wp-json\/wp\/v2\/types\/page"}],"author":[{"embeddable":true,"href":"https:\/\/glass-glass.com.mx\/en\/wp-json\/wp\/v2\/users\/24"}],"replies":[{"embeddable":true,"href":"https:\/\/glass-glass.com.mx\/en\/wp-json\/wp\/v2\/comments?post=17819"}],"version-history":[{"count":65,"href":"https:\/\/glass-glass.com.mx\/en\/wp-json\/wp\/v2\/pages\/17819\/revisions"}],"predecessor-version":[{"id":18823,"href":"https:\/\/glass-glass.com.mx\/en\/wp-json\/wp\/v2\/pages\/17819\/revisions\/18823"}],"wp:attachment":[{"href":"https:\/\/glass-glass.com.mx\/en\/wp-json\/wp\/v2\/media?parent=17819"}],"curies":[{"name":"wp","href":"https:\/\/api.w.org\/{rel}","templated":true}]}}